{"id":106,"date":"2023-05-31T16:49:32","date_gmt":"2023-05-31T13:49:32","guid":{"rendered":"https:\/\/namikkemaltuyluce.av.tr\/?page_id=106"},"modified":"2023-05-31T16:49:32","modified_gmt":"2023-05-31T13:49:32","slug":"esya-hukuku","status":"publish","type":"page","link":"https:\/\/namikkemaltuyluce.av.tr\/?page_id=106","title":{"rendered":"E\u015fya Hukuku"},"content":{"rendered":"\n<p>T\u00fcrk Medeni Kanunu&#8217;nun 4. kitab\u0131 olarak d\u00fczenlenen E\u015fya Hukuku; ki\u015filerin e\u015fyalar \u00fczerindeki mutlak haklar\u0131n\u0131 d\u00fczenleyen bir hukuk dal\u0131d\u0131r. Ki\u015filerin e\u015fyalar \u00fczerindeki mutlak haklar\u0131, ayni haklar olarak da bilinen haklar olup, ki\u015filerin e\u015fya \u00fczerinde do\u011frudan do\u011fruya hakimiyet kurmas\u0131n\u0131 sa\u011flayan ve herkese kar\u015f\u0131 ileri s\u00fcr\u00fclebilen haklard\u0131r. Di\u011fer bir deyi\u015fle; ayni haklar sadece hukuki ili\u015fkide bulunulan ki\u015fiye kar\u015f\u0131 de\u011fil, t\u00fcm ki\u015filere kar\u015f\u0131 ileri s\u00fcr\u00fclebilen ve devlet taraf\u0131ndan g\u00fcvence alt\u0131na al\u0131nan haklard\u0131r. \u00d6rne\u011fin; bir ki\u015finin ta\u015f\u0131nmaz \u00fczerindeki m\u00fclkiyet hakk\u0131; sadece tapunun devral\u0131nd\u0131\u011f\u0131 ki\u015fiye kar\u015f\u0131 de\u011fil, herkese kar\u015f\u0131 ileri s\u00fcr\u00fclebilen ve devralan ki\u015finin o ta\u015f\u0131nmaz \u00fczerindeki hakimiyetini g\u00fcvence alt\u0131na alan bir ayni hakt\u0131r. Bu anlamda m\u00fclkiyet hakk\u0131n\u0131n e\u015fya \u00fczerindeki en geni\u015f ve s\u0131n\u0131rs\u0131z ayni hak oldu\u011fu s\u00f6ylenebilmektedir.<\/p>\n\n\n\n<p>S\u0131n\u0131rs\u0131z ayni hak olan m\u00fclkiyet hakk\u0131n\u0131n d\u0131\u015f\u0131nda, bir de s\u0131n\u0131rl\u0131 ayni haklar mevcuttur. S\u0131n\u0131rl\u0131 ayni haklar, temel olarak \u00fc\u00e7 ana gruba b\u00f6l\u00fcnm\u00fc\u015f olup, bunlar temelde; irtifak haklar\u0131, ta\u015f\u0131nmaz y\u00fck\u00fc ve rehin haklar\u0131d\u0131r. \u0130rtifak haklar\u0131; \u015fahsi irtifak haklar\u0131, oturma hakk\u0131, intifa hakk\u0131, \u00fcst hakk\u0131, kaynak hakk\u0131 ve di\u011fer irtifak haklar\u0131 olarak s\u0131ralanabilmektedir. Rehin hakk\u0131; borlu ki\u015finin ta\u015f\u0131n\u0131r veya ta\u015f\u0131nmaz mallar\u0131 \u00fczerine i\u015flenen haklar olup, ta\u015f\u0131nmaz mallar \u00fczerine i\u015flenen rehin haklar\u0131na ipotek denmektedir.<\/p>\n\n\n\n<p>Zilyetlik ise, ki\u015finin e\u015fya \u00fczerinde hakim olma iradesini a\u00e7\u0131klayan ve eylemsel olarak ki\u015finin e\u015fyan\u0131n hakimi oldu\u011fu durumu ifade etmektedir.<\/p>\n\n\n\n<p>E\u015fya Hukuku&#8217;nun temel kavramlar\u0131n\u0131n a\u00e7\u0131kland\u0131\u011f\u0131 ve olduk\u00e7a k\u0131sa bir giri\u015f olarak yap\u0131lan bu a\u00e7\u0131klamalar da g\u00f6stermektedir ki; e\u015fya hukuku olduk\u00e7a teknik bilgi gerektiren ve e\u015fya hukukuyla ilgilenen hukuk\u00e7ular\u0131n uzmanl\u0131k alan\u0131na giren bir dald\u0131r. Bu anlamda e\u015fya hukukundan kaynakl\u0131 her t\u00fcrl\u00fc davada bilgi ve uzmanl\u0131k sahibiyim.<\/p>\n\n\n\n<p>B\u00fcromuz b\u00fcnyesinde e\u015fya hukuku k\u00f6kenli olarak avukatl\u0131k hizmeti verilen dava tipleri ve i\u015fler genel olarak \u015fu \u015fekilde say\u0131labilmektedir:<\/p>\n\n\n\n<p id=\"u24720-8\">\u2022 Zilyetli\u011fe dayal\u0131 davalar (Zilyetli\u011fin korunmas\u0131, El atman\u0131n \u00f6nlenmesi)<\/p>\n\n\n\n<p id=\"u24720-10\">\u2022 \u0130stihkak davas\u0131<\/p>\n\n\n\n<p id=\"u24720-12\">\u2022 Menkul ve gayrimenkuller \u00fczerinde payl\u0131 ve elbirli\u011fiyle m\u00fclkiyet tesisi<\/p>\n\n\n\n<p id=\"u24720-14\">\u2022 S\u0131n\u0131rl\u0131 ayni hak tesis i\u015flemleri<\/p>\n\n\n\n<p id=\"u24720-16\">\u2022 Al\u0131m, \u00f6nal\u0131m, sat\u0131m s\u00f6zle\u015fmeleri<\/p>\n\n\n\n<p id=\"u24720-18\">\u2022 Tapu iptali ve tescil davalar\u0131<\/p>\n\n\n\n<p id=\"u24720-20\">\u2022 Tapu sicili d\u00fczeltme i\u015flem ve davalar\u0131<\/p>\n\n\n\n<p id=\"u24720-22\">\u2022 \u0130rtifak ve rehin haklar\u0131na dayanan davalar<\/p>\n\n\n\n<p id=\"u24720-24\">\u2022 Ecrimisil davalar\u0131<\/p>\n\n\n\n<p id=\"u24720-26\">\u2022 Kamula\u015ft\u0131rmas\u0131z el atma davalar\u0131<\/p>\n\n\n\n<p id=\"u24720-28\">\u2022 Ortakl\u0131\u011f\u0131n giderilmesi davalar\u0131 (\u0130zale-i \u015euyu)<\/p>\n\n\n\n<p id=\"u24720-30\">\u2022 Sebepsiz zenginle\u015fme davalar\u0131<\/p>\n\n\n\n<p id=\"u24720-32\">\u2022 Kat m\u00fclkiyetinden kaynakl\u0131 davalar<\/p>\n\n\n\n<p>\u2022 Di\u011fer dava ve i\u015fler<\/p>\n\n\n\n<p><em>Say\u0131lan dava tipleri genel anlamda ve \u00f6rnekleyici olup, e\u015fya hukukuna ili\u015fkin her t\u00fcrl\u00fc dava bak\u0131m\u0131ndan avukatl\u0131k hizmeti verilmektedir.<br>Detayl\u0131 bilgi i\u00e7in randevu talep ediniz.<\/em><\/p>\n","protected":false},"excerpt":{"rendered":"<p>T\u00fcrk Medeni Kanunu&#8217;nun 4. kitab\u0131 olarak d\u00fczenlenen E\u015fya Hukuku; ki\u015filerin e\u015fyalar \u00fczerindeki mutlak haklar\u0131n\u0131 d\u00fczenleyen bir hukuk dal\u0131d\u0131r. Ki\u015filerin e\u015fyalar \u00fczerindeki mutlak haklar\u0131, ayni haklar olarak da bilinen haklar olup, ki\u015filerin e\u015fya \u00fczerinde do\u011frudan do\u011fruya hakimiyet kurmas\u0131n\u0131 sa\u011flayan ve herkese kar\u015f\u0131 ileri s\u00fcr\u00fclebilen haklard\u0131r. Di\u011fer bir deyi\u015fle; ayni haklar sadece hukuki ili\u015fkide bulunulan ki\u015fiye kar\u015f\u0131 [&hellip;]<\/p>\n","protected":false},"author":1,"featured_media":0,"parent":0,"menu_order":0,"comment_status":"closed","ping_status":"closed","template":"","meta":{"footnotes":""},"class_list":["post-106","page","type-page","status-publish","hentry"],"yoast_head":"<!-- This site is optimized with the Yoast SEO plugin v20.12 - https:\/\/yoast.com\/wordpress\/plugins\/seo\/ -->\n<title>E\u015fya Hukuku - Nam\u0131k Kemal T\u00fcyl\u00fcce<\/title>\n<meta name=\"robots\" content=\"index, follow, max-snippet:-1, max-image-preview:large, max-video-preview:-1\" \/>\n<link rel=\"canonical\" href=\"https:\/\/namikkemaltuyluce.av.tr\/?page_id=106\" \/>\n<meta property=\"og:locale\" content=\"tr_TR\" \/>\n<meta property=\"og:type\" content=\"article\" \/>\n<meta property=\"og:title\" content=\"E\u015fya Hukuku - Nam\u0131k Kemal T\u00fcyl\u00fcce\" \/>\n<meta property=\"og:description\" content=\"T\u00fcrk Medeni Kanunu&#8217;nun 4. kitab\u0131 olarak d\u00fczenlenen E\u015fya Hukuku; ki\u015filerin e\u015fyalar \u00fczerindeki mutlak haklar\u0131n\u0131 d\u00fczenleyen bir hukuk dal\u0131d\u0131r. Ki\u015filerin e\u015fyalar \u00fczerindeki mutlak haklar\u0131, ayni haklar olarak da bilinen haklar olup, ki\u015filerin e\u015fya \u00fczerinde do\u011frudan do\u011fruya hakimiyet kurmas\u0131n\u0131 sa\u011flayan ve herkese kar\u015f\u0131 ileri s\u00fcr\u00fclebilen haklard\u0131r. Di\u011fer bir deyi\u015fle; ayni haklar sadece hukuki ili\u015fkide bulunulan ki\u015fiye kar\u015f\u0131 [&hellip;]\" \/>\n<meta property=\"og:url\" content=\"https:\/\/namikkemaltuyluce.av.tr\/?page_id=106\" \/>\n<meta property=\"og:site_name\" content=\"Nam\u0131k Kemal T\u00fcyl\u00fcce\" \/>\n<meta name=\"twitter:card\" content=\"summary_large_image\" \/>\n<meta name=\"twitter:label1\" content=\"Tahmini okuma s\u00fcresi\" \/>\n\t<meta name=\"twitter:data1\" content=\"3 dakika\" \/>\n<script type=\"application\/ld+json\" class=\"yoast-schema-graph\">{\"@context\":\"https:\/\/schema.org\",\"@graph\":[{\"@type\":\"WebPage\",\"@id\":\"https:\/\/namikkemaltuyluce.av.tr\/?page_id=106\",\"url\":\"https:\/\/namikkemaltuyluce.av.tr\/?page_id=106\",\"name\":\"E\u015fya Hukuku - Nam\u0131k Kemal T\u00fcyl\u00fcce\",\"isPartOf\":{\"@id\":\"http:\/\/namikkemaltuyluce.av.tr\/#website\"},\"datePublished\":\"2023-05-31T13:49:32+00:00\",\"dateModified\":\"2023-05-31T13:49:32+00:00\",\"breadcrumb\":{\"@id\":\"https:\/\/namikkemaltuyluce.av.tr\/?page_id=106#breadcrumb\"},\"inLanguage\":\"tr\",\"potentialAction\":[{\"@type\":\"ReadAction\",\"target\":[\"https:\/\/namikkemaltuyluce.av.tr\/?page_id=106\"]}]},{\"@type\":\"BreadcrumbList\",\"@id\":\"https:\/\/namikkemaltuyluce.av.tr\/?page_id=106#breadcrumb\",\"itemListElement\":[{\"@type\":\"ListItem\",\"position\":1,\"name\":\"Anasayfa\",\"item\":\"http:\/\/namikkemaltuyluce.av.tr\/\"},{\"@type\":\"ListItem\",\"position\":2,\"name\":\"E\u015fya Hukuku\"}]},{\"@type\":\"WebSite\",\"@id\":\"http:\/\/namikkemaltuyluce.av.tr\/#website\",\"url\":\"http:\/\/namikkemaltuyluce.av.tr\/\",\"name\":\"Nam\u0131k Kemal T\u00fcyl\u00fcce\",\"description\":\"\",\"publisher\":{\"@id\":\"http:\/\/namikkemaltuyluce.av.tr\/#organization\"},\"potentialAction\":[{\"@type\":\"SearchAction\",\"target\":{\"@type\":\"EntryPoint\",\"urlTemplate\":\"http:\/\/namikkemaltuyluce.av.tr\/?s={search_term_string}\"},\"query-input\":\"required name=search_term_string\"}],\"inLanguage\":\"tr\"},{\"@type\":\"Organization\",\"@id\":\"http:\/\/namikkemaltuyluce.av.tr\/#organization\",\"name\":\"Arabulucu ve Avukat Nam\u0131k Kemal T\u00fcyl\u00fcce\",\"url\":\"http:\/\/namikkemaltuyluce.av.tr\/\",\"logo\":{\"@type\":\"ImageObject\",\"inLanguage\":\"tr\",\"@id\":\"http:\/\/namikkemaltuyluce.av.tr\/#\/schema\/logo\/image\/\",\"url\":\"https:\/\/namikkemaltuyluce.av.tr\/wp-content\/uploads\/2023\/01\/hukuk.png\",\"contentUrl\":\"https:\/\/namikkemaltuyluce.av.tr\/wp-content\/uploads\/2023\/01\/hukuk.png\",\"width\":400,\"height\":300,\"caption\":\"Arabulucu ve Avukat Nam\u0131k Kemal T\u00fcyl\u00fcce\"},\"image\":{\"@id\":\"http:\/\/namikkemaltuyluce.av.tr\/#\/schema\/logo\/image\/\"}}]}<\/script>\n<!-- \/ Yoast SEO plugin. -->","yoast_head_json":{"title":"E\u015fya Hukuku - Nam\u0131k Kemal T\u00fcyl\u00fcce","robots":{"index":"index","follow":"follow","max-snippet":"max-snippet:-1","max-image-preview":"max-image-preview:large","max-video-preview":"max-video-preview:-1"},"canonical":"https:\/\/namikkemaltuyluce.av.tr\/?page_id=106","og_locale":"tr_TR","og_type":"article","og_title":"E\u015fya Hukuku - Nam\u0131k Kemal T\u00fcyl\u00fcce","og_description":"T\u00fcrk Medeni Kanunu&#8217;nun 4. kitab\u0131 olarak d\u00fczenlenen E\u015fya Hukuku; ki\u015filerin e\u015fyalar \u00fczerindeki mutlak haklar\u0131n\u0131 d\u00fczenleyen bir hukuk dal\u0131d\u0131r. Ki\u015filerin e\u015fyalar \u00fczerindeki mutlak haklar\u0131, ayni haklar olarak da bilinen haklar olup, ki\u015filerin e\u015fya \u00fczerinde do\u011frudan do\u011fruya hakimiyet kurmas\u0131n\u0131 sa\u011flayan ve herkese kar\u015f\u0131 ileri s\u00fcr\u00fclebilen haklard\u0131r. Di\u011fer bir deyi\u015fle; ayni haklar sadece hukuki ili\u015fkide bulunulan ki\u015fiye kar\u015f\u0131 [&hellip;]","og_url":"https:\/\/namikkemaltuyluce.av.tr\/?page_id=106","og_site_name":"Nam\u0131k Kemal T\u00fcyl\u00fcce","twitter_card":"summary_large_image","twitter_misc":{"Tahmini okuma s\u00fcresi":"3 dakika"},"schema":{"@context":"https:\/\/schema.org","@graph":[{"@type":"WebPage","@id":"https:\/\/namikkemaltuyluce.av.tr\/?page_id=106","url":"https:\/\/namikkemaltuyluce.av.tr\/?page_id=106","name":"E\u015fya Hukuku - Nam\u0131k Kemal T\u00fcyl\u00fcce","isPartOf":{"@id":"http:\/\/namikkemaltuyluce.av.tr\/#website"},"datePublished":"2023-05-31T13:49:32+00:00","dateModified":"2023-05-31T13:49:32+00:00","breadcrumb":{"@id":"https:\/\/namikkemaltuyluce.av.tr\/?page_id=106#breadcrumb"},"inLanguage":"tr","potentialAction":[{"@type":"ReadAction","target":["https:\/\/namikkemaltuyluce.av.tr\/?page_id=106"]}]},{"@type":"BreadcrumbList","@id":"https:\/\/namikkemaltuyluce.av.tr\/?page_id=106#breadcrumb","itemListElement":[{"@type":"ListItem","position":1,"name":"Anasayfa","item":"http:\/\/namikkemaltuyluce.av.tr\/"},{"@type":"ListItem","position":2,"name":"E\u015fya Hukuku"}]},{"@type":"WebSite","@id":"http:\/\/namikkemaltuyluce.av.tr\/#website","url":"http:\/\/namikkemaltuyluce.av.tr\/","name":"Nam\u0131k Kemal T\u00fcyl\u00fcce","description":"","publisher":{"@id":"http:\/\/namikkemaltuyluce.av.tr\/#organization"},"potentialAction":[{"@type":"SearchAction","target":{"@type":"EntryPoint","urlTemplate":"http:\/\/namikkemaltuyluce.av.tr\/?s={search_term_string}"},"query-input":"required name=search_term_string"}],"inLanguage":"tr"},{"@type":"Organization","@id":"http:\/\/namikkemaltuyluce.av.tr\/#organization","name":"Arabulucu ve Avukat Nam\u0131k Kemal T\u00fcyl\u00fcce","url":"http:\/\/namikkemaltuyluce.av.tr\/","logo":{"@type":"ImageObject","inLanguage":"tr","@id":"http:\/\/namikkemaltuyluce.av.tr\/#\/schema\/logo\/image\/","url":"https:\/\/namikkemaltuyluce.av.tr\/wp-content\/uploads\/2023\/01\/hukuk.png","contentUrl":"https:\/\/namikkemaltuyluce.av.tr\/wp-content\/uploads\/2023\/01\/hukuk.png","width":400,"height":300,"caption":"Arabulucu ve Avukat Nam\u0131k Kemal T\u00fcyl\u00fcce"},"image":{"@id":"http:\/\/namikkemaltuyluce.av.tr\/#\/schema\/logo\/image\/"}}]}},"_links":{"self":[{"href":"https:\/\/namikkemaltuyluce.av.tr\/index.php?rest_route=\/wp\/v2\/pages\/106","targetHints":{"allow":["GET"]}}],"collection":[{"href":"https:\/\/namikkemaltuyluce.av.tr\/index.php?rest_route=\/wp\/v2\/pages"}],"about":[{"href":"https:\/\/namikkemaltuyluce.av.tr\/index.php?rest_route=\/wp\/v2\/types\/page"}],"author":[{"embeddable":true,"href":"https:\/\/namikkemaltuyluce.av.tr\/index.php?rest_route=\/wp\/v2\/users\/1"}],"replies":[{"embeddable":true,"href":"https:\/\/namikkemaltuyluce.av.tr\/index.php?rest_route=%2Fwp%2Fv2%2Fcomments&post=106"}],"version-history":[{"count":1,"href":"https:\/\/namikkemaltuyluce.av.tr\/index.php?rest_route=\/wp\/v2\/pages\/106\/revisions"}],"predecessor-version":[{"id":107,"href":"https:\/\/namikkemaltuyluce.av.tr\/index.php?rest_route=\/wp\/v2\/pages\/106\/revisions\/107"}],"wp:attachment":[{"href":"https:\/\/namikkemaltuyluce.av.tr\/index.php?rest_route=%2Fwp%2Fv2%2Fmedia&parent=106"}],"curies":[{"name":"wp","href":"https:\/\/api.w.org\/{rel}","templated":true}]}}