{"id":110,"date":"2023-06-01T10:36:48","date_gmt":"2023-06-01T07:36:48","guid":{"rendered":"https:\/\/namikkemaltuyluce.av.tr\/?page_id=110"},"modified":"2023-06-01T10:36:48","modified_gmt":"2023-06-01T07:36:48","slug":"tazminat-hukuku","status":"publish","type":"page","link":"https:\/\/namikkemaltuyluce.av.tr\/?page_id=110","title":{"rendered":"Tazminat Hukuku"},"content":{"rendered":"\n<p>Ki\u015filerin \u00e7e\u015fitli nedenlerle u\u011frad\u0131klar\u0131 zarar\u0131n giderilmesine genel olarak tazminat ismi verilir. S\u00f6z konusu zararlar, maddi zararlar olabilece\u011fi gibi, ki\u015filerin maneviyat\u0131n\u0131 olumsuz etkileyen durumlar nedeniyle manevi zararlar da olabilir. Dolay\u0131s\u0131yla tazminat hukukunda; maddi tazminat ve manevi tazminat olmak \u00fczere ba\u015fl\u0131ca iki tazminat t\u00fcr\u00fc vard\u0131r.<\/p>\n\n\n\n<p>Ki\u015filik haklar\u0131n\u0131n ihlali, \u00f6zellikle \u015feref ve haysiyete y\u00f6nelik sald\u0131r\u0131lar veya ki\u015finin \u00f6zel hayat\u0131n\u0131n, isminin, \u00f6zg\u00fcrl\u00fcklerinin ve benzeri nitelikteki haklar\u0131na sald\u0131r\u0131lmas\u0131 suretiyle ger\u00e7ekle\u015febilmektedir. \u0130\u015fte bu gibi hallerde, ki\u015finin manevi de\u011ferlerine y\u00f6nelen sald\u0131r\u0131n\u0131n ki\u015fiye zarar verdi\u011fi, bu zarar\u0131n ki\u015fide ac\u0131 ve \u0131zd\u0131raba yol a\u00e7t\u0131\u011f\u0131n\u0131 kabul eden hukuk d\u00fczeni, zedelenen maneviyat\u0131n tamiri i\u00e7in zarar g\u00f6rene tazminat hakk\u0131 tan\u0131m\u0131\u015ft\u0131r.<\/p>\n\n\n\n<p>\u00d6te yandan, ki\u015finin malvarl\u0131\u011f\u0131 haklar\u0131n\u0131n ihlal edilmesi ise maddi tazminat talebi hakk\u0131n\u0131n do\u011fmas\u0131na yol a\u00e7maktad\u0131r. Malvarl\u0131\u011f\u0131 haklar\u0131n\u0131n ihlali \u00e7ok geni\u015f kapsaml\u0131 bir ifade olup, ki\u015finin malvarl\u0131\u011f\u0131ndaki eksilme ya da malvarl\u0131\u011f\u0131n\u0131n normal \u015fartlarda eri\u015fece\u011fi duruma eri\u015fememesi de yine malvarl\u0131\u011f\u0131 hakk\u0131n\u0131n ihlali anlam\u0131nda kabul edilmektedir. Bu gibi durumlarda, ki\u015finin u\u011frad\u0131\u011f\u0131 maddi zarar, maddi tazminat yoluyla giderilmektedir.<\/p>\n\n\n\n<p>Tazminat\u0131n, \u00f6l\u00fcm veya yaralanma \u015feklinde ger\u00e7ekle\u015fen olaylardan do\u011fmas\u0131 m\u00fcmk\u00fcn oldu\u011fu gibi, \u0130\u015f Hukuku bak\u0131m\u0131ndan i\u015f g\u00fcc\u00fc kayb\u0131ndan, Aile Hukuku bak\u0131m\u0131ndan e\u015flerin birbirlerine kar\u015f\u0131 sorumluluklar\u0131ndan, Bor\u00e7lar Hukuku bak\u0131m\u0131ndan taraflar\u0131n hukuki ili\u015fkisini ihlal eden taraf\u0131n di\u011fer tarafa kar\u015f\u0131 sorumlulu\u011fundan do\u011fmas\u0131 m\u00fcmk\u00fcnd\u00fcr. S\u00f6z konusu \u00f6rnekleri \u00e7o\u011faltmak m\u00fcmk\u00fcn olup, hukukun hemen hemen her dal\u0131na tazminat ve sorumluluk hukuku etki etmektedir.<\/p>\n\n\n\n<p>Nitekim; bor\u00e7lar hukukundan kaynaklanan s\u00f6zle\u015fmenin ihlali, trafik kazas\u0131 neticesinde yaralanma veya \u00f6l\u00fcm, sa\u011fl\u0131k personelinin t\u0131bbi uygulama hatas\u0131 (malpraktis) sonucu \u00f6l\u00fcm ya da yaralanma, i\u015f hukukundan kaynaklanan ihbar veya k\u0131dem tazminat\u0131, i\u015f kazas\u0131 sonucu yaralanma veya \u00f6l\u00fcm, su\u00e7 i\u015flenmesi, bo\u015fanma davas\u0131, telif haklar\u0131n\u0131n ihlali nedeniyle maddi ve manevi tazminat davas\u0131 yaz\u0131l\u0131 veya g\u00f6rsel bas\u0131n veya sosyal medya \u00fczerinden ki\u015filik haklar\u0131na sald\u0131r\u0131 nedeniyle a\u00e7\u0131lan manevi tazminat davas\u0131 gibi birbirinden tamamen farkl\u0131 hukuk dallar\u0131na ili\u015fkin davalarda tazminat konusu b\u00fcy\u00fck bir \u00f6nem te\u015fkil etmektedir.<\/p>\n\n\n\n<p>\u00c7o\u011fu zaman ki\u015fiyi zarara u\u011fratan olay\u0131n, hem maddi hem de manevi zarara yol a\u00e7mas\u0131 m\u00fcmk\u00fcn olup, bu gibi durumlarda ayn\u0131 dava kapsam\u0131nda her iki talebinde \u00f6ne s\u00fcr\u00fclmesi m\u00fcmk\u00fcnd\u00fcr. \u00d6rne\u011fin \u00f6l\u00fcml\u00fc bir trafik kazas\u0131nda, \u00f6len ki\u015finin yak\u0131nlar\u0131n\u0131n maneviyat\u0131 zedelendi\u011fi gibi, ayn\u0131 zamanda s\u00f6z konusu bu ki\u015filerin \u00f6l\u00fcm olay\u0131ndan dolay\u0131 maddi zararlar\u0131 da do\u011fmaktad\u0131r. Nitekim vefat eden ki\u015finin, vefat olay\u0131 ya\u015fanmasayd\u0131 bir \u00f6m\u00fcr boyunca yak\u0131nlar\u0131na destek olaca\u011f\u0131n\u0131 kabul eden hukuk d\u00fczeni, bu durum i\u00e7in maddi tazminat\u0131n \u00f6zel bir t\u00fcr\u00fc olan destekten yoksun kalma tazminat\u0131 kavram\u0131n\u0131 d\u00fczenlemi\u015ftir.<\/p>\n\n\n\n<p>Maddi ve manevi tazminat davalar\u0131nda, davan\u0131n a\u00e7\u0131laca\u011f\u0131 mahkeme b\u00fcy\u00fck bir \u00f6nem ta\u015f\u0131maktad\u0131r. Nitekim, yanl\u0131\u015f mahkemede a\u00e7\u0131lacak bir dava, niteli\u011fine g\u00f6re mahkemenin g\u00f6revsizlik veya yetkisizlik nedeniyle davay\u0131 reddetmesine olanak sa\u011flayabilecektir. \u00d6te yandan, tazminat\u0131 do\u011furan olay\u0131n hukuki niteli\u011fine g\u00f6re kanunlar\u0131m\u0131zda bir \u00e7ok farkl\u0131 zamana\u015f\u0131m\u0131 s\u00fcresi d\u00fczenlenmi\u015f olup, s\u00f6z konusu zamana\u015f\u0131m\u0131 s\u00fcreleri ge\u00e7irildikten sonra a\u00e7\u0131lan davalar\u0131n da reddedilmesi m\u00fcmk\u00fcnd\u00fcr.<\/p>\n\n\n\n<p>Dava a\u00e7\u0131lmadan evvel, talep edilecek olan tazminat tutar\u0131n\u0131n do\u011fru bir \u015fekilde hesaplanarak mahkemeye sunulmas\u0131 \u00f6nem arz etmektedir. Nitekim, \u00e7o\u011fu davada talep edilen tazminat tutar\u0131 \u00fczerinden dava harc\u0131 \u00f6denmekte olup, ayn\u0131 zamanda mahkemenin talep edilenden d\u00fc\u015f\u00fck bir tazminata h\u00fckmetmesi halinde, kar\u015f\u0131 taraf lehine kar\u015f\u0131 vekalet \u00fccreti \u00f6deme ve bu \u015fekilde zarara u\u011frama tehlikesi mevcuttur.<\/p>\n\n\n\n<p>Zarar\u0131n ve tazminat miktar\u0131n\u0131n do\u011fru olarak hesaplanabilmesi her zaman m\u00fcmk\u00fcn olmayabilir. Nitekim T\u00fcrk Hukuku&#8217;nda temel kural, tazminat\u0131n zenginle\u015fme arac\u0131 olarak kullan\u0131lamayaca\u011f\u0131d\u0131r. Bu nedenle zarar veren ki\u015finin ve zarar g\u00f6ren ki\u015finin mevcut ekonomik durumlar\u0131 tazminat miktar\u0131n\u0131n hesab\u0131 bak\u0131m\u0131ndan \u00f6nem ta\u015f\u0131maktad\u0131r.<\/p>\n\n\n\n<p>Bunun d\u0131\u015f\u0131nda, manevi tazminatlar bak\u0131m\u0131ndan \u00e7ekilen ac\u0131n\u0131n boyutu, taraflar\u0131n kusur durumu ve benzeri hususlar zarar\u0131n hesab\u0131nda \u00f6nem ta\u015f\u0131maktad\u0131r. Maddi tazminat bak\u0131m\u0131ndan da, do\u011frudan u\u011fran\u0131lan ve belgelendirilebilen zarar, maluliyet varsa maluliyet oran\u0131 ve yine taraflar\u0131n kusur durumu, zarar\u0131n hesaplanmas\u0131nda \u00f6nem arz eden fakt\u00f6rlerdir.<\/p>\n\n\n\n<p>Detayl\u0131 bilgi i\u00e7in randevu talep ediniz.<\/p>\n","protected":false},"excerpt":{"rendered":"<p>Ki\u015filerin \u00e7e\u015fitli nedenlerle u\u011frad\u0131klar\u0131 zarar\u0131n giderilmesine genel olarak tazminat ismi verilir. S\u00f6z konusu zararlar, maddi zararlar olabilece\u011fi gibi, ki\u015filerin maneviyat\u0131n\u0131 olumsuz etkileyen durumlar nedeniyle manevi zararlar da olabilir. Dolay\u0131s\u0131yla tazminat hukukunda; maddi tazminat ve manevi tazminat olmak \u00fczere ba\u015fl\u0131ca iki tazminat t\u00fcr\u00fc vard\u0131r. Ki\u015filik haklar\u0131n\u0131n ihlali, \u00f6zellikle \u015feref ve haysiyete y\u00f6nelik sald\u0131r\u0131lar veya ki\u015finin \u00f6zel [&hellip;]<\/p>\n","protected":false},"author":1,"featured_media":0,"parent":0,"menu_order":0,"comment_status":"closed","ping_status":"closed","template":"","meta":{"footnotes":""},"class_list":["post-110","page","type-page","status-publish","hentry"],"yoast_head":"<!-- This site is optimized with the Yoast SEO plugin v20.12 - https:\/\/yoast.com\/wordpress\/plugins\/seo\/ -->\n<title>Tazminat Hukuku - Nam\u0131k Kemal T\u00fcyl\u00fcce<\/title>\n<meta name=\"robots\" content=\"index, follow, max-snippet:-1, max-image-preview:large, max-video-preview:-1\" \/>\n<link rel=\"canonical\" href=\"https:\/\/namikkemaltuyluce.av.tr\/?page_id=110\" \/>\n<meta property=\"og:locale\" content=\"tr_TR\" \/>\n<meta property=\"og:type\" content=\"article\" \/>\n<meta property=\"og:title\" content=\"Tazminat Hukuku - Nam\u0131k Kemal T\u00fcyl\u00fcce\" \/>\n<meta property=\"og:description\" content=\"Ki\u015filerin \u00e7e\u015fitli nedenlerle u\u011frad\u0131klar\u0131 zarar\u0131n giderilmesine genel olarak tazminat ismi verilir. S\u00f6z konusu zararlar, maddi zararlar olabilece\u011fi gibi, ki\u015filerin maneviyat\u0131n\u0131 olumsuz etkileyen durumlar nedeniyle manevi zararlar da olabilir. Dolay\u0131s\u0131yla tazminat hukukunda; maddi tazminat ve manevi tazminat olmak \u00fczere ba\u015fl\u0131ca iki tazminat t\u00fcr\u00fc vard\u0131r. Ki\u015filik haklar\u0131n\u0131n ihlali, \u00f6zellikle \u015feref ve haysiyete y\u00f6nelik sald\u0131r\u0131lar veya ki\u015finin \u00f6zel [&hellip;]\" \/>\n<meta property=\"og:url\" content=\"https:\/\/namikkemaltuyluce.av.tr\/?page_id=110\" \/>\n<meta property=\"og:site_name\" content=\"Nam\u0131k Kemal T\u00fcyl\u00fcce\" \/>\n<meta name=\"twitter:card\" content=\"summary_large_image\" \/>\n<meta name=\"twitter:label1\" content=\"Tahmini okuma s\u00fcresi\" \/>\n\t<meta name=\"twitter:data1\" content=\"4 dakika\" \/>\n<script type=\"application\/ld+json\" class=\"yoast-schema-graph\">{\"@context\":\"https:\/\/schema.org\",\"@graph\":[{\"@type\":\"WebPage\",\"@id\":\"https:\/\/namikkemaltuyluce.av.tr\/?page_id=110\",\"url\":\"https:\/\/namikkemaltuyluce.av.tr\/?page_id=110\",\"name\":\"Tazminat Hukuku - Nam\u0131k Kemal T\u00fcyl\u00fcce\",\"isPartOf\":{\"@id\":\"http:\/\/namikkemaltuyluce.av.tr\/#website\"},\"datePublished\":\"2023-06-01T07:36:48+00:00\",\"dateModified\":\"2023-06-01T07:36:48+00:00\",\"breadcrumb\":{\"@id\":\"https:\/\/namikkemaltuyluce.av.tr\/?page_id=110#breadcrumb\"},\"inLanguage\":\"tr\",\"potentialAction\":[{\"@type\":\"ReadAction\",\"target\":[\"https:\/\/namikkemaltuyluce.av.tr\/?page_id=110\"]}]},{\"@type\":\"BreadcrumbList\",\"@id\":\"https:\/\/namikkemaltuyluce.av.tr\/?page_id=110#breadcrumb\",\"itemListElement\":[{\"@type\":\"ListItem\",\"position\":1,\"name\":\"Anasayfa\",\"item\":\"http:\/\/namikkemaltuyluce.av.tr\/\"},{\"@type\":\"ListItem\",\"position\":2,\"name\":\"Tazminat Hukuku\"}]},{\"@type\":\"WebSite\",\"@id\":\"http:\/\/namikkemaltuyluce.av.tr\/#website\",\"url\":\"http:\/\/namikkemaltuyluce.av.tr\/\",\"name\":\"Nam\u0131k Kemal T\u00fcyl\u00fcce\",\"description\":\"\",\"publisher\":{\"@id\":\"http:\/\/namikkemaltuyluce.av.tr\/#organization\"},\"potentialAction\":[{\"@type\":\"SearchAction\",\"target\":{\"@type\":\"EntryPoint\",\"urlTemplate\":\"http:\/\/namikkemaltuyluce.av.tr\/?s={search_term_string}\"},\"query-input\":\"required name=search_term_string\"}],\"inLanguage\":\"tr\"},{\"@type\":\"Organization\",\"@id\":\"http:\/\/namikkemaltuyluce.av.tr\/#organization\",\"name\":\"Arabulucu ve Avukat Nam\u0131k Kemal T\u00fcyl\u00fcce\",\"url\":\"http:\/\/namikkemaltuyluce.av.tr\/\",\"logo\":{\"@type\":\"ImageObject\",\"inLanguage\":\"tr\",\"@id\":\"http:\/\/namikkemaltuyluce.av.tr\/#\/schema\/logo\/image\/\",\"url\":\"https:\/\/namikkemaltuyluce.av.tr\/wp-content\/uploads\/2023\/01\/hukuk.png\",\"contentUrl\":\"https:\/\/namikkemaltuyluce.av.tr\/wp-content\/uploads\/2023\/01\/hukuk.png\",\"width\":400,\"height\":300,\"caption\":\"Arabulucu ve Avukat Nam\u0131k Kemal T\u00fcyl\u00fcce\"},\"image\":{\"@id\":\"http:\/\/namikkemaltuyluce.av.tr\/#\/schema\/logo\/image\/\"}}]}<\/script>\n<!-- \/ Yoast SEO plugin. -->","yoast_head_json":{"title":"Tazminat Hukuku - Nam\u0131k Kemal T\u00fcyl\u00fcce","robots":{"index":"index","follow":"follow","max-snippet":"max-snippet:-1","max-image-preview":"max-image-preview:large","max-video-preview":"max-video-preview:-1"},"canonical":"https:\/\/namikkemaltuyluce.av.tr\/?page_id=110","og_locale":"tr_TR","og_type":"article","og_title":"Tazminat Hukuku - Nam\u0131k Kemal T\u00fcyl\u00fcce","og_description":"Ki\u015filerin \u00e7e\u015fitli nedenlerle u\u011frad\u0131klar\u0131 zarar\u0131n giderilmesine genel olarak tazminat ismi verilir. S\u00f6z konusu zararlar, maddi zararlar olabilece\u011fi gibi, ki\u015filerin maneviyat\u0131n\u0131 olumsuz etkileyen durumlar nedeniyle manevi zararlar da olabilir. Dolay\u0131s\u0131yla tazminat hukukunda; maddi tazminat ve manevi tazminat olmak \u00fczere ba\u015fl\u0131ca iki tazminat t\u00fcr\u00fc vard\u0131r. Ki\u015filik haklar\u0131n\u0131n ihlali, \u00f6zellikle \u015feref ve haysiyete y\u00f6nelik sald\u0131r\u0131lar veya ki\u015finin \u00f6zel [&hellip;]","og_url":"https:\/\/namikkemaltuyluce.av.tr\/?page_id=110","og_site_name":"Nam\u0131k Kemal T\u00fcyl\u00fcce","twitter_card":"summary_large_image","twitter_misc":{"Tahmini okuma s\u00fcresi":"4 dakika"},"schema":{"@context":"https:\/\/schema.org","@graph":[{"@type":"WebPage","@id":"https:\/\/namikkemaltuyluce.av.tr\/?page_id=110","url":"https:\/\/namikkemaltuyluce.av.tr\/?page_id=110","name":"Tazminat Hukuku - Nam\u0131k Kemal T\u00fcyl\u00fcce","isPartOf":{"@id":"http:\/\/namikkemaltuyluce.av.tr\/#website"},"datePublished":"2023-06-01T07:36:48+00:00","dateModified":"2023-06-01T07:36:48+00:00","breadcrumb":{"@id":"https:\/\/namikkemaltuyluce.av.tr\/?page_id=110#breadcrumb"},"inLanguage":"tr","potentialAction":[{"@type":"ReadAction","target":["https:\/\/namikkemaltuyluce.av.tr\/?page_id=110"]}]},{"@type":"BreadcrumbList","@id":"https:\/\/namikkemaltuyluce.av.tr\/?page_id=110#breadcrumb","itemListElement":[{"@type":"ListItem","position":1,"name":"Anasayfa","item":"http:\/\/namikkemaltuyluce.av.tr\/"},{"@type":"ListItem","position":2,"name":"Tazminat Hukuku"}]},{"@type":"WebSite","@id":"http:\/\/namikkemaltuyluce.av.tr\/#website","url":"http:\/\/namikkemaltuyluce.av.tr\/","name":"Nam\u0131k Kemal T\u00fcyl\u00fcce","description":"","publisher":{"@id":"http:\/\/namikkemaltuyluce.av.tr\/#organization"},"potentialAction":[{"@type":"SearchAction","target":{"@type":"EntryPoint","urlTemplate":"http:\/\/namikkemaltuyluce.av.tr\/?s={search_term_string}"},"query-input":"required name=search_term_string"}],"inLanguage":"tr"},{"@type":"Organization","@id":"http:\/\/namikkemaltuyluce.av.tr\/#organization","name":"Arabulucu ve Avukat Nam\u0131k Kemal T\u00fcyl\u00fcce","url":"http:\/\/namikkemaltuyluce.av.tr\/","logo":{"@type":"ImageObject","inLanguage":"tr","@id":"http:\/\/namikkemaltuyluce.av.tr\/#\/schema\/logo\/image\/","url":"https:\/\/namikkemaltuyluce.av.tr\/wp-content\/uploads\/2023\/01\/hukuk.png","contentUrl":"https:\/\/namikkemaltuyluce.av.tr\/wp-content\/uploads\/2023\/01\/hukuk.png","width":400,"height":300,"caption":"Arabulucu ve Avukat Nam\u0131k Kemal T\u00fcyl\u00fcce"},"image":{"@id":"http:\/\/namikkemaltuyluce.av.tr\/#\/schema\/logo\/image\/"}}]}},"_links":{"self":[{"href":"https:\/\/namikkemaltuyluce.av.tr\/index.php?rest_route=\/wp\/v2\/pages\/110","targetHints":{"allow":["GET"]}}],"collection":[{"href":"https:\/\/namikkemaltuyluce.av.tr\/index.php?rest_route=\/wp\/v2\/pages"}],"about":[{"href":"https:\/\/namikkemaltuyluce.av.tr\/index.php?rest_route=\/wp\/v2\/types\/page"}],"author":[{"embeddable":true,"href":"https:\/\/namikkemaltuyluce.av.tr\/index.php?rest_route=\/wp\/v2\/users\/1"}],"replies":[{"embeddable":true,"href":"https:\/\/namikkemaltuyluce.av.tr\/index.php?rest_route=%2Fwp%2Fv2%2Fcomments&post=110"}],"version-history":[{"count":1,"href":"https:\/\/namikkemaltuyluce.av.tr\/index.php?rest_route=\/wp\/v2\/pages\/110\/revisions"}],"predecessor-version":[{"id":111,"href":"https:\/\/namikkemaltuyluce.av.tr\/index.php?rest_route=\/wp\/v2\/pages\/110\/revisions\/111"}],"wp:attachment":[{"href":"https:\/\/namikkemaltuyluce.av.tr\/index.php?rest_route=%2Fwp%2Fv2%2Fmedia&parent=110"}],"curies":[{"name":"wp","href":"https:\/\/api.w.org\/{rel}","templated":true}]}}