{"id":112,"date":"2023-06-01T10:44:11","date_gmt":"2023-06-01T07:44:11","guid":{"rendered":"https:\/\/namikkemaltuyluce.av.tr\/?page_id=112"},"modified":"2023-06-01T10:44:11","modified_gmt":"2023-06-01T07:44:11","slug":"satim-hukuku","status":"publish","type":"page","link":"https:\/\/namikkemaltuyluce.av.tr\/?page_id=112","title":{"rendered":"Sat\u0131m Hukuku"},"content":{"rendered":"\n<p>Sat\u0131m S\u00f6zle\u015fmesi, \u00f6ncelikle 6098 say\u0131l\u0131 T\u00fcrk Bor\u00e7lar Kanunu&#8217;nda d\u00fczenlenmi\u015f olup, g\u00fcndelik hayatta da ticari hayatta da en s\u0131k kullan\u0131lan s\u00f6zle\u015fme tipidir. Marketten al\u0131nan ekmek veya suya kar\u015f\u0131l\u0131k para \u00f6denmesiyle sat\u0131\u015f s\u00f6zle\u015fmesi kurulmu\u015f olaca\u011f\u0131 gibi, bir gayrimenkul\u00fcn Tapu Sicil M\u00fcd\u00fcrl\u00fc\u011f\u00fc&#8217;nde sat\u0131\u015f suretiyle al\u0131c\u0131 tarafa devredilmesi ya da Uluslararas\u0131 bir firman\u0131n tedarik\u00e7isinden ham madde sat\u0131n almas\u0131 dahi sat\u0131\u015f s\u00f6zle\u015fmesinin konusu kapsam\u0131na girmektedir.<\/p>\n\n\n\n<p>Bu denli geni\u015f bir hacme sahip olan bu hukuk dal\u0131na ili\u015fkin en temel d\u00fczenleme, bizzat T\u00fcrk Bor\u00e7lar Kanunu&#8217;nun \u00f6zel h\u00fck\u00fcmler ba\u015fl\u0131kl\u0131 b\u00f6l\u00fcm\u00fcnde d\u00fczenlenmi\u015f olup, yap\u0131lan ayr\u0131mda ta\u015f\u0131n\u0131r ve ta\u015f\u0131nmaz sat\u0131\u015flar\u0131nda farkl\u0131 h\u00fck\u00fcmlere yer verilmi\u015ftir. Bunun d\u0131\u015f\u0131nda sat\u0131\u015f s\u00f6zle\u015fmesine ili\u015fkin h\u00fck\u00fcmler incelendi\u011finde, ticari sat\u0131\u015flara ili\u015fkin de farkl\u0131 d\u00fczenlemelerin mevcut oldu\u011fu g\u00f6r\u00fclecektir.<\/p>\n\n\n\n<p>Elbette d\u0131\u015f ticareti ilgilendiren Uluslararas\u0131 Ticaret Hukuku kapsam\u0131nda, klasik bir sat\u0131\u015f s\u00f6zle\u015fmesinden farkl\u0131 olarak g\u00fcmr\u00fck mevzuat\u0131ndan, sigorta hukukundan ve uluslararas\u0131 \u00e7apta kabul edilen s\u00f6zle\u015fme \u015fartlar\u0131ndan kaynakl\u0131 \u00e7ok farkl\u0131 d\u00fczenlemeler mevcuttur. Ancak s\u00f6z konusu farkl\u0131 d\u00fczenleme ve usuller, ba\u015fta Ticaret Hukuku&#8217;nun konusu olup, Sat\u0131m Hukuku&#8217;ndan kastedilen \u00f6zel hukuk t\u00fczel ki\u015filerinin aras\u0131nda ge\u00e7en ta\u015f\u0131n\u0131r ve ta\u015f\u0131nmaz mal sat\u0131\u015flar\u0131d\u0131r.<\/p>\n\n\n\n<h3 class=\"wp-block-heading\">Sat\u0131\u015f S\u00f6zle\u015fmesi Yaparken Nelere Dikkat Edilmelidir?<\/h3>\n\n\n\n<p>Ta\u015f\u0131n\u0131r veye ta\u015f\u0131nmaz mallara ili\u015fkin sat\u0131\u015f ili\u015fkilerinde, sat\u0131\u015f s\u00f6zle\u015fmesinin konusu, sat\u0131lan mal\u0131n cinsi, niteli\u011fi veya miktar\u0131, sat\u0131\u015f bedelinin miktar\u0131, kar\u015f\u0131l\u0131kl\u0131 edimler aras\u0131nda a\u015f\u0131r\u0131 orans\u0131zl\u0131k bulunup bulunmad\u0131\u011f\u0131, sat\u0131\u015f bedelinin \u00f6denece\u011fi tarih ve \u00f6deme \u015fekli, sat\u0131\u015f bedelinin \u00f6denmemesi halinde ne gibi h\u00fck\u00fcmlerin uygulanaca\u011f\u0131, mal\u0131n teslim edilmemesi halinde ne gibi h\u00fck\u00fcmlerin uygulanaca\u011f\u0131 olduk\u00e7a \u00f6nemlidir.<\/p>\n\n\n\n<p>Dolay\u0131s\u0131yla sat\u0131m s\u00f6zle\u015fmesi d\u00fczenlenirken s\u00f6zle\u015fme \u00f6zg\u00fcrl\u00fc\u011f\u00fc kapsam\u0131nda haz\u0131rlanacak olan s\u00f6zle\u015fme titizlikle haz\u0131rlanmal\u0131, s\u00f6zle\u015fmede bo\u015fluk bulunan hallerde uygulanacak olan kanun h\u00fck\u00fcmlerinin fark\u0131nda olunmal\u0131d\u0131r. \u00d6te yandan s\u00f6zle\u015fme \u00f6zg\u00fcrl\u00fc\u011f\u00fc de s\u0131n\u0131rs\u0131z bir \u00f6zg\u00fcrl\u00fck olmay\u0131p, s\u00f6z konusu serbestinin s\u0131n\u0131rlar\u0131na da hakim olmak gerekmektedir. Bizzat kanunla d\u00fczenlenmi\u015f olan sat\u0131\u015f s\u00f6zle\u015fmesi t\u00fcrleri de mevcut olup, farkl\u0131 t\u00fcrde s\u00f6zle\u015fmeler bak\u0131m\u0131ndan kanunun getirdi\u011fi bir tak\u0131m emredici h\u00fck\u00fcmler nedeniyle kanun h\u00fckm\u00fcn\u00fcn aksine koyulan s\u00f6zle\u015fme maddeleri ge\u00e7ersiz olacakt\u0131r. Bu nedenle s\u00f6zle\u015fme d\u00fczenlenmesi uzmanl\u0131k gerektiren bir hukuk faaliyetidir. En iyi s\u00f6zle\u015fme d\u00fczenleyen ki\u015filer genellikle bu konuda uzmanla\u015fm\u0131\u015f avukatlard\u0131r.<\/p>\n\n\n\n<h3 class=\"wp-block-heading\">Sat\u0131\u015f S\u00f6zle\u015fmesi T\u00fcrleri Nelerdir?<\/h3>\n\n\n\n<p>T\u00fcrk Bor\u00e7lar Kanunu\u2019nda d\u00fczenlenmi\u015f bir \u00e7ok farkl\u0131 sat\u0131\u015f s\u00f6zle\u015fmesi mevcuttur.<\/p>\n\n\n\n<ul class=\"wp-block-list\">\n<li><strong>Sat\u0131lan\u0131n Niteli\u011fine G\u00f6re Sat\u0131\u015f S\u00f6zle\u015fmeleri<\/strong>\n<ol class=\"wp-block-list\">\n<li>Ta\u015f\u0131n\u0131r Sat\u0131\u015f\u0131<\/li>\n\n\n\n<li>Ta\u015f\u0131nmaz Sat\u0131\u015f\u0131<\/li>\n<\/ol>\n<\/li>\n\n\n\n<li><strong>\u00d6rnek \u00dczerine Sat\u0131\u015f S\u00f6zle\u015fmeleri<\/strong><strong><\/strong><\/li>\n\n\n\n<li><strong>Be\u011fenme Ko\u015fuluyla Sat\u0131\u015f S\u00f6zle\u015fmeleri<\/strong><strong><\/strong><\/li>\n\n\n\n<li><strong>M\u00fclkiyeti Sakl\u0131 Tutma \u015eart\u0131yla Sat\u0131\u015f S\u00f6zle\u015fmeleri<\/strong><strong><\/strong><\/li>\n\n\n\n<li><strong>K\u0131smi \u00d6demeli Sat\u0131\u015f S\u00f6zle\u015fmeleri<\/strong>\n<ol class=\"wp-block-list\">\n<li>Taksitle Sat\u0131\u015f<\/li>\n\n\n\n<li>\u00d6n\u00f6demeli Taksitli Sat\u0131\u015f<\/li>\n<\/ol>\n<\/li>\n\n\n\n<li><strong>Art\u0131rma Yoluyla Sat\u0131\u015f<\/strong>\n<ol class=\"wp-block-list\">\n<li>Cebri Art\u0131rma<\/li>\n\n\n\n<li>\u0130ste\u011fe Ba\u011fl\u0131 Art\u0131rma<\/li>\n<\/ol>\n<\/li>\n<\/ul>\n\n\n\n<p>Sat\u0131\u015f s\u00f6zle\u015fmelerinden ve sat\u0131m hukukundan bir \u00e7ok farkl\u0131 uyu\u015fmazl\u0131k do\u011fmakta olup, sat\u0131m hukuku kapsam\u0131nda yap\u0131lan ba\u015fl\u0131ca i\u015fler ve g\u00f6r\u00fclen davalar \u015fu \u015fekildedir:<\/p>\n\n\n\n<ul class=\"wp-block-list\">\n<li>Alacak davalar\u0131<\/li>\n\n\n\n<li>Ay\u0131pl\u0131 maldan do\u011fan sorumluluk (Sat\u0131lan mal\u0131n belirtilen niteliklerden d\u00fc\u015f\u00fck olmas\u0131)<\/li>\n\n\n\n<li>Zapttan do\u011fan sorumluluk (\u00dc\u00e7\u00fcnc\u00fc bir ki\u015finin sat\u0131lan mal \u00fczerinde bir hak iddia etmesi)<\/li>\n\n\n\n<li>Al\u0131c\u0131n\u0131n Temerr\u00fcd\u00fc (Al\u0131c\u0131n\u0131n sat\u0131\u015f bedelini zaman\u0131nda \u00f6dememesi)<\/li>\n\n\n\n<li>Sat\u0131c\u0131n\u0131n Temerr\u00fcd\u00fc (Sat\u0131c\u0131n\u0131n mal\u0131 zaman\u0131nda teslim etmemesi)<\/li>\n\n\n\n<li>Sat\u0131lan mal\u0131n nakliyesinden do\u011fan problemler<\/li>\n\n\n\n<li>Sat\u0131m s\u00f6zle\u015fmelerinin yaz\u0131lmas\u0131, d\u00fczenlenmesi<\/li>\n\n\n\n<li>Sat\u0131m s\u00f6zle\u015fmelerinin feshi<\/li>\n\n\n\n<li>Sat\u0131m hukukundan do\u011fan her t\u00fcrl\u00fc tazminat davalar\u0131<\/li>\n\n\n\n<li>Di\u011fer dava ve i\u015fler<\/li>\n<\/ul>\n\n\n\n<p><em>Say\u0131lan dava tipleri genel anlamda ve \u00f6rnekleyici olup, sat\u0131m hukukuna ili\u015fkin her t\u00fcrl\u00fc dava bak\u0131m\u0131ndan avukatl\u0131k hizmeti verilmektedir.<br>Detayl\u0131 bilgi i\u00e7in randevu talep ediniz.<\/em><\/p>\n","protected":false},"excerpt":{"rendered":"<p>Sat\u0131m S\u00f6zle\u015fmesi, \u00f6ncelikle 6098 say\u0131l\u0131 T\u00fcrk Bor\u00e7lar Kanunu&#8217;nda d\u00fczenlenmi\u015f olup, g\u00fcndelik hayatta da ticari hayatta da en s\u0131k kullan\u0131lan s\u00f6zle\u015fme tipidir. Marketten al\u0131nan ekmek veya suya kar\u015f\u0131l\u0131k para \u00f6denmesiyle sat\u0131\u015f s\u00f6zle\u015fmesi kurulmu\u015f olaca\u011f\u0131 gibi, bir gayrimenkul\u00fcn Tapu Sicil M\u00fcd\u00fcrl\u00fc\u011f\u00fc&#8217;nde sat\u0131\u015f suretiyle al\u0131c\u0131 tarafa devredilmesi ya da Uluslararas\u0131 bir firman\u0131n tedarik\u00e7isinden ham madde sat\u0131n almas\u0131 dahi [&hellip;]<\/p>\n","protected":false},"author":1,"featured_media":0,"parent":0,"menu_order":0,"comment_status":"closed","ping_status":"closed","template":"","meta":{"footnotes":""},"class_list":["post-112","page","type-page","status-publish","hentry"],"yoast_head":"<!-- This site is optimized with the Yoast SEO plugin v20.12 - https:\/\/yoast.com\/wordpress\/plugins\/seo\/ -->\n<title>Sat\u0131m Hukuku - Nam\u0131k Kemal T\u00fcyl\u00fcce<\/title>\n<meta name=\"robots\" content=\"index, follow, max-snippet:-1, max-image-preview:large, max-video-preview:-1\" \/>\n<link rel=\"canonical\" href=\"https:\/\/namikkemaltuyluce.av.tr\/?page_id=112\" \/>\n<meta property=\"og:locale\" content=\"tr_TR\" \/>\n<meta property=\"og:type\" content=\"article\" \/>\n<meta property=\"og:title\" content=\"Sat\u0131m Hukuku - Nam\u0131k Kemal T\u00fcyl\u00fcce\" \/>\n<meta property=\"og:description\" content=\"Sat\u0131m S\u00f6zle\u015fmesi, \u00f6ncelikle 6098 say\u0131l\u0131 T\u00fcrk Bor\u00e7lar Kanunu&#8217;nda d\u00fczenlenmi\u015f olup, g\u00fcndelik hayatta da ticari hayatta da en s\u0131k kullan\u0131lan s\u00f6zle\u015fme tipidir. Marketten al\u0131nan ekmek veya suya kar\u015f\u0131l\u0131k para \u00f6denmesiyle sat\u0131\u015f s\u00f6zle\u015fmesi kurulmu\u015f olaca\u011f\u0131 gibi, bir gayrimenkul\u00fcn Tapu Sicil M\u00fcd\u00fcrl\u00fc\u011f\u00fc&#8217;nde sat\u0131\u015f suretiyle al\u0131c\u0131 tarafa devredilmesi ya da Uluslararas\u0131 bir firman\u0131n tedarik\u00e7isinden ham madde sat\u0131n almas\u0131 dahi [&hellip;]\" \/>\n<meta property=\"og:url\" content=\"https:\/\/namikkemaltuyluce.av.tr\/?page_id=112\" \/>\n<meta property=\"og:site_name\" content=\"Nam\u0131k Kemal T\u00fcyl\u00fcce\" \/>\n<meta name=\"twitter:card\" content=\"summary_large_image\" \/>\n<meta name=\"twitter:label1\" content=\"Tahmini okuma s\u00fcresi\" \/>\n\t<meta name=\"twitter:data1\" content=\"4 dakika\" \/>\n<script type=\"application\/ld+json\" class=\"yoast-schema-graph\">{\"@context\":\"https:\/\/schema.org\",\"@graph\":[{\"@type\":\"WebPage\",\"@id\":\"https:\/\/namikkemaltuyluce.av.tr\/?page_id=112\",\"url\":\"https:\/\/namikkemaltuyluce.av.tr\/?page_id=112\",\"name\":\"Sat\u0131m Hukuku - Nam\u0131k Kemal T\u00fcyl\u00fcce\",\"isPartOf\":{\"@id\":\"http:\/\/namikkemaltuyluce.av.tr\/#website\"},\"datePublished\":\"2023-06-01T07:44:11+00:00\",\"dateModified\":\"2023-06-01T07:44:11+00:00\",\"breadcrumb\":{\"@id\":\"https:\/\/namikkemaltuyluce.av.tr\/?page_id=112#breadcrumb\"},\"inLanguage\":\"tr\",\"potentialAction\":[{\"@type\":\"ReadAction\",\"target\":[\"https:\/\/namikkemaltuyluce.av.tr\/?page_id=112\"]}]},{\"@type\":\"BreadcrumbList\",\"@id\":\"https:\/\/namikkemaltuyluce.av.tr\/?page_id=112#breadcrumb\",\"itemListElement\":[{\"@type\":\"ListItem\",\"position\":1,\"name\":\"Anasayfa\",\"item\":\"http:\/\/namikkemaltuyluce.av.tr\/\"},{\"@type\":\"ListItem\",\"position\":2,\"name\":\"Sat\u0131m Hukuku\"}]},{\"@type\":\"WebSite\",\"@id\":\"http:\/\/namikkemaltuyluce.av.tr\/#website\",\"url\":\"http:\/\/namikkemaltuyluce.av.tr\/\",\"name\":\"Nam\u0131k Kemal T\u00fcyl\u00fcce\",\"description\":\"\",\"publisher\":{\"@id\":\"http:\/\/namikkemaltuyluce.av.tr\/#organization\"},\"potentialAction\":[{\"@type\":\"SearchAction\",\"target\":{\"@type\":\"EntryPoint\",\"urlTemplate\":\"http:\/\/namikkemaltuyluce.av.tr\/?s={search_term_string}\"},\"query-input\":\"required name=search_term_string\"}],\"inLanguage\":\"tr\"},{\"@type\":\"Organization\",\"@id\":\"http:\/\/namikkemaltuyluce.av.tr\/#organization\",\"name\":\"Arabulucu ve Avukat Nam\u0131k Kemal T\u00fcyl\u00fcce\",\"url\":\"http:\/\/namikkemaltuyluce.av.tr\/\",\"logo\":{\"@type\":\"ImageObject\",\"inLanguage\":\"tr\",\"@id\":\"http:\/\/namikkemaltuyluce.av.tr\/#\/schema\/logo\/image\/\",\"url\":\"https:\/\/namikkemaltuyluce.av.tr\/wp-content\/uploads\/2023\/01\/hukuk.png\",\"contentUrl\":\"https:\/\/namikkemaltuyluce.av.tr\/wp-content\/uploads\/2023\/01\/hukuk.png\",\"width\":400,\"height\":300,\"caption\":\"Arabulucu ve Avukat Nam\u0131k Kemal T\u00fcyl\u00fcce\"},\"image\":{\"@id\":\"http:\/\/namikkemaltuyluce.av.tr\/#\/schema\/logo\/image\/\"}}]}<\/script>\n<!-- \/ Yoast SEO plugin. -->","yoast_head_json":{"title":"Sat\u0131m Hukuku - Nam\u0131k Kemal T\u00fcyl\u00fcce","robots":{"index":"index","follow":"follow","max-snippet":"max-snippet:-1","max-image-preview":"max-image-preview:large","max-video-preview":"max-video-preview:-1"},"canonical":"https:\/\/namikkemaltuyluce.av.tr\/?page_id=112","og_locale":"tr_TR","og_type":"article","og_title":"Sat\u0131m Hukuku - Nam\u0131k Kemal T\u00fcyl\u00fcce","og_description":"Sat\u0131m S\u00f6zle\u015fmesi, \u00f6ncelikle 6098 say\u0131l\u0131 T\u00fcrk Bor\u00e7lar Kanunu&#8217;nda d\u00fczenlenmi\u015f olup, g\u00fcndelik hayatta da ticari hayatta da en s\u0131k kullan\u0131lan s\u00f6zle\u015fme tipidir. Marketten al\u0131nan ekmek veya suya kar\u015f\u0131l\u0131k para \u00f6denmesiyle sat\u0131\u015f s\u00f6zle\u015fmesi kurulmu\u015f olaca\u011f\u0131 gibi, bir gayrimenkul\u00fcn Tapu Sicil M\u00fcd\u00fcrl\u00fc\u011f\u00fc&#8217;nde sat\u0131\u015f suretiyle al\u0131c\u0131 tarafa devredilmesi ya da Uluslararas\u0131 bir firman\u0131n tedarik\u00e7isinden ham madde sat\u0131n almas\u0131 dahi [&hellip;]","og_url":"https:\/\/namikkemaltuyluce.av.tr\/?page_id=112","og_site_name":"Nam\u0131k Kemal T\u00fcyl\u00fcce","twitter_card":"summary_large_image","twitter_misc":{"Tahmini okuma s\u00fcresi":"4 dakika"},"schema":{"@context":"https:\/\/schema.org","@graph":[{"@type":"WebPage","@id":"https:\/\/namikkemaltuyluce.av.tr\/?page_id=112","url":"https:\/\/namikkemaltuyluce.av.tr\/?page_id=112","name":"Sat\u0131m Hukuku - Nam\u0131k Kemal T\u00fcyl\u00fcce","isPartOf":{"@id":"http:\/\/namikkemaltuyluce.av.tr\/#website"},"datePublished":"2023-06-01T07:44:11+00:00","dateModified":"2023-06-01T07:44:11+00:00","breadcrumb":{"@id":"https:\/\/namikkemaltuyluce.av.tr\/?page_id=112#breadcrumb"},"inLanguage":"tr","potentialAction":[{"@type":"ReadAction","target":["https:\/\/namikkemaltuyluce.av.tr\/?page_id=112"]}]},{"@type":"BreadcrumbList","@id":"https:\/\/namikkemaltuyluce.av.tr\/?page_id=112#breadcrumb","itemListElement":[{"@type":"ListItem","position":1,"name":"Anasayfa","item":"http:\/\/namikkemaltuyluce.av.tr\/"},{"@type":"ListItem","position":2,"name":"Sat\u0131m Hukuku"}]},{"@type":"WebSite","@id":"http:\/\/namikkemaltuyluce.av.tr\/#website","url":"http:\/\/namikkemaltuyluce.av.tr\/","name":"Nam\u0131k Kemal T\u00fcyl\u00fcce","description":"","publisher":{"@id":"http:\/\/namikkemaltuyluce.av.tr\/#organization"},"potentialAction":[{"@type":"SearchAction","target":{"@type":"EntryPoint","urlTemplate":"http:\/\/namikkemaltuyluce.av.tr\/?s={search_term_string}"},"query-input":"required name=search_term_string"}],"inLanguage":"tr"},{"@type":"Organization","@id":"http:\/\/namikkemaltuyluce.av.tr\/#organization","name":"Arabulucu ve Avukat Nam\u0131k Kemal T\u00fcyl\u00fcce","url":"http:\/\/namikkemaltuyluce.av.tr\/","logo":{"@type":"ImageObject","inLanguage":"tr","@id":"http:\/\/namikkemaltuyluce.av.tr\/#\/schema\/logo\/image\/","url":"https:\/\/namikkemaltuyluce.av.tr\/wp-content\/uploads\/2023\/01\/hukuk.png","contentUrl":"https:\/\/namikkemaltuyluce.av.tr\/wp-content\/uploads\/2023\/01\/hukuk.png","width":400,"height":300,"caption":"Arabulucu ve Avukat Nam\u0131k Kemal T\u00fcyl\u00fcce"},"image":{"@id":"http:\/\/namikkemaltuyluce.av.tr\/#\/schema\/logo\/image\/"}}]}},"_links":{"self":[{"href":"https:\/\/namikkemaltuyluce.av.tr\/index.php?rest_route=\/wp\/v2\/pages\/112","targetHints":{"allow":["GET"]}}],"collection":[{"href":"https:\/\/namikkemaltuyluce.av.tr\/index.php?rest_route=\/wp\/v2\/pages"}],"about":[{"href":"https:\/\/namikkemaltuyluce.av.tr\/index.php?rest_route=\/wp\/v2\/types\/page"}],"author":[{"embeddable":true,"href":"https:\/\/namikkemaltuyluce.av.tr\/index.php?rest_route=\/wp\/v2\/users\/1"}],"replies":[{"embeddable":true,"href":"https:\/\/namikkemaltuyluce.av.tr\/index.php?rest_route=%2Fwp%2Fv2%2Fcomments&post=112"}],"version-history":[{"count":1,"href":"https:\/\/namikkemaltuyluce.av.tr\/index.php?rest_route=\/wp\/v2\/pages\/112\/revisions"}],"predecessor-version":[{"id":114,"href":"https:\/\/namikkemaltuyluce.av.tr\/index.php?rest_route=\/wp\/v2\/pages\/112\/revisions\/114"}],"wp:attachment":[{"href":"https:\/\/namikkemaltuyluce.av.tr\/index.php?rest_route=%2Fwp%2Fv2%2Fmedia&parent=112"}],"curies":[{"name":"wp","href":"https:\/\/api.w.org\/{rel}","templated":true}]}}