{"id":115,"date":"2023-06-01T10:47:27","date_gmt":"2023-06-01T07:47:27","guid":{"rendered":"https:\/\/namikkemaltuyluce.av.tr\/?page_id=115"},"modified":"2023-06-01T10:47:27","modified_gmt":"2023-06-01T07:47:27","slug":"kira-hukuku","status":"publish","type":"page","link":"https:\/\/namikkemaltuyluce.av.tr\/?page_id=115","title":{"rendered":"Kira Hukuku"},"content":{"rendered":"\n<p>Kira Hukuku, 6098 tarihli T\u00fcrk Bor\u00e7lar Kanunu&#8217;nun \u00f6zel h\u00fck\u00fcmlerinde d\u00fczenlenmi\u015f olan tipik s\u00f6zle\u015fme t\u00fcrlerinden bir tanesini ele alan hukuk dal\u0131d\u0131r. Kira s\u00f6zle\u015fmeleri, bizzat kanunun zay\u0131f durumda oldu\u011fu kabul edilen kirac\u0131n\u0131n haklar\u0131n\u0131 koruyan ve genel d\u00fczenlemeler getiren emredici h\u00fck\u00fcmlerine ayk\u0131r\u0131 olarak d\u00fczenlenemeyece\u011finden, Bor\u00e7lar Kanunu&#8217;nun ilgili h\u00fck\u00fcmlerine hakim olarak haz\u0131rlanmas\u0131 gereken s\u00f6zle\u015fmelerdir.<\/p>\n\n\n\n<p>01\/07\/2012 tarihinden \u00f6nce&nbsp; 6570 say\u0131l\u0131 Gayrimenkul Kiralar\u0131 Hakk\u0131nda Kanun y\u00fcr\u00fcrl\u00fckte oldu\u011fundan, ta\u015f\u0131n\u0131r mallar d\u0131\u015f\u0131nda kalan ta\u015f\u0131n\u0131r e\u015fyalar\u0131n kiralar\u0131 hakk\u0131nda bu \u00f6zel kanun uygulanmaktayd\u0131. Ancak y\u00fcr\u00fcrl\u00fc\u011fe giren T\u00fcrk Bor\u00e7lar Kanunu&#8217;yla s\u00f6z konusu Gayrimenkul Kiralar\u0131 Hakk\u0131nda Kanun y\u00fcr\u00fcrl\u00fckten kalkm\u0131\u015f olup, halen internette eski kanun d\u00f6nemine y\u00f6nelik bir \u00e7ok hatal\u0131 bilgi mevcuttur.<\/p>\n\n\n\n<p>Bir di\u011fer bilinmesi gereken konu ise y\u00fcr\u00fcrl\u00fc\u011fe giren yeni T\u00fcrk Bor\u00e7lar Kanunu&#8217;nun 323, 325, 331, 340, 342, 343, 344, 346 ve 354. maddeleri&nbsp; 01\/07\/2012 tarihinden itibaren 8 y\u0131l boyunca, baz\u0131 \u015fartlar\u0131n mevcut olmas\u0131 halinde uygulanmayacakt\u0131r.&nbsp; Kirac\u0131n\u0131n T\u00fcrk Ticaret Kanunu&#8217;na g\u00f6re tacir olarak say\u0131lan ki\u015filer ile \u00f6zel hukuk ve kamu hukuku t\u00fczel ki\u015fileri oldu\u011fu durumlarda, kiralanan\u0131n \u00e7at\u0131l\u0131 veya \u00e7at\u0131s\u0131z i\u015f yeri olmas\u0131 halinde s\u00f6z konusu maddelerin 8 y\u0131l boyu bu ki\u015filerin kira ili\u015fkileri bak\u0131m\u0131ndan uygulanmayaca\u011f\u0131 kabul edilmi\u015ftir.<\/p>\n\n\n\n<p>T\u00fcrk Bor\u00e7lar Kanunu&#8217;nda kira s\u00f6zle\u015fmesi a\u00e7\u0131k\u00e7a tan\u0131mlanm\u0131\u015f olup, yap\u0131lan tan\u0131mlama \u015fu \u015fekildedir;<\/p>\n\n\n\n<p>\u201c<em>Kira s\u00f6zle\u015fmesi, kiraya verenin bir \u015feyin kullan\u0131lmas\u0131n\u0131 veya kullanmayla birlikte ondan yararlan\u0131lmas\u0131n\u0131 kirac\u0131ya b\u0131rakmay\u0131, kirac\u0131n\u0131n da buna kar\u015f\u0131l\u0131k kararla\u015ft\u0131r\u0131lan kira bedelini \u00f6demeyi \u00fcstlendi\u011fi s\u00f6zle\u015fmedir.<\/em>\u201d<\/p>\n\n\n\n<p>Kira s\u00f6zle\u015fmesi de niteli\u011fi itibariyle bir \u00f6zel hukuk s\u00f6zle\u015fmesi olup, s\u00f6zle\u015fmenin kurulmas\u0131, h\u00fck\u00fcmleri ve sona erme noktas\u0131nda son derece hassas bir \u00e7al\u0131\u015fma gerektirmektedir. Kirac\u0131lar\u0131n haklar\u0131n\u0131 bilmesi bir gereklilik olup, mal sahiplerinin de haklar\u0131n\u0131 bilmesi \u00f6nem arz etmektedir. Nitekim baz\u0131 durumlarda kira ili\u015fkisinin devam\u0131 ev sahipleri ya da mal sahipleri a\u00e7\u0131s\u0131ndan \u00e7ekilmez hale gelse de, kira ili\u015fkisini sonland\u0131rmak bak\u0131m\u0131ndan en iyi uzman avukatlarla \u00e7al\u0131\u015fmak gerekebilmektedir. Kira hukuku, ayr\u0131 bir uzmanl\u0131k alan\u0131 olup, kira s\u00f6zle\u015fmesinden beklenen faydan\u0131n sa\u011flanabilmesi ad\u0131na hen\u00fcz s\u00f6zle\u015fmelerin haz\u0131rlanmas\u0131 a\u015famas\u0131ndan itibaren avukatla \u00e7al\u0131\u015fmak \u00f6nemlidir.<\/p>\n\n\n\n<p>Uzmanlarca haz\u0131rlanmayan kira s\u00f6zle\u015fmelerinde; ba\u015fta s\u00f6zle\u015fmeyi asil olarak taraflar\u0131n imzalamas\u0131ndan, s\u00f6zle\u015fme s\u00fcresine ve \u00f6zel \u015fartlara kadar bir \u00e7ok hata ve problem olu\u015fabilmektedir. Tahliye taahh\u00fctnamelerinde yarg\u0131 mercilerinin arad\u0131\u011f\u0131 a\u011f\u0131r \u015fekil \u015fartlar\u0131n\u0131n do\u011fru olarak haz\u0131rlanmamas\u0131 da, mal sahiplerinin haklar\u0131n\u0131n kaybolmas\u0131na sebep olmakta ve \u00e7ekilmez hale gelen kira ili\u015fkisini sona erdirmek ciddi bir zamana yay\u0131labilmektedir. Bu nedenle kira ili\u015fkisinin kurulaca\u011f\u0131 andan itibaren avukat deste\u011fi son derece \u00f6nemlidir.<\/p>\n\n\n\n<p>Konut ve i\u015fyerlerine ili\u015fkin kira s\u00f6zle\u015fmelerinin yan\u0131 s\u0131ra, kanunda \u00fcr\u00fcn kiras\u0131, has\u0131lat kiras\u0131 gibi bir \u00e7ok farkl\u0131 kira t\u00fcr\u00fc bulunmakta olup, kira hukukuna ve kira s\u00f6zle\u015fmelerine ili\u015fkin&nbsp;bir \u00e7ok farkl\u0131 uyu\u015fmazl\u0131k do\u011fmaktad\u0131r. Kira hukuku kapsam\u0131nda yap\u0131lan ba\u015fl\u0131ca i\u015fler ve g\u00f6r\u00fclen davalar \u015fu \u015fekildedir:<\/p>\n\n\n\n<ul class=\"wp-block-list\">\n<li>Tahliye Davalar\u0131<\/li>\n\n\n\n<li>Kira Tespit ve Uyarlama Davalar\u0131<\/li>\n\n\n\n<li>Temerr\u00fct Sebebi ile Tahliye Davalar\u0131<\/li>\n\n\n\n<li>Kirac\u0131n\u0131n \u0130flas\u0131 Sebebi ile Tahliye Davalar\u0131<\/li>\n\n\n\n<li>\u0130\u015fyeri \u0130htiyac\u0131 Sebebi ile Tahliye Davalar\u0131<\/li>\n\n\n\n<li>Konut \u0130htiyac\u0131 Sebebi ile Tahliye Davalar\u0131<\/li>\n\n\n\n<li>Yeniden \u0130n\u015fa ve \u0130mar Sebebi ile Tahliye Davalar\u0131<\/li>\n\n\n\n<li>\u0130ki Hakl\u0131 \u0130htar Sebebi ile Tahliye Davalar\u0131<\/li>\n\n\n\n<li>Kira Alacaklar\u0131n\u0131n Takibi ve Tahsili<\/li>\n\n\n\n<li>Kira Alacaklar\u0131na \u0130li\u015fkin \u0130cra Takipleri<\/li>\n\n\n\n<li>Kiralanan\u0131n Temliki Sebebi ile Tahliye Davalar\u0131<\/li>\n\n\n\n<li>Kira S\u00f6zle\u015fmesinin Sona Ermesi Sebebi ile Tahliye Davalar\u0131<\/li>\n\n\n\n<li>Yaz\u0131l\u0131 Taahh\u00fct Sebebi ile Tahliye Davalar\u0131<\/li>\n\n\n\n<li>Kira S\u00f6zle\u015fmesine Ayk\u0131r\u0131l\u0131k Sebebi ile Tahliye Davalar\u0131<\/li>\n\n\n\n<li>Kirac\u0131n\u0131n \u00d6l\u00fcm\u00fc Sebebi ile Tahliye Davalar\u0131<\/li>\n\n\n\n<li>\u0130htiya\u00e7 Sebebi ile Tahliye Davalar\u0131<\/li>\n\n\n\n<li>Kiralanan\u0131n Kira S\u00f6zle\u015fmesine Ayk\u0131r\u0131 Kullan\u0131lmas\u0131ndan Do\u011fan Davalar<\/li>\n\n\n\n<li>Kiralanan\u0131n \u00d6zenle Kullan\u0131lmamas\u0131ndan Do\u011fan Tazminat Davalar\u0131<\/li>\n\n\n\n<li>\u00dcr\u00fcn ve Has\u0131lat Kiralar\u0131ndan Do\u011fan Tazminat Davalar\u0131 ve Di\u011fer Davalar<\/li>\n\n\n\n<li>Kira S\u00f6zle\u015fmelerinin Haz\u0131rlanmas\u0131 ve D\u00fczenlenmesi<\/li>\n\n\n\n<li>Di\u011fer dava ve i\u015fler<\/li>\n<\/ul>\n\n\n\n<p><em>Say\u0131lan dava tipleri genel anlamda ve \u00f6rnekleyici olup, sat\u0131m hukukuna ili\u015fkin her t\u00fcrl\u00fc dava bak\u0131m\u0131ndan avukatl\u0131k hizmeti verilmektedir.<br>Detayl\u0131 bilgi i\u00e7in randevu talep ediniz.<\/em><\/p>\n","protected":false},"excerpt":{"rendered":"<p>Kira Hukuku, 6098 tarihli T\u00fcrk Bor\u00e7lar Kanunu&#8217;nun \u00f6zel h\u00fck\u00fcmlerinde d\u00fczenlenmi\u015f olan tipik s\u00f6zle\u015fme t\u00fcrlerinden bir tanesini ele alan hukuk dal\u0131d\u0131r. Kira s\u00f6zle\u015fmeleri, bizzat kanunun zay\u0131f durumda oldu\u011fu kabul edilen kirac\u0131n\u0131n haklar\u0131n\u0131 koruyan ve genel d\u00fczenlemeler getiren emredici h\u00fck\u00fcmlerine ayk\u0131r\u0131 olarak d\u00fczenlenemeyece\u011finden, Bor\u00e7lar Kanunu&#8217;nun ilgili h\u00fck\u00fcmlerine hakim olarak haz\u0131rlanmas\u0131 gereken s\u00f6zle\u015fmelerdir. 01\/07\/2012 tarihinden \u00f6nce&nbsp; 6570 say\u0131l\u0131 [&hellip;]<\/p>\n","protected":false},"author":1,"featured_media":0,"parent":0,"menu_order":0,"comment_status":"closed","ping_status":"closed","template":"","meta":{"footnotes":""},"class_list":["post-115","page","type-page","status-publish","hentry"],"yoast_head":"<!-- This site is optimized with the Yoast SEO plugin v20.12 - https:\/\/yoast.com\/wordpress\/plugins\/seo\/ -->\n<title>Kira Hukuku - Nam\u0131k Kemal T\u00fcyl\u00fcce<\/title>\n<meta name=\"robots\" content=\"index, follow, max-snippet:-1, max-image-preview:large, max-video-preview:-1\" \/>\n<link rel=\"canonical\" href=\"https:\/\/namikkemaltuyluce.av.tr\/?page_id=115\" \/>\n<meta property=\"og:locale\" content=\"tr_TR\" \/>\n<meta property=\"og:type\" content=\"article\" \/>\n<meta property=\"og:title\" content=\"Kira Hukuku - Nam\u0131k Kemal T\u00fcyl\u00fcce\" \/>\n<meta property=\"og:description\" content=\"Kira Hukuku, 6098 tarihli T\u00fcrk Bor\u00e7lar Kanunu&#8217;nun \u00f6zel h\u00fck\u00fcmlerinde d\u00fczenlenmi\u015f olan tipik s\u00f6zle\u015fme t\u00fcrlerinden bir tanesini ele alan hukuk dal\u0131d\u0131r. Kira s\u00f6zle\u015fmeleri, bizzat kanunun zay\u0131f durumda oldu\u011fu kabul edilen kirac\u0131n\u0131n haklar\u0131n\u0131 koruyan ve genel d\u00fczenlemeler getiren emredici h\u00fck\u00fcmlerine ayk\u0131r\u0131 olarak d\u00fczenlenemeyece\u011finden, Bor\u00e7lar Kanunu&#8217;nun ilgili h\u00fck\u00fcmlerine hakim olarak haz\u0131rlanmas\u0131 gereken s\u00f6zle\u015fmelerdir. 01\/07\/2012 tarihinden \u00f6nce&nbsp; 6570 say\u0131l\u0131 [&hellip;]\" \/>\n<meta property=\"og:url\" content=\"https:\/\/namikkemaltuyluce.av.tr\/?page_id=115\" \/>\n<meta property=\"og:site_name\" content=\"Nam\u0131k Kemal T\u00fcyl\u00fcce\" \/>\n<meta name=\"twitter:card\" content=\"summary_large_image\" \/>\n<meta name=\"twitter:label1\" content=\"Tahmini okuma s\u00fcresi\" \/>\n\t<meta name=\"twitter:data1\" content=\"4 dakika\" \/>\n<script type=\"application\/ld+json\" class=\"yoast-schema-graph\">{\"@context\":\"https:\/\/schema.org\",\"@graph\":[{\"@type\":\"WebPage\",\"@id\":\"https:\/\/namikkemaltuyluce.av.tr\/?page_id=115\",\"url\":\"https:\/\/namikkemaltuyluce.av.tr\/?page_id=115\",\"name\":\"Kira Hukuku - Nam\u0131k Kemal T\u00fcyl\u00fcce\",\"isPartOf\":{\"@id\":\"http:\/\/namikkemaltuyluce.av.tr\/#website\"},\"datePublished\":\"2023-06-01T07:47:27+00:00\",\"dateModified\":\"2023-06-01T07:47:27+00:00\",\"breadcrumb\":{\"@id\":\"https:\/\/namikkemaltuyluce.av.tr\/?page_id=115#breadcrumb\"},\"inLanguage\":\"tr\",\"potentialAction\":[{\"@type\":\"ReadAction\",\"target\":[\"https:\/\/namikkemaltuyluce.av.tr\/?page_id=115\"]}]},{\"@type\":\"BreadcrumbList\",\"@id\":\"https:\/\/namikkemaltuyluce.av.tr\/?page_id=115#breadcrumb\",\"itemListElement\":[{\"@type\":\"ListItem\",\"position\":1,\"name\":\"Anasayfa\",\"item\":\"http:\/\/namikkemaltuyluce.av.tr\/\"},{\"@type\":\"ListItem\",\"position\":2,\"name\":\"Kira Hukuku\"}]},{\"@type\":\"WebSite\",\"@id\":\"http:\/\/namikkemaltuyluce.av.tr\/#website\",\"url\":\"http:\/\/namikkemaltuyluce.av.tr\/\",\"name\":\"Nam\u0131k Kemal T\u00fcyl\u00fcce\",\"description\":\"\",\"publisher\":{\"@id\":\"http:\/\/namikkemaltuyluce.av.tr\/#organization\"},\"potentialAction\":[{\"@type\":\"SearchAction\",\"target\":{\"@type\":\"EntryPoint\",\"urlTemplate\":\"http:\/\/namikkemaltuyluce.av.tr\/?s={search_term_string}\"},\"query-input\":\"required name=search_term_string\"}],\"inLanguage\":\"tr\"},{\"@type\":\"Organization\",\"@id\":\"http:\/\/namikkemaltuyluce.av.tr\/#organization\",\"name\":\"Arabulucu ve Avukat Nam\u0131k Kemal T\u00fcyl\u00fcce\",\"url\":\"http:\/\/namikkemaltuyluce.av.tr\/\",\"logo\":{\"@type\":\"ImageObject\",\"inLanguage\":\"tr\",\"@id\":\"http:\/\/namikkemaltuyluce.av.tr\/#\/schema\/logo\/image\/\",\"url\":\"https:\/\/namikkemaltuyluce.av.tr\/wp-content\/uploads\/2023\/01\/hukuk.png\",\"contentUrl\":\"https:\/\/namikkemaltuyluce.av.tr\/wp-content\/uploads\/2023\/01\/hukuk.png\",\"width\":400,\"height\":300,\"caption\":\"Arabulucu ve Avukat Nam\u0131k Kemal T\u00fcyl\u00fcce\"},\"image\":{\"@id\":\"http:\/\/namikkemaltuyluce.av.tr\/#\/schema\/logo\/image\/\"}}]}<\/script>\n<!-- \/ Yoast SEO plugin. -->","yoast_head_json":{"title":"Kira Hukuku - Nam\u0131k Kemal T\u00fcyl\u00fcce","robots":{"index":"index","follow":"follow","max-snippet":"max-snippet:-1","max-image-preview":"max-image-preview:large","max-video-preview":"max-video-preview:-1"},"canonical":"https:\/\/namikkemaltuyluce.av.tr\/?page_id=115","og_locale":"tr_TR","og_type":"article","og_title":"Kira Hukuku - Nam\u0131k Kemal T\u00fcyl\u00fcce","og_description":"Kira Hukuku, 6098 tarihli T\u00fcrk Bor\u00e7lar Kanunu&#8217;nun \u00f6zel h\u00fck\u00fcmlerinde d\u00fczenlenmi\u015f olan tipik s\u00f6zle\u015fme t\u00fcrlerinden bir tanesini ele alan hukuk dal\u0131d\u0131r. Kira s\u00f6zle\u015fmeleri, bizzat kanunun zay\u0131f durumda oldu\u011fu kabul edilen kirac\u0131n\u0131n haklar\u0131n\u0131 koruyan ve genel d\u00fczenlemeler getiren emredici h\u00fck\u00fcmlerine ayk\u0131r\u0131 olarak d\u00fczenlenemeyece\u011finden, Bor\u00e7lar Kanunu&#8217;nun ilgili h\u00fck\u00fcmlerine hakim olarak haz\u0131rlanmas\u0131 gereken s\u00f6zle\u015fmelerdir. 01\/07\/2012 tarihinden \u00f6nce&nbsp; 6570 say\u0131l\u0131 [&hellip;]","og_url":"https:\/\/namikkemaltuyluce.av.tr\/?page_id=115","og_site_name":"Nam\u0131k Kemal T\u00fcyl\u00fcce","twitter_card":"summary_large_image","twitter_misc":{"Tahmini okuma s\u00fcresi":"4 dakika"},"schema":{"@context":"https:\/\/schema.org","@graph":[{"@type":"WebPage","@id":"https:\/\/namikkemaltuyluce.av.tr\/?page_id=115","url":"https:\/\/namikkemaltuyluce.av.tr\/?page_id=115","name":"Kira Hukuku - Nam\u0131k Kemal T\u00fcyl\u00fcce","isPartOf":{"@id":"http:\/\/namikkemaltuyluce.av.tr\/#website"},"datePublished":"2023-06-01T07:47:27+00:00","dateModified":"2023-06-01T07:47:27+00:00","breadcrumb":{"@id":"https:\/\/namikkemaltuyluce.av.tr\/?page_id=115#breadcrumb"},"inLanguage":"tr","potentialAction":[{"@type":"ReadAction","target":["https:\/\/namikkemaltuyluce.av.tr\/?page_id=115"]}]},{"@type":"BreadcrumbList","@id":"https:\/\/namikkemaltuyluce.av.tr\/?page_id=115#breadcrumb","itemListElement":[{"@type":"ListItem","position":1,"name":"Anasayfa","item":"http:\/\/namikkemaltuyluce.av.tr\/"},{"@type":"ListItem","position":2,"name":"Kira Hukuku"}]},{"@type":"WebSite","@id":"http:\/\/namikkemaltuyluce.av.tr\/#website","url":"http:\/\/namikkemaltuyluce.av.tr\/","name":"Nam\u0131k Kemal T\u00fcyl\u00fcce","description":"","publisher":{"@id":"http:\/\/namikkemaltuyluce.av.tr\/#organization"},"potentialAction":[{"@type":"SearchAction","target":{"@type":"EntryPoint","urlTemplate":"http:\/\/namikkemaltuyluce.av.tr\/?s={search_term_string}"},"query-input":"required name=search_term_string"}],"inLanguage":"tr"},{"@type":"Organization","@id":"http:\/\/namikkemaltuyluce.av.tr\/#organization","name":"Arabulucu ve Avukat Nam\u0131k Kemal T\u00fcyl\u00fcce","url":"http:\/\/namikkemaltuyluce.av.tr\/","logo":{"@type":"ImageObject","inLanguage":"tr","@id":"http:\/\/namikkemaltuyluce.av.tr\/#\/schema\/logo\/image\/","url":"https:\/\/namikkemaltuyluce.av.tr\/wp-content\/uploads\/2023\/01\/hukuk.png","contentUrl":"https:\/\/namikkemaltuyluce.av.tr\/wp-content\/uploads\/2023\/01\/hukuk.png","width":400,"height":300,"caption":"Arabulucu ve Avukat Nam\u0131k Kemal T\u00fcyl\u00fcce"},"image":{"@id":"http:\/\/namikkemaltuyluce.av.tr\/#\/schema\/logo\/image\/"}}]}},"_links":{"self":[{"href":"https:\/\/namikkemaltuyluce.av.tr\/index.php?rest_route=\/wp\/v2\/pages\/115","targetHints":{"allow":["GET"]}}],"collection":[{"href":"https:\/\/namikkemaltuyluce.av.tr\/index.php?rest_route=\/wp\/v2\/pages"}],"about":[{"href":"https:\/\/namikkemaltuyluce.av.tr\/index.php?rest_route=\/wp\/v2\/types\/page"}],"author":[{"embeddable":true,"href":"https:\/\/namikkemaltuyluce.av.tr\/index.php?rest_route=\/wp\/v2\/users\/1"}],"replies":[{"embeddable":true,"href":"https:\/\/namikkemaltuyluce.av.tr\/index.php?rest_route=%2Fwp%2Fv2%2Fcomments&post=115"}],"version-history":[{"count":1,"href":"https:\/\/namikkemaltuyluce.av.tr\/index.php?rest_route=\/wp\/v2\/pages\/115\/revisions"}],"predecessor-version":[{"id":116,"href":"https:\/\/namikkemaltuyluce.av.tr\/index.php?rest_route=\/wp\/v2\/pages\/115\/revisions\/116"}],"wp:attachment":[{"href":"https:\/\/namikkemaltuyluce.av.tr\/index.php?rest_route=%2Fwp%2Fv2%2Fmedia&parent=115"}],"curies":[{"name":"wp","href":"https:\/\/api.w.org\/{rel}","templated":true}]}}