{"id":119,"date":"2023-06-01T10:53:44","date_gmt":"2023-06-01T07:53:44","guid":{"rendered":"https:\/\/namikkemaltuyluce.av.tr\/?page_id=119"},"modified":"2023-06-01T10:53:44","modified_gmt":"2023-06-01T07:53:44","slug":"sozlesmeler-hukuku","status":"publish","type":"page","link":"https:\/\/namikkemaltuyluce.av.tr\/?page_id=119","title":{"rendered":"S\u00f6zle\u015fmeler Hukuku"},"content":{"rendered":"\n<p>Toplum ya\u015fam\u0131 i\u00e7erisinde hayatta kalabilmek ve daha iyi \u015fartlarda ya\u015fayabilmek ad\u0131na insanlar\u0131n birbirleriyle ileti\u015fimde olmas\u0131, payla\u015f\u0131mda bulunmas\u0131 ve hatta al\u0131\u015f veri\u015fte bulunmas\u0131 zorunluluktur. S\u00f6zle\u015fmeler hukuku da bu zorunlulu\u011fun bir sonucu olarak do\u011fmu\u015ftur. Modern hukuk sistemlerinin adeta temelini olu\u015fturan Roma Hukuku\u2019nda&nbsp;<em>contractus&nbsp;<\/em>olarak ifade edilen \u201cs\u00f6zle\u015fme\u201d, o d\u00f6nemde hukuk d\u00fczeni taraf\u0131ndan kabul edilen, bor\u00e7 do\u011furan, taraflar aras\u0131nda bor\u00e7 ili\u015fkisi kuran bir hukuki i\u015flem olarak kabul edilmi\u015ftir.<\/p>\n\n\n\n<p>S\u00f6zle\u015fmenin tan\u0131m\u0131,&nbsp; iki ya da daha fazla taraf\u0131n hukuki bir sonu\u00e7 elde etmek \u00fczere iradelerini kar\u015f\u0131l\u0131kl\u0131 ve birbirine uygun olarak a\u00e7\u0131klamalar\u0131d\u0131r. Anayasa&#8217;n\u0131n 48. maddesi ve T\u00fcrk Bor\u00e7lar Kanunu&#8217;nun 26. maddesi uyar\u0131nca s\u00f6zle\u015fme \u00f6zg\u00fcrl\u00fc\u011f\u00fc hukukumuzda prensip olarak kabul edilmi\u015ftir. Ancak bu \u00f6zg\u00fcrl\u00fc\u011f\u00fcn bir tak\u0131m s\u0131n\u0131rlamalar\u0131 mevcut olup, ki\u015filer, kanunlar\u0131n ve emredici h\u00fck\u00fcmlere ayk\u0131r\u0131 s\u00f6zle\u015fme d\u00fczenleyemezler. Di\u011fer bir deyi\u015fle, s\u00f6zle\u015fme d\u00fczenlenirken hukuk d\u00fczenin \u00e7izdi\u011fi s\u0131n\u0131rlar\u0131n d\u0131\u015f\u0131na \u00e7\u0131k\u0131lamaz. Taraflar\u0131n kar\u015f\u0131l\u0131kl\u0131 ve birbirine uygun irade beyanlar\u0131nda bulunmalar\u0131 suretiyle olu\u015fturduklar\u0131 s\u00f6zle\u015fmeler, bu s\u00f6zle\u015fmenin taraflar\u0131n\u0131 ba\u011flayacak ve bundan sonra taraflar\u0131n m\u00fc\u015fterek r\u0131zas\u0131 olmad\u0131k\u00e7a bu s\u00f6zle\u015fmeden d\u00f6n\u00fclemeyecektir. Nitekim hukukta bu ilkeye&nbsp;ahde vefa ilkesi denilmektedir.<em>&nbsp;<\/em><\/p>\n\n\n\n<p>G\u00f6r\u00fcld\u00fc\u011f\u00fc \u00fczere s\u00f6zle\u015fmelerin d\u00fczenlenmesi ve d\u00fczenlendikten s\u00f6zle\u015fmelerin sona ermesi ya da s\u00f6zle\u015fmeyle \u00fcstlenilen bor\u00e7lar\u0131n yerine getirilmesi noktas\u0131nda do\u011fan uyu\u015fmazl\u0131klar\u0131n giderilmesi Anayasa, Medeni Kanun, Bor\u00e7lar Kanunu, Ticaret Kanunu, T\u00fcketicilerin Korunmas\u0131 Hakk\u0131nda Kanun ve daha bir \u00e7ok kanun ve ilgili mevzuata hakim olmay\u0131 gerektiren bir uzmanl\u0131k alan\u0131d\u0131r. Bu nedenle s\u00f6zle\u015fme kurulmadan \u00f6nce, taraflar\u0131n dikkatli bir \u00e7al\u0131\u015fma ortaya koymalar\u0131 ve i\u015fin uzman\u0131 avukatlarla \u00e7al\u0131\u015fmalar\u0131 esast\u0131r. Nitekim uygulamada ki\u015filer, s\u00f6zle\u015fme ile kendileri i\u00e7in ne gibi hak ve y\u00fck\u00fcml\u00fcl\u00fcklerin d\u00fczenlendi\u011fini tam olarak bilmemekte ve kendi okuduklar\u0131ndan \u00e7ok daha farkl\u0131 sonu\u00e7lar\u0131n mahkemede karar olarak verildi\u011fini g\u00f6rmektedirler.<\/p>\n\n\n\n<p>S\u00f6zle\u015fme daha kurulurken ileride ya\u015fanmas\u0131 muhtemel sorunlar\u0131n \u00e7\u00f6z\u00fcm\u00fcnde, s\u00f6zle\u015fmeler hukukuna h\u00e2kim olan e\u015fitlik, nisbilik ve \u00fc\u00e7\u00fcnc\u00fc ki\u015filer aleyhine bor\u00e7 kurulamamas\u0131, s\u00f6zle\u015fmelerin r\u0131zaili\u011fi, s\u00f6zle\u015fme ili\u015fklilerinde d\u00fcr\u00fcstl\u00fck, s\u00f6zle\u015fmelerde ivazl\u0131l\u0131k (kar\u015f\u0131l\u0131kl\u0131l\u0131k), hakimin takdir yetkisine sahip olmas\u0131 gibi bir tak\u0131m genel ilkelerin dikkate al\u0131nmas\u0131 gereklili\u011fi yarg\u0131 kararlar\u0131nda dahi kabul edilmektedir.<\/p>\n\n\n\n<p>Birtak\u0131m s\u00f6zle\u015fme tiplerinin nas\u0131l ve ne \u015fekilde kurulmas\u0131 gerekti\u011fi, hatta i\u00e7erikleri dahi kanunla belirlenmi\u015f olup, bunlar\u0131n d\u0131\u015f\u0131nda da hukuk d\u00fczeninin s\u0131n\u0131rlar\u0131 i\u00e7erisinde taraflar\u0131n diledi\u011fince s\u00f6zle\u015fme tipi \u00fcretebilmesi m\u00fcmk\u00fcnd\u00fcr. G\u00fcn\u00fcm\u00fczde en \u00e7ok kar\u015f\u0131la\u015f\u0131lan s\u00f6zle\u015fme tipleri \u015funlard\u0131r;<\/p>\n\n\n\n<figure class=\"wp-block-table\"><table><tbody><tr><td>Sat\u0131\u015f S\u00f6zle\u015fmesi,<\/td><td>Mal De\u011fi\u015fim S\u00f6zle\u015fmesi,<\/td><\/tr><tr><td>Ba\u011f\u0131\u015flama S\u00f6zle\u015fmesi,<\/td><td>Kira S\u00f6zle\u015fmesi,<\/td><\/tr><tr><td>\u00d6d\u00fcn\u00e7 S\u00f6zle\u015fmeleri,<\/td><td>Hizmet S\u00f6zle\u015fmeleri,<\/td><\/tr><tr><td>Eser (\u0130stisna) S\u00f6zle\u015fmesi,<\/td><td>Vek\u00e2let S\u00f6zle\u015fmesi,<\/td><\/tr><tr><td>Kredi S\u00f6zle\u015fmesi,<\/td><td>Simsarl\u0131k S\u00f6zle\u015fmesi,<\/td><\/tr><tr><td>Komisyon S\u00f6zle\u015fmesi,<\/td><td>Saklama S\u00f6zle\u015fmeleri,<\/td><\/tr><tr><td>Kefalet S\u00f6zle\u015fmesi,<\/td><td>\u00d6m\u00fcr Boyu Gelir S\u00f6zle\u015fmesi,<\/td><\/tr><tr><td>\u00d6l\u00fcnceye Kadar Bakma S\u00f6zle\u015fmesi,<\/td><td>Adi Ortakl\u0131k S\u00f6zle\u015fmesi,<\/td><\/tr><tr><td>Arsa Pay\u0131 Kar\u015f\u0131l\u0131\u011f\u0131 Kat Yap\u0131m S\u00f6zle\u015fmesi,<\/td><td>Cari Hesap S\u00f6zle\u015fmesi,<\/td><\/tr><tr><td>Evlat Edinme S\u00f6zle\u015fmesi,<\/td><td>Evlilik (Mal Rejimi) S\u00f6zle\u015fmeleri,<\/td><\/tr><tr><td>Factoring S\u00f6zle\u015fmesi,<\/td><td>Leasing S\u00f6zle\u015fmesi,<\/td><\/tr><tr><td>Garanti S\u00f6zle\u015fmesi,<\/td><td>Gayrimenkul Sat\u0131\u015f Vaadi S\u00f6zle\u015fmesi,<\/td><\/tr><tr><td>\u0130bra S\u00f6zle\u015fmesi,<\/td><td>Miras S\u00f6zle\u015fmesi,<\/td><\/tr><tr><td>Yetki S\u00f6zle\u015fmesi,<\/td><td>Tahkim S\u00f6zle\u015fmesi,<\/td><\/tr><tr><td>Gizlilik S\u00f6zle\u015fmesi,<\/td><td>Rekabet Yasa\u011f\u0131 S\u00f6zle\u015fmesi,<\/td><\/tr><tr><td>\u00d6n Al\u0131m (\u015eufa) S\u00f6zle\u015fmesi,<\/td><td>Bayilik, Distrib\u00fct\u00f6rl\u00fck S\u00f6zle\u015fmeleri<\/td><\/tr><\/tbody><\/table><\/figure>\n\n\n\n<p>Yukar\u0131da say\u0131lan s\u00f6zle\u015fme tipleri \u00f6rnek olarak sunulmu\u015f olup, hukuken kurulmas\u0131 m\u00fcmk\u00fcn olan her t\u00fcrl\u00fc s\u00f6zle\u015fme tipinde a\u015fa\u011f\u0131daki i\u015f ve i\u015flemleri yerine getirmekteyim:<\/p>\n\n\n\n<p><em>&#8211;  S\u00f6zle\u015fme g\u00f6r\u00fc\u015fmelerinin y\u00fcr\u00fct\u00fclmesi,<br>&#8211;  Taraf iradelerine, taraflar\u0131n faaliyet alan\u0131 ve amac\u0131n\u0131 en uygun \u015fekilde cevap verecek s\u00f6zle\u015fme metinlerinin haz\u0131rlanmas\u0131,<br>&#8211;  Mevcut s\u00f6zle\u015fmelerin incelenerek lehe ve aleyhe h\u00fck\u00fcmlerin tespiti ve d\u00fczenlenmesi,<br>&#8211;  S\u00f6zle\u015fme h\u00fck\u00fcmlerini ihlal niteli\u011fi ta\u015f\u0131yan eylemlerin de\u011ferlendirilmesi, ihlal nedeniyle tazminat ve cezai \u015fart h\u00fck\u00fcmlerinin talep ve dava edilmesi,<br>&#8211; \u00a0S\u00f6zle\u015fmelerin kanuna ve s\u00f6zle\u015fme metnine uygun \u015fekilde sona erdirilmesi.<br><\/em>&#8211;\u00a0 S\u00f6zle\u015fmelerden kaynaklanan uyu\u015fmazl\u0131klarda m\u00fcvekkillerinin mahkeme ve\/veya tahkim nezdinde\u00a0temsil edilmesi ve s\u00f6zle\u015fmelerden kaynaklanan her t\u00fcrl\u00fc dava ve icra takiplerinde avukatl\u0131k hizmeti.<\/p>\n\n\n\n<p><em>Say\u0131lan i\u015fler ve dava tipleri genel anlamda ve \u00f6rnekleyici olup, s\u00f6zle\u015fmeler hukukuna ili\u015fkin her t\u00fcrl\u00fc avukatl\u0131k hizmeti verilmektedir.<br>Detayl\u0131 bilgi i\u00e7in randevu talep ediniz.<\/em><\/p>\n","protected":false},"excerpt":{"rendered":"<p>Toplum ya\u015fam\u0131 i\u00e7erisinde hayatta kalabilmek ve daha iyi \u015fartlarda ya\u015fayabilmek ad\u0131na insanlar\u0131n birbirleriyle ileti\u015fimde olmas\u0131, payla\u015f\u0131mda bulunmas\u0131 ve hatta al\u0131\u015f veri\u015fte bulunmas\u0131 zorunluluktur. S\u00f6zle\u015fmeler hukuku da bu zorunlulu\u011fun bir sonucu olarak do\u011fmu\u015ftur. Modern hukuk sistemlerinin adeta temelini olu\u015fturan Roma Hukuku\u2019nda&nbsp;contractus&nbsp;olarak ifade edilen \u201cs\u00f6zle\u015fme\u201d, o d\u00f6nemde hukuk d\u00fczeni taraf\u0131ndan kabul edilen, bor\u00e7 do\u011furan, taraflar aras\u0131nda bor\u00e7 [&hellip;]<\/p>\n","protected":false},"author":1,"featured_media":0,"parent":0,"menu_order":0,"comment_status":"closed","ping_status":"closed","template":"","meta":{"footnotes":""},"class_list":["post-119","page","type-page","status-publish","hentry"],"yoast_head":"<!-- This site is optimized with the Yoast SEO plugin v20.12 - https:\/\/yoast.com\/wordpress\/plugins\/seo\/ -->\n<title>S\u00f6zle\u015fmeler Hukuku - Nam\u0131k Kemal T\u00fcyl\u00fcce<\/title>\n<meta name=\"robots\" content=\"index, follow, max-snippet:-1, max-image-preview:large, max-video-preview:-1\" \/>\n<link rel=\"canonical\" href=\"https:\/\/namikkemaltuyluce.av.tr\/?page_id=119\" \/>\n<meta property=\"og:locale\" content=\"tr_TR\" \/>\n<meta property=\"og:type\" content=\"article\" \/>\n<meta property=\"og:title\" content=\"S\u00f6zle\u015fmeler Hukuku - Nam\u0131k Kemal T\u00fcyl\u00fcce\" \/>\n<meta property=\"og:description\" content=\"Toplum ya\u015fam\u0131 i\u00e7erisinde hayatta kalabilmek ve daha iyi \u015fartlarda ya\u015fayabilmek ad\u0131na insanlar\u0131n birbirleriyle ileti\u015fimde olmas\u0131, payla\u015f\u0131mda bulunmas\u0131 ve hatta al\u0131\u015f veri\u015fte bulunmas\u0131 zorunluluktur. S\u00f6zle\u015fmeler hukuku da bu zorunlulu\u011fun bir sonucu olarak do\u011fmu\u015ftur. Modern hukuk sistemlerinin adeta temelini olu\u015fturan Roma Hukuku\u2019nda&nbsp;contractus&nbsp;olarak ifade edilen \u201cs\u00f6zle\u015fme\u201d, o d\u00f6nemde hukuk d\u00fczeni taraf\u0131ndan kabul edilen, bor\u00e7 do\u011furan, taraflar aras\u0131nda bor\u00e7 [&hellip;]\" \/>\n<meta property=\"og:url\" content=\"https:\/\/namikkemaltuyluce.av.tr\/?page_id=119\" \/>\n<meta property=\"og:site_name\" content=\"Nam\u0131k Kemal T\u00fcyl\u00fcce\" \/>\n<meta name=\"twitter:card\" content=\"summary_large_image\" \/>\n<meta name=\"twitter:label1\" content=\"Tahmini okuma s\u00fcresi\" \/>\n\t<meta name=\"twitter:data1\" content=\"4 dakika\" \/>\n<script type=\"application\/ld+json\" class=\"yoast-schema-graph\">{\"@context\":\"https:\/\/schema.org\",\"@graph\":[{\"@type\":\"WebPage\",\"@id\":\"https:\/\/namikkemaltuyluce.av.tr\/?page_id=119\",\"url\":\"https:\/\/namikkemaltuyluce.av.tr\/?page_id=119\",\"name\":\"S\u00f6zle\u015fmeler Hukuku - Nam\u0131k Kemal T\u00fcyl\u00fcce\",\"isPartOf\":{\"@id\":\"http:\/\/namikkemaltuyluce.av.tr\/#website\"},\"datePublished\":\"2023-06-01T07:53:44+00:00\",\"dateModified\":\"2023-06-01T07:53:44+00:00\",\"breadcrumb\":{\"@id\":\"https:\/\/namikkemaltuyluce.av.tr\/?page_id=119#breadcrumb\"},\"inLanguage\":\"tr\",\"potentialAction\":[{\"@type\":\"ReadAction\",\"target\":[\"https:\/\/namikkemaltuyluce.av.tr\/?page_id=119\"]}]},{\"@type\":\"BreadcrumbList\",\"@id\":\"https:\/\/namikkemaltuyluce.av.tr\/?page_id=119#breadcrumb\",\"itemListElement\":[{\"@type\":\"ListItem\",\"position\":1,\"name\":\"Anasayfa\",\"item\":\"http:\/\/namikkemaltuyluce.av.tr\/\"},{\"@type\":\"ListItem\",\"position\":2,\"name\":\"S\u00f6zle\u015fmeler Hukuku\"}]},{\"@type\":\"WebSite\",\"@id\":\"http:\/\/namikkemaltuyluce.av.tr\/#website\",\"url\":\"http:\/\/namikkemaltuyluce.av.tr\/\",\"name\":\"Nam\u0131k Kemal T\u00fcyl\u00fcce\",\"description\":\"\",\"publisher\":{\"@id\":\"http:\/\/namikkemaltuyluce.av.tr\/#organization\"},\"potentialAction\":[{\"@type\":\"SearchAction\",\"target\":{\"@type\":\"EntryPoint\",\"urlTemplate\":\"http:\/\/namikkemaltuyluce.av.tr\/?s={search_term_string}\"},\"query-input\":\"required name=search_term_string\"}],\"inLanguage\":\"tr\"},{\"@type\":\"Organization\",\"@id\":\"http:\/\/namikkemaltuyluce.av.tr\/#organization\",\"name\":\"Arabulucu ve Avukat Nam\u0131k Kemal T\u00fcyl\u00fcce\",\"url\":\"http:\/\/namikkemaltuyluce.av.tr\/\",\"logo\":{\"@type\":\"ImageObject\",\"inLanguage\":\"tr\",\"@id\":\"http:\/\/namikkemaltuyluce.av.tr\/#\/schema\/logo\/image\/\",\"url\":\"https:\/\/namikkemaltuyluce.av.tr\/wp-content\/uploads\/2023\/01\/hukuk.png\",\"contentUrl\":\"https:\/\/namikkemaltuyluce.av.tr\/wp-content\/uploads\/2023\/01\/hukuk.png\",\"width\":400,\"height\":300,\"caption\":\"Arabulucu ve Avukat Nam\u0131k Kemal T\u00fcyl\u00fcce\"},\"image\":{\"@id\":\"http:\/\/namikkemaltuyluce.av.tr\/#\/schema\/logo\/image\/\"}}]}<\/script>\n<!-- \/ Yoast SEO plugin. -->","yoast_head_json":{"title":"S\u00f6zle\u015fmeler Hukuku - Nam\u0131k Kemal T\u00fcyl\u00fcce","robots":{"index":"index","follow":"follow","max-snippet":"max-snippet:-1","max-image-preview":"max-image-preview:large","max-video-preview":"max-video-preview:-1"},"canonical":"https:\/\/namikkemaltuyluce.av.tr\/?page_id=119","og_locale":"tr_TR","og_type":"article","og_title":"S\u00f6zle\u015fmeler Hukuku - Nam\u0131k Kemal T\u00fcyl\u00fcce","og_description":"Toplum ya\u015fam\u0131 i\u00e7erisinde hayatta kalabilmek ve daha iyi \u015fartlarda ya\u015fayabilmek ad\u0131na insanlar\u0131n birbirleriyle ileti\u015fimde olmas\u0131, payla\u015f\u0131mda bulunmas\u0131 ve hatta al\u0131\u015f veri\u015fte bulunmas\u0131 zorunluluktur. S\u00f6zle\u015fmeler hukuku da bu zorunlulu\u011fun bir sonucu olarak do\u011fmu\u015ftur. Modern hukuk sistemlerinin adeta temelini olu\u015fturan Roma Hukuku\u2019nda&nbsp;contractus&nbsp;olarak ifade edilen \u201cs\u00f6zle\u015fme\u201d, o d\u00f6nemde hukuk d\u00fczeni taraf\u0131ndan kabul edilen, bor\u00e7 do\u011furan, taraflar aras\u0131nda bor\u00e7 [&hellip;]","og_url":"https:\/\/namikkemaltuyluce.av.tr\/?page_id=119","og_site_name":"Nam\u0131k Kemal T\u00fcyl\u00fcce","twitter_card":"summary_large_image","twitter_misc":{"Tahmini okuma s\u00fcresi":"4 dakika"},"schema":{"@context":"https:\/\/schema.org","@graph":[{"@type":"WebPage","@id":"https:\/\/namikkemaltuyluce.av.tr\/?page_id=119","url":"https:\/\/namikkemaltuyluce.av.tr\/?page_id=119","name":"S\u00f6zle\u015fmeler Hukuku - Nam\u0131k Kemal T\u00fcyl\u00fcce","isPartOf":{"@id":"http:\/\/namikkemaltuyluce.av.tr\/#website"},"datePublished":"2023-06-01T07:53:44+00:00","dateModified":"2023-06-01T07:53:44+00:00","breadcrumb":{"@id":"https:\/\/namikkemaltuyluce.av.tr\/?page_id=119#breadcrumb"},"inLanguage":"tr","potentialAction":[{"@type":"ReadAction","target":["https:\/\/namikkemaltuyluce.av.tr\/?page_id=119"]}]},{"@type":"BreadcrumbList","@id":"https:\/\/namikkemaltuyluce.av.tr\/?page_id=119#breadcrumb","itemListElement":[{"@type":"ListItem","position":1,"name":"Anasayfa","item":"http:\/\/namikkemaltuyluce.av.tr\/"},{"@type":"ListItem","position":2,"name":"S\u00f6zle\u015fmeler Hukuku"}]},{"@type":"WebSite","@id":"http:\/\/namikkemaltuyluce.av.tr\/#website","url":"http:\/\/namikkemaltuyluce.av.tr\/","name":"Nam\u0131k Kemal T\u00fcyl\u00fcce","description":"","publisher":{"@id":"http:\/\/namikkemaltuyluce.av.tr\/#organization"},"potentialAction":[{"@type":"SearchAction","target":{"@type":"EntryPoint","urlTemplate":"http:\/\/namikkemaltuyluce.av.tr\/?s={search_term_string}"},"query-input":"required name=search_term_string"}],"inLanguage":"tr"},{"@type":"Organization","@id":"http:\/\/namikkemaltuyluce.av.tr\/#organization","name":"Arabulucu ve Avukat Nam\u0131k Kemal T\u00fcyl\u00fcce","url":"http:\/\/namikkemaltuyluce.av.tr\/","logo":{"@type":"ImageObject","inLanguage":"tr","@id":"http:\/\/namikkemaltuyluce.av.tr\/#\/schema\/logo\/image\/","url":"https:\/\/namikkemaltuyluce.av.tr\/wp-content\/uploads\/2023\/01\/hukuk.png","contentUrl":"https:\/\/namikkemaltuyluce.av.tr\/wp-content\/uploads\/2023\/01\/hukuk.png","width":400,"height":300,"caption":"Arabulucu ve Avukat Nam\u0131k Kemal T\u00fcyl\u00fcce"},"image":{"@id":"http:\/\/namikkemaltuyluce.av.tr\/#\/schema\/logo\/image\/"}}]}},"_links":{"self":[{"href":"https:\/\/namikkemaltuyluce.av.tr\/index.php?rest_route=\/wp\/v2\/pages\/119","targetHints":{"allow":["GET"]}}],"collection":[{"href":"https:\/\/namikkemaltuyluce.av.tr\/index.php?rest_route=\/wp\/v2\/pages"}],"about":[{"href":"https:\/\/namikkemaltuyluce.av.tr\/index.php?rest_route=\/wp\/v2\/types\/page"}],"author":[{"embeddable":true,"href":"https:\/\/namikkemaltuyluce.av.tr\/index.php?rest_route=\/wp\/v2\/users\/1"}],"replies":[{"embeddable":true,"href":"https:\/\/namikkemaltuyluce.av.tr\/index.php?rest_route=%2Fwp%2Fv2%2Fcomments&post=119"}],"version-history":[{"count":1,"href":"https:\/\/namikkemaltuyluce.av.tr\/index.php?rest_route=\/wp\/v2\/pages\/119\/revisions"}],"predecessor-version":[{"id":120,"href":"https:\/\/namikkemaltuyluce.av.tr\/index.php?rest_route=\/wp\/v2\/pages\/119\/revisions\/120"}],"wp:attachment":[{"href":"https:\/\/namikkemaltuyluce.av.tr\/index.php?rest_route=%2Fwp%2Fv2%2Fmedia&parent=119"}],"curies":[{"name":"wp","href":"https:\/\/api.w.org\/{rel}","templated":true}]}}