{"id":121,"date":"2023-06-01T10:56:36","date_gmt":"2023-06-01T07:56:36","guid":{"rendered":"https:\/\/namikkemaltuyluce.av.tr\/?page_id=121"},"modified":"2023-06-01T10:56:36","modified_gmt":"2023-06-01T07:56:36","slug":"tuketici-hukuku","status":"publish","type":"page","link":"https:\/\/namikkemaltuyluce.av.tr\/?page_id=121","title":{"rendered":"T\u00fcketici Hukuku"},"content":{"rendered":"\n<p>Kural olarak hukuki bir bor\u00e7 ili\u015fkisinde taraflar\u0131n e\u015fit oldu\u011fu kabul edilir. Nitekim bu husus, T\u00fcrk Bor\u00e7lar Kanunu anlam\u0131nda kanun koyucunun ilke olarak benimsedi\u011fi bir husustur. Taraflar\u0131n e\u015fitli\u011fi ya da en az\u0131ndan benzer \u015fartlar alt\u0131nda olduklar\u0131 y\u00f6n\u00fcndeki bu kabule g\u00f6re d\u00fczenlenen Bor\u00e7lar Hukukunda e\u015fit ko\u015fullara tabi olduklar\u0131 varsay\u0131lan taraflar aras\u0131ndaki ili\u015fki de bu ilkeye g\u00f6re d\u00fczenlenmi\u015ftir.<\/p>\n\n\n\n<p>Ancak hukuki ili\u015fkiye giren taraflar\u0131n her ko\u015fulda e\u015fit \u015fartlara tabi oldu\u011funu d\u00fc\u015f\u00fcnmek, \u00e7o\u011fu zaman adil olmayan sonu\u00e7lar\u0131n do\u011fmas\u0131na yol a\u00e7abilmektedir. \u00d6rne\u011fin kurumsal yap\u0131s\u0131 ve arkas\u0131ndaki ekonomik g\u00fcc\u00fc g\u00f6z \u00f6n\u00fcne al\u0131nd\u0131\u011f\u0131nda, bir banka ile sade bir vatanda\u015f\u0131n hukuki ili\u015fkiye girerken e\u015fit ko\u015fullar alt\u0131nda oldu\u011funu kabul etmek m\u00fcmk\u00fcn de\u011fildir. Bir tarafta g\u00fc\u00e7l\u00fc konumda olan ve ekonomik bir g\u00fcce sahip olan bankayla, di\u011fer tarafta bankaya muhta\u00e7 durumda olan ve bu sebeple hukuki ili\u015fkide \u00f6zg\u00fcr iradesini yans\u0131tamayarak bankan\u0131n sundu\u011fu \u015fartlar\u0131 kabul etmek zorunda kalan ki\u015fi mevcuttur. Ayn\u0131 durum, bir m\u00fcteahhit firmadan oturmak amac\u0131yla daire sat\u0131n alan ki\u015filer bak\u0131m\u0131ndan da s\u00f6z konusudur. Bu gibi \u00f6rnekleri \u00e7o\u011faltmak m\u00fcmk\u00fcn oldu\u011fu gibi, bu anlamda T\u00fcketici Hukukunun kapsam\u0131 g\u00fcnden g\u00fcne yayg\u0131nla\u015fmaktad\u0131r.<\/p>\n\n\n\n<p>Bor\u00e7lar Hukukunun temeli niteli\u011findeki bir tak\u0131m ilkelerin ve kanuni d\u00fczenlemelerin adaletli sonu\u00e7lar vermedi\u011fi hallere ili\u015fkin olarak&nbsp;\u00e7\u00f6z\u00fcm sunmak amac\u0131yla do\u011fan ve uygulama alan\u0131 bulan T\u00fcketici Hukuku, bu niteli\u011fiyle taraflar aras\u0131ndaki dengesizli\u011fi m\u00fcmk\u00fcn olduk\u00e7a ortadan kald\u0131rmak amac\u0131 ta\u015f\u0131maktad\u0131r.<\/p>\n\n\n\n<p>Gerek y\u00fcr\u00fcrl\u00fckten kald\u0131r\u0131lan 4077 say\u0131l\u0131 kanun, gerekse de 2014 y\u0131l\u0131nda y\u00fcr\u00fcrl\u00fc\u011fe giren 6502 say\u0131l\u0131 T\u00fcketicinin Korunmas\u0131 Hakk\u0131nda Kanun&#8217;un birinci maddesi kanunun amac\u0131n\u0131 belirtmekte olup, s\u00f6z konusu ifade \u015fu \u015fekildedir:<\/p>\n\n\n\n<p>&#8220;<em>Bu Kanunun amac\u0131; kamu yarar\u0131na uygun olarak t\u00fcketicinin sa\u011fl\u0131k ve g\u00fcvenli\u011fi ile ekonomik<\/em><br><em>\u00e7\u0131karlar\u0131n\u0131 koruyucu, zararlar\u0131n\u0131 tazmin edici, \u00e7evresel tehlikelerden korunmas\u0131n\u0131 sa\u011flay\u0131c\u0131, t\u00fcketiciyi ayd\u0131nlat\u0131c\u0131 ve<\/em><br><em>bilin\u00e7lendirici \u00f6nlemleri almak, t\u00fcketicilerin kendilerini koruyucu giri\u015fimlerini \u00f6zendirmek ve bu konulardaki politikalar\u0131n olu\u015fturulmas\u0131nda g\u00f6n\u00fcll\u00fc \u00f6rg\u00fctlenmeleri te\u015fvik etmeye ili\u015fkin hususlar\u0131 d\u00fczenlemektir.<\/em>&#8220;<\/p>\n\n\n\n<p>Kanunun amac\u0131n\u0131 g\u00f6steren ilk maddesinden de anla\u015f\u0131laca\u011f\u0131 \u00fczere, kanunun ve T\u00fcketici Hukukunun amac\u0131&nbsp; t\u00fcketiciyi, \u00fcretici kar\u015f\u0131s\u0131nda korumakt\u0131r. Nitekim t\u00fcketici, \u00fcretici kar\u015f\u0131s\u0131nda muhta\u00e7 konumda g\u00f6r\u00fclm\u00fc\u015f ve t\u00fcketici kesim lehine, onu koruyacak ve g\u00f6zetecek h\u00fck\u00fcmler getirilmi\u015ftir. \u00d6te yandan, T\u00fcketici Hukukunun bu \u00f6zel mahiyeti g\u00f6z \u00f6n\u00fcne al\u0131narak s\u00f6z konusu hukuk dal\u0131ndan do\u011fan uyu\u015fmazl\u0131klar\u0131 \u00e7\u00f6zmek i\u00e7in de t\u00fcm yurt genelinde T\u00fcketici Mahkemeleri kurulmu\u015ftur.<\/p>\n\n\n\n<p>T\u00fcketici Hukukundan do\u011fan davalar\u00a0ve g\u00f6r\u00fclecek i\u015fler bak\u0131m\u0131ndan m\u00fcvekkillerimin hassasiyetinin bilinciyle; m\u00fcvekkilimin hak ve sorumluluklar\u0131n\u0131, hukuksal alternatifleri ve i\u015fletilecek prosed\u00fcr\u00fc m\u00fcvekkilime aktar\u0131p, m\u00fcvekkil taleplerine \u00f6nem vererek hukuksal s\u00fcreci ba\u015flat\u0131r ve takip ederim.<\/p>\n\n\n\n<p>B\u00fcromuz b\u00fcnyesinde aile hukuku k\u00f6kenli olarak avukatl\u0131k hizmeti verilen dava tipleri genel olarak \u015fu \u015fekilde say\u0131labilmektedir:<\/p>\n\n\n\n<ul class=\"wp-block-list\">\n<li>T\u00fcketici hukuku dan\u0131\u015fmanl\u0131\u011f\u0131;<\/li>\n\n\n\n<li>Ay\u0131pl\u0131 mal ve hizmetlere ili\u015fkin uyu\u015fmazl\u0131klar<\/li>\n\n\n\n<li>Mal veya hizmetin ay\u0131pl\u0131 olmas\u0131 halinde \u00fccretin iadesi, mal\u0131n \u00fccretsiz tamiri veya ba\u015fka bir malla de\u011fi\u015ftirilmesi taleplerinin T\u00fcketici Hakem Heyeti veya T\u00fcketici Mahkemeleri nezdinde takibi<\/li>\n\n\n\n<li>Ay\u0131pl\u0131 Hizmetten kaynaklanan maddi-manevi zarar\u0131n tazmini<\/li>\n\n\n\n<li>Mesafeli s\u00f6zle\u015fmeler;<\/li>\n\n\n\n<li>T\u00fcketici davalar\u0131;<\/li>\n\n\n\n<li>T\u00fcketici hakem heyetlerine her t\u00fcrl\u00fc ba\u015fvuru;<\/li>\n\n\n\n<li>T\u00fcketici hakem heyeti kararlar\u0131na ve bilirki\u015fi raporlar\u0131na itirazlar<\/li>\n\n\n\n<li>T\u00fcketici s\u00f6zle\u015fmelerindeki haks\u0131z \u015fartlara ili\u015fkin uyu\u015fmazl\u0131klar\u0131n \u00e7\u00f6z\u00fcm\u00fc<\/li>\n\n\n\n<li>Kap\u0131da sat\u0131\u015f, internet sat\u0131\u015flar\u0131, kampanyal\u0131 sat\u0131\u015flar, taksitle sat\u0131\u015f s\u00f6zle\u015fmeleri, cayma hakk\u0131n\u0131n kullan\u0131lmas\u0131<\/li>\n\n\n\n<li>Sat\u0131c\u0131 ile al\u0131c\u0131 aras\u0131nda yap\u0131lacak sulh g\u00f6r\u00fc\u015fmeleri, protokole ba\u011flanmas\u0131<\/li>\n\n\n\n<li>Ticari reklam ve yay\u0131ndan kaynaklanan davalar ve benzeri davalar<\/li>\n\n\n\n<li>S\u00f6zle\u015fmedeki haks\u0131z \u015fartlar<\/li>\n\n\n\n<li>Devrem\u00fclk, paket tur, Abonelik S\u00f6zle\u015fmeleri<\/li>\n\n\n\n<li>Fiyat etiketi, garanti belgesi, tan\u0131tma ve kullanma k\u0131lavuzu, sat\u0131\u015f sonras\u0131 hizmetler<\/li>\n\n\n\n<li>T\u00fcketici Mahkemeleri taraf\u0131ndan \u00fcr\u00fcnlerin \u00fcretiminin, sat\u0131\u015f\u0131n\u0131n durdurulmas\u0131, mal\u0131n toplat\u0131lmas\u0131 \u00f6rnek alanlar olarak g\u00f6sterilebilir.<\/li>\n\n\n\n<li>Di\u011fer dava ve i\u015flerin takibi<\/li>\n<\/ul>\n\n\n\n<p>Say\u0131lan dava tipleri ve i\u015fler genel anlamda ve \u00f6rnekleyici olup, t\u00fcketici hukukuna ili\u015fkin her t\u00fcrl\u00fc dava, ba\u015fvuru ve i\u015f bak\u0131m\u0131ndan avukatl\u0131k hizmeti verilmektedir.<br>Detayl\u0131 bilgi i\u00e7in randevu talep ediniz.<\/p>\n","protected":false},"excerpt":{"rendered":"<p>Kural olarak hukuki bir bor\u00e7 ili\u015fkisinde taraflar\u0131n e\u015fit oldu\u011fu kabul edilir. Nitekim bu husus, T\u00fcrk Bor\u00e7lar Kanunu anlam\u0131nda kanun koyucunun ilke olarak benimsedi\u011fi bir husustur. Taraflar\u0131n e\u015fitli\u011fi ya da en az\u0131ndan benzer \u015fartlar alt\u0131nda olduklar\u0131 y\u00f6n\u00fcndeki bu kabule g\u00f6re d\u00fczenlenen Bor\u00e7lar Hukukunda e\u015fit ko\u015fullara tabi olduklar\u0131 varsay\u0131lan taraflar aras\u0131ndaki ili\u015fki de bu ilkeye g\u00f6re d\u00fczenlenmi\u015ftir. [&hellip;]<\/p>\n","protected":false},"author":1,"featured_media":0,"parent":0,"menu_order":0,"comment_status":"closed","ping_status":"closed","template":"","meta":{"footnotes":""},"class_list":["post-121","page","type-page","status-publish","hentry"],"yoast_head":"<!-- This site is optimized with the Yoast SEO plugin v20.12 - https:\/\/yoast.com\/wordpress\/plugins\/seo\/ -->\n<title>T\u00fcketici Hukuku - Nam\u0131k Kemal T\u00fcyl\u00fcce<\/title>\n<meta name=\"robots\" content=\"index, follow, max-snippet:-1, max-image-preview:large, max-video-preview:-1\" \/>\n<link rel=\"canonical\" href=\"https:\/\/namikkemaltuyluce.av.tr\/?page_id=121\" \/>\n<meta property=\"og:locale\" content=\"tr_TR\" \/>\n<meta property=\"og:type\" content=\"article\" \/>\n<meta property=\"og:title\" content=\"T\u00fcketici Hukuku - Nam\u0131k Kemal T\u00fcyl\u00fcce\" \/>\n<meta property=\"og:description\" content=\"Kural olarak hukuki bir bor\u00e7 ili\u015fkisinde taraflar\u0131n e\u015fit oldu\u011fu kabul edilir. Nitekim bu husus, T\u00fcrk Bor\u00e7lar Kanunu anlam\u0131nda kanun koyucunun ilke olarak benimsedi\u011fi bir husustur. Taraflar\u0131n e\u015fitli\u011fi ya da en az\u0131ndan benzer \u015fartlar alt\u0131nda olduklar\u0131 y\u00f6n\u00fcndeki bu kabule g\u00f6re d\u00fczenlenen Bor\u00e7lar Hukukunda e\u015fit ko\u015fullara tabi olduklar\u0131 varsay\u0131lan taraflar aras\u0131ndaki ili\u015fki de bu ilkeye g\u00f6re d\u00fczenlenmi\u015ftir. [&hellip;]\" \/>\n<meta property=\"og:url\" content=\"https:\/\/namikkemaltuyluce.av.tr\/?page_id=121\" \/>\n<meta property=\"og:site_name\" content=\"Nam\u0131k Kemal T\u00fcyl\u00fcce\" \/>\n<meta name=\"twitter:card\" content=\"summary_large_image\" \/>\n<meta name=\"twitter:label1\" content=\"Tahmini okuma s\u00fcresi\" \/>\n\t<meta name=\"twitter:data1\" content=\"4 dakika\" \/>\n<script type=\"application\/ld+json\" class=\"yoast-schema-graph\">{\"@context\":\"https:\/\/schema.org\",\"@graph\":[{\"@type\":\"WebPage\",\"@id\":\"https:\/\/namikkemaltuyluce.av.tr\/?page_id=121\",\"url\":\"https:\/\/namikkemaltuyluce.av.tr\/?page_id=121\",\"name\":\"T\u00fcketici Hukuku - Nam\u0131k Kemal T\u00fcyl\u00fcce\",\"isPartOf\":{\"@id\":\"http:\/\/namikkemaltuyluce.av.tr\/#website\"},\"datePublished\":\"2023-06-01T07:56:36+00:00\",\"dateModified\":\"2023-06-01T07:56:36+00:00\",\"breadcrumb\":{\"@id\":\"https:\/\/namikkemaltuyluce.av.tr\/?page_id=121#breadcrumb\"},\"inLanguage\":\"tr\",\"potentialAction\":[{\"@type\":\"ReadAction\",\"target\":[\"https:\/\/namikkemaltuyluce.av.tr\/?page_id=121\"]}]},{\"@type\":\"BreadcrumbList\",\"@id\":\"https:\/\/namikkemaltuyluce.av.tr\/?page_id=121#breadcrumb\",\"itemListElement\":[{\"@type\":\"ListItem\",\"position\":1,\"name\":\"Anasayfa\",\"item\":\"http:\/\/namikkemaltuyluce.av.tr\/\"},{\"@type\":\"ListItem\",\"position\":2,\"name\":\"T\u00fcketici Hukuku\"}]},{\"@type\":\"WebSite\",\"@id\":\"http:\/\/namikkemaltuyluce.av.tr\/#website\",\"url\":\"http:\/\/namikkemaltuyluce.av.tr\/\",\"name\":\"Nam\u0131k Kemal T\u00fcyl\u00fcce\",\"description\":\"\",\"publisher\":{\"@id\":\"http:\/\/namikkemaltuyluce.av.tr\/#organization\"},\"potentialAction\":[{\"@type\":\"SearchAction\",\"target\":{\"@type\":\"EntryPoint\",\"urlTemplate\":\"http:\/\/namikkemaltuyluce.av.tr\/?s={search_term_string}\"},\"query-input\":\"required name=search_term_string\"}],\"inLanguage\":\"tr\"},{\"@type\":\"Organization\",\"@id\":\"http:\/\/namikkemaltuyluce.av.tr\/#organization\",\"name\":\"Arabulucu ve Avukat Nam\u0131k Kemal T\u00fcyl\u00fcce\",\"url\":\"http:\/\/namikkemaltuyluce.av.tr\/\",\"logo\":{\"@type\":\"ImageObject\",\"inLanguage\":\"tr\",\"@id\":\"http:\/\/namikkemaltuyluce.av.tr\/#\/schema\/logo\/image\/\",\"url\":\"https:\/\/namikkemaltuyluce.av.tr\/wp-content\/uploads\/2023\/01\/hukuk.png\",\"contentUrl\":\"https:\/\/namikkemaltuyluce.av.tr\/wp-content\/uploads\/2023\/01\/hukuk.png\",\"width\":400,\"height\":300,\"caption\":\"Arabulucu ve Avukat Nam\u0131k Kemal T\u00fcyl\u00fcce\"},\"image\":{\"@id\":\"http:\/\/namikkemaltuyluce.av.tr\/#\/schema\/logo\/image\/\"}}]}<\/script>\n<!-- \/ Yoast SEO plugin. -->","yoast_head_json":{"title":"T\u00fcketici Hukuku - Nam\u0131k Kemal T\u00fcyl\u00fcce","robots":{"index":"index","follow":"follow","max-snippet":"max-snippet:-1","max-image-preview":"max-image-preview:large","max-video-preview":"max-video-preview:-1"},"canonical":"https:\/\/namikkemaltuyluce.av.tr\/?page_id=121","og_locale":"tr_TR","og_type":"article","og_title":"T\u00fcketici Hukuku - Nam\u0131k Kemal T\u00fcyl\u00fcce","og_description":"Kural olarak hukuki bir bor\u00e7 ili\u015fkisinde taraflar\u0131n e\u015fit oldu\u011fu kabul edilir. Nitekim bu husus, T\u00fcrk Bor\u00e7lar Kanunu anlam\u0131nda kanun koyucunun ilke olarak benimsedi\u011fi bir husustur. Taraflar\u0131n e\u015fitli\u011fi ya da en az\u0131ndan benzer \u015fartlar alt\u0131nda olduklar\u0131 y\u00f6n\u00fcndeki bu kabule g\u00f6re d\u00fczenlenen Bor\u00e7lar Hukukunda e\u015fit ko\u015fullara tabi olduklar\u0131 varsay\u0131lan taraflar aras\u0131ndaki ili\u015fki de bu ilkeye g\u00f6re d\u00fczenlenmi\u015ftir. [&hellip;]","og_url":"https:\/\/namikkemaltuyluce.av.tr\/?page_id=121","og_site_name":"Nam\u0131k Kemal T\u00fcyl\u00fcce","twitter_card":"summary_large_image","twitter_misc":{"Tahmini okuma s\u00fcresi":"4 dakika"},"schema":{"@context":"https:\/\/schema.org","@graph":[{"@type":"WebPage","@id":"https:\/\/namikkemaltuyluce.av.tr\/?page_id=121","url":"https:\/\/namikkemaltuyluce.av.tr\/?page_id=121","name":"T\u00fcketici Hukuku - Nam\u0131k Kemal T\u00fcyl\u00fcce","isPartOf":{"@id":"http:\/\/namikkemaltuyluce.av.tr\/#website"},"datePublished":"2023-06-01T07:56:36+00:00","dateModified":"2023-06-01T07:56:36+00:00","breadcrumb":{"@id":"https:\/\/namikkemaltuyluce.av.tr\/?page_id=121#breadcrumb"},"inLanguage":"tr","potentialAction":[{"@type":"ReadAction","target":["https:\/\/namikkemaltuyluce.av.tr\/?page_id=121"]}]},{"@type":"BreadcrumbList","@id":"https:\/\/namikkemaltuyluce.av.tr\/?page_id=121#breadcrumb","itemListElement":[{"@type":"ListItem","position":1,"name":"Anasayfa","item":"http:\/\/namikkemaltuyluce.av.tr\/"},{"@type":"ListItem","position":2,"name":"T\u00fcketici Hukuku"}]},{"@type":"WebSite","@id":"http:\/\/namikkemaltuyluce.av.tr\/#website","url":"http:\/\/namikkemaltuyluce.av.tr\/","name":"Nam\u0131k Kemal T\u00fcyl\u00fcce","description":"","publisher":{"@id":"http:\/\/namikkemaltuyluce.av.tr\/#organization"},"potentialAction":[{"@type":"SearchAction","target":{"@type":"EntryPoint","urlTemplate":"http:\/\/namikkemaltuyluce.av.tr\/?s={search_term_string}"},"query-input":"required name=search_term_string"}],"inLanguage":"tr"},{"@type":"Organization","@id":"http:\/\/namikkemaltuyluce.av.tr\/#organization","name":"Arabulucu ve Avukat Nam\u0131k Kemal T\u00fcyl\u00fcce","url":"http:\/\/namikkemaltuyluce.av.tr\/","logo":{"@type":"ImageObject","inLanguage":"tr","@id":"http:\/\/namikkemaltuyluce.av.tr\/#\/schema\/logo\/image\/","url":"https:\/\/namikkemaltuyluce.av.tr\/wp-content\/uploads\/2023\/01\/hukuk.png","contentUrl":"https:\/\/namikkemaltuyluce.av.tr\/wp-content\/uploads\/2023\/01\/hukuk.png","width":400,"height":300,"caption":"Arabulucu ve Avukat Nam\u0131k Kemal T\u00fcyl\u00fcce"},"image":{"@id":"http:\/\/namikkemaltuyluce.av.tr\/#\/schema\/logo\/image\/"}}]}},"_links":{"self":[{"href":"https:\/\/namikkemaltuyluce.av.tr\/index.php?rest_route=\/wp\/v2\/pages\/121","targetHints":{"allow":["GET"]}}],"collection":[{"href":"https:\/\/namikkemaltuyluce.av.tr\/index.php?rest_route=\/wp\/v2\/pages"}],"about":[{"href":"https:\/\/namikkemaltuyluce.av.tr\/index.php?rest_route=\/wp\/v2\/types\/page"}],"author":[{"embeddable":true,"href":"https:\/\/namikkemaltuyluce.av.tr\/index.php?rest_route=\/wp\/v2\/users\/1"}],"replies":[{"embeddable":true,"href":"https:\/\/namikkemaltuyluce.av.tr\/index.php?rest_route=%2Fwp%2Fv2%2Fcomments&post=121"}],"version-history":[{"count":1,"href":"https:\/\/namikkemaltuyluce.av.tr\/index.php?rest_route=\/wp\/v2\/pages\/121\/revisions"}],"predecessor-version":[{"id":122,"href":"https:\/\/namikkemaltuyluce.av.tr\/index.php?rest_route=\/wp\/v2\/pages\/121\/revisions\/122"}],"wp:attachment":[{"href":"https:\/\/namikkemaltuyluce.av.tr\/index.php?rest_route=%2Fwp%2Fv2%2Fmedia&parent=121"}],"curies":[{"name":"wp","href":"https:\/\/api.w.org\/{rel}","templated":true}]}}