{"id":129,"date":"2023-06-05T16:06:47","date_gmt":"2023-06-05T13:06:47","guid":{"rendered":"https:\/\/namikkemaltuyluce.av.tr\/?page_id=129"},"modified":"2023-06-05T16:06:47","modified_gmt":"2023-06-05T13:06:47","slug":"toplu-is-hukuku","status":"publish","type":"page","link":"https:\/\/namikkemaltuyluce.av.tr\/?page_id=129","title":{"rendered":"Toplu \u0130\u015f Hukuku"},"content":{"rendered":"\n<h2 class=\"wp-block-heading\">Toplu \u0130\u015f Hukuku Nedir?<\/h2>\n\n\n\n<p>\u0130\u015f Hukukunun dallar\u0131 aras\u0131nda yer alan toplu i\u015f hukuku, sosyal devlet anlay\u0131\u015f\u0131n\u0131n bir gere\u011fi olarak mevzuat\u0131m\u0131zda yer alan ve i\u015f ili\u015fkilerinin taraflar\u0131n\u0131n toplu bir \u015fekilde hareket edebilmelerine olanak sa\u011flayan bir hukuk dal\u0131d\u0131r. Bu hukuk dal\u0131nda; i\u015f\u00e7iyle i\u015fveren aras\u0131ndaki hukuki ili\u015fkinin bir taraf\u0131n\u0131 mutlak surette bir topluluk olu\u015fturmaktad\u0131r.<\/p>\n\n\n\n<p>T\u00fcrk Hukuku&#8217;nda bahsi ge\u00e7en s\u00f6z konusu bu topluluk sendikalar olarak kar\u015f\u0131m\u0131za \u00e7\u0131kabilmektedir. Toplu i\u015f hukuku; i\u015f\u00e7ilerin haklar\u0131yla i\u015fveren haklar\u0131n\u0131 ayr\u0131 ayr\u0131 korumaya gayret g\u00f6steren ve s\u00f6z konusu bu taraflar\u0131n kendi i\u00e7lerinde bir \u00e7e\u015fit dayan\u0131\u015fma ihtiyac\u0131 oldu\u011funu pe\u015finen kabul eden bir anlay\u0131\u015f\u0131n \u00fcr\u00fcn\u00fcd\u00fcr. Bu durum, i\u015fveren kar\u015f\u0131s\u0131nda fiiliyatta g\u00fc\u00e7s\u00fcz durumda oldu\u011fu kabul edilen i\u015f\u00e7i taraf\u0131 i\u00e7in olduk\u00e7a \u00f6nemli olup, ekonomik olarak \u00e7ok daha g\u00fc\u00e7l\u00fc durumda olan i\u015fverene kar\u015f\u0131 i\u015f\u00e7ilerin haklar\u0131n\u0131n korunabilmesi ad\u0131na son derece \u00f6nemlidir.<\/p>\n\n\n\n<p>\u00d6te yandan toplu \u015fekilde hareket edebilen i\u015f\u00e7ilere kar\u015f\u0131, i\u015fverenlerin de bir tak\u0131m haklar\u0131n\u0131n korunmas\u0131na duyulan ihtiya\u00e7tan dolay\u0131, i\u015fveren sendikalar\u0131n\u0131n da kurulmas\u0131 kabul edilmi\u015ftir.<\/p>\n\n\n\n<p>Toplu \u0130\u015f Hukuku&#8217;nun konusunu toplu i\u015f s\u00f6zle\u015fmeleri olu\u015fturmaktad\u0131r. Toplu i\u015f s\u00f6zle\u015fmelerinin yan\u0131 s\u0131ra; taraflara tan\u0131nan grev ve lokavt haklar\u0131 da yine bu hukuk dal\u0131n\u0131n konusu dahilindedir.<\/p>\n\n\n\n<p>Sendikalar da bu hukuk dal\u0131n\u0131n a\u00e7\u0131kland\u0131\u011f\u0131 \u00fczere ayr\u0131lmaz bir par\u00e7as\u0131 olup, toplu i\u015f s\u00f6zle\u015fmesi g\u00f6r\u00fc\u015fmelerinin do\u011frudan taraf\u0131 olarak bulunurlar.<\/p>\n\n\n\n<p><strong>Toplu \u0130\u015f Hukuku Kapsam\u0131nda Avukat Hangi Hizmetleri Vermelidir?<\/strong><\/p>\n\n\n\n<p>Toplu i\u015f hukuku dal\u0131nda verilen hizmetler genel olarak \u015fu \u015fekilde say\u0131labilmektedir:<\/p>\n\n\n\n<ul class=\"wp-block-list\">\n<li>Toplu i\u015f s\u00f6zle\u015fmelerinin haz\u0131rlanmas\u0131,<\/li>\n\n\n\n<li>Mevcut toplu i\u015f s\u00f6zle\u015fmelerinin yorumlanmas\u0131,<\/li>\n\n\n\n<li>Mevcut toplu i\u015f s\u00f6zle\u015fmelerinin tadili ve yenilenmesi,<\/li>\n\n\n\n<li>Toplu \u0130\u015f Hukuku&#8217;ndan kaynaklanan uyu\u015fmazl\u0131klarda arabuluculuk hizmeti,<\/li>\n\n\n\n<li>\u0130\u015fverenlere hukuki dan\u0131\u015fmanl\u0131k,<\/li>\n\n\n\n<li>\u0130\u015f\u00e7ilere hukuki dan\u0131\u015fmanl\u0131k,<\/li>\n\n\n\n<li>\u0130htarname haz\u0131rlama ve g\u00f6nderme i\u015flemleri,<\/li>\n\n\n\n<li>Grev ve lokavt s\u00fcre\u00e7leriyle ilgili dan\u0131\u015fmanl\u0131k hizmeti,<\/li>\n\n\n\n<li>Grev ve lokavt s\u00fcre\u00e7lerinin uygulanmas\u0131, ertelenmesi veya sona erdirilmesi,<\/li>\n\n\n\n<li>Bakanl\u0131k nezdinde s\u00fcre\u00e7 takibi,<\/li>\n\n\n\n<li>Arabulucu ve hakem s\u00fcre\u00e7lerinde s\u00fcre\u00e7 takibi ve dan\u0131\u015fmanl\u0131k hizmetleri,<\/li>\n\n\n\n<li>Toplu \u0130\u015f Hukuku&#8217;ndan do\u011fan s\u00f6zle\u015fmelerde tazminat ve alacak taleplerine ili\u015fkin dan\u0131\u015fmanl\u0131k hizmetleri ve davalar,<\/li>\n\n\n\n<li>Sendikalar\u0131n kurulumu ve Sendika Hukuku&#8217;ndan do\u011fan her t\u00fcrl\u00fc i\u015f ve hizmet,<\/li>\n\n\n\n<li>Sendikal \u00f6rg\u00fctlenme a\u015famas\u0131nda hukuki dan\u0131\u015fmanl\u0131k hizmeti,<\/li>\n\n\n\n<li>Sendika yetki itiraz\u0131 s\u00fcrecinin takibi,<\/li>\n\n\n\n<li>Di\u011fer i\u015fler<\/li>\n<\/ul>\n\n\n\n<p><em>Say\u0131lan dava tipleri ve i\u015fler genel anlamda ve \u00f6rnekleyici olup, i\u015f hukukuna ili\u015fkin her t\u00fcrl\u00fc dava bak\u0131m\u0131ndan avukatl\u0131k hizmeti verilmektedir.<br>Detayl\u0131 bilgi i\u00e7in randevu talep ediniz.<\/em><\/p>\n","protected":false},"excerpt":{"rendered":"<p>Toplu \u0130\u015f Hukuku Nedir? \u0130\u015f Hukukunun dallar\u0131 aras\u0131nda yer alan toplu i\u015f hukuku, sosyal devlet anlay\u0131\u015f\u0131n\u0131n bir gere\u011fi olarak mevzuat\u0131m\u0131zda yer alan ve i\u015f ili\u015fkilerinin taraflar\u0131n\u0131n toplu bir \u015fekilde hareket edebilmelerine olanak sa\u011flayan bir hukuk dal\u0131d\u0131r. Bu hukuk dal\u0131nda; i\u015f\u00e7iyle i\u015fveren aras\u0131ndaki hukuki ili\u015fkinin bir taraf\u0131n\u0131 mutlak surette bir topluluk olu\u015fturmaktad\u0131r. T\u00fcrk Hukuku&#8217;nda bahsi ge\u00e7en [&hellip;]<\/p>\n","protected":false},"author":1,"featured_media":0,"parent":0,"menu_order":0,"comment_status":"closed","ping_status":"closed","template":"","meta":{"footnotes":""},"class_list":["post-129","page","type-page","status-publish","hentry"],"yoast_head":"<!-- This site is optimized with the Yoast SEO plugin v20.12 - https:\/\/yoast.com\/wordpress\/plugins\/seo\/ -->\n<title>Toplu \u0130\u015f Hukuku - Nam\u0131k Kemal T\u00fcyl\u00fcce<\/title>\n<meta name=\"robots\" content=\"index, follow, max-snippet:-1, max-image-preview:large, max-video-preview:-1\" \/>\n<link rel=\"canonical\" href=\"https:\/\/namikkemaltuyluce.av.tr\/?page_id=129\" \/>\n<meta property=\"og:locale\" content=\"tr_TR\" \/>\n<meta property=\"og:type\" content=\"article\" \/>\n<meta property=\"og:title\" content=\"Toplu \u0130\u015f Hukuku - Nam\u0131k Kemal T\u00fcyl\u00fcce\" \/>\n<meta property=\"og:description\" content=\"Toplu \u0130\u015f Hukuku Nedir? \u0130\u015f Hukukunun dallar\u0131 aras\u0131nda yer alan toplu i\u015f hukuku, sosyal devlet anlay\u0131\u015f\u0131n\u0131n bir gere\u011fi olarak mevzuat\u0131m\u0131zda yer alan ve i\u015f ili\u015fkilerinin taraflar\u0131n\u0131n toplu bir \u015fekilde hareket edebilmelerine olanak sa\u011flayan bir hukuk dal\u0131d\u0131r. Bu hukuk dal\u0131nda; i\u015f\u00e7iyle i\u015fveren aras\u0131ndaki hukuki ili\u015fkinin bir taraf\u0131n\u0131 mutlak surette bir topluluk olu\u015fturmaktad\u0131r. T\u00fcrk Hukuku&#8217;nda bahsi ge\u00e7en [&hellip;]\" \/>\n<meta property=\"og:url\" content=\"https:\/\/namikkemaltuyluce.av.tr\/?page_id=129\" \/>\n<meta property=\"og:site_name\" content=\"Nam\u0131k Kemal T\u00fcyl\u00fcce\" \/>\n<meta name=\"twitter:card\" content=\"summary_large_image\" \/>\n<meta name=\"twitter:label1\" content=\"Tahmini okuma s\u00fcresi\" \/>\n\t<meta name=\"twitter:data1\" content=\"2 dakika\" \/>\n<script type=\"application\/ld+json\" class=\"yoast-schema-graph\">{\"@context\":\"https:\/\/schema.org\",\"@graph\":[{\"@type\":\"WebPage\",\"@id\":\"https:\/\/namikkemaltuyluce.av.tr\/?page_id=129\",\"url\":\"https:\/\/namikkemaltuyluce.av.tr\/?page_id=129\",\"name\":\"Toplu \u0130\u015f Hukuku - Nam\u0131k Kemal T\u00fcyl\u00fcce\",\"isPartOf\":{\"@id\":\"http:\/\/namikkemaltuyluce.av.tr\/#website\"},\"datePublished\":\"2023-06-05T13:06:47+00:00\",\"dateModified\":\"2023-06-05T13:06:47+00:00\",\"breadcrumb\":{\"@id\":\"https:\/\/namikkemaltuyluce.av.tr\/?page_id=129#breadcrumb\"},\"inLanguage\":\"tr\",\"potentialAction\":[{\"@type\":\"ReadAction\",\"target\":[\"https:\/\/namikkemaltuyluce.av.tr\/?page_id=129\"]}]},{\"@type\":\"BreadcrumbList\",\"@id\":\"https:\/\/namikkemaltuyluce.av.tr\/?page_id=129#breadcrumb\",\"itemListElement\":[{\"@type\":\"ListItem\",\"position\":1,\"name\":\"Anasayfa\",\"item\":\"http:\/\/namikkemaltuyluce.av.tr\/\"},{\"@type\":\"ListItem\",\"position\":2,\"name\":\"Toplu \u0130\u015f Hukuku\"}]},{\"@type\":\"WebSite\",\"@id\":\"http:\/\/namikkemaltuyluce.av.tr\/#website\",\"url\":\"http:\/\/namikkemaltuyluce.av.tr\/\",\"name\":\"Nam\u0131k Kemal T\u00fcyl\u00fcce\",\"description\":\"\",\"publisher\":{\"@id\":\"http:\/\/namikkemaltuyluce.av.tr\/#organization\"},\"potentialAction\":[{\"@type\":\"SearchAction\",\"target\":{\"@type\":\"EntryPoint\",\"urlTemplate\":\"http:\/\/namikkemaltuyluce.av.tr\/?s={search_term_string}\"},\"query-input\":\"required name=search_term_string\"}],\"inLanguage\":\"tr\"},{\"@type\":\"Organization\",\"@id\":\"http:\/\/namikkemaltuyluce.av.tr\/#organization\",\"name\":\"Arabulucu ve Avukat Nam\u0131k Kemal T\u00fcyl\u00fcce\",\"url\":\"http:\/\/namikkemaltuyluce.av.tr\/\",\"logo\":{\"@type\":\"ImageObject\",\"inLanguage\":\"tr\",\"@id\":\"http:\/\/namikkemaltuyluce.av.tr\/#\/schema\/logo\/image\/\",\"url\":\"https:\/\/namikkemaltuyluce.av.tr\/wp-content\/uploads\/2023\/01\/hukuk.png\",\"contentUrl\":\"https:\/\/namikkemaltuyluce.av.tr\/wp-content\/uploads\/2023\/01\/hukuk.png\",\"width\":400,\"height\":300,\"caption\":\"Arabulucu ve Avukat Nam\u0131k Kemal T\u00fcyl\u00fcce\"},\"image\":{\"@id\":\"http:\/\/namikkemaltuyluce.av.tr\/#\/schema\/logo\/image\/\"}}]}<\/script>\n<!-- \/ Yoast SEO plugin. -->","yoast_head_json":{"title":"Toplu \u0130\u015f Hukuku - Nam\u0131k Kemal T\u00fcyl\u00fcce","robots":{"index":"index","follow":"follow","max-snippet":"max-snippet:-1","max-image-preview":"max-image-preview:large","max-video-preview":"max-video-preview:-1"},"canonical":"https:\/\/namikkemaltuyluce.av.tr\/?page_id=129","og_locale":"tr_TR","og_type":"article","og_title":"Toplu \u0130\u015f Hukuku - Nam\u0131k Kemal T\u00fcyl\u00fcce","og_description":"Toplu \u0130\u015f Hukuku Nedir? \u0130\u015f Hukukunun dallar\u0131 aras\u0131nda yer alan toplu i\u015f hukuku, sosyal devlet anlay\u0131\u015f\u0131n\u0131n bir gere\u011fi olarak mevzuat\u0131m\u0131zda yer alan ve i\u015f ili\u015fkilerinin taraflar\u0131n\u0131n toplu bir \u015fekilde hareket edebilmelerine olanak sa\u011flayan bir hukuk dal\u0131d\u0131r. Bu hukuk dal\u0131nda; i\u015f\u00e7iyle i\u015fveren aras\u0131ndaki hukuki ili\u015fkinin bir taraf\u0131n\u0131 mutlak surette bir topluluk olu\u015fturmaktad\u0131r. T\u00fcrk Hukuku&#8217;nda bahsi ge\u00e7en [&hellip;]","og_url":"https:\/\/namikkemaltuyluce.av.tr\/?page_id=129","og_site_name":"Nam\u0131k Kemal T\u00fcyl\u00fcce","twitter_card":"summary_large_image","twitter_misc":{"Tahmini okuma s\u00fcresi":"2 dakika"},"schema":{"@context":"https:\/\/schema.org","@graph":[{"@type":"WebPage","@id":"https:\/\/namikkemaltuyluce.av.tr\/?page_id=129","url":"https:\/\/namikkemaltuyluce.av.tr\/?page_id=129","name":"Toplu \u0130\u015f Hukuku - Nam\u0131k Kemal T\u00fcyl\u00fcce","isPartOf":{"@id":"http:\/\/namikkemaltuyluce.av.tr\/#website"},"datePublished":"2023-06-05T13:06:47+00:00","dateModified":"2023-06-05T13:06:47+00:00","breadcrumb":{"@id":"https:\/\/namikkemaltuyluce.av.tr\/?page_id=129#breadcrumb"},"inLanguage":"tr","potentialAction":[{"@type":"ReadAction","target":["https:\/\/namikkemaltuyluce.av.tr\/?page_id=129"]}]},{"@type":"BreadcrumbList","@id":"https:\/\/namikkemaltuyluce.av.tr\/?page_id=129#breadcrumb","itemListElement":[{"@type":"ListItem","position":1,"name":"Anasayfa","item":"http:\/\/namikkemaltuyluce.av.tr\/"},{"@type":"ListItem","position":2,"name":"Toplu \u0130\u015f Hukuku"}]},{"@type":"WebSite","@id":"http:\/\/namikkemaltuyluce.av.tr\/#website","url":"http:\/\/namikkemaltuyluce.av.tr\/","name":"Nam\u0131k Kemal T\u00fcyl\u00fcce","description":"","publisher":{"@id":"http:\/\/namikkemaltuyluce.av.tr\/#organization"},"potentialAction":[{"@type":"SearchAction","target":{"@type":"EntryPoint","urlTemplate":"http:\/\/namikkemaltuyluce.av.tr\/?s={search_term_string}"},"query-input":"required name=search_term_string"}],"inLanguage":"tr"},{"@type":"Organization","@id":"http:\/\/namikkemaltuyluce.av.tr\/#organization","name":"Arabulucu ve Avukat Nam\u0131k Kemal T\u00fcyl\u00fcce","url":"http:\/\/namikkemaltuyluce.av.tr\/","logo":{"@type":"ImageObject","inLanguage":"tr","@id":"http:\/\/namikkemaltuyluce.av.tr\/#\/schema\/logo\/image\/","url":"https:\/\/namikkemaltuyluce.av.tr\/wp-content\/uploads\/2023\/01\/hukuk.png","contentUrl":"https:\/\/namikkemaltuyluce.av.tr\/wp-content\/uploads\/2023\/01\/hukuk.png","width":400,"height":300,"caption":"Arabulucu ve Avukat Nam\u0131k Kemal T\u00fcyl\u00fcce"},"image":{"@id":"http:\/\/namikkemaltuyluce.av.tr\/#\/schema\/logo\/image\/"}}]}},"_links":{"self":[{"href":"https:\/\/namikkemaltuyluce.av.tr\/index.php?rest_route=\/wp\/v2\/pages\/129","targetHints":{"allow":["GET"]}}],"collection":[{"href":"https:\/\/namikkemaltuyluce.av.tr\/index.php?rest_route=\/wp\/v2\/pages"}],"about":[{"href":"https:\/\/namikkemaltuyluce.av.tr\/index.php?rest_route=\/wp\/v2\/types\/page"}],"author":[{"embeddable":true,"href":"https:\/\/namikkemaltuyluce.av.tr\/index.php?rest_route=\/wp\/v2\/users\/1"}],"replies":[{"embeddable":true,"href":"https:\/\/namikkemaltuyluce.av.tr\/index.php?rest_route=%2Fwp%2Fv2%2Fcomments&post=129"}],"version-history":[{"count":1,"href":"https:\/\/namikkemaltuyluce.av.tr\/index.php?rest_route=\/wp\/v2\/pages\/129\/revisions"}],"predecessor-version":[{"id":130,"href":"https:\/\/namikkemaltuyluce.av.tr\/index.php?rest_route=\/wp\/v2\/pages\/129\/revisions\/130"}],"wp:attachment":[{"href":"https:\/\/namikkemaltuyluce.av.tr\/index.php?rest_route=%2Fwp%2Fv2%2Fmedia&parent=129"}],"curies":[{"name":"wp","href":"https:\/\/api.w.org\/{rel}","templated":true}]}}