{"id":133,"date":"2023-06-05T16:08:48","date_gmt":"2023-06-05T13:08:48","guid":{"rendered":"https:\/\/namikkemaltuyluce.av.tr\/?page_id=133"},"modified":"2023-06-05T16:08:48","modified_gmt":"2023-06-05T13:08:48","slug":"sosyal-guvenlik-hukuku","status":"publish","type":"page","link":"https:\/\/namikkemaltuyluce.av.tr\/?page_id=133","title":{"rendered":"Sosyal G\u00fcvenlik Hukuku"},"content":{"rendered":"\n<h2 class=\"wp-block-heading\"><strong>Sosyal G\u00fcvenlik Hukuku Nedir?<\/strong><\/h2>\n\n\n\n<p>\u0130nsan, bir arada ya\u015famak zorunda olan ve bir araya gelmesiyle bir topluluk olu\u015fturan bir varl\u0131kt\u0131r. \u0130nsano\u011flunun ya\u015fam\u0131n\u0131 idame ettirebilmesinin en temel \u015fartlar\u0131ndan bir tanesi, dayan\u0131\u015fma ruhudur. \u0130\u015fte bu anlay\u0131\u015ftan yola \u00e7\u0131kan kanun koyucu, devletin sosyal bir anlay\u0131\u015f geli\u015ftirmesi gerekti\u011fini ve insanlar\u0131n devletin birer vatanda\u015f\u0131 olarak bir tak\u0131m vazge\u00e7ilmez haklara sahip olmas\u0131 gerekti\u011fini belirlemi\u015ftir.<\/p>\n\n\n\n<p>Bu belirlemenin bir sonucu olarak ortaya \u00e7\u0131kan Sosyal G\u00fcvenlik Hukuku, insanlar\u0131n t\u00fcm ya\u015fam s\u00fcreci boyunca ve hatta vefatlar\u0131ndan sonra dahi sahip oldu\u011fu haklar\u0131 ve bu haklar\u0131n nas\u0131l ve ne \u015fekilde edinilece\u011fini d\u00fczenlemektedir.<\/p>\n\n\n\n<p>\u00dclkemizde ilk kez Cumhuriyetin ilan\u0131ndan sonra, 1936 y\u0131l\u0131nda sosyal g\u00fcvenlik hukukunu ele alan \u00f6zel bir kanun d\u00fczenlenmi\u015f olup, \u00e7ok s\u0131k ve fazla say\u0131da de\u011fi\u015fiklikler ve y\u00fcr\u00fcrl\u00fc\u011fe giren yeni kanun ve d\u00fczenlemelerle olduk\u00e7a geni\u015f bir mevzuat ortaya \u00e7\u0131km\u0131\u015ft\u0131r. Ortaya \u00e7\u0131kan bu mevzuatta zaman zaman k\u00f6kl\u00fc de\u011fi\u015fiklikler yap\u0131lm\u0131\u015f, uzun s\u00fcren uygulamalar bir kenara b\u0131rak\u0131larak topyek\u00fcn yeni kanun haz\u0131rl\u0131klar\u0131 da tamamlanarak yeni kanunlar da y\u00fcr\u00fcrl\u00fc\u011fe girmi\u015ftir.<\/p>\n\n\n\n<p>Bu \u00e7er\u00e7evede olduk\u00e7a uzun s\u00fcre hayat\u0131m\u0131zda olan; SSK, Ba\u011f-Kur, Emekli Sand\u0131\u011f\u0131 gibi kurumlar tek bir \u00e7at\u0131 alt\u0131nda birle\u015ftirilerek SGK (Sosyal G\u00fcvenlik Kurumu) olu\u015fturulmu\u015f ve vatanda\u015flar\u0131n haklar\u0131 da bu kurum \u00e7at\u0131s\u0131nda birle\u015ftirilmi\u015ftir.<\/p>\n\n\n\n<p>G\u00fcn\u00fcm\u00fczde Sosyal G\u00fcvenlik Hukuku&#8217;nun en \u00f6nemli kayna\u011f\u0131n\u0131 5510 say\u0131l\u0131 Sosyal Sigortalar ve Genel Sa\u011fl\u0131k Sigortas\u0131 Kanunu olu\u015fturmaktad\u0131r. Bunun yan\u0131 s\u0131ra bir \u00e7ok farkl\u0131 kanun, y\u00f6netmelik ve sair mevzuat kaynaklar\u0131 mevcut olup, s\u00fcrekli de\u011fi\u015fen ve kazan\u0131lm\u0131\u015f haklar\u0131n da etkisiyle m\u00fclga kanunlar\u0131n uygulanmaya devam etti\u011fi bu hukuk dal\u0131, olduk\u00e7a iyi bir uzmanl\u0131k gerektirmektedir.<\/p>\n\n\n\n<p><strong>Sosyal G\u00fcvenlik Hukuku Kapsam\u0131nda Avukat Hangi Hizmetleri Vermelidir?<\/strong><\/p>\n\n\n\n<p>Sosyal g\u00fcvenlik hukuku dal\u0131nda verilen hizmetler genel olarak \u015fu \u015fekilde say\u0131labilmektedir:<\/p>\n\n\n\n<ul class=\"wp-block-list\">\n<li>SGK&#8217;ya her t\u00fcrl\u00fc ba\u015fvurunun yap\u0131lmas\u0131 ve takibi,<\/li>\n\n\n\n<li>SGK b\u00fcnyesindeki ba\u015fvurulara ili\u015fkin her t\u00fcrl\u00fc dan\u0131\u015fmanl\u0131k hizmetinin verilmesi,<\/li>\n\n\n\n<li>Hizmet tespiti davalar\u0131,<\/li>\n\n\n\n<li>\u0130\u015f Kazas\u0131 ve tazminat davalar\u0131,<\/li>\n\n\n\n<li>R\u00fccuen tazminat davalar\u0131,<\/li>\n\n\n\n<li>Prim borcundan kaynaklanan davalar, iptal davalar\u0131 ve prim cezalar\u0131,<\/li>\n\n\n\n<li>\u0130\u015fe giri\u015f ve i\u015ften ayr\u0131l\u0131\u015f bildirgelerinin verilmesi, i\u015ften \u00e7\u0131karma ve i\u015fe iade kararlar\u0131n\u0131n uygulanmas\u0131 ve dan\u0131\u015fmanl\u0131k,<\/li>\n\n\n\n<li>Toplu i\u015ften \u00e7\u0131karmalara ili\u015fkin dan\u0131\u015fmanl\u0131k ve uygulama,<\/li>\n\n\n\n<li>Sosyal G\u00fcvenlik Kurumu&#8217;yla her t\u00fcrl\u00fc yaz\u0131\u015fmalar\u0131n yap\u0131lmas\u0131, evrak tanzimi ve s\u00fcre\u00e7 takibi,<\/li>\n\n\n\n<li>\u015eirket kapan\u0131\u015f\u0131 i\u015flemlerinin yap\u0131lmas\u0131,<\/li>\n\n\n\n<li>\u015eirket devirleri ve \u015fube a\u00e7\u0131l\u0131\u015flar\u0131na ili\u015fkin gerekli i\u015flemlerin yap\u0131lmas\u0131,<\/li>\n\n\n\n<li>\u0130\u015f kazalar\u0131nda tutanak tutulmas\u0131, SGK&#8217;ya bildirim y\u00fck\u00fcml\u00fcl\u00fc\u011f\u00fcn\u00fcn yerine getirilmesi ve s\u00fcre\u00e7 y\u00f6netimi,<\/li>\n\n\n\n<li>\u00dccret kesme cezalar\u0131na ili\u015fkin dan\u0131\u015fmanl\u0131k,<\/li>\n\n\n\n<li>Ge\u00e7ici i\u015f g\u00f6remezlik \u00f6dene\u011fine ili\u015fkin dan\u0131\u015fmanl\u0131k ve dava takibi,<\/li>\n\n\n\n<li>Emeklilik i\u015flemlerinde s\u00fcre, bor\u00e7lanma, ya\u015f ve prim g\u00fcn say\u0131s\u0131n\u0131 kapsar \u015fekilde emeklilik s\u00fcre\u00e7 y\u00f6netimi,<\/li>\n\n\n\n<li>A\u011f\u0131r ve tehlikeli i\u015flerde personel \u00e7al\u0131\u015ft\u0131rma dan\u0131\u015fmanl\u0131\u011f\u0131,<\/li>\n\n\n\n<li>Di\u011fer dava ve i\u015fler<\/li>\n<\/ul>\n\n\n\n<p><em>Say\u0131lan dava tipleri ve i\u015fler genel anlamda ve \u00f6rnekleyici olup, sosyal g\u00fcvenlik hukukuna ili\u015fkin her t\u00fcrl\u00fc dava bak\u0131m\u0131ndan avukatl\u0131k hizmeti verilmektedir.<br>Detayl\u0131 bilgi i\u00e7in randevu talep ediniz.<\/em><\/p>\n","protected":false},"excerpt":{"rendered":"<p>Sosyal G\u00fcvenlik Hukuku Nedir? \u0130nsan, bir arada ya\u015famak zorunda olan ve bir araya gelmesiyle bir topluluk olu\u015fturan bir varl\u0131kt\u0131r. \u0130nsano\u011flunun ya\u015fam\u0131n\u0131 idame ettirebilmesinin en temel \u015fartlar\u0131ndan bir tanesi, dayan\u0131\u015fma ruhudur. \u0130\u015fte bu anlay\u0131\u015ftan yola \u00e7\u0131kan kanun koyucu, devletin sosyal bir anlay\u0131\u015f geli\u015ftirmesi gerekti\u011fini ve insanlar\u0131n devletin birer vatanda\u015f\u0131 olarak bir tak\u0131m vazge\u00e7ilmez haklara sahip olmas\u0131 [&hellip;]<\/p>\n","protected":false},"author":1,"featured_media":0,"parent":0,"menu_order":0,"comment_status":"closed","ping_status":"closed","template":"","meta":{"footnotes":""},"class_list":["post-133","page","type-page","status-publish","hentry"],"yoast_head":"<!-- This site is optimized with the Yoast SEO plugin v20.12 - https:\/\/yoast.com\/wordpress\/plugins\/seo\/ -->\n<title>Sosyal G\u00fcvenlik Hukuku - Nam\u0131k Kemal T\u00fcyl\u00fcce<\/title>\n<meta name=\"robots\" content=\"index, follow, max-snippet:-1, max-image-preview:large, max-video-preview:-1\" \/>\n<link rel=\"canonical\" href=\"https:\/\/namikkemaltuyluce.av.tr\/?page_id=133\" \/>\n<meta property=\"og:locale\" content=\"tr_TR\" \/>\n<meta property=\"og:type\" content=\"article\" \/>\n<meta property=\"og:title\" content=\"Sosyal G\u00fcvenlik Hukuku - Nam\u0131k Kemal T\u00fcyl\u00fcce\" \/>\n<meta property=\"og:description\" content=\"Sosyal G\u00fcvenlik Hukuku Nedir? \u0130nsan, bir arada ya\u015famak zorunda olan ve bir araya gelmesiyle bir topluluk olu\u015fturan bir varl\u0131kt\u0131r. \u0130nsano\u011flunun ya\u015fam\u0131n\u0131 idame ettirebilmesinin en temel \u015fartlar\u0131ndan bir tanesi, dayan\u0131\u015fma ruhudur. \u0130\u015fte bu anlay\u0131\u015ftan yola \u00e7\u0131kan kanun koyucu, devletin sosyal bir anlay\u0131\u015f geli\u015ftirmesi gerekti\u011fini ve insanlar\u0131n devletin birer vatanda\u015f\u0131 olarak bir tak\u0131m vazge\u00e7ilmez haklara sahip olmas\u0131 [&hellip;]\" \/>\n<meta property=\"og:url\" content=\"https:\/\/namikkemaltuyluce.av.tr\/?page_id=133\" \/>\n<meta property=\"og:site_name\" content=\"Nam\u0131k Kemal T\u00fcyl\u00fcce\" \/>\n<meta name=\"twitter:card\" content=\"summary_large_image\" \/>\n<meta name=\"twitter:label1\" content=\"Tahmini okuma s\u00fcresi\" \/>\n\t<meta name=\"twitter:data1\" content=\"3 dakika\" \/>\n<script type=\"application\/ld+json\" class=\"yoast-schema-graph\">{\"@context\":\"https:\/\/schema.org\",\"@graph\":[{\"@type\":\"WebPage\",\"@id\":\"https:\/\/namikkemaltuyluce.av.tr\/?page_id=133\",\"url\":\"https:\/\/namikkemaltuyluce.av.tr\/?page_id=133\",\"name\":\"Sosyal G\u00fcvenlik Hukuku - Nam\u0131k Kemal T\u00fcyl\u00fcce\",\"isPartOf\":{\"@id\":\"http:\/\/namikkemaltuyluce.av.tr\/#website\"},\"datePublished\":\"2023-06-05T13:08:48+00:00\",\"dateModified\":\"2023-06-05T13:08:48+00:00\",\"breadcrumb\":{\"@id\":\"https:\/\/namikkemaltuyluce.av.tr\/?page_id=133#breadcrumb\"},\"inLanguage\":\"tr\",\"potentialAction\":[{\"@type\":\"ReadAction\",\"target\":[\"https:\/\/namikkemaltuyluce.av.tr\/?page_id=133\"]}]},{\"@type\":\"BreadcrumbList\",\"@id\":\"https:\/\/namikkemaltuyluce.av.tr\/?page_id=133#breadcrumb\",\"itemListElement\":[{\"@type\":\"ListItem\",\"position\":1,\"name\":\"Anasayfa\",\"item\":\"http:\/\/namikkemaltuyluce.av.tr\/\"},{\"@type\":\"ListItem\",\"position\":2,\"name\":\"Sosyal G\u00fcvenlik Hukuku\"}]},{\"@type\":\"WebSite\",\"@id\":\"http:\/\/namikkemaltuyluce.av.tr\/#website\",\"url\":\"http:\/\/namikkemaltuyluce.av.tr\/\",\"name\":\"Nam\u0131k Kemal T\u00fcyl\u00fcce\",\"description\":\"\",\"publisher\":{\"@id\":\"http:\/\/namikkemaltuyluce.av.tr\/#organization\"},\"potentialAction\":[{\"@type\":\"SearchAction\",\"target\":{\"@type\":\"EntryPoint\",\"urlTemplate\":\"http:\/\/namikkemaltuyluce.av.tr\/?s={search_term_string}\"},\"query-input\":\"required name=search_term_string\"}],\"inLanguage\":\"tr\"},{\"@type\":\"Organization\",\"@id\":\"http:\/\/namikkemaltuyluce.av.tr\/#organization\",\"name\":\"Arabulucu ve Avukat Nam\u0131k Kemal T\u00fcyl\u00fcce\",\"url\":\"http:\/\/namikkemaltuyluce.av.tr\/\",\"logo\":{\"@type\":\"ImageObject\",\"inLanguage\":\"tr\",\"@id\":\"http:\/\/namikkemaltuyluce.av.tr\/#\/schema\/logo\/image\/\",\"url\":\"https:\/\/namikkemaltuyluce.av.tr\/wp-content\/uploads\/2023\/01\/hukuk.png\",\"contentUrl\":\"https:\/\/namikkemaltuyluce.av.tr\/wp-content\/uploads\/2023\/01\/hukuk.png\",\"width\":400,\"height\":300,\"caption\":\"Arabulucu ve Avukat Nam\u0131k Kemal T\u00fcyl\u00fcce\"},\"image\":{\"@id\":\"http:\/\/namikkemaltuyluce.av.tr\/#\/schema\/logo\/image\/\"}}]}<\/script>\n<!-- \/ Yoast SEO plugin. -->","yoast_head_json":{"title":"Sosyal G\u00fcvenlik Hukuku - Nam\u0131k Kemal T\u00fcyl\u00fcce","robots":{"index":"index","follow":"follow","max-snippet":"max-snippet:-1","max-image-preview":"max-image-preview:large","max-video-preview":"max-video-preview:-1"},"canonical":"https:\/\/namikkemaltuyluce.av.tr\/?page_id=133","og_locale":"tr_TR","og_type":"article","og_title":"Sosyal G\u00fcvenlik Hukuku - Nam\u0131k Kemal T\u00fcyl\u00fcce","og_description":"Sosyal G\u00fcvenlik Hukuku Nedir? \u0130nsan, bir arada ya\u015famak zorunda olan ve bir araya gelmesiyle bir topluluk olu\u015fturan bir varl\u0131kt\u0131r. \u0130nsano\u011flunun ya\u015fam\u0131n\u0131 idame ettirebilmesinin en temel \u015fartlar\u0131ndan bir tanesi, dayan\u0131\u015fma ruhudur. \u0130\u015fte bu anlay\u0131\u015ftan yola \u00e7\u0131kan kanun koyucu, devletin sosyal bir anlay\u0131\u015f geli\u015ftirmesi gerekti\u011fini ve insanlar\u0131n devletin birer vatanda\u015f\u0131 olarak bir tak\u0131m vazge\u00e7ilmez haklara sahip olmas\u0131 [&hellip;]","og_url":"https:\/\/namikkemaltuyluce.av.tr\/?page_id=133","og_site_name":"Nam\u0131k Kemal T\u00fcyl\u00fcce","twitter_card":"summary_large_image","twitter_misc":{"Tahmini okuma s\u00fcresi":"3 dakika"},"schema":{"@context":"https:\/\/schema.org","@graph":[{"@type":"WebPage","@id":"https:\/\/namikkemaltuyluce.av.tr\/?page_id=133","url":"https:\/\/namikkemaltuyluce.av.tr\/?page_id=133","name":"Sosyal G\u00fcvenlik Hukuku - Nam\u0131k Kemal T\u00fcyl\u00fcce","isPartOf":{"@id":"http:\/\/namikkemaltuyluce.av.tr\/#website"},"datePublished":"2023-06-05T13:08:48+00:00","dateModified":"2023-06-05T13:08:48+00:00","breadcrumb":{"@id":"https:\/\/namikkemaltuyluce.av.tr\/?page_id=133#breadcrumb"},"inLanguage":"tr","potentialAction":[{"@type":"ReadAction","target":["https:\/\/namikkemaltuyluce.av.tr\/?page_id=133"]}]},{"@type":"BreadcrumbList","@id":"https:\/\/namikkemaltuyluce.av.tr\/?page_id=133#breadcrumb","itemListElement":[{"@type":"ListItem","position":1,"name":"Anasayfa","item":"http:\/\/namikkemaltuyluce.av.tr\/"},{"@type":"ListItem","position":2,"name":"Sosyal G\u00fcvenlik Hukuku"}]},{"@type":"WebSite","@id":"http:\/\/namikkemaltuyluce.av.tr\/#website","url":"http:\/\/namikkemaltuyluce.av.tr\/","name":"Nam\u0131k Kemal T\u00fcyl\u00fcce","description":"","publisher":{"@id":"http:\/\/namikkemaltuyluce.av.tr\/#organization"},"potentialAction":[{"@type":"SearchAction","target":{"@type":"EntryPoint","urlTemplate":"http:\/\/namikkemaltuyluce.av.tr\/?s={search_term_string}"},"query-input":"required name=search_term_string"}],"inLanguage":"tr"},{"@type":"Organization","@id":"http:\/\/namikkemaltuyluce.av.tr\/#organization","name":"Arabulucu ve Avukat Nam\u0131k Kemal T\u00fcyl\u00fcce","url":"http:\/\/namikkemaltuyluce.av.tr\/","logo":{"@type":"ImageObject","inLanguage":"tr","@id":"http:\/\/namikkemaltuyluce.av.tr\/#\/schema\/logo\/image\/","url":"https:\/\/namikkemaltuyluce.av.tr\/wp-content\/uploads\/2023\/01\/hukuk.png","contentUrl":"https:\/\/namikkemaltuyluce.av.tr\/wp-content\/uploads\/2023\/01\/hukuk.png","width":400,"height":300,"caption":"Arabulucu ve Avukat Nam\u0131k Kemal T\u00fcyl\u00fcce"},"image":{"@id":"http:\/\/namikkemaltuyluce.av.tr\/#\/schema\/logo\/image\/"}}]}},"_links":{"self":[{"href":"https:\/\/namikkemaltuyluce.av.tr\/index.php?rest_route=\/wp\/v2\/pages\/133","targetHints":{"allow":["GET"]}}],"collection":[{"href":"https:\/\/namikkemaltuyluce.av.tr\/index.php?rest_route=\/wp\/v2\/pages"}],"about":[{"href":"https:\/\/namikkemaltuyluce.av.tr\/index.php?rest_route=\/wp\/v2\/types\/page"}],"author":[{"embeddable":true,"href":"https:\/\/namikkemaltuyluce.av.tr\/index.php?rest_route=\/wp\/v2\/users\/1"}],"replies":[{"embeddable":true,"href":"https:\/\/namikkemaltuyluce.av.tr\/index.php?rest_route=%2Fwp%2Fv2%2Fcomments&post=133"}],"version-history":[{"count":1,"href":"https:\/\/namikkemaltuyluce.av.tr\/index.php?rest_route=\/wp\/v2\/pages\/133\/revisions"}],"predecessor-version":[{"id":134,"href":"https:\/\/namikkemaltuyluce.av.tr\/index.php?rest_route=\/wp\/v2\/pages\/133\/revisions\/134"}],"wp:attachment":[{"href":"https:\/\/namikkemaltuyluce.av.tr\/index.php?rest_route=%2Fwp%2Fv2%2Fmedia&parent=133"}],"curies":[{"name":"wp","href":"https:\/\/api.w.org\/{rel}","templated":true}]}}