{"id":136,"date":"2023-06-05T16:14:59","date_gmt":"2023-06-05T13:14:59","guid":{"rendered":"https:\/\/namikkemaltuyluce.av.tr\/?page_id=136"},"modified":"2023-06-05T16:14:59","modified_gmt":"2023-06-05T13:14:59","slug":"kisilere-karsi-suclar","status":"publish","type":"page","link":"https:\/\/namikkemaltuyluce.av.tr\/?page_id=136","title":{"rendered":"Ki\u015filere Kar\u015f\u0131 Su\u00e7lar"},"content":{"rendered":"\n<p>\u00dclkemizde ceza hukuku k\u00f6kenli yap\u0131lan soru\u015fturma ve kovu\u015fturmalar\u0131n b\u00fcy\u00fck bir b\u00f6l\u00fcm\u00fcn\u00fc ki\u015filere kar\u015f\u0131 su\u00e7lar olu\u015fturmaktad\u0131r. Ki\u015filerin g\u00fcvenli\u011finin korunmas\u0131, T\u00fcrkiye Cumhuriyeti Devleti&#8217;nin bizzat Anayasa&#8217;yla \u00fcstlendi\u011fi y\u00fck\u00fcml\u00fcl\u00fckleri aras\u0131nda bulunmakta olup, vatanda\u015flar\u0131n g\u00fcvenli\u011finin sa\u011flanabilmesi ceza hukukuyla m\u00fcmk\u00fcnd\u00fcr.<\/p>\n\n\n\n<p>T\u00fcrk Ceza Kanunu&#8217;nun ikinci kitab\u0131 \u00f6zel h\u00fck\u00fcmleri i\u00e7ermekte olup, s\u00f6z konusu bu ikinci kitab\u0131n birinci k\u0131sm\u0131nda uluslararas\u0131 su\u00e7lar d\u00fczenlenmi\u015f ve hemen ard\u0131ndan ikinci k\u0131s\u0131mda ki\u015filere kar\u015f\u0131 su\u00e7lar d\u00fczenlenmi\u015ftir. T\u00fcrkiye Cumhuriyeti Devleti&#8217;nin yarg\u0131lama yetkisi \u00e7er\u00e7evesinde ki\u015filerin birbirlerine kar\u015f\u0131 i\u015fledikleri su\u00e7lar\u0131n tan\u0131mlar\u0131 ve bu su\u00e7lara kar\u015f\u0131 \u00f6ng\u00f6r\u00fclm\u00fc\u015f durumda bulunan cezalar bu b\u00f6l\u00fcmde d\u00fczenlenmektedir.<\/p>\n\n\n\n<p>S\u00f6z konusu k\u0131s\u0131mda d\u00fczenlenen su\u00e7larla ilgili; su\u00e7un tan\u0131m\u0131 ve su\u00e7 olu\u015ftu\u011funun kabul\u00fc i\u00e7in mutlaka bulunmas\u0131 gereken unsurlar, su\u00e7un nitelikli halleri, su\u00e7a kar\u015f\u0131 \u00f6ng\u00f6r\u00fclm\u00fc\u015f olan cezan\u0131n alt s\u0131n\u0131r\u0131 ve \u00fcst s\u0131n\u0131r\u0131 ayr\u0131 ayr\u0131 belirtilmi\u015ftir.<\/p>\n\n\n\n<p>Kanunda ki\u015filere kar\u015f\u0131 su\u00e7lar k\u0131sm\u0131nda d\u00fczenlenen su\u00e7 tipleri \u015funlard\u0131r:<\/p>\n\n\n\n<ul class=\"wp-block-list\">\n<li>Kasten \u00f6ld\u00fcrme,<\/li>\n\n\n\n<li>\u0130ntihara y\u00f6nlendirme,<\/li>\n\n\n\n<li>Taksirle \u00f6ld\u00fcrme,<\/li>\n\n\n\n<li>Kasten yaralama,<\/li>\n\n\n\n<li>Taksirle yaralama,<\/li>\n\n\n\n<li>\u0130nsan \u00fczerinde deney,<\/li>\n\n\n\n<li>Organ veya doku ticareti,<\/li>\n\n\n\n<li>\u0130\u015fkence,<\/li>\n\n\n\n<li>Eziyet,<\/li>\n\n\n\n<li>Terk,<\/li>\n\n\n\n<li>Yard\u0131m veya bildirim y\u00fck\u00fcml\u00fcl\u00fc\u011f\u00fcn\u00fcn yerine getirilmemesi,<\/li>\n\n\n\n<li>\u00c7ocuk d\u00fc\u015f\u00fcrtme ve \u00e7ocuk d\u00fc\u015f\u00fcrme,<\/li>\n\n\n\n<li>K\u0131s\u0131rla\u015ft\u0131rma,<\/li>\n\n\n\n<li>Cinsel sald\u0131r\u0131,<\/li>\n\n\n\n<li>\u00c7ocuklar\u0131n cinsel istismar\u0131,<\/li>\n\n\n\n<li>Re\u015fit olmayanla cinsel ili\u015fki,<\/li>\n\n\n\n<li>Cinsel taciz,<\/li>\n\n\n\n<li>Tehdit,<\/li>\n\n\n\n<li>\u015eantaj,<\/li>\n\n\n\n<li>Cebir,<\/li>\n\n\n\n<li>Ki\u015fiyi h\u00fcrriyetinden yoksun k\u0131lma,<\/li>\n\n\n\n<li>E\u011fitim ve \u00f6\u011fretim hakk\u0131n\u0131n engellenmesi,<\/li>\n\n\n\n<li>Kamu hizmetlerinden yararlanma hakk\u0131n\u0131n engellenmesi,<\/li>\n\n\n\n<li>Siyasi haklar\u0131n kullan\u0131lmas\u0131n\u0131n engellenmesi,<\/li>\n\n\n\n<li>\u0130nan\u00e7, d\u00fc\u015f\u00fcnce ve kanaat h\u00fcrriyetinin kullan\u0131lmas\u0131n\u0131 engelleme,<\/li>\n\n\n\n<li>Konut dokunulmazl\u0131\u011f\u0131n\u0131n ihlali,<\/li>\n\n\n\n<li>\u0130\u015f ve \u00e7al\u0131\u015fma h\u00fcrriyetinin ihlali,<\/li>\n\n\n\n<li>Sendikal haklar\u0131n kullan\u0131lmas\u0131n\u0131n engellenmesi,<\/li>\n\n\n\n<li>Haks\u0131z arama,<\/li>\n\n\n\n<li>Dilek\u00e7e hakk\u0131n\u0131n kullan\u0131lmas\u0131n\u0131n engellenmesi,<\/li>\n\n\n\n<li>Nefret ve ay\u0131r\u0131mc\u0131l\u0131k,<\/li>\n\n\n\n<li>Ki\u015filerin huzur ve s\u00fckununu bozma,<\/li>\n\n\n\n<li>Haberle\u015fmenin engellenmesi ve gizlili\u011fini ihlali,<\/li>\n\n\n\n<li>Ki\u015filer aras\u0131ndaki konu\u015fmalar\u0131n dinlenmesi ve kayda al\u0131nmas\u0131,<\/li>\n\n\n\n<li>Hakaret,<\/li>\n\n\n\n<li>\u00d6zel hayat\u0131n gizlili\u011fini ihlal,<\/li>\n\n\n\n<li>Ki\u015fisel verilerin kaydedilmesi,<\/li>\n\n\n\n<li>Verileri hukuka ayk\u0131r\u0131 olarak verme veya ele ge\u00e7irme,<\/li>\n\n\n\n<li>H\u0131rs\u0131zl\u0131k,<\/li>\n\n\n\n<li>Ya\u011fma,<\/li>\n\n\n\n<li>Mala zarar verme,<\/li>\n\n\n\n<li>Hakk\u0131 olmayan yere tecav\u00fcz,<\/li>\n\n\n\n<li>G\u00fcveni k\u00f6t\u00fcye kullanma,<\/li>\n\n\n\n<li>Bedelsiz senedi kullanma,<\/li>\n\n\n\n<li>Doland\u0131r\u0131c\u0131l\u0131k,<\/li>\n\n\n\n<li>Hileli ifl\u00e2s,<\/li>\n\n\n\n<li>Di\u011fer su\u00e7lar<\/li>\n<\/ul>\n\n\n\n<p><em>Say\u0131lan i\u015fler ve su\u00e7 tipleri genel anlamda ve \u00f6rnekleyici olup, ceza hukukuna ili\u015fkin her mahkemede ve her su\u00e7 bak\u0131m\u0131ndan avukatl\u0131k hizmeti verilmektedir.<br>Detayl\u0131 bilgi i\u00e7in randevu talep ediniz.<\/em><\/p>\n","protected":false},"excerpt":{"rendered":"<p>\u00dclkemizde ceza hukuku k\u00f6kenli yap\u0131lan soru\u015fturma ve kovu\u015fturmalar\u0131n b\u00fcy\u00fck bir b\u00f6l\u00fcm\u00fcn\u00fc ki\u015filere kar\u015f\u0131 su\u00e7lar olu\u015fturmaktad\u0131r. Ki\u015filerin g\u00fcvenli\u011finin korunmas\u0131, T\u00fcrkiye Cumhuriyeti Devleti&#8217;nin bizzat Anayasa&#8217;yla \u00fcstlendi\u011fi y\u00fck\u00fcml\u00fcl\u00fckleri aras\u0131nda bulunmakta olup, vatanda\u015flar\u0131n g\u00fcvenli\u011finin sa\u011flanabilmesi ceza hukukuyla m\u00fcmk\u00fcnd\u00fcr. T\u00fcrk Ceza Kanunu&#8217;nun ikinci kitab\u0131 \u00f6zel h\u00fck\u00fcmleri i\u00e7ermekte olup, s\u00f6z konusu bu ikinci kitab\u0131n birinci k\u0131sm\u0131nda uluslararas\u0131 su\u00e7lar d\u00fczenlenmi\u015f ve hemen [&hellip;]<\/p>\n","protected":false},"author":1,"featured_media":0,"parent":0,"menu_order":0,"comment_status":"closed","ping_status":"closed","template":"","meta":{"footnotes":""},"class_list":["post-136","page","type-page","status-publish","hentry"],"yoast_head":"<!-- This site is optimized with the Yoast SEO plugin v20.12 - https:\/\/yoast.com\/wordpress\/plugins\/seo\/ -->\n<title>Ki\u015filere Kar\u015f\u0131 Su\u00e7lar - Nam\u0131k Kemal T\u00fcyl\u00fcce<\/title>\n<meta name=\"robots\" content=\"index, follow, max-snippet:-1, max-image-preview:large, max-video-preview:-1\" \/>\n<link rel=\"canonical\" href=\"https:\/\/namikkemaltuyluce.av.tr\/?page_id=136\" \/>\n<meta property=\"og:locale\" content=\"tr_TR\" \/>\n<meta property=\"og:type\" content=\"article\" \/>\n<meta property=\"og:title\" content=\"Ki\u015filere Kar\u015f\u0131 Su\u00e7lar - Nam\u0131k Kemal T\u00fcyl\u00fcce\" \/>\n<meta property=\"og:description\" content=\"\u00dclkemizde ceza hukuku k\u00f6kenli yap\u0131lan soru\u015fturma ve kovu\u015fturmalar\u0131n b\u00fcy\u00fck bir b\u00f6l\u00fcm\u00fcn\u00fc ki\u015filere kar\u015f\u0131 su\u00e7lar olu\u015fturmaktad\u0131r. Ki\u015filerin g\u00fcvenli\u011finin korunmas\u0131, T\u00fcrkiye Cumhuriyeti Devleti&#8217;nin bizzat Anayasa&#8217;yla \u00fcstlendi\u011fi y\u00fck\u00fcml\u00fcl\u00fckleri aras\u0131nda bulunmakta olup, vatanda\u015flar\u0131n g\u00fcvenli\u011finin sa\u011flanabilmesi ceza hukukuyla m\u00fcmk\u00fcnd\u00fcr. T\u00fcrk Ceza Kanunu&#8217;nun ikinci kitab\u0131 \u00f6zel h\u00fck\u00fcmleri i\u00e7ermekte olup, s\u00f6z konusu bu ikinci kitab\u0131n birinci k\u0131sm\u0131nda uluslararas\u0131 su\u00e7lar d\u00fczenlenmi\u015f ve hemen [&hellip;]\" \/>\n<meta property=\"og:url\" content=\"https:\/\/namikkemaltuyluce.av.tr\/?page_id=136\" \/>\n<meta property=\"og:site_name\" content=\"Nam\u0131k Kemal T\u00fcyl\u00fcce\" \/>\n<meta name=\"twitter:card\" content=\"summary_large_image\" \/>\n<meta name=\"twitter:label1\" content=\"Tahmini okuma s\u00fcresi\" \/>\n\t<meta name=\"twitter:data1\" content=\"2 dakika\" \/>\n<script type=\"application\/ld+json\" class=\"yoast-schema-graph\">{\"@context\":\"https:\/\/schema.org\",\"@graph\":[{\"@type\":\"WebPage\",\"@id\":\"https:\/\/namikkemaltuyluce.av.tr\/?page_id=136\",\"url\":\"https:\/\/namikkemaltuyluce.av.tr\/?page_id=136\",\"name\":\"Ki\u015filere Kar\u015f\u0131 Su\u00e7lar - Nam\u0131k Kemal T\u00fcyl\u00fcce\",\"isPartOf\":{\"@id\":\"http:\/\/namikkemaltuyluce.av.tr\/#website\"},\"datePublished\":\"2023-06-05T13:14:59+00:00\",\"dateModified\":\"2023-06-05T13:14:59+00:00\",\"breadcrumb\":{\"@id\":\"https:\/\/namikkemaltuyluce.av.tr\/?page_id=136#breadcrumb\"},\"inLanguage\":\"tr\",\"potentialAction\":[{\"@type\":\"ReadAction\",\"target\":[\"https:\/\/namikkemaltuyluce.av.tr\/?page_id=136\"]}]},{\"@type\":\"BreadcrumbList\",\"@id\":\"https:\/\/namikkemaltuyluce.av.tr\/?page_id=136#breadcrumb\",\"itemListElement\":[{\"@type\":\"ListItem\",\"position\":1,\"name\":\"Anasayfa\",\"item\":\"http:\/\/namikkemaltuyluce.av.tr\/\"},{\"@type\":\"ListItem\",\"position\":2,\"name\":\"Ki\u015filere Kar\u015f\u0131 Su\u00e7lar\"}]},{\"@type\":\"WebSite\",\"@id\":\"http:\/\/namikkemaltuyluce.av.tr\/#website\",\"url\":\"http:\/\/namikkemaltuyluce.av.tr\/\",\"name\":\"Nam\u0131k Kemal T\u00fcyl\u00fcce\",\"description\":\"\",\"publisher\":{\"@id\":\"http:\/\/namikkemaltuyluce.av.tr\/#organization\"},\"potentialAction\":[{\"@type\":\"SearchAction\",\"target\":{\"@type\":\"EntryPoint\",\"urlTemplate\":\"http:\/\/namikkemaltuyluce.av.tr\/?s={search_term_string}\"},\"query-input\":\"required name=search_term_string\"}],\"inLanguage\":\"tr\"},{\"@type\":\"Organization\",\"@id\":\"http:\/\/namikkemaltuyluce.av.tr\/#organization\",\"name\":\"Arabulucu ve Avukat Nam\u0131k Kemal T\u00fcyl\u00fcce\",\"url\":\"http:\/\/namikkemaltuyluce.av.tr\/\",\"logo\":{\"@type\":\"ImageObject\",\"inLanguage\":\"tr\",\"@id\":\"http:\/\/namikkemaltuyluce.av.tr\/#\/schema\/logo\/image\/\",\"url\":\"https:\/\/namikkemaltuyluce.av.tr\/wp-content\/uploads\/2023\/01\/hukuk.png\",\"contentUrl\":\"https:\/\/namikkemaltuyluce.av.tr\/wp-content\/uploads\/2023\/01\/hukuk.png\",\"width\":400,\"height\":300,\"caption\":\"Arabulucu ve Avukat Nam\u0131k Kemal T\u00fcyl\u00fcce\"},\"image\":{\"@id\":\"http:\/\/namikkemaltuyluce.av.tr\/#\/schema\/logo\/image\/\"}}]}<\/script>\n<!-- \/ Yoast SEO plugin. -->","yoast_head_json":{"title":"Ki\u015filere Kar\u015f\u0131 Su\u00e7lar - Nam\u0131k Kemal T\u00fcyl\u00fcce","robots":{"index":"index","follow":"follow","max-snippet":"max-snippet:-1","max-image-preview":"max-image-preview:large","max-video-preview":"max-video-preview:-1"},"canonical":"https:\/\/namikkemaltuyluce.av.tr\/?page_id=136","og_locale":"tr_TR","og_type":"article","og_title":"Ki\u015filere Kar\u015f\u0131 Su\u00e7lar - Nam\u0131k Kemal T\u00fcyl\u00fcce","og_description":"\u00dclkemizde ceza hukuku k\u00f6kenli yap\u0131lan soru\u015fturma ve kovu\u015fturmalar\u0131n b\u00fcy\u00fck bir b\u00f6l\u00fcm\u00fcn\u00fc ki\u015filere kar\u015f\u0131 su\u00e7lar olu\u015fturmaktad\u0131r. Ki\u015filerin g\u00fcvenli\u011finin korunmas\u0131, T\u00fcrkiye Cumhuriyeti Devleti&#8217;nin bizzat Anayasa&#8217;yla \u00fcstlendi\u011fi y\u00fck\u00fcml\u00fcl\u00fckleri aras\u0131nda bulunmakta olup, vatanda\u015flar\u0131n g\u00fcvenli\u011finin sa\u011flanabilmesi ceza hukukuyla m\u00fcmk\u00fcnd\u00fcr. T\u00fcrk Ceza Kanunu&#8217;nun ikinci kitab\u0131 \u00f6zel h\u00fck\u00fcmleri i\u00e7ermekte olup, s\u00f6z konusu bu ikinci kitab\u0131n birinci k\u0131sm\u0131nda uluslararas\u0131 su\u00e7lar d\u00fczenlenmi\u015f ve hemen [&hellip;]","og_url":"https:\/\/namikkemaltuyluce.av.tr\/?page_id=136","og_site_name":"Nam\u0131k Kemal T\u00fcyl\u00fcce","twitter_card":"summary_large_image","twitter_misc":{"Tahmini okuma s\u00fcresi":"2 dakika"},"schema":{"@context":"https:\/\/schema.org","@graph":[{"@type":"WebPage","@id":"https:\/\/namikkemaltuyluce.av.tr\/?page_id=136","url":"https:\/\/namikkemaltuyluce.av.tr\/?page_id=136","name":"Ki\u015filere Kar\u015f\u0131 Su\u00e7lar - Nam\u0131k Kemal T\u00fcyl\u00fcce","isPartOf":{"@id":"http:\/\/namikkemaltuyluce.av.tr\/#website"},"datePublished":"2023-06-05T13:14:59+00:00","dateModified":"2023-06-05T13:14:59+00:00","breadcrumb":{"@id":"https:\/\/namikkemaltuyluce.av.tr\/?page_id=136#breadcrumb"},"inLanguage":"tr","potentialAction":[{"@type":"ReadAction","target":["https:\/\/namikkemaltuyluce.av.tr\/?page_id=136"]}]},{"@type":"BreadcrumbList","@id":"https:\/\/namikkemaltuyluce.av.tr\/?page_id=136#breadcrumb","itemListElement":[{"@type":"ListItem","position":1,"name":"Anasayfa","item":"http:\/\/namikkemaltuyluce.av.tr\/"},{"@type":"ListItem","position":2,"name":"Ki\u015filere Kar\u015f\u0131 Su\u00e7lar"}]},{"@type":"WebSite","@id":"http:\/\/namikkemaltuyluce.av.tr\/#website","url":"http:\/\/namikkemaltuyluce.av.tr\/","name":"Nam\u0131k Kemal T\u00fcyl\u00fcce","description":"","publisher":{"@id":"http:\/\/namikkemaltuyluce.av.tr\/#organization"},"potentialAction":[{"@type":"SearchAction","target":{"@type":"EntryPoint","urlTemplate":"http:\/\/namikkemaltuyluce.av.tr\/?s={search_term_string}"},"query-input":"required name=search_term_string"}],"inLanguage":"tr"},{"@type":"Organization","@id":"http:\/\/namikkemaltuyluce.av.tr\/#organization","name":"Arabulucu ve Avukat Nam\u0131k Kemal T\u00fcyl\u00fcce","url":"http:\/\/namikkemaltuyluce.av.tr\/","logo":{"@type":"ImageObject","inLanguage":"tr","@id":"http:\/\/namikkemaltuyluce.av.tr\/#\/schema\/logo\/image\/","url":"https:\/\/namikkemaltuyluce.av.tr\/wp-content\/uploads\/2023\/01\/hukuk.png","contentUrl":"https:\/\/namikkemaltuyluce.av.tr\/wp-content\/uploads\/2023\/01\/hukuk.png","width":400,"height":300,"caption":"Arabulucu ve Avukat Nam\u0131k Kemal T\u00fcyl\u00fcce"},"image":{"@id":"http:\/\/namikkemaltuyluce.av.tr\/#\/schema\/logo\/image\/"}}]}},"_links":{"self":[{"href":"https:\/\/namikkemaltuyluce.av.tr\/index.php?rest_route=\/wp\/v2\/pages\/136","targetHints":{"allow":["GET"]}}],"collection":[{"href":"https:\/\/namikkemaltuyluce.av.tr\/index.php?rest_route=\/wp\/v2\/pages"}],"about":[{"href":"https:\/\/namikkemaltuyluce.av.tr\/index.php?rest_route=\/wp\/v2\/types\/page"}],"author":[{"embeddable":true,"href":"https:\/\/namikkemaltuyluce.av.tr\/index.php?rest_route=\/wp\/v2\/users\/1"}],"replies":[{"embeddable":true,"href":"https:\/\/namikkemaltuyluce.av.tr\/index.php?rest_route=%2Fwp%2Fv2%2Fcomments&post=136"}],"version-history":[{"count":1,"href":"https:\/\/namikkemaltuyluce.av.tr\/index.php?rest_route=\/wp\/v2\/pages\/136\/revisions"}],"predecessor-version":[{"id":137,"href":"https:\/\/namikkemaltuyluce.av.tr\/index.php?rest_route=\/wp\/v2\/pages\/136\/revisions\/137"}],"wp:attachment":[{"href":"https:\/\/namikkemaltuyluce.av.tr\/index.php?rest_route=%2Fwp%2Fv2%2Fmedia&parent=136"}],"curies":[{"name":"wp","href":"https:\/\/api.w.org\/{rel}","templated":true}]}}