{"id":140,"date":"2023-06-05T16:17:16","date_gmt":"2023-06-05T13:17:16","guid":{"rendered":"https:\/\/namikkemaltuyluce.av.tr\/?page_id=140"},"modified":"2023-06-05T16:17:16","modified_gmt":"2023-06-05T13:17:16","slug":"uluslararasi-suclar","status":"publish","type":"page","link":"https:\/\/namikkemaltuyluce.av.tr\/?page_id=140","title":{"rendered":"Uluslararas\u0131 Su\u00e7lar"},"content":{"rendered":"\n<p>T\u00fcrk Ceza Kanunu&#8217;nun 76. maddesi ile 80. maddesi aras\u0131ndaki d\u00fczenleme, &#8220;Uluslararas\u0131 Su\u00e7lar&#8221; ba\u015fl\u0131\u011f\u0131n\u0131 ta\u015f\u0131maktad\u0131r. S\u00f6z konusu bu d\u00fczenleme i\u00e7erisinde &#8220;soyk\u0131r\u0131m&#8221;, &#8220;insanl\u0131\u011fa kar\u015f\u0131 su\u00e7lar&#8221;, &#8220;g\u00f6\u00e7men ka\u00e7ak\u00e7\u0131l\u0131\u011f\u0131&#8221; ve &#8220;insan ticareti&#8221; alt ba\u015fl\u0131klar\u0131yla d\u00fczenlenen su\u00e7 tipleri mevcuttur.<\/p>\n\n\n\n<p>Sava\u015f su\u00e7lar\u0131 ve sald\u0131r\u0131 su\u00e7u da say\u0131lan su\u00e7 tipleri gibi uluslararas\u0131 su\u00e7lardand\u0131r. Say\u0131lan su\u00e7 tipleri aras\u0131nda yer alan &#8220;insanl\u0131\u011fa kar\u015f\u0131 su\u00e7lar&#8221; di\u011fer su\u00e7 tiplerine nazaran uygulamada daha s\u0131k kar\u015f\u0131la\u015f\u0131lan su\u00e7 tiplerindendir. \u0130nsanl\u0131\u011fa kar\u015f\u0131 su\u00e7lar\u0131n en b\u00fcy\u00fck \u00f6zelli\u011fi, Uluslararas\u0131 Ceza Mahkemesi&#8217;nin bu su\u00e7larla ilgili yarg\u0131lama yetkisine sahip olmas\u0131d\u0131r.<\/p>\n\n\n\n<p>\u0130nsanl\u0131\u011fa kar\u015f\u0131 su\u00e7lar\u0131, TCK&#8217;nun 76. maddesindeki s\u0131ralamaya uygun bir bi\u00e7imde a\u015fa\u011f\u0131daki \u015fekilde listelemek m\u00fcmk\u00fcnd\u00fcr:<\/p>\n\n\n\n<ol class=\"wp-block-list\">\n<li>Kasten \u00f6ld\u00fcrme.<\/li>\n\n\n\n<li>Kasten yaralama.<\/li>\n\n\n\n<li>\u0130\u015fkence, eziyet veya k\u00f6lele\u015ftirme.<\/li>\n\n\n\n<li>Ki\u015fi h\u00fcrriyetinden yoksun k\u0131lma.<\/li>\n\n\n\n<li>Bilimsel deneylere t\u00e2bi k\u0131lma.<\/li>\n\n\n\n<li>Cinsel sald\u0131r\u0131da bulunma, \u00e7ocuklar\u0131n cinsel istismar\u0131.<\/li>\n\n\n\n<li>Zorla hamile b\u0131rakma.<\/li>\n\n\n\n<li>Zorla fuh\u015fa sevketme.<\/li>\n<\/ol>\n\n\n\n<p>Say\u0131lan bu su\u00e7 tiplerinin en b\u00fcy\u00fck \u00f6zelli\u011fi, bu su\u00e7lar i\u00e7in zamana\u015f\u0131m\u0131n\u0131n i\u015flememesidir. \u00d6te yandan bu su\u00e7 tipleri bak\u0131m\u0131ndan kanunda say\u0131lan baz\u0131 nitelikli haller de mevcuttur. Ayr\u0131ca bu su\u00e7lar\u0131n \u00f6rg\u00fctl\u00fc bir \u015fekilde i\u015flenmesi halinde de ayr\u0131 bir \u00f6rg\u00fct cezas\u0131 d\u00fczenlenmi\u015ftir.<\/p>\n\n\n\n<p>Yukar\u0131da say\u0131lan su\u00e7 tiplerinin yan\u0131 s\u0131ra g\u00f6\u00e7men ka\u00e7ak\u00e7\u0131l\u0131\u011f\u0131 ve insan ticareti su\u00e7lar\u0131 da uluslararas\u0131 su\u00e7lardand\u0131r. Buna g\u00f6re, do\u011frudan do\u011fruya veya dolayl\u0131 olarak madd\u00ee menfaat elde etmek maksad\u0131yla, yasal olmayan yollardan;<\/p>\n\n\n\n<ol class=\"wp-block-list\">\n<li>Bir yabanc\u0131y\u0131 \u00fclkeye sokan veya \u00fclkede kalmas\u0131na imk\u00e2n sa\u011flayan,<\/li>\n\n\n\n<li>T\u00fcrk vatanda\u015f\u0131 veya yabanc\u0131n\u0131n yurt d\u0131\u015f\u0131na \u00e7\u0131kmas\u0131na imk\u00e2n sa\u011flayan,<\/li>\n<\/ol>\n\n\n\n<p>g\u00f6\u00e7men ka\u00e7ak\u00e7\u0131l\u0131\u011f\u0131 su\u00e7unu i\u015flemi\u015f say\u0131l\u0131r. Su\u00e7un \u00f6rg\u00fctl\u00fc i\u015flenmesi de, insanl\u0131\u011fa kar\u015f\u0131 su\u00e7lara benzer bir d\u00fczenlemeyle su\u00e7un nitelikli hali olarak say\u0131lm\u0131\u015ft\u0131r.<\/p>\n\n\n\n<p>Zorla \u00e7al\u0131\u015ft\u0131rmak veya hizmet ettirmek, esarete veya benzer\u00ee uygulamalara t\u00e2bi k\u0131lmak, v\u00fccut organlar\u0131n\u0131n verilmesini sa\u011flamak maksad\u0131yla tehdit, bask\u0131, cebir veya \u015fiddet uygulamak, n\u00fcfuzu k\u00f6t\u00fcye kullanmak, kand\u0131rmak veya ki\u015filer \u00fczerindeki denetim olanaklar\u0131ndan veya \u00e7aresizliklerinden yararlanarak r\u0131zalar\u0131n\u0131 elde etmek suretiyle ki\u015filerin tedarik edilmesi, ka\u00e7\u0131r\u0131lmas\u0131, bir yerden ba\u015fka bir yere g\u00f6t\u00fcr\u00fclmesi veya sevk edilmesi ise insan ticareti su\u00e7unu olu\u015fturmaktad\u0131r.<\/p>\n\n\n\n<p>B\u00fcromuz b\u00fcnyesinde uluslararas\u0131 su\u00e7lar bak\u0131m\u0131ndan avukatl\u0131k hizmeti verilen i\u015fler genel olarak \u015fu \u015fekilde say\u0131labilmektedir:<\/p>\n\n\n\n<p>Yukar\u0131da say\u0131lan su\u00e7lar bak\u0131m\u0131ndan ma\u011fdur olan \u015fah\u0131slar ad\u0131na a\u015fa\u011f\u0131daki avukatl\u0131k hizmetleri verilmektedir:<\/p>\n\n\n\n<ul class=\"wp-block-list\">\n<li>Say\u0131lan su\u00e7 tipleri bak\u0131m\u0131ndan \u015fikayet ve su\u00e7 duyurusu dilek\u00e7elerinin haz\u0131rlanmas\u0131,<\/li>\n\n\n\n<li>Say\u0131lan su\u00e7 tipleri bak\u0131m\u0131ndan Savc\u0131l\u0131k soru\u015fturmas\u0131 s\u00fcrecinin takibi,<\/li>\n\n\n\n<li>\u0130fadelere kat\u0131lma,<\/li>\n\n\n\n<li>Ceza davas\u0131n\u0131n a\u00e7\u0131lmas\u0131 ve ma\u011fdur ve kat\u0131lan s\u0131fatlar\u0131yla ceza davas\u0131n\u0131n takibi.<\/li>\n<\/ul>\n\n\n\n<p>Yukar\u0131da say\u0131lan su\u00e7lar bak\u0131m\u0131ndan san\u0131k olarak yarg\u0131lanacak veya yarg\u0131lanan \u015fah\u0131slar ad\u0131na a\u015fa\u011f\u0131daki avukatl\u0131k hizmetleri verilmektedir:<\/p>\n\n\n\n<ul class=\"wp-block-list\">\n<li>Say\u0131lan su\u00e7 tipleri bak\u0131m\u0131ndan Savc\u0131l\u0131k soru\u015fturmas\u0131 s\u00fcrecinin takibi,<\/li>\n\n\n\n<li>Kolluk veya savc\u0131l\u0131k a\u015famas\u0131nda ifadelere kat\u0131lma,<\/li>\n\n\n\n<li>Tutuklama karar\u0131 verilmi\u015f olmas\u0131 halinde tahliye talebinde bulunma,<\/li>\n\n\n\n<li>Ceza davas\u0131 a\u00e7\u0131lm\u0131\u015fsa san\u0131k m\u00fcdafii s\u0131fat\u0131yla savunma yap\u0131lmas\u0131 ve davan\u0131n takibi.<\/li>\n<\/ul>\n\n\n\n<p><em>Say\u0131lan i\u015fler genel anlamda ve \u00f6rnekleyici olup, uluslararas\u0131 su\u00e7lara ili\u015fkin her t\u00fcrl\u00fc dava bak\u0131m\u0131ndan avukatl\u0131k hizmeti verilmektedir.<br>Detayl\u0131 bilgi i\u00e7in randevu talep ediniz.<\/em><\/p>\n","protected":false},"excerpt":{"rendered":"<p>T\u00fcrk Ceza Kanunu&#8217;nun 76. maddesi ile 80. maddesi aras\u0131ndaki d\u00fczenleme, &#8220;Uluslararas\u0131 Su\u00e7lar&#8221; ba\u015fl\u0131\u011f\u0131n\u0131 ta\u015f\u0131maktad\u0131r. S\u00f6z konusu bu d\u00fczenleme i\u00e7erisinde &#8220;soyk\u0131r\u0131m&#8221;, &#8220;insanl\u0131\u011fa kar\u015f\u0131 su\u00e7lar&#8221;, &#8220;g\u00f6\u00e7men ka\u00e7ak\u00e7\u0131l\u0131\u011f\u0131&#8221; ve &#8220;insan ticareti&#8221; alt ba\u015fl\u0131klar\u0131yla d\u00fczenlenen su\u00e7 tipleri mevcuttur. Sava\u015f su\u00e7lar\u0131 ve sald\u0131r\u0131 su\u00e7u da say\u0131lan su\u00e7 tipleri gibi uluslararas\u0131 su\u00e7lardand\u0131r. Say\u0131lan su\u00e7 tipleri aras\u0131nda yer alan &#8220;insanl\u0131\u011fa kar\u015f\u0131 su\u00e7lar&#8221; [&hellip;]<\/p>\n","protected":false},"author":1,"featured_media":0,"parent":0,"menu_order":0,"comment_status":"closed","ping_status":"closed","template":"","meta":{"footnotes":""},"class_list":["post-140","page","type-page","status-publish","hentry"],"yoast_head":"<!-- This site is optimized with the Yoast SEO plugin v20.12 - https:\/\/yoast.com\/wordpress\/plugins\/seo\/ -->\n<title>Uluslararas\u0131 Su\u00e7lar - Nam\u0131k Kemal T\u00fcyl\u00fcce<\/title>\n<meta name=\"robots\" content=\"index, follow, max-snippet:-1, max-image-preview:large, max-video-preview:-1\" \/>\n<link rel=\"canonical\" href=\"https:\/\/namikkemaltuyluce.av.tr\/?page_id=140\" \/>\n<meta property=\"og:locale\" content=\"tr_TR\" \/>\n<meta property=\"og:type\" content=\"article\" \/>\n<meta property=\"og:title\" content=\"Uluslararas\u0131 Su\u00e7lar - Nam\u0131k Kemal T\u00fcyl\u00fcce\" \/>\n<meta property=\"og:description\" content=\"T\u00fcrk Ceza Kanunu&#8217;nun 76. maddesi ile 80. maddesi aras\u0131ndaki d\u00fczenleme, &#8220;Uluslararas\u0131 Su\u00e7lar&#8221; ba\u015fl\u0131\u011f\u0131n\u0131 ta\u015f\u0131maktad\u0131r. S\u00f6z konusu bu d\u00fczenleme i\u00e7erisinde &#8220;soyk\u0131r\u0131m&#8221;, &#8220;insanl\u0131\u011fa kar\u015f\u0131 su\u00e7lar&#8221;, &#8220;g\u00f6\u00e7men ka\u00e7ak\u00e7\u0131l\u0131\u011f\u0131&#8221; ve &#8220;insan ticareti&#8221; alt ba\u015fl\u0131klar\u0131yla d\u00fczenlenen su\u00e7 tipleri mevcuttur. Sava\u015f su\u00e7lar\u0131 ve sald\u0131r\u0131 su\u00e7u da say\u0131lan su\u00e7 tipleri gibi uluslararas\u0131 su\u00e7lardand\u0131r. Say\u0131lan su\u00e7 tipleri aras\u0131nda yer alan &#8220;insanl\u0131\u011fa kar\u015f\u0131 su\u00e7lar&#8221; [&hellip;]\" \/>\n<meta property=\"og:url\" content=\"https:\/\/namikkemaltuyluce.av.tr\/?page_id=140\" \/>\n<meta property=\"og:site_name\" content=\"Nam\u0131k Kemal T\u00fcyl\u00fcce\" \/>\n<meta name=\"twitter:card\" content=\"summary_large_image\" \/>\n<meta name=\"twitter:label1\" content=\"Tahmini okuma s\u00fcresi\" \/>\n\t<meta name=\"twitter:data1\" content=\"3 dakika\" \/>\n<script type=\"application\/ld+json\" class=\"yoast-schema-graph\">{\"@context\":\"https:\/\/schema.org\",\"@graph\":[{\"@type\":\"WebPage\",\"@id\":\"https:\/\/namikkemaltuyluce.av.tr\/?page_id=140\",\"url\":\"https:\/\/namikkemaltuyluce.av.tr\/?page_id=140\",\"name\":\"Uluslararas\u0131 Su\u00e7lar - Nam\u0131k Kemal T\u00fcyl\u00fcce\",\"isPartOf\":{\"@id\":\"http:\/\/namikkemaltuyluce.av.tr\/#website\"},\"datePublished\":\"2023-06-05T13:17:16+00:00\",\"dateModified\":\"2023-06-05T13:17:16+00:00\",\"breadcrumb\":{\"@id\":\"https:\/\/namikkemaltuyluce.av.tr\/?page_id=140#breadcrumb\"},\"inLanguage\":\"tr\",\"potentialAction\":[{\"@type\":\"ReadAction\",\"target\":[\"https:\/\/namikkemaltuyluce.av.tr\/?page_id=140\"]}]},{\"@type\":\"BreadcrumbList\",\"@id\":\"https:\/\/namikkemaltuyluce.av.tr\/?page_id=140#breadcrumb\",\"itemListElement\":[{\"@type\":\"ListItem\",\"position\":1,\"name\":\"Anasayfa\",\"item\":\"http:\/\/namikkemaltuyluce.av.tr\/\"},{\"@type\":\"ListItem\",\"position\":2,\"name\":\"Uluslararas\u0131 Su\u00e7lar\"}]},{\"@type\":\"WebSite\",\"@id\":\"http:\/\/namikkemaltuyluce.av.tr\/#website\",\"url\":\"http:\/\/namikkemaltuyluce.av.tr\/\",\"name\":\"Nam\u0131k Kemal T\u00fcyl\u00fcce\",\"description\":\"\",\"publisher\":{\"@id\":\"http:\/\/namikkemaltuyluce.av.tr\/#organization\"},\"potentialAction\":[{\"@type\":\"SearchAction\",\"target\":{\"@type\":\"EntryPoint\",\"urlTemplate\":\"http:\/\/namikkemaltuyluce.av.tr\/?s={search_term_string}\"},\"query-input\":\"required name=search_term_string\"}],\"inLanguage\":\"tr\"},{\"@type\":\"Organization\",\"@id\":\"http:\/\/namikkemaltuyluce.av.tr\/#organization\",\"name\":\"Arabulucu ve Avukat Nam\u0131k Kemal T\u00fcyl\u00fcce\",\"url\":\"http:\/\/namikkemaltuyluce.av.tr\/\",\"logo\":{\"@type\":\"ImageObject\",\"inLanguage\":\"tr\",\"@id\":\"http:\/\/namikkemaltuyluce.av.tr\/#\/schema\/logo\/image\/\",\"url\":\"https:\/\/namikkemaltuyluce.av.tr\/wp-content\/uploads\/2023\/01\/hukuk.png\",\"contentUrl\":\"https:\/\/namikkemaltuyluce.av.tr\/wp-content\/uploads\/2023\/01\/hukuk.png\",\"width\":400,\"height\":300,\"caption\":\"Arabulucu ve Avukat Nam\u0131k Kemal T\u00fcyl\u00fcce\"},\"image\":{\"@id\":\"http:\/\/namikkemaltuyluce.av.tr\/#\/schema\/logo\/image\/\"}}]}<\/script>\n<!-- \/ Yoast SEO plugin. -->","yoast_head_json":{"title":"Uluslararas\u0131 Su\u00e7lar - Nam\u0131k Kemal T\u00fcyl\u00fcce","robots":{"index":"index","follow":"follow","max-snippet":"max-snippet:-1","max-image-preview":"max-image-preview:large","max-video-preview":"max-video-preview:-1"},"canonical":"https:\/\/namikkemaltuyluce.av.tr\/?page_id=140","og_locale":"tr_TR","og_type":"article","og_title":"Uluslararas\u0131 Su\u00e7lar - Nam\u0131k Kemal T\u00fcyl\u00fcce","og_description":"T\u00fcrk Ceza Kanunu&#8217;nun 76. maddesi ile 80. maddesi aras\u0131ndaki d\u00fczenleme, &#8220;Uluslararas\u0131 Su\u00e7lar&#8221; ba\u015fl\u0131\u011f\u0131n\u0131 ta\u015f\u0131maktad\u0131r. S\u00f6z konusu bu d\u00fczenleme i\u00e7erisinde &#8220;soyk\u0131r\u0131m&#8221;, &#8220;insanl\u0131\u011fa kar\u015f\u0131 su\u00e7lar&#8221;, &#8220;g\u00f6\u00e7men ka\u00e7ak\u00e7\u0131l\u0131\u011f\u0131&#8221; ve &#8220;insan ticareti&#8221; alt ba\u015fl\u0131klar\u0131yla d\u00fczenlenen su\u00e7 tipleri mevcuttur. Sava\u015f su\u00e7lar\u0131 ve sald\u0131r\u0131 su\u00e7u da say\u0131lan su\u00e7 tipleri gibi uluslararas\u0131 su\u00e7lardand\u0131r. Say\u0131lan su\u00e7 tipleri aras\u0131nda yer alan &#8220;insanl\u0131\u011fa kar\u015f\u0131 su\u00e7lar&#8221; [&hellip;]","og_url":"https:\/\/namikkemaltuyluce.av.tr\/?page_id=140","og_site_name":"Nam\u0131k Kemal T\u00fcyl\u00fcce","twitter_card":"summary_large_image","twitter_misc":{"Tahmini okuma s\u00fcresi":"3 dakika"},"schema":{"@context":"https:\/\/schema.org","@graph":[{"@type":"WebPage","@id":"https:\/\/namikkemaltuyluce.av.tr\/?page_id=140","url":"https:\/\/namikkemaltuyluce.av.tr\/?page_id=140","name":"Uluslararas\u0131 Su\u00e7lar - Nam\u0131k Kemal T\u00fcyl\u00fcce","isPartOf":{"@id":"http:\/\/namikkemaltuyluce.av.tr\/#website"},"datePublished":"2023-06-05T13:17:16+00:00","dateModified":"2023-06-05T13:17:16+00:00","breadcrumb":{"@id":"https:\/\/namikkemaltuyluce.av.tr\/?page_id=140#breadcrumb"},"inLanguage":"tr","potentialAction":[{"@type":"ReadAction","target":["https:\/\/namikkemaltuyluce.av.tr\/?page_id=140"]}]},{"@type":"BreadcrumbList","@id":"https:\/\/namikkemaltuyluce.av.tr\/?page_id=140#breadcrumb","itemListElement":[{"@type":"ListItem","position":1,"name":"Anasayfa","item":"http:\/\/namikkemaltuyluce.av.tr\/"},{"@type":"ListItem","position":2,"name":"Uluslararas\u0131 Su\u00e7lar"}]},{"@type":"WebSite","@id":"http:\/\/namikkemaltuyluce.av.tr\/#website","url":"http:\/\/namikkemaltuyluce.av.tr\/","name":"Nam\u0131k Kemal T\u00fcyl\u00fcce","description":"","publisher":{"@id":"http:\/\/namikkemaltuyluce.av.tr\/#organization"},"potentialAction":[{"@type":"SearchAction","target":{"@type":"EntryPoint","urlTemplate":"http:\/\/namikkemaltuyluce.av.tr\/?s={search_term_string}"},"query-input":"required name=search_term_string"}],"inLanguage":"tr"},{"@type":"Organization","@id":"http:\/\/namikkemaltuyluce.av.tr\/#organization","name":"Arabulucu ve Avukat Nam\u0131k Kemal T\u00fcyl\u00fcce","url":"http:\/\/namikkemaltuyluce.av.tr\/","logo":{"@type":"ImageObject","inLanguage":"tr","@id":"http:\/\/namikkemaltuyluce.av.tr\/#\/schema\/logo\/image\/","url":"https:\/\/namikkemaltuyluce.av.tr\/wp-content\/uploads\/2023\/01\/hukuk.png","contentUrl":"https:\/\/namikkemaltuyluce.av.tr\/wp-content\/uploads\/2023\/01\/hukuk.png","width":400,"height":300,"caption":"Arabulucu ve Avukat Nam\u0131k Kemal T\u00fcyl\u00fcce"},"image":{"@id":"http:\/\/namikkemaltuyluce.av.tr\/#\/schema\/logo\/image\/"}}]}},"_links":{"self":[{"href":"https:\/\/namikkemaltuyluce.av.tr\/index.php?rest_route=\/wp\/v2\/pages\/140","targetHints":{"allow":["GET"]}}],"collection":[{"href":"https:\/\/namikkemaltuyluce.av.tr\/index.php?rest_route=\/wp\/v2\/pages"}],"about":[{"href":"https:\/\/namikkemaltuyluce.av.tr\/index.php?rest_route=\/wp\/v2\/types\/page"}],"author":[{"embeddable":true,"href":"https:\/\/namikkemaltuyluce.av.tr\/index.php?rest_route=\/wp\/v2\/users\/1"}],"replies":[{"embeddable":true,"href":"https:\/\/namikkemaltuyluce.av.tr\/index.php?rest_route=%2Fwp%2Fv2%2Fcomments&post=140"}],"version-history":[{"count":1,"href":"https:\/\/namikkemaltuyluce.av.tr\/index.php?rest_route=\/wp\/v2\/pages\/140\/revisions"}],"predecessor-version":[{"id":141,"href":"https:\/\/namikkemaltuyluce.av.tr\/index.php?rest_route=\/wp\/v2\/pages\/140\/revisions\/141"}],"wp:attachment":[{"href":"https:\/\/namikkemaltuyluce.av.tr\/index.php?rest_route=%2Fwp%2Fv2%2Fmedia&parent=140"}],"curies":[{"name":"wp","href":"https:\/\/api.w.org\/{rel}","templated":true}]}}