{"id":142,"date":"2023-06-05T16:18:10","date_gmt":"2023-06-05T13:18:10","guid":{"rendered":"https:\/\/namikkemaltuyluce.av.tr\/?page_id=142"},"modified":"2023-06-05T16:18:10","modified_gmt":"2023-06-05T13:18:10","slug":"ticari-ceza-hukuku","status":"publish","type":"page","link":"https:\/\/namikkemaltuyluce.av.tr\/?page_id=142","title":{"rendered":"Ticari Ceza Hukuku"},"content":{"rendered":"\n<p>Ekonomik ve ticari hayat\u0131n 20. y\u00fczy\u0131l\u0131n sonlar\u0131na do\u011fru kazand\u0131\u011f\u0131 ivme, klasik ceza hukukunun yan\u0131 s\u0131ra &#8220;Ticari Ceza Hukuku&#8221; ad\u0131 alt\u0131nda yeni bir alt disiplinin do\u011fmas\u0131na yol a\u00e7m\u0131\u015ft\u0131r. Ticari hayat\u0131n kendisine has \u00f6zellikleri, ticari hayat i\u00e7erisinde bir k\u0131s\u0131m eylem ve davran\u0131\u015flar\u0131n kanun koyucu taraf\u0131ndan yasaklanmas\u0131na ve bu yasaklara uymayan ki\u015filerin cezaland\u0131r\u0131lmas\u0131na yol a\u00e7m\u0131\u015ft\u0131r.<\/p>\n\n\n\n<p>Bu gibi eylemler da\u011f\u0131n\u0131k mevzuatlarda bulunan h\u00fck\u00fcmlerce su\u00e7 olarak nitelendirilmi\u015f ve bu su\u00e7lar\u0131n kar\u015f\u0131l\u0131\u011f\u0131 olarak farkl\u0131 kanunlarda farkl\u0131 su\u00e7lar \u00f6ng\u00f6r\u00fclm\u00fc\u015ft\u00fcr. Ticari hayat\u0131n kanunlarca belirlenen usullere uygun y\u00fcr\u00fct\u00fclmesi, serbest piyasan\u0131n daha hakkaniyetli bir yap\u0131ya b\u00fcr\u00fcnmesine yol a\u00e7maktad\u0131r. Bu nedenle ticari ceza hukuku ve ticari ceza h\u00fck\u00fcmleri, y\u0131llar ge\u00e7tik\u00e7e mevzuatta kendisine daha \u00e7ok yer bulan ve daha \u00e7ok insan\u0131n cezaland\u0131r\u0131lmas\u0131na yol a\u00e7an bir hale b\u00fcr\u00fcnmektedir.<\/p>\n\n\n\n<p>Ticari ceza hukuku kapsam\u0131nda d\u00fczenlenen su\u00e7 ve cezalar, ki\u015filerin \u00f6zg\u00fcrl\u00fcklerini s\u0131n\u0131rlay\u0131c\u0131 nitelikte olduk\u00e7a a\u011f\u0131r cezalar \u00f6ng\u00f6rmekte olup, bu cezalar bak\u0131m\u0131ndan soru\u015fturmalarla kar\u015f\u0131 kar\u015f\u0131ya kalmamak veya a\u00e7\u0131lm\u0131\u015f durumda bulunan soru\u015fturma veya kovu\u015fturma dosyalar\u0131nda do\u011fru bir bi\u00e7imde savunulmak olduk\u00e7a \u00f6nem arz etmektedir.<\/p>\n\n\n\n<p>B\u00fcromuz b\u00fcnyesinde ticari ceza hukuku k\u00f6kenli olarak avukatl\u0131k hizmeti verilen dava tipleri ve i\u015fler genel olarak \u015fu \u015fekilde say\u0131labilmektedir:<\/p>\n\n\n\n<ul class=\"wp-block-list\">\n<li>G\u00fcveni K\u00f6t\u00fcye Kullanma Su\u00e7u,<\/li>\n\n\n\n<li>Bedelsiz Kalm\u0131\u015f Senedi Kullanma Su\u00e7u,<\/li>\n\n\n\n<li>Basit ve Nitelikli Doland\u0131r\u0131c\u0131l\u0131k Su\u00e7lar\u0131,<\/li>\n\n\n\n<li>Hileli ve Taksirli \u0130flas Su\u00e7lar\u0131,<\/li>\n\n\n\n<li>Kar\u015f\u0131l\u0131ks\u0131z Yararlanma Su\u00e7u,<\/li>\n\n\n\n<li>Su\u00e7 e\u015fyas\u0131n\u0131n sat\u0131n al\u0131nmas\u0131 Su\u00e7u,<\/li>\n\n\n\n<li>Su\u00e7tan Kaynaklanan Malvarl\u0131\u011f\u0131 De\u011ferlerini Aklama Su\u00e7u,<\/li>\n\n\n\n<li>Bankac\u0131l\u0131k Su\u00e7lar\u0131,<\/li>\n\n\n\n<li>Sigortac\u0131l\u0131k Su\u00e7lar\u0131,<\/li>\n\n\n\n<li>Sermaye Piyasas\u0131 Su\u00e7lar\u0131,<\/li>\n\n\n\n<li>\u0130haleye ve Edimin \u0130fas\u0131na Fesat Kar\u0131\u015ft\u0131rma Su\u00e7lar\u0131,<\/li>\n\n\n\n<li>Enerji Piyasas\u0131 Su\u00e7lar\u0131,<\/li>\n\n\n\n<li>Rekabet Su\u00e7lar\u0131,<\/li>\n\n\n\n<li>Ticari S\u0131r ve Bankac\u0131l\u0131k S\u0131rr\u0131n\u0131n \u0130f\u015fas\u0131 Su\u00e7u,<\/li>\n\n\n\n<li>Mal ve Hizmet Sat\u0131m\u0131ndan Ka\u00e7\u0131nma Su\u00e7u,<\/li>\n\n\n\n<li>Say\u0131lan T\u00fcm Su\u00e7 Tipleri Bak\u0131m\u0131ndan \u015e\u00fcpheliler Ad\u0131na Soru\u015fturma A\u015famas\u0131nda Hukuki Destek,<\/li>\n\n\n\n<li>Say\u0131lan T\u00fcm Su\u00e7 Tipleri Bak\u0131m\u0131ndan Zarar G\u00f6renler Ad\u0131na \u015eikayet ve Su\u00e7 Duyurusunda Bulunma,<\/li>\n\n\n\n<li>Say\u0131lan T\u00fcm Su\u00e7 Tipleri Bak\u0131m\u0131ndan A\u00e7\u0131lan Ceza Davalar\u0131nda San\u0131k M\u00fcdafiili\u011fi,<\/li>\n\n\n\n<li>Say\u0131lan T\u00fcm Su\u00e7 Tipleri Bak\u0131m\u0131ndan A\u00e7\u0131lan Ceza Davalar\u0131nda Ma\u011fdur veya Kat\u0131lan M\u00fcdafiili\u011fi,<\/li>\n\n\n\n<li>Ticari Ceza Hukuku Kaynakl\u0131 Her T\u00fcrl\u00fc Dava ve \u0130\u015fin Takibi.<\/li>\n<\/ul>\n\n\n\n<p><em>Say\u0131lan su\u00e7 tipleri genel anlamda ve \u00f6rnekleyici olup, ticari ceza hukukuna ili\u015fkin her t\u00fcrl\u00fc dava bak\u0131m\u0131ndan avukatl\u0131k hizmeti verilmektedir.<br>Detayl\u0131 bilgi i\u00e7in randevu talep ediniz.<\/em><\/p>\n","protected":false},"excerpt":{"rendered":"<p>Ekonomik ve ticari hayat\u0131n 20. y\u00fczy\u0131l\u0131n sonlar\u0131na do\u011fru kazand\u0131\u011f\u0131 ivme, klasik ceza hukukunun yan\u0131 s\u0131ra &#8220;Ticari Ceza Hukuku&#8221; ad\u0131 alt\u0131nda yeni bir alt disiplinin do\u011fmas\u0131na yol a\u00e7m\u0131\u015ft\u0131r. Ticari hayat\u0131n kendisine has \u00f6zellikleri, ticari hayat i\u00e7erisinde bir k\u0131s\u0131m eylem ve davran\u0131\u015flar\u0131n kanun koyucu taraf\u0131ndan yasaklanmas\u0131na ve bu yasaklara uymayan ki\u015filerin cezaland\u0131r\u0131lmas\u0131na yol a\u00e7m\u0131\u015ft\u0131r. Bu gibi eylemler [&hellip;]<\/p>\n","protected":false},"author":1,"featured_media":0,"parent":0,"menu_order":0,"comment_status":"closed","ping_status":"closed","template":"","meta":{"footnotes":""},"class_list":["post-142","page","type-page","status-publish","hentry"],"yoast_head":"<!-- This site is optimized with the Yoast SEO plugin v20.12 - https:\/\/yoast.com\/wordpress\/plugins\/seo\/ -->\n<title>Ticari Ceza Hukuku - Nam\u0131k Kemal T\u00fcyl\u00fcce<\/title>\n<meta name=\"robots\" content=\"index, follow, max-snippet:-1, max-image-preview:large, max-video-preview:-1\" \/>\n<link rel=\"canonical\" href=\"https:\/\/namikkemaltuyluce.av.tr\/?page_id=142\" \/>\n<meta property=\"og:locale\" content=\"tr_TR\" \/>\n<meta property=\"og:type\" content=\"article\" \/>\n<meta property=\"og:title\" content=\"Ticari Ceza Hukuku - Nam\u0131k Kemal T\u00fcyl\u00fcce\" \/>\n<meta property=\"og:description\" content=\"Ekonomik ve ticari hayat\u0131n 20. y\u00fczy\u0131l\u0131n sonlar\u0131na do\u011fru kazand\u0131\u011f\u0131 ivme, klasik ceza hukukunun yan\u0131 s\u0131ra &#8220;Ticari Ceza Hukuku&#8221; ad\u0131 alt\u0131nda yeni bir alt disiplinin do\u011fmas\u0131na yol a\u00e7m\u0131\u015ft\u0131r. Ticari hayat\u0131n kendisine has \u00f6zellikleri, ticari hayat i\u00e7erisinde bir k\u0131s\u0131m eylem ve davran\u0131\u015flar\u0131n kanun koyucu taraf\u0131ndan yasaklanmas\u0131na ve bu yasaklara uymayan ki\u015filerin cezaland\u0131r\u0131lmas\u0131na yol a\u00e7m\u0131\u015ft\u0131r. Bu gibi eylemler [&hellip;]\" \/>\n<meta property=\"og:url\" content=\"https:\/\/namikkemaltuyluce.av.tr\/?page_id=142\" \/>\n<meta property=\"og:site_name\" content=\"Nam\u0131k Kemal T\u00fcyl\u00fcce\" \/>\n<meta name=\"twitter:card\" content=\"summary_large_image\" \/>\n<meta name=\"twitter:label1\" content=\"Tahmini okuma s\u00fcresi\" \/>\n\t<meta name=\"twitter:data1\" content=\"2 dakika\" \/>\n<script type=\"application\/ld+json\" class=\"yoast-schema-graph\">{\"@context\":\"https:\/\/schema.org\",\"@graph\":[{\"@type\":\"WebPage\",\"@id\":\"https:\/\/namikkemaltuyluce.av.tr\/?page_id=142\",\"url\":\"https:\/\/namikkemaltuyluce.av.tr\/?page_id=142\",\"name\":\"Ticari Ceza Hukuku - Nam\u0131k Kemal T\u00fcyl\u00fcce\",\"isPartOf\":{\"@id\":\"http:\/\/namikkemaltuyluce.av.tr\/#website\"},\"datePublished\":\"2023-06-05T13:18:10+00:00\",\"dateModified\":\"2023-06-05T13:18:10+00:00\",\"breadcrumb\":{\"@id\":\"https:\/\/namikkemaltuyluce.av.tr\/?page_id=142#breadcrumb\"},\"inLanguage\":\"tr\",\"potentialAction\":[{\"@type\":\"ReadAction\",\"target\":[\"https:\/\/namikkemaltuyluce.av.tr\/?page_id=142\"]}]},{\"@type\":\"BreadcrumbList\",\"@id\":\"https:\/\/namikkemaltuyluce.av.tr\/?page_id=142#breadcrumb\",\"itemListElement\":[{\"@type\":\"ListItem\",\"position\":1,\"name\":\"Anasayfa\",\"item\":\"http:\/\/namikkemaltuyluce.av.tr\/\"},{\"@type\":\"ListItem\",\"position\":2,\"name\":\"Ticari Ceza Hukuku\"}]},{\"@type\":\"WebSite\",\"@id\":\"http:\/\/namikkemaltuyluce.av.tr\/#website\",\"url\":\"http:\/\/namikkemaltuyluce.av.tr\/\",\"name\":\"Nam\u0131k Kemal T\u00fcyl\u00fcce\",\"description\":\"\",\"publisher\":{\"@id\":\"http:\/\/namikkemaltuyluce.av.tr\/#organization\"},\"potentialAction\":[{\"@type\":\"SearchAction\",\"target\":{\"@type\":\"EntryPoint\",\"urlTemplate\":\"http:\/\/namikkemaltuyluce.av.tr\/?s={search_term_string}\"},\"query-input\":\"required name=search_term_string\"}],\"inLanguage\":\"tr\"},{\"@type\":\"Organization\",\"@id\":\"http:\/\/namikkemaltuyluce.av.tr\/#organization\",\"name\":\"Arabulucu ve Avukat Nam\u0131k Kemal T\u00fcyl\u00fcce\",\"url\":\"http:\/\/namikkemaltuyluce.av.tr\/\",\"logo\":{\"@type\":\"ImageObject\",\"inLanguage\":\"tr\",\"@id\":\"http:\/\/namikkemaltuyluce.av.tr\/#\/schema\/logo\/image\/\",\"url\":\"https:\/\/namikkemaltuyluce.av.tr\/wp-content\/uploads\/2023\/01\/hukuk.png\",\"contentUrl\":\"https:\/\/namikkemaltuyluce.av.tr\/wp-content\/uploads\/2023\/01\/hukuk.png\",\"width\":400,\"height\":300,\"caption\":\"Arabulucu ve Avukat Nam\u0131k Kemal T\u00fcyl\u00fcce\"},\"image\":{\"@id\":\"http:\/\/namikkemaltuyluce.av.tr\/#\/schema\/logo\/image\/\"}}]}<\/script>\n<!-- \/ Yoast SEO plugin. -->","yoast_head_json":{"title":"Ticari Ceza Hukuku - Nam\u0131k Kemal T\u00fcyl\u00fcce","robots":{"index":"index","follow":"follow","max-snippet":"max-snippet:-1","max-image-preview":"max-image-preview:large","max-video-preview":"max-video-preview:-1"},"canonical":"https:\/\/namikkemaltuyluce.av.tr\/?page_id=142","og_locale":"tr_TR","og_type":"article","og_title":"Ticari Ceza Hukuku - Nam\u0131k Kemal T\u00fcyl\u00fcce","og_description":"Ekonomik ve ticari hayat\u0131n 20. y\u00fczy\u0131l\u0131n sonlar\u0131na do\u011fru kazand\u0131\u011f\u0131 ivme, klasik ceza hukukunun yan\u0131 s\u0131ra &#8220;Ticari Ceza Hukuku&#8221; ad\u0131 alt\u0131nda yeni bir alt disiplinin do\u011fmas\u0131na yol a\u00e7m\u0131\u015ft\u0131r. Ticari hayat\u0131n kendisine has \u00f6zellikleri, ticari hayat i\u00e7erisinde bir k\u0131s\u0131m eylem ve davran\u0131\u015flar\u0131n kanun koyucu taraf\u0131ndan yasaklanmas\u0131na ve bu yasaklara uymayan ki\u015filerin cezaland\u0131r\u0131lmas\u0131na yol a\u00e7m\u0131\u015ft\u0131r. Bu gibi eylemler [&hellip;]","og_url":"https:\/\/namikkemaltuyluce.av.tr\/?page_id=142","og_site_name":"Nam\u0131k Kemal T\u00fcyl\u00fcce","twitter_card":"summary_large_image","twitter_misc":{"Tahmini okuma s\u00fcresi":"2 dakika"},"schema":{"@context":"https:\/\/schema.org","@graph":[{"@type":"WebPage","@id":"https:\/\/namikkemaltuyluce.av.tr\/?page_id=142","url":"https:\/\/namikkemaltuyluce.av.tr\/?page_id=142","name":"Ticari Ceza Hukuku - Nam\u0131k Kemal T\u00fcyl\u00fcce","isPartOf":{"@id":"http:\/\/namikkemaltuyluce.av.tr\/#website"},"datePublished":"2023-06-05T13:18:10+00:00","dateModified":"2023-06-05T13:18:10+00:00","breadcrumb":{"@id":"https:\/\/namikkemaltuyluce.av.tr\/?page_id=142#breadcrumb"},"inLanguage":"tr","potentialAction":[{"@type":"ReadAction","target":["https:\/\/namikkemaltuyluce.av.tr\/?page_id=142"]}]},{"@type":"BreadcrumbList","@id":"https:\/\/namikkemaltuyluce.av.tr\/?page_id=142#breadcrumb","itemListElement":[{"@type":"ListItem","position":1,"name":"Anasayfa","item":"http:\/\/namikkemaltuyluce.av.tr\/"},{"@type":"ListItem","position":2,"name":"Ticari Ceza Hukuku"}]},{"@type":"WebSite","@id":"http:\/\/namikkemaltuyluce.av.tr\/#website","url":"http:\/\/namikkemaltuyluce.av.tr\/","name":"Nam\u0131k Kemal T\u00fcyl\u00fcce","description":"","publisher":{"@id":"http:\/\/namikkemaltuyluce.av.tr\/#organization"},"potentialAction":[{"@type":"SearchAction","target":{"@type":"EntryPoint","urlTemplate":"http:\/\/namikkemaltuyluce.av.tr\/?s={search_term_string}"},"query-input":"required name=search_term_string"}],"inLanguage":"tr"},{"@type":"Organization","@id":"http:\/\/namikkemaltuyluce.av.tr\/#organization","name":"Arabulucu ve Avukat Nam\u0131k Kemal T\u00fcyl\u00fcce","url":"http:\/\/namikkemaltuyluce.av.tr\/","logo":{"@type":"ImageObject","inLanguage":"tr","@id":"http:\/\/namikkemaltuyluce.av.tr\/#\/schema\/logo\/image\/","url":"https:\/\/namikkemaltuyluce.av.tr\/wp-content\/uploads\/2023\/01\/hukuk.png","contentUrl":"https:\/\/namikkemaltuyluce.av.tr\/wp-content\/uploads\/2023\/01\/hukuk.png","width":400,"height":300,"caption":"Arabulucu ve Avukat Nam\u0131k Kemal T\u00fcyl\u00fcce"},"image":{"@id":"http:\/\/namikkemaltuyluce.av.tr\/#\/schema\/logo\/image\/"}}]}},"_links":{"self":[{"href":"https:\/\/namikkemaltuyluce.av.tr\/index.php?rest_route=\/wp\/v2\/pages\/142","targetHints":{"allow":["GET"]}}],"collection":[{"href":"https:\/\/namikkemaltuyluce.av.tr\/index.php?rest_route=\/wp\/v2\/pages"}],"about":[{"href":"https:\/\/namikkemaltuyluce.av.tr\/index.php?rest_route=\/wp\/v2\/types\/page"}],"author":[{"embeddable":true,"href":"https:\/\/namikkemaltuyluce.av.tr\/index.php?rest_route=\/wp\/v2\/users\/1"}],"replies":[{"embeddable":true,"href":"https:\/\/namikkemaltuyluce.av.tr\/index.php?rest_route=%2Fwp%2Fv2%2Fcomments&post=142"}],"version-history":[{"count":1,"href":"https:\/\/namikkemaltuyluce.av.tr\/index.php?rest_route=\/wp\/v2\/pages\/142\/revisions"}],"predecessor-version":[{"id":143,"href":"https:\/\/namikkemaltuyluce.av.tr\/index.php?rest_route=\/wp\/v2\/pages\/142\/revisions\/143"}],"wp:attachment":[{"href":"https:\/\/namikkemaltuyluce.av.tr\/index.php?rest_route=%2Fwp%2Fv2%2Fmedia&parent=142"}],"curies":[{"name":"wp","href":"https:\/\/api.w.org\/{rel}","templated":true}]}}