{"id":145,"date":"2023-06-05T16:25:16","date_gmt":"2023-06-05T13:25:16","guid":{"rendered":"https:\/\/namikkemaltuyluce.av.tr\/?page_id=145"},"modified":"2023-06-05T16:25:16","modified_gmt":"2023-06-05T13:25:16","slug":"icra-takipleri","status":"publish","type":"page","link":"https:\/\/namikkemaltuyluce.av.tr\/?page_id=145","title":{"rendered":"\u0130cra Takipleri"},"content":{"rendered":"\n<p>Alacakl\u0131 vekili olarak \u00f6ncelikle icra takibi ba\u015flat\u0131lmadan \u00f6nce bor\u00e7luyla ilgili gerekli istihbarat \u00e7al\u0131\u015fmas\u0131 yap\u0131lmaktad\u0131r. Alaca\u011f\u0131n tahsil edilebilmesinin m\u00fcmk\u00fcn olup olmad\u0131\u011f\u0131 ara\u015ft\u0131r\u0131lmaktad\u0131r. Nitekim ger\u00e7ek ki\u015fi ve t\u00fczel ki\u015fi olan bor\u00e7lular\u0131n malvarl\u0131\u011f\u0131 bulunmamas\u0131 ya da olduk\u00e7a fazla say\u0131da icra takibi alt\u0131nda bulunmas\u0131 alaca\u011f\u0131n tahsilini zorla\u015ft\u0131rmaktad\u0131r. Bu durum, m\u00fcvekkilin alaca\u011f\u0131n\u0131n tahsilini zora sokmas\u0131n\u0131n yan\u0131 s\u0131ra, bo\u015f yere masraf yapmas\u0131na neden olmaktad\u0131r.<\/p>\n\n\n\n<p>Bu durumun m\u00fcvekkile zarar vermesi tehlikesi kar\u015f\u0131s\u0131nda, yeterli ara\u015ft\u0131rma yap\u0131l\u0131r. Ard\u0131ndan alaca\u011f\u0131n tahsil edilebilece\u011fine kanaat getirilmesi halinde icra takibi ba\u015flat\u0131l\u0131r. O andan itibaren olduk\u00e7a h\u0131zl\u0131 ve sonu\u00e7 odakl\u0131 bir yakla\u015f\u0131mla icra dosyas\u0131 takip edilmektedir.<\/p>\n\n\n\n<p>\u0130cra takibi ba\u015flad\u0131ktan hemen sonra;<\/p>\n\n\n\n<ul class=\"wp-block-list\">\n<li>bor\u00e7lunun varsa alacakl\u0131 oldu\u011fu kendi icra takiplerine haciz konmakta,<\/li>\n\n\n\n<li>bor\u00e7lunun banka hesaplar\u0131 sorgulanmakta,<\/li>\n\n\n\n<li>ara\u00e7 ve tapu kay\u0131tlar\u0131 sorgulanmakta<\/li>\n\n\n\n<li>&nbsp;ve varsa b\u00fct\u00fcn bunlar\u0131n \u00fczerine haciz konulmaktad\u0131r.<\/li>\n<\/ul>\n\n\n\n<p>B\u00fct\u00fcn bu s\u00fcre\u00e7lerin takibinde h\u0131zl\u0131 ve sonu\u00e7 odakl\u0131 yakla\u015f\u0131m, m\u00fcvekkillerin en k\u0131sa s\u00fcrede menfaatlerinin sa\u011flanmas\u0131 ve alacaklar\u0131n tahsilinin sa\u011flanmas\u0131n\u0131 ama\u00e7 edinmektedir.<\/p>\n\n\n\n<p>Alaca\u011f\u0131n bir mahkeme karar\u0131na ba\u011fland\u0131\u011f\u0131 ilaml\u0131 icra takipleri ile bir mahkeme karar\u0131 olmaks\u0131z\u0131n alaca\u011f\u0131n ispat edilebildi\u011fi her t\u00fcrl\u00fc durumda ba\u015flat\u0131lacak olan ilams\u0131z icra takipleri, itirazlar ya da kar\u015f\u0131 taraf\u00e7a a\u00e7\u0131labilecek davalar g\u00f6z \u00f6n\u00fcne al\u0131narak titizlikte ve \u00f6zenle haz\u0131rlanmaktad\u0131r.<\/p>\n\n\n\n<h4 class=\"wp-block-heading\">Bor\u00e7lu vekili s\u0131fat\u0131yla dahil olunan icra takibi dosyalar\u0131nda, m\u00fcvekkil aleyhine ba\u015flat\u0131lan icra takibinin durumu incelenerek yetkiye ve borca itiraz edilip edilemeyece\u011fi incelenmekte, bu a\u015famada verilecek kararla ilgili m\u00fcvekkillere do\u011fru ve gerekli bilgi verilmekte ve m\u00fcvekkilin talimat\u0131na uygun \u015fekilde icra takibine itiraz edilmektedir.<\/h4>\n\n\n\n<p>A\u015fa\u011f\u0131da say\u0131l\u0131 icra takipleriyle ilgili her t\u00fcrl\u00fc takibin yap\u0131lmas\u0131, haciz i\u015flemleri ve takibin ba\u015flat\u0131lmas\u0131yla alaca\u011f\u0131n tahsil edilmesine kadar ge\u00e7en s\u00fcrede yap\u0131lacak olan her t\u00fcrl\u00fc i\u015flemle ilgili hizmet vermekteyim. Ayr\u0131ca bor\u00e7lu vekili olarak da yine a\u015fa\u011f\u0131da say\u0131l\u0131 icra takiplerinde m\u00fcvekkillere hizmet verilmeye \u00e7al\u0131\u015f\u0131lmaktad\u0131r.<\/p>\n\n\n\n<h2 class=\"wp-block-heading\"><strong>\u0130laml\u0131 \u0130cra Takipleri<\/strong><\/h2>\n\n\n\n<ul class=\"wp-block-list\">\n<li>Ta\u015f\u0131n\u0131r Teslimi veya Ta\u015f\u0131nmaz Tahliye veya Teslimi<\/li>\n\n\n\n<li>\u00c7ocuk Teslimi Veya \u00c7ocukla Ki\u015fisel \u0130li\u015fki Kurulmas\u0131<\/li>\n\n\n\n<li>Para Borcuna Veya Teminat Verilmesine Veya Bir \u0130\u015fin Yap\u0131lmas\u0131na Veya Yap\u0131lmamas\u0131na, \u0130rtifak Hakk\u0131n\u0131n Veya Gemi \u00dczerindeki \u0130ntifa Hakk\u0131n\u0131n Kald\u0131r\u0131lmas\u0131na \u0130li\u015fkin \u0130l\u00e2mlar\u0131n Yerine Getirilmesi<\/li>\n\n\n\n<li>\u0130pote\u011fin Paraya \u00c7evrilmesi&nbsp;<\/li>\n\n\n\n<li>Ta\u015f\u0131n\u0131r Rehninin Paraya \u00c7evrilmesi<\/li>\n<\/ul>\n\n\n\n<h2 class=\"wp-block-heading\"><strong>\u0130lams\u0131z \u0130cra Takipler<\/strong><\/h2>\n\n\n\n<ul class=\"wp-block-list\">\n<li>\u0130lams\u0131z Takipler<\/li>\n\n\n\n<li>Ta\u015f\u0131n\u0131r Rehninin Paraya \u00c7evrilmesi<\/li>\n\n\n\n<li>\u0130pote\u011fin Paraya \u00c7evrilmesi<\/li>\n\n\n\n<li>Kambiyo Senetleriyle Haciz Takibi<\/li>\n\n\n\n<li>\u0130flas Yolu ile Adi Takip<\/li>\n\n\n\n<li>Kambiyo Senetleriyle \u0130flas Takibi<\/li>\n\n\n\n<li>Adi Kira ve H\u00e2s\u0131lat Kiras\u0131<\/li>\n\n\n\n<li>Tahliye<\/li>\n<\/ul>\n\n\n\n<p><em>Genel anlamda say\u0131lan bu icra takipleri bak\u0131m\u0131ndan\u00a0hem alacakl\u0131 vekili hem de bor\u00e7lu vekili s\u0131fat\u0131yla\u00a0avukatl\u0131k hizmeti verilmektedir.<br>Detayl\u0131 bilgi i\u00e7in randevu talep ediniz.<\/em><\/p>\n","protected":false},"excerpt":{"rendered":"<p>Alacakl\u0131 vekili olarak \u00f6ncelikle icra takibi ba\u015flat\u0131lmadan \u00f6nce bor\u00e7luyla ilgili gerekli istihbarat \u00e7al\u0131\u015fmas\u0131 yap\u0131lmaktad\u0131r. Alaca\u011f\u0131n tahsil edilebilmesinin m\u00fcmk\u00fcn olup olmad\u0131\u011f\u0131 ara\u015ft\u0131r\u0131lmaktad\u0131r. Nitekim ger\u00e7ek ki\u015fi ve t\u00fczel ki\u015fi olan bor\u00e7lular\u0131n malvarl\u0131\u011f\u0131 bulunmamas\u0131 ya da olduk\u00e7a fazla say\u0131da icra takibi alt\u0131nda bulunmas\u0131 alaca\u011f\u0131n tahsilini zorla\u015ft\u0131rmaktad\u0131r. Bu durum, m\u00fcvekkilin alaca\u011f\u0131n\u0131n tahsilini zora sokmas\u0131n\u0131n yan\u0131 s\u0131ra, bo\u015f yere masraf [&hellip;]<\/p>\n","protected":false},"author":1,"featured_media":0,"parent":0,"menu_order":0,"comment_status":"closed","ping_status":"closed","template":"","meta":{"footnotes":""},"class_list":["post-145","page","type-page","status-publish","hentry"],"yoast_head":"<!-- This site is optimized with the Yoast SEO plugin v20.12 - https:\/\/yoast.com\/wordpress\/plugins\/seo\/ -->\n<title>\u0130cra Takipleri - Nam\u0131k Kemal T\u00fcyl\u00fcce<\/title>\n<meta name=\"robots\" content=\"index, follow, max-snippet:-1, max-image-preview:large, max-video-preview:-1\" \/>\n<link rel=\"canonical\" href=\"https:\/\/namikkemaltuyluce.av.tr\/?page_id=145\" \/>\n<meta property=\"og:locale\" content=\"tr_TR\" \/>\n<meta property=\"og:type\" content=\"article\" \/>\n<meta property=\"og:title\" content=\"\u0130cra Takipleri - Nam\u0131k Kemal T\u00fcyl\u00fcce\" \/>\n<meta property=\"og:description\" content=\"Alacakl\u0131 vekili olarak \u00f6ncelikle icra takibi ba\u015flat\u0131lmadan \u00f6nce bor\u00e7luyla ilgili gerekli istihbarat \u00e7al\u0131\u015fmas\u0131 yap\u0131lmaktad\u0131r. Alaca\u011f\u0131n tahsil edilebilmesinin m\u00fcmk\u00fcn olup olmad\u0131\u011f\u0131 ara\u015ft\u0131r\u0131lmaktad\u0131r. Nitekim ger\u00e7ek ki\u015fi ve t\u00fczel ki\u015fi olan bor\u00e7lular\u0131n malvarl\u0131\u011f\u0131 bulunmamas\u0131 ya da olduk\u00e7a fazla say\u0131da icra takibi alt\u0131nda bulunmas\u0131 alaca\u011f\u0131n tahsilini zorla\u015ft\u0131rmaktad\u0131r. Bu durum, m\u00fcvekkilin alaca\u011f\u0131n\u0131n tahsilini zora sokmas\u0131n\u0131n yan\u0131 s\u0131ra, bo\u015f yere masraf [&hellip;]\" \/>\n<meta property=\"og:url\" content=\"https:\/\/namikkemaltuyluce.av.tr\/?page_id=145\" \/>\n<meta property=\"og:site_name\" content=\"Nam\u0131k Kemal T\u00fcyl\u00fcce\" \/>\n<meta name=\"twitter:card\" content=\"summary_large_image\" \/>\n<meta name=\"twitter:label1\" content=\"Tahmini okuma s\u00fcresi\" \/>\n\t<meta name=\"twitter:data1\" content=\"3 dakika\" \/>\n<script type=\"application\/ld+json\" class=\"yoast-schema-graph\">{\"@context\":\"https:\/\/schema.org\",\"@graph\":[{\"@type\":\"WebPage\",\"@id\":\"https:\/\/namikkemaltuyluce.av.tr\/?page_id=145\",\"url\":\"https:\/\/namikkemaltuyluce.av.tr\/?page_id=145\",\"name\":\"\u0130cra Takipleri - Nam\u0131k Kemal T\u00fcyl\u00fcce\",\"isPartOf\":{\"@id\":\"http:\/\/namikkemaltuyluce.av.tr\/#website\"},\"datePublished\":\"2023-06-05T13:25:16+00:00\",\"dateModified\":\"2023-06-05T13:25:16+00:00\",\"breadcrumb\":{\"@id\":\"https:\/\/namikkemaltuyluce.av.tr\/?page_id=145#breadcrumb\"},\"inLanguage\":\"tr\",\"potentialAction\":[{\"@type\":\"ReadAction\",\"target\":[\"https:\/\/namikkemaltuyluce.av.tr\/?page_id=145\"]}]},{\"@type\":\"BreadcrumbList\",\"@id\":\"https:\/\/namikkemaltuyluce.av.tr\/?page_id=145#breadcrumb\",\"itemListElement\":[{\"@type\":\"ListItem\",\"position\":1,\"name\":\"Anasayfa\",\"item\":\"http:\/\/namikkemaltuyluce.av.tr\/\"},{\"@type\":\"ListItem\",\"position\":2,\"name\":\"\u0130cra Takipleri\"}]},{\"@type\":\"WebSite\",\"@id\":\"http:\/\/namikkemaltuyluce.av.tr\/#website\",\"url\":\"http:\/\/namikkemaltuyluce.av.tr\/\",\"name\":\"Nam\u0131k Kemal T\u00fcyl\u00fcce\",\"description\":\"\",\"publisher\":{\"@id\":\"http:\/\/namikkemaltuyluce.av.tr\/#organization\"},\"potentialAction\":[{\"@type\":\"SearchAction\",\"target\":{\"@type\":\"EntryPoint\",\"urlTemplate\":\"http:\/\/namikkemaltuyluce.av.tr\/?s={search_term_string}\"},\"query-input\":\"required name=search_term_string\"}],\"inLanguage\":\"tr\"},{\"@type\":\"Organization\",\"@id\":\"http:\/\/namikkemaltuyluce.av.tr\/#organization\",\"name\":\"Arabulucu ve Avukat Nam\u0131k Kemal T\u00fcyl\u00fcce\",\"url\":\"http:\/\/namikkemaltuyluce.av.tr\/\",\"logo\":{\"@type\":\"ImageObject\",\"inLanguage\":\"tr\",\"@id\":\"http:\/\/namikkemaltuyluce.av.tr\/#\/schema\/logo\/image\/\",\"url\":\"https:\/\/namikkemaltuyluce.av.tr\/wp-content\/uploads\/2023\/01\/hukuk.png\",\"contentUrl\":\"https:\/\/namikkemaltuyluce.av.tr\/wp-content\/uploads\/2023\/01\/hukuk.png\",\"width\":400,\"height\":300,\"caption\":\"Arabulucu ve Avukat Nam\u0131k Kemal T\u00fcyl\u00fcce\"},\"image\":{\"@id\":\"http:\/\/namikkemaltuyluce.av.tr\/#\/schema\/logo\/image\/\"}}]}<\/script>\n<!-- \/ Yoast SEO plugin. -->","yoast_head_json":{"title":"\u0130cra Takipleri - Nam\u0131k Kemal T\u00fcyl\u00fcce","robots":{"index":"index","follow":"follow","max-snippet":"max-snippet:-1","max-image-preview":"max-image-preview:large","max-video-preview":"max-video-preview:-1"},"canonical":"https:\/\/namikkemaltuyluce.av.tr\/?page_id=145","og_locale":"tr_TR","og_type":"article","og_title":"\u0130cra Takipleri - Nam\u0131k Kemal T\u00fcyl\u00fcce","og_description":"Alacakl\u0131 vekili olarak \u00f6ncelikle icra takibi ba\u015flat\u0131lmadan \u00f6nce bor\u00e7luyla ilgili gerekli istihbarat \u00e7al\u0131\u015fmas\u0131 yap\u0131lmaktad\u0131r. Alaca\u011f\u0131n tahsil edilebilmesinin m\u00fcmk\u00fcn olup olmad\u0131\u011f\u0131 ara\u015ft\u0131r\u0131lmaktad\u0131r. Nitekim ger\u00e7ek ki\u015fi ve t\u00fczel ki\u015fi olan bor\u00e7lular\u0131n malvarl\u0131\u011f\u0131 bulunmamas\u0131 ya da olduk\u00e7a fazla say\u0131da icra takibi alt\u0131nda bulunmas\u0131 alaca\u011f\u0131n tahsilini zorla\u015ft\u0131rmaktad\u0131r. Bu durum, m\u00fcvekkilin alaca\u011f\u0131n\u0131n tahsilini zora sokmas\u0131n\u0131n yan\u0131 s\u0131ra, bo\u015f yere masraf [&hellip;]","og_url":"https:\/\/namikkemaltuyluce.av.tr\/?page_id=145","og_site_name":"Nam\u0131k Kemal T\u00fcyl\u00fcce","twitter_card":"summary_large_image","twitter_misc":{"Tahmini okuma s\u00fcresi":"3 dakika"},"schema":{"@context":"https:\/\/schema.org","@graph":[{"@type":"WebPage","@id":"https:\/\/namikkemaltuyluce.av.tr\/?page_id=145","url":"https:\/\/namikkemaltuyluce.av.tr\/?page_id=145","name":"\u0130cra Takipleri - Nam\u0131k Kemal T\u00fcyl\u00fcce","isPartOf":{"@id":"http:\/\/namikkemaltuyluce.av.tr\/#website"},"datePublished":"2023-06-05T13:25:16+00:00","dateModified":"2023-06-05T13:25:16+00:00","breadcrumb":{"@id":"https:\/\/namikkemaltuyluce.av.tr\/?page_id=145#breadcrumb"},"inLanguage":"tr","potentialAction":[{"@type":"ReadAction","target":["https:\/\/namikkemaltuyluce.av.tr\/?page_id=145"]}]},{"@type":"BreadcrumbList","@id":"https:\/\/namikkemaltuyluce.av.tr\/?page_id=145#breadcrumb","itemListElement":[{"@type":"ListItem","position":1,"name":"Anasayfa","item":"http:\/\/namikkemaltuyluce.av.tr\/"},{"@type":"ListItem","position":2,"name":"\u0130cra Takipleri"}]},{"@type":"WebSite","@id":"http:\/\/namikkemaltuyluce.av.tr\/#website","url":"http:\/\/namikkemaltuyluce.av.tr\/","name":"Nam\u0131k Kemal T\u00fcyl\u00fcce","description":"","publisher":{"@id":"http:\/\/namikkemaltuyluce.av.tr\/#organization"},"potentialAction":[{"@type":"SearchAction","target":{"@type":"EntryPoint","urlTemplate":"http:\/\/namikkemaltuyluce.av.tr\/?s={search_term_string}"},"query-input":"required name=search_term_string"}],"inLanguage":"tr"},{"@type":"Organization","@id":"http:\/\/namikkemaltuyluce.av.tr\/#organization","name":"Arabulucu ve Avukat Nam\u0131k Kemal T\u00fcyl\u00fcce","url":"http:\/\/namikkemaltuyluce.av.tr\/","logo":{"@type":"ImageObject","inLanguage":"tr","@id":"http:\/\/namikkemaltuyluce.av.tr\/#\/schema\/logo\/image\/","url":"https:\/\/namikkemaltuyluce.av.tr\/wp-content\/uploads\/2023\/01\/hukuk.png","contentUrl":"https:\/\/namikkemaltuyluce.av.tr\/wp-content\/uploads\/2023\/01\/hukuk.png","width":400,"height":300,"caption":"Arabulucu ve Avukat Nam\u0131k Kemal T\u00fcyl\u00fcce"},"image":{"@id":"http:\/\/namikkemaltuyluce.av.tr\/#\/schema\/logo\/image\/"}}]}},"_links":{"self":[{"href":"https:\/\/namikkemaltuyluce.av.tr\/index.php?rest_route=\/wp\/v2\/pages\/145","targetHints":{"allow":["GET"]}}],"collection":[{"href":"https:\/\/namikkemaltuyluce.av.tr\/index.php?rest_route=\/wp\/v2\/pages"}],"about":[{"href":"https:\/\/namikkemaltuyluce.av.tr\/index.php?rest_route=\/wp\/v2\/types\/page"}],"author":[{"embeddable":true,"href":"https:\/\/namikkemaltuyluce.av.tr\/index.php?rest_route=\/wp\/v2\/users\/1"}],"replies":[{"embeddable":true,"href":"https:\/\/namikkemaltuyluce.av.tr\/index.php?rest_route=%2Fwp%2Fv2%2Fcomments&post=145"}],"version-history":[{"count":1,"href":"https:\/\/namikkemaltuyluce.av.tr\/index.php?rest_route=\/wp\/v2\/pages\/145\/revisions"}],"predecessor-version":[{"id":146,"href":"https:\/\/namikkemaltuyluce.av.tr\/index.php?rest_route=\/wp\/v2\/pages\/145\/revisions\/146"}],"wp:attachment":[{"href":"https:\/\/namikkemaltuyluce.av.tr\/index.php?rest_route=%2Fwp%2Fv2%2Fmedia&parent=145"}],"curies":[{"name":"wp","href":"https:\/\/api.w.org\/{rel}","templated":true}]}}