{"id":147,"date":"2023-06-05T16:28:52","date_gmt":"2023-06-05T13:28:52","guid":{"rendered":"https:\/\/namikkemaltuyluce.av.tr\/?page_id=147"},"modified":"2023-06-05T16:28:52","modified_gmt":"2023-06-05T13:28:52","slug":"iflas-ve-konkordato","status":"publish","type":"page","link":"https:\/\/namikkemaltuyluce.av.tr\/?page_id=147","title":{"rendered":"\u0130flas ve Konkordato"},"content":{"rendered":"\n<p>\u0130flas ve konkordato farkl\u0131 kavramlar olup, uygulanmas\u0131 ve sonu\u00e7lar\u0131 itibariyle bamba\u015fka hukuki m\u00fcesseselerdir.<\/p>\n\n\n\n<p>\u0130flas, kanunlar\u0131m\u0131zda tair ya da tacir stat\u00fcs\u00fcndeki bir bor\u00e7lunun art\u0131k bor\u00e7lar\u0131n\u0131 \u00f6deyememesi hali olarak tan\u0131mlanm\u0131\u015ft\u0131r. Konkordato ise, herhangi bir sebeple i\u015fleri bozulan ve \u00f6deme g\u00fc\u00e7l\u00fc\u011f\u00fc \u00e7eken iyiniyetli bor\u00e7lular\u0131 koruma amac\u0131 g\u00fcden bir kavramd\u0131r.<\/p>\n\n\n\n<p><strong>\u0130flas Nedir?<\/strong><\/p>\n\n\n\n<p>Tacirin bor\u00e7lar\u0131n\u0131n alacakl\u0131lar\u0131ndan fazla olmas\u0131 ve finansal durumunu g\u00f6steren verilerinin bozulmu\u015f olmas\u0131 halinde, bor\u00e7lu s\u0131fat\u0131n\u0131 ta\u015f\u0131yan bu tacirlerin iflas\u0131n\u0131 istemesi gerekmektedir. Bu durum, kanuni bir y\u00fck\u00fcml\u00fcl\u00fck olup, bu durumdaki bir \u015firketin iflas\u0131n\u0131 istememi\u015f olmas\u0131, \u0130cra \u0130flas Kanunu&#8217;na g\u00f6re su\u00e7tur. S\u00f6z konusu bu su\u00e7un cezas\u0131, kanunda hapis olarak belirtilmi\u015f olup, iflas isteme hususunun ne denli \u00f6nemli ve hayati bir konu oldu\u011fu, bizzat kanuni d\u00fczenlemeden anla\u015f\u0131lmaktad\u0131r. \u0130flas\u0131n, iflas eden yani muflis taraf\u0131ndan istenmesi bu \u015fekilde bir zorunluluk olup, ayn\u0131 zamanda alacakl\u0131lar\u0131n da Asliye Ticaret Mahkemesi&#8217;ne talepte bulunmas\u0131 m\u00fcmk\u00fcnd\u00fcr.<\/p>\n\n\n\n<p>Bu tip bir durumda, bor\u00e7lunun ya iflas\u0131n\u0131 istemesi ya da&nbsp;<strong>iflas ertelemeye<\/strong>&nbsp;ba\u015fvurmas\u0131 gerekmekteydi. Ancak 2018 y\u0131l\u0131n\u0131n Mart ay\u0131nda y\u00fcr\u00fcrl\u00fc\u011fe giren ve \u0130cra ve \u0130flas Kanunu\u2019nun konkordatoya ili\u015fkin h\u00fck\u00fcmlerinde k\u00f6kl\u00fc de\u011fi\u015fiklikler yapan 7101 say\u0131l\u0131 kanun, &#8220;iflas erteleme&#8221; kavram\u0131n\u0131 tamamen kald\u0131rm\u0131\u015f ve bunun yerine yeni bir konkordato sistemi getirmi\u015ftir. Dolay\u0131s\u0131yla art\u0131k bor\u00e7lular\u0131n iflas ertelemeye ba\u015fvurabilmesi m\u00fcmk\u00fcn de\u011fildir.<\/p>\n\n\n\n<p>Bor\u00e7lunun borcunun, alacakl\u0131 taraf\u0131ndan cebri icra yoluyla, yani devlet vas\u0131tas\u0131yla zor kullan\u0131larak tahsil edilmesi esas olup, iflas yolu da bir cebri icra y\u00f6ntemidir. \u0130flas halinde, bor\u00e7lunun t\u00fcm mallar\u0131na el koyulmas\u0131 esas olup, bu suretle olu\u015fturulacak iflas masas\u0131ndaki b\u00fct\u00fcn mallar\u0131n ve haklar\u0131n iflas idaresince tasfiye edilmesi s\u00f6z konusu olacakt\u0131r. Tasfiyeden kas\u0131t, malvarl\u0131klar\u0131n\u0131n paraya d\u00f6n\u00fc\u015ft\u00fcr\u00fclerek yasaya uygun \u015fekilde alacakl\u0131lara \u00f6denmesidir.<\/p>\n\n\n\n<p>\u0130flas\u0131n ger\u00e7ekle\u015fmesinin ayn\u0131 zamanda cezai y\u00f6nden sorumluluklar do\u011furmas\u0131 da m\u00fcmk\u00fcn olup, iflasla birlikte iflas\u0131n ne \u015fekilde ger\u00e7ekle\u015fti\u011fine ili\u015fkin yap\u0131lacak yarg\u0131lamada, iflas\u0131n taksirli iflas ya da hileli iflas olarak s\u0131n\u0131fland\u0131r\u0131lmas\u0131 ve bu \u015fekilde h\u00fck\u00fcm kurulmas\u0131 da m\u00fcmk\u00fcnd\u00fcr.<\/p>\n\n\n\n<p><strong>Konkordato Nedir?<\/strong><\/p>\n\n\n\n<p>Konkordato, sebebinin ne oldu\u011fundan ba\u011f\u0131ms\u0131z olarak, i\u015fleri bozulmu\u015f olan, \u00f6deme g\u00fc\u00e7l\u00fc\u011f\u00fcne d\u00fc\u015fen ancak iyiniyetli olan bor\u00e7lular\u0131n iflas etmesinin \u00f6n\u00fcne ge\u00e7mek ve ekonomik durumlar\u0131n\u0131 iyile\u015ftirebilmelerine f\u0131rsat sa\u011flamak ad\u0131na uygulanan bir y\u00f6ntemdir.&nbsp; Bu sistemde; bor\u00e7lu ve alacakl\u0131lar aras\u0131nda anla\u015fma sa\u011flanabilmesi kritik bir nokta olup, anla\u015fma sa\u011fland\u0131\u011f\u0131 takdirde, di\u011fer bir deyi\u015fle alacakl\u0131lar\u0131n belirli bir \u00e7o\u011funlu\u011funun kabul edece\u011fi bir plan \u00fczerinde uzla\u015f\u0131lmas\u0131 halinde, bor\u00e7lar\u0131n bu plana g\u00f6re \u00f6denmesi sa\u011flanabilecektir.<\/p>\n\n\n\n<p>Alacakl\u0131lar\u0131n alacaklar\u0131n\u0131 ne oranda ve hangi zamanda alabileceklerine ili\u015fkin bir d\u00fczenleme getiren bu sistem, tamamen mahkeme denetiminde ve g\u00f6zetiminde ilerlemektedir. Nitekim, mahkeme, konkordato talep eden tarafa konkordato komiseri atamakta, bu sayede hem alacakl\u0131lar hem de bor\u00e7lu taraf i\u00e7in de \u00f6nemli bir g\u00fcvence sa\u011flanm\u0131\u015f olmaktad\u0131r. Konkordato ile bor\u00e7luya bor\u00e7lar\u0131n\u0131 \u00f6demek \u00fczere belirli bir vade tan\u0131nabilece\u011fi (vade konkordatosu) gibi, alacakl\u0131lar\u0131n alacaklar\u0131n\u0131n belirli bir k\u0131sm\u0131ndan\/y\u00fczdesinden feragat etmeleri \u015fart\u0131yla borcun \u00f6denece\u011fi (tenzilat konkordatosu)\u00a0 de kararla\u015ft\u0131r\u0131labilir. Hatta hem vade konkordatosu hem de tenzilat konkordatosunun birlikte kararla\u015ft\u0131r\u0131lmas\u0131 da m\u00fcmk\u00fcnd\u00fcr.<\/p>\n\n\n\n<p>Fakat uygulamada en s\u0131k kar\u015f\u0131la\u015f\u0131lan adi konkordato i\u00e7in, \u00f6ncelikle bir konkordato \u00f6n projesinin haz\u0131rlanmas\u0131 ve \u00f6n projeyle uyumlu \u015fekilde yetkili ve g\u00f6revli mahkemeye hitaben konkordato ba\u015fvuru dilek\u00e7esinin haz\u0131rlanmas\u0131 gerekmektedir. S\u00f6z konusu bu iki haz\u0131rl\u0131k, hem mali hem de ekonomik anlamda uzmanl\u0131k gerektirmektedir. Nitekim, bu haz\u0131rl\u0131klar neticesinde yap\u0131lacak ba\u015fvurunun ard\u0131ndan mahkemece \u00f6nce ge\u00e7ici m\u00fchlet verilecek ve konkordato komiseri atanacak, ard\u0131ndan konkordato komiserinin raporuna g\u00f6re ba\u015fvuran\u0131n bu imkandan faydalan\u0131p faydalanamayaca\u011f\u0131 belirlenecektir. Bu a\u00e7\u0131dan, yap\u0131lacak \u00f6n \u00e7al\u0131\u015fman\u0131n olduk\u00e7a mant\u0131kl\u0131 ve inand\u0131r\u0131c\u0131 emarelere sahip olmas\u0131 gerekti\u011fi a\u00e7\u0131kt\u0131r.<\/p>\n\n\n\n<p>Bu ba\u011flamda \u0130flas ve Konkordato ba\u015fl\u0131\u011f\u0131 alt\u0131nda verilen temel hizmetler \u015fu \u015fekildedir:<\/p>\n\n\n\n<ul class=\"wp-block-list\">\n<li><em>\u0130flas yolu ile takip<\/em><\/li>\n\n\n\n<li><em>\u0130flas davas\u0131n\u0131n takibi<\/em><\/li>\n\n\n\n<li><em>\u0130flas\u0131n Ertelenmesi<\/em><\/li>\n\n\n\n<li><em>Konkordato ilan\u0131 ve konkordato hakk\u0131nda her t\u00fcrl\u00fc dan\u0131\u015fmanl\u0131k hizmeti<\/em><\/li>\n\n\n\n<li><em>\u015eirketlerde borca bat\u0131kl\u0131k durumunun denetlenmesi<\/em><\/li>\n\n\n\n<li><em>\u015eirket kurtarma \u00e7al\u0131\u015fmalar\u0131<\/em><\/li>\n\n\n\n<li>Di\u011fer her t\u00fcrl\u00fc konu<\/li>\n<\/ul>\n\n\n\n<p><em>Say\u0131lan hizmet tipleri genel anlamda ve \u00f6rnekleyici olup, iflas ve konkordato hususlar\u0131na ili\u015fkin her t\u00fcrl\u00fc dava ve i\u015f bak\u0131m\u0131ndan avukatl\u0131k hizmeti verilmektedir.<br>Detayl\u0131 bilgi i\u00e7in randevu talep ediniz.<\/em><\/p>\n","protected":false},"excerpt":{"rendered":"<p>\u0130flas ve konkordato farkl\u0131 kavramlar olup, uygulanmas\u0131 ve sonu\u00e7lar\u0131 itibariyle bamba\u015fka hukuki m\u00fcesseselerdir. \u0130flas, kanunlar\u0131m\u0131zda tair ya da tacir stat\u00fcs\u00fcndeki bir bor\u00e7lunun art\u0131k bor\u00e7lar\u0131n\u0131 \u00f6deyememesi hali olarak tan\u0131mlanm\u0131\u015ft\u0131r. Konkordato ise, herhangi bir sebeple i\u015fleri bozulan ve \u00f6deme g\u00fc\u00e7l\u00fc\u011f\u00fc \u00e7eken iyiniyetli bor\u00e7lular\u0131 koruma amac\u0131 g\u00fcden bir kavramd\u0131r. \u0130flas Nedir? Tacirin bor\u00e7lar\u0131n\u0131n alacakl\u0131lar\u0131ndan fazla olmas\u0131 ve finansal [&hellip;]<\/p>\n","protected":false},"author":1,"featured_media":0,"parent":0,"menu_order":0,"comment_status":"closed","ping_status":"closed","template":"","meta":{"footnotes":""},"class_list":["post-147","page","type-page","status-publish","hentry"],"yoast_head":"<!-- This site is optimized with the Yoast SEO plugin v20.12 - https:\/\/yoast.com\/wordpress\/plugins\/seo\/ -->\n<title>\u0130flas ve Konkordato - Nam\u0131k Kemal T\u00fcyl\u00fcce<\/title>\n<meta name=\"robots\" content=\"index, follow, max-snippet:-1, max-image-preview:large, max-video-preview:-1\" \/>\n<link rel=\"canonical\" href=\"https:\/\/namikkemaltuyluce.av.tr\/?page_id=147\" \/>\n<meta property=\"og:locale\" content=\"tr_TR\" \/>\n<meta property=\"og:type\" content=\"article\" \/>\n<meta property=\"og:title\" content=\"\u0130flas ve Konkordato - Nam\u0131k Kemal T\u00fcyl\u00fcce\" \/>\n<meta property=\"og:description\" content=\"\u0130flas ve konkordato farkl\u0131 kavramlar olup, uygulanmas\u0131 ve sonu\u00e7lar\u0131 itibariyle bamba\u015fka hukuki m\u00fcesseselerdir. \u0130flas, kanunlar\u0131m\u0131zda tair ya da tacir stat\u00fcs\u00fcndeki bir bor\u00e7lunun art\u0131k bor\u00e7lar\u0131n\u0131 \u00f6deyememesi hali olarak tan\u0131mlanm\u0131\u015ft\u0131r. Konkordato ise, herhangi bir sebeple i\u015fleri bozulan ve \u00f6deme g\u00fc\u00e7l\u00fc\u011f\u00fc \u00e7eken iyiniyetli bor\u00e7lular\u0131 koruma amac\u0131 g\u00fcden bir kavramd\u0131r. \u0130flas Nedir? Tacirin bor\u00e7lar\u0131n\u0131n alacakl\u0131lar\u0131ndan fazla olmas\u0131 ve finansal [&hellip;]\" \/>\n<meta property=\"og:url\" content=\"https:\/\/namikkemaltuyluce.av.tr\/?page_id=147\" \/>\n<meta property=\"og:site_name\" content=\"Nam\u0131k Kemal T\u00fcyl\u00fcce\" \/>\n<meta name=\"twitter:card\" content=\"summary_large_image\" \/>\n<meta name=\"twitter:label1\" content=\"Tahmini okuma s\u00fcresi\" \/>\n\t<meta name=\"twitter:data1\" content=\"4 dakika\" \/>\n<script type=\"application\/ld+json\" class=\"yoast-schema-graph\">{\"@context\":\"https:\/\/schema.org\",\"@graph\":[{\"@type\":\"WebPage\",\"@id\":\"https:\/\/namikkemaltuyluce.av.tr\/?page_id=147\",\"url\":\"https:\/\/namikkemaltuyluce.av.tr\/?page_id=147\",\"name\":\"\u0130flas ve Konkordato - Nam\u0131k Kemal T\u00fcyl\u00fcce\",\"isPartOf\":{\"@id\":\"http:\/\/namikkemaltuyluce.av.tr\/#website\"},\"datePublished\":\"2023-06-05T13:28:52+00:00\",\"dateModified\":\"2023-06-05T13:28:52+00:00\",\"breadcrumb\":{\"@id\":\"https:\/\/namikkemaltuyluce.av.tr\/?page_id=147#breadcrumb\"},\"inLanguage\":\"tr\",\"potentialAction\":[{\"@type\":\"ReadAction\",\"target\":[\"https:\/\/namikkemaltuyluce.av.tr\/?page_id=147\"]}]},{\"@type\":\"BreadcrumbList\",\"@id\":\"https:\/\/namikkemaltuyluce.av.tr\/?page_id=147#breadcrumb\",\"itemListElement\":[{\"@type\":\"ListItem\",\"position\":1,\"name\":\"Anasayfa\",\"item\":\"http:\/\/namikkemaltuyluce.av.tr\/\"},{\"@type\":\"ListItem\",\"position\":2,\"name\":\"\u0130flas ve Konkordato\"}]},{\"@type\":\"WebSite\",\"@id\":\"http:\/\/namikkemaltuyluce.av.tr\/#website\",\"url\":\"http:\/\/namikkemaltuyluce.av.tr\/\",\"name\":\"Nam\u0131k Kemal T\u00fcyl\u00fcce\",\"description\":\"\",\"publisher\":{\"@id\":\"http:\/\/namikkemaltuyluce.av.tr\/#organization\"},\"potentialAction\":[{\"@type\":\"SearchAction\",\"target\":{\"@type\":\"EntryPoint\",\"urlTemplate\":\"http:\/\/namikkemaltuyluce.av.tr\/?s={search_term_string}\"},\"query-input\":\"required name=search_term_string\"}],\"inLanguage\":\"tr\"},{\"@type\":\"Organization\",\"@id\":\"http:\/\/namikkemaltuyluce.av.tr\/#organization\",\"name\":\"Arabulucu ve Avukat Nam\u0131k Kemal T\u00fcyl\u00fcce\",\"url\":\"http:\/\/namikkemaltuyluce.av.tr\/\",\"logo\":{\"@type\":\"ImageObject\",\"inLanguage\":\"tr\",\"@id\":\"http:\/\/namikkemaltuyluce.av.tr\/#\/schema\/logo\/image\/\",\"url\":\"https:\/\/namikkemaltuyluce.av.tr\/wp-content\/uploads\/2023\/01\/hukuk.png\",\"contentUrl\":\"https:\/\/namikkemaltuyluce.av.tr\/wp-content\/uploads\/2023\/01\/hukuk.png\",\"width\":400,\"height\":300,\"caption\":\"Arabulucu ve Avukat Nam\u0131k Kemal T\u00fcyl\u00fcce\"},\"image\":{\"@id\":\"http:\/\/namikkemaltuyluce.av.tr\/#\/schema\/logo\/image\/\"}}]}<\/script>\n<!-- \/ Yoast SEO plugin. -->","yoast_head_json":{"title":"\u0130flas ve Konkordato - Nam\u0131k Kemal T\u00fcyl\u00fcce","robots":{"index":"index","follow":"follow","max-snippet":"max-snippet:-1","max-image-preview":"max-image-preview:large","max-video-preview":"max-video-preview:-1"},"canonical":"https:\/\/namikkemaltuyluce.av.tr\/?page_id=147","og_locale":"tr_TR","og_type":"article","og_title":"\u0130flas ve Konkordato - Nam\u0131k Kemal T\u00fcyl\u00fcce","og_description":"\u0130flas ve konkordato farkl\u0131 kavramlar olup, uygulanmas\u0131 ve sonu\u00e7lar\u0131 itibariyle bamba\u015fka hukuki m\u00fcesseselerdir. \u0130flas, kanunlar\u0131m\u0131zda tair ya da tacir stat\u00fcs\u00fcndeki bir bor\u00e7lunun art\u0131k bor\u00e7lar\u0131n\u0131 \u00f6deyememesi hali olarak tan\u0131mlanm\u0131\u015ft\u0131r. Konkordato ise, herhangi bir sebeple i\u015fleri bozulan ve \u00f6deme g\u00fc\u00e7l\u00fc\u011f\u00fc \u00e7eken iyiniyetli bor\u00e7lular\u0131 koruma amac\u0131 g\u00fcden bir kavramd\u0131r. \u0130flas Nedir? Tacirin bor\u00e7lar\u0131n\u0131n alacakl\u0131lar\u0131ndan fazla olmas\u0131 ve finansal [&hellip;]","og_url":"https:\/\/namikkemaltuyluce.av.tr\/?page_id=147","og_site_name":"Nam\u0131k Kemal T\u00fcyl\u00fcce","twitter_card":"summary_large_image","twitter_misc":{"Tahmini okuma s\u00fcresi":"4 dakika"},"schema":{"@context":"https:\/\/schema.org","@graph":[{"@type":"WebPage","@id":"https:\/\/namikkemaltuyluce.av.tr\/?page_id=147","url":"https:\/\/namikkemaltuyluce.av.tr\/?page_id=147","name":"\u0130flas ve Konkordato - Nam\u0131k Kemal T\u00fcyl\u00fcce","isPartOf":{"@id":"http:\/\/namikkemaltuyluce.av.tr\/#website"},"datePublished":"2023-06-05T13:28:52+00:00","dateModified":"2023-06-05T13:28:52+00:00","breadcrumb":{"@id":"https:\/\/namikkemaltuyluce.av.tr\/?page_id=147#breadcrumb"},"inLanguage":"tr","potentialAction":[{"@type":"ReadAction","target":["https:\/\/namikkemaltuyluce.av.tr\/?page_id=147"]}]},{"@type":"BreadcrumbList","@id":"https:\/\/namikkemaltuyluce.av.tr\/?page_id=147#breadcrumb","itemListElement":[{"@type":"ListItem","position":1,"name":"Anasayfa","item":"http:\/\/namikkemaltuyluce.av.tr\/"},{"@type":"ListItem","position":2,"name":"\u0130flas ve Konkordato"}]},{"@type":"WebSite","@id":"http:\/\/namikkemaltuyluce.av.tr\/#website","url":"http:\/\/namikkemaltuyluce.av.tr\/","name":"Nam\u0131k Kemal T\u00fcyl\u00fcce","description":"","publisher":{"@id":"http:\/\/namikkemaltuyluce.av.tr\/#organization"},"potentialAction":[{"@type":"SearchAction","target":{"@type":"EntryPoint","urlTemplate":"http:\/\/namikkemaltuyluce.av.tr\/?s={search_term_string}"},"query-input":"required name=search_term_string"}],"inLanguage":"tr"},{"@type":"Organization","@id":"http:\/\/namikkemaltuyluce.av.tr\/#organization","name":"Arabulucu ve Avukat Nam\u0131k Kemal T\u00fcyl\u00fcce","url":"http:\/\/namikkemaltuyluce.av.tr\/","logo":{"@type":"ImageObject","inLanguage":"tr","@id":"http:\/\/namikkemaltuyluce.av.tr\/#\/schema\/logo\/image\/","url":"https:\/\/namikkemaltuyluce.av.tr\/wp-content\/uploads\/2023\/01\/hukuk.png","contentUrl":"https:\/\/namikkemaltuyluce.av.tr\/wp-content\/uploads\/2023\/01\/hukuk.png","width":400,"height":300,"caption":"Arabulucu ve Avukat Nam\u0131k Kemal T\u00fcyl\u00fcce"},"image":{"@id":"http:\/\/namikkemaltuyluce.av.tr\/#\/schema\/logo\/image\/"}}]}},"_links":{"self":[{"href":"https:\/\/namikkemaltuyluce.av.tr\/index.php?rest_route=\/wp\/v2\/pages\/147","targetHints":{"allow":["GET"]}}],"collection":[{"href":"https:\/\/namikkemaltuyluce.av.tr\/index.php?rest_route=\/wp\/v2\/pages"}],"about":[{"href":"https:\/\/namikkemaltuyluce.av.tr\/index.php?rest_route=\/wp\/v2\/types\/page"}],"author":[{"embeddable":true,"href":"https:\/\/namikkemaltuyluce.av.tr\/index.php?rest_route=\/wp\/v2\/users\/1"}],"replies":[{"embeddable":true,"href":"https:\/\/namikkemaltuyluce.av.tr\/index.php?rest_route=%2Fwp%2Fv2%2Fcomments&post=147"}],"version-history":[{"count":1,"href":"https:\/\/namikkemaltuyluce.av.tr\/index.php?rest_route=\/wp\/v2\/pages\/147\/revisions"}],"predecessor-version":[{"id":148,"href":"https:\/\/namikkemaltuyluce.av.tr\/index.php?rest_route=\/wp\/v2\/pages\/147\/revisions\/148"}],"wp:attachment":[{"href":"https:\/\/namikkemaltuyluce.av.tr\/index.php?rest_route=%2Fwp%2Fv2%2Fmedia&parent=147"}],"curies":[{"name":"wp","href":"https:\/\/api.w.org\/{rel}","templated":true}]}}