{"id":151,"date":"2023-06-08T08:25:19","date_gmt":"2023-06-08T05:25:19","guid":{"rendered":"https:\/\/namikkemaltuyluce.av.tr\/?page_id=151"},"modified":"2023-06-08T08:25:19","modified_gmt":"2023-06-08T05:25:19","slug":"ticari-isletme-hukuku","status":"publish","type":"page","link":"https:\/\/namikkemaltuyluce.av.tr\/?page_id=151","title":{"rendered":"Ticari \u0130\u015fletme Hukuku"},"content":{"rendered":"\n<p>Ticaret Hukuku&#8217;nun ilk k\u0131sm\u0131n\u0131 Ticari \u0130\u015fletme Hukuku olu\u015fturmaktad\u0131r. Nitekim, ticaret denilen kavram\u0131n i\u015fleyebilmesi i\u00e7in evvela bir ticari i\u015fletme bulunmas\u0131 gereklidir. Ticari i\u015fletmeler, kar elde etmek amac\u0131yla kurulan i\u015fletmelerdir. Bu anlamda kar elde etme amac\u0131 g\u00fcden i\u015fletmelerin bir b\u00f6l\u00fcm\u00fc esnaf i\u015fletmesi olarak ele al\u0131n\u0131rken, parasal anlamda belirli bir s\u0131n\u0131r\u0131n \u00fczerine \u00e7\u0131kan i\u015fletmeler, esnaf i\u015fletmesi de\u011fil, ticari i\u015fletme olarak nitelendirilmeye ba\u015flan\u0131rlar.<\/p>\n\n\n\n<p>Bir i\u015fletmenin ticari i\u015fletme say\u0131labilmesi i\u00e7in; kar elde etme amac\u0131 g\u00fctmesi, devaml\u0131l\u0131k arz etmesi, aleni ve ba\u011f\u0131ms\u0131z olmas\u0131, belirli bir organizasyon yap\u0131s\u0131na sahip olmas\u0131 gerekmektedir. Bu 5 unsuru bar\u0131nd\u0131ran ve ayn\u0131 zamanda esnaf i\u015fletmeleri bak\u0131m\u0131ndan her y\u0131l belirlenen parasal s\u0131n\u0131r\u0131n \u00fczerine \u00e7\u0131kan i\u015fletmeler, ticari i\u015fletmelerdir.<\/p>\n\n\n\n<p>Ticari i\u015fletmeler, bir k\u0131s\u0131m hukuksal i\u015flemlere konu olabilmektedirler. Bunlardan ba\u015fl\u0131acalar\u0131, ticari i\u015fletmenin devri ve ticari i\u015fletmenin rehnidir. S\u00f6z konusu iki i\u015flem, T\u00fcrk Ticaret Kanunu&#8217;nda \u00f6zel olarak d\u00fczenlenmi\u015ftir. Bunun yan\u0131 s\u0131ra, ticari i\u015fletmelerin kar\u015f\u0131 kar\u015f\u0131ya kalabilece\u011fi hukuki uyu\u015fmazl\u0131klardan di\u011ferleri; ticaret \u00fcnvan\u0131n\u0131n korunmas\u0131, haks\u0131z rekabet hallerinin \u00f6nlenmesi ve mal &#8211; hizmet al\u0131m sat\u0131mlar\u0131nda ay\u0131p ve ihbar k\u00fclfetlerinin yerine getirilmesi gibi hususlard\u0131r.<\/p>\n\n\n\n<p>Ticari i\u015fletme hukuku k\u00f6kenli olarak avukatl\u0131k hizmeti verilen dava tipleri ve i\u015fler genel olarak \u015fu \u015fekilde say\u0131labilmektedir:<\/p>\n\n\n\n<ul class=\"wp-block-list\">\n<li>Ticari i\u015fletmelerin devri haz\u0131rl\u0131klar\u0131n\u0131n yap\u0131lmas\u0131<\/li>\n\n\n\n<li>Ticari i\u015fletme devir protokol\u00fc haz\u0131rlanmas\u0131<\/li>\n\n\n\n<li>Ticari i\u015fletmelerin devrinde, devreden veya devralan\u0131n y\u00fck\u00fcml\u00fcl\u00fcklerini yerine getirmemesi halinde dava a\u00e7\u0131lmas\u0131 ve davan\u0131n takibi<\/li>\n\n\n\n<li>Ticari i\u015fletmelerin devrinde devredenin ve devralan\u0131n ayr\u0131 ayr\u0131 sorumluluklar\u0131ndan do\u011fan davalar<\/li>\n\n\n\n<li>Ticari i\u015fletmenin devri neticesinde \u00fc\u00e7\u00fcnc\u00fc ki\u015filerin ticari i\u015fletmeye kar\u015f\u0131 olan alacak ve haklar\u0131na kar\u015f\u0131 devralan\u0131n veya devredenin devir protokol\u00fcne g\u00f6re savunulmas\u0131<\/li>\n\n\n\n<li>Devrin ticaret siciline tescili ve ilan\u0131n\u0131n ger\u00e7ekle\u015ftirilmesi<\/li>\n\n\n\n<li>Ticari i\u015fletmelerin rehnedilmesi konusunda haz\u0131rl\u0131k ve analizler<\/li>\n\n\n\n<li>Rehin alanla pazarl\u0131k s\u00fcrecinde temsil hizmeti verilmesi<\/li>\n\n\n\n<li>Noter huzurunda ticari i\u015fletme rehin protokol\u00fc d\u00fczenlenmesi<\/li>\n\n\n\n<li>Ticari i\u015fletme rehninin ticaret siciline tescil edilmesi<\/li>\n\n\n\n<li>Rehnedilen ticari i\u015fletme b\u00fcnyesinde bulunan unsurlar\u0131n devrine kar\u015f\u0131 hukuki ve cezai y\u00f6nden dava a\u00e7\u0131lmas\u0131 ve takibi<\/li>\n\n\n\n<li>Rehin konusu \u00fczerinde ihtiyati haciz talep edilmesi<\/li>\n\n\n\n<li>Rehnin paraya \u00e7evrilmesi konusunda t\u00fcm i\u015flemlerin yap\u0131lmas\u0131 ve takibi<\/li>\n\n\n\n<li>Di\u011fer her t\u00fcrl\u00fc i\u015f ve i\u015flem<\/li>\n<\/ul>\n\n\n\n<p><em>Say\u0131lan dava tipleri genel anlamda ve \u00f6rnekleyici olup, ticari i\u015fletme hukukuna ili\u015fkin her t\u00fcrl\u00fc i\u015f ve dava bak\u0131m\u0131ndan avukatl\u0131k hizmeti verilmektedir.<br>Detayl\u0131 bilgi i\u00e7in randevu talep ediniz.<\/em><\/p>\n","protected":false},"excerpt":{"rendered":"<p>Ticaret Hukuku&#8217;nun ilk k\u0131sm\u0131n\u0131 Ticari \u0130\u015fletme Hukuku olu\u015fturmaktad\u0131r. Nitekim, ticaret denilen kavram\u0131n i\u015fleyebilmesi i\u00e7in evvela bir ticari i\u015fletme bulunmas\u0131 gereklidir. Ticari i\u015fletmeler, kar elde etmek amac\u0131yla kurulan i\u015fletmelerdir. Bu anlamda kar elde etme amac\u0131 g\u00fcden i\u015fletmelerin bir b\u00f6l\u00fcm\u00fc esnaf i\u015fletmesi olarak ele al\u0131n\u0131rken, parasal anlamda belirli bir s\u0131n\u0131r\u0131n \u00fczerine \u00e7\u0131kan i\u015fletmeler, esnaf i\u015fletmesi de\u011fil, ticari [&hellip;]<\/p>\n","protected":false},"author":1,"featured_media":0,"parent":0,"menu_order":0,"comment_status":"closed","ping_status":"closed","template":"","meta":{"footnotes":""},"class_list":["post-151","page","type-page","status-publish","hentry"],"yoast_head":"<!-- This site is optimized with the Yoast SEO plugin v20.12 - https:\/\/yoast.com\/wordpress\/plugins\/seo\/ -->\n<title>Ticari \u0130\u015fletme Hukuku - Nam\u0131k Kemal T\u00fcyl\u00fcce<\/title>\n<meta name=\"robots\" content=\"index, follow, max-snippet:-1, max-image-preview:large, max-video-preview:-1\" \/>\n<link rel=\"canonical\" href=\"https:\/\/namikkemaltuyluce.av.tr\/?page_id=151\" \/>\n<meta property=\"og:locale\" content=\"tr_TR\" \/>\n<meta property=\"og:type\" content=\"article\" \/>\n<meta property=\"og:title\" content=\"Ticari \u0130\u015fletme Hukuku - Nam\u0131k Kemal T\u00fcyl\u00fcce\" \/>\n<meta property=\"og:description\" content=\"Ticaret Hukuku&#8217;nun ilk k\u0131sm\u0131n\u0131 Ticari \u0130\u015fletme Hukuku olu\u015fturmaktad\u0131r. Nitekim, ticaret denilen kavram\u0131n i\u015fleyebilmesi i\u00e7in evvela bir ticari i\u015fletme bulunmas\u0131 gereklidir. Ticari i\u015fletmeler, kar elde etmek amac\u0131yla kurulan i\u015fletmelerdir. Bu anlamda kar elde etme amac\u0131 g\u00fcden i\u015fletmelerin bir b\u00f6l\u00fcm\u00fc esnaf i\u015fletmesi olarak ele al\u0131n\u0131rken, parasal anlamda belirli bir s\u0131n\u0131r\u0131n \u00fczerine \u00e7\u0131kan i\u015fletmeler, esnaf i\u015fletmesi de\u011fil, ticari [&hellip;]\" \/>\n<meta property=\"og:url\" content=\"https:\/\/namikkemaltuyluce.av.tr\/?page_id=151\" \/>\n<meta property=\"og:site_name\" content=\"Nam\u0131k Kemal T\u00fcyl\u00fcce\" \/>\n<meta name=\"twitter:card\" content=\"summary_large_image\" \/>\n<meta name=\"twitter:label1\" content=\"Tahmini okuma s\u00fcresi\" \/>\n\t<meta name=\"twitter:data1\" content=\"2 dakika\" \/>\n<script type=\"application\/ld+json\" class=\"yoast-schema-graph\">{\"@context\":\"https:\/\/schema.org\",\"@graph\":[{\"@type\":\"WebPage\",\"@id\":\"https:\/\/namikkemaltuyluce.av.tr\/?page_id=151\",\"url\":\"https:\/\/namikkemaltuyluce.av.tr\/?page_id=151\",\"name\":\"Ticari \u0130\u015fletme Hukuku - Nam\u0131k Kemal T\u00fcyl\u00fcce\",\"isPartOf\":{\"@id\":\"http:\/\/namikkemaltuyluce.av.tr\/#website\"},\"datePublished\":\"2023-06-08T05:25:19+00:00\",\"dateModified\":\"2023-06-08T05:25:19+00:00\",\"breadcrumb\":{\"@id\":\"https:\/\/namikkemaltuyluce.av.tr\/?page_id=151#breadcrumb\"},\"inLanguage\":\"tr\",\"potentialAction\":[{\"@type\":\"ReadAction\",\"target\":[\"https:\/\/namikkemaltuyluce.av.tr\/?page_id=151\"]}]},{\"@type\":\"BreadcrumbList\",\"@id\":\"https:\/\/namikkemaltuyluce.av.tr\/?page_id=151#breadcrumb\",\"itemListElement\":[{\"@type\":\"ListItem\",\"position\":1,\"name\":\"Anasayfa\",\"item\":\"http:\/\/namikkemaltuyluce.av.tr\/\"},{\"@type\":\"ListItem\",\"position\":2,\"name\":\"Ticari \u0130\u015fletme Hukuku\"}]},{\"@type\":\"WebSite\",\"@id\":\"http:\/\/namikkemaltuyluce.av.tr\/#website\",\"url\":\"http:\/\/namikkemaltuyluce.av.tr\/\",\"name\":\"Nam\u0131k Kemal T\u00fcyl\u00fcce\",\"description\":\"\",\"publisher\":{\"@id\":\"http:\/\/namikkemaltuyluce.av.tr\/#organization\"},\"potentialAction\":[{\"@type\":\"SearchAction\",\"target\":{\"@type\":\"EntryPoint\",\"urlTemplate\":\"http:\/\/namikkemaltuyluce.av.tr\/?s={search_term_string}\"},\"query-input\":\"required name=search_term_string\"}],\"inLanguage\":\"tr\"},{\"@type\":\"Organization\",\"@id\":\"http:\/\/namikkemaltuyluce.av.tr\/#organization\",\"name\":\"Arabulucu ve Avukat Nam\u0131k Kemal T\u00fcyl\u00fcce\",\"url\":\"http:\/\/namikkemaltuyluce.av.tr\/\",\"logo\":{\"@type\":\"ImageObject\",\"inLanguage\":\"tr\",\"@id\":\"http:\/\/namikkemaltuyluce.av.tr\/#\/schema\/logo\/image\/\",\"url\":\"https:\/\/namikkemaltuyluce.av.tr\/wp-content\/uploads\/2023\/01\/hukuk.png\",\"contentUrl\":\"https:\/\/namikkemaltuyluce.av.tr\/wp-content\/uploads\/2023\/01\/hukuk.png\",\"width\":400,\"height\":300,\"caption\":\"Arabulucu ve Avukat Nam\u0131k Kemal T\u00fcyl\u00fcce\"},\"image\":{\"@id\":\"http:\/\/namikkemaltuyluce.av.tr\/#\/schema\/logo\/image\/\"}}]}<\/script>\n<!-- \/ Yoast SEO plugin. -->","yoast_head_json":{"title":"Ticari \u0130\u015fletme Hukuku - Nam\u0131k Kemal T\u00fcyl\u00fcce","robots":{"index":"index","follow":"follow","max-snippet":"max-snippet:-1","max-image-preview":"max-image-preview:large","max-video-preview":"max-video-preview:-1"},"canonical":"https:\/\/namikkemaltuyluce.av.tr\/?page_id=151","og_locale":"tr_TR","og_type":"article","og_title":"Ticari \u0130\u015fletme Hukuku - Nam\u0131k Kemal T\u00fcyl\u00fcce","og_description":"Ticaret Hukuku&#8217;nun ilk k\u0131sm\u0131n\u0131 Ticari \u0130\u015fletme Hukuku olu\u015fturmaktad\u0131r. Nitekim, ticaret denilen kavram\u0131n i\u015fleyebilmesi i\u00e7in evvela bir ticari i\u015fletme bulunmas\u0131 gereklidir. Ticari i\u015fletmeler, kar elde etmek amac\u0131yla kurulan i\u015fletmelerdir. Bu anlamda kar elde etme amac\u0131 g\u00fcden i\u015fletmelerin bir b\u00f6l\u00fcm\u00fc esnaf i\u015fletmesi olarak ele al\u0131n\u0131rken, parasal anlamda belirli bir s\u0131n\u0131r\u0131n \u00fczerine \u00e7\u0131kan i\u015fletmeler, esnaf i\u015fletmesi de\u011fil, ticari [&hellip;]","og_url":"https:\/\/namikkemaltuyluce.av.tr\/?page_id=151","og_site_name":"Nam\u0131k Kemal T\u00fcyl\u00fcce","twitter_card":"summary_large_image","twitter_misc":{"Tahmini okuma s\u00fcresi":"2 dakika"},"schema":{"@context":"https:\/\/schema.org","@graph":[{"@type":"WebPage","@id":"https:\/\/namikkemaltuyluce.av.tr\/?page_id=151","url":"https:\/\/namikkemaltuyluce.av.tr\/?page_id=151","name":"Ticari \u0130\u015fletme Hukuku - Nam\u0131k Kemal T\u00fcyl\u00fcce","isPartOf":{"@id":"http:\/\/namikkemaltuyluce.av.tr\/#website"},"datePublished":"2023-06-08T05:25:19+00:00","dateModified":"2023-06-08T05:25:19+00:00","breadcrumb":{"@id":"https:\/\/namikkemaltuyluce.av.tr\/?page_id=151#breadcrumb"},"inLanguage":"tr","potentialAction":[{"@type":"ReadAction","target":["https:\/\/namikkemaltuyluce.av.tr\/?page_id=151"]}]},{"@type":"BreadcrumbList","@id":"https:\/\/namikkemaltuyluce.av.tr\/?page_id=151#breadcrumb","itemListElement":[{"@type":"ListItem","position":1,"name":"Anasayfa","item":"http:\/\/namikkemaltuyluce.av.tr\/"},{"@type":"ListItem","position":2,"name":"Ticari \u0130\u015fletme Hukuku"}]},{"@type":"WebSite","@id":"http:\/\/namikkemaltuyluce.av.tr\/#website","url":"http:\/\/namikkemaltuyluce.av.tr\/","name":"Nam\u0131k Kemal T\u00fcyl\u00fcce","description":"","publisher":{"@id":"http:\/\/namikkemaltuyluce.av.tr\/#organization"},"potentialAction":[{"@type":"SearchAction","target":{"@type":"EntryPoint","urlTemplate":"http:\/\/namikkemaltuyluce.av.tr\/?s={search_term_string}"},"query-input":"required name=search_term_string"}],"inLanguage":"tr"},{"@type":"Organization","@id":"http:\/\/namikkemaltuyluce.av.tr\/#organization","name":"Arabulucu ve Avukat Nam\u0131k Kemal T\u00fcyl\u00fcce","url":"http:\/\/namikkemaltuyluce.av.tr\/","logo":{"@type":"ImageObject","inLanguage":"tr","@id":"http:\/\/namikkemaltuyluce.av.tr\/#\/schema\/logo\/image\/","url":"https:\/\/namikkemaltuyluce.av.tr\/wp-content\/uploads\/2023\/01\/hukuk.png","contentUrl":"https:\/\/namikkemaltuyluce.av.tr\/wp-content\/uploads\/2023\/01\/hukuk.png","width":400,"height":300,"caption":"Arabulucu ve Avukat Nam\u0131k Kemal T\u00fcyl\u00fcce"},"image":{"@id":"http:\/\/namikkemaltuyluce.av.tr\/#\/schema\/logo\/image\/"}}]}},"_links":{"self":[{"href":"https:\/\/namikkemaltuyluce.av.tr\/index.php?rest_route=\/wp\/v2\/pages\/151","targetHints":{"allow":["GET"]}}],"collection":[{"href":"https:\/\/namikkemaltuyluce.av.tr\/index.php?rest_route=\/wp\/v2\/pages"}],"about":[{"href":"https:\/\/namikkemaltuyluce.av.tr\/index.php?rest_route=\/wp\/v2\/types\/page"}],"author":[{"embeddable":true,"href":"https:\/\/namikkemaltuyluce.av.tr\/index.php?rest_route=\/wp\/v2\/users\/1"}],"replies":[{"embeddable":true,"href":"https:\/\/namikkemaltuyluce.av.tr\/index.php?rest_route=%2Fwp%2Fv2%2Fcomments&post=151"}],"version-history":[{"count":1,"href":"https:\/\/namikkemaltuyluce.av.tr\/index.php?rest_route=\/wp\/v2\/pages\/151\/revisions"}],"predecessor-version":[{"id":152,"href":"https:\/\/namikkemaltuyluce.av.tr\/index.php?rest_route=\/wp\/v2\/pages\/151\/revisions\/152"}],"wp:attachment":[{"href":"https:\/\/namikkemaltuyluce.av.tr\/index.php?rest_route=%2Fwp%2Fv2%2Fmedia&parent=151"}],"curies":[{"name":"wp","href":"https:\/\/api.w.org\/{rel}","templated":true}]}}