{"id":153,"date":"2023-06-08T08:26:31","date_gmt":"2023-06-08T05:26:31","guid":{"rendered":"https:\/\/namikkemaltuyluce.av.tr\/?page_id=153"},"modified":"2023-06-08T08:26:31","modified_gmt":"2023-06-08T05:26:31","slug":"sirketler-hukuku","status":"publish","type":"page","link":"https:\/\/namikkemaltuyluce.av.tr\/?page_id=153","title":{"rendered":"\u015eirketler Hukuku"},"content":{"rendered":"\n<p>\u015eirketler hukuku, ticaret hukukunun i\u00e7erisinde yer alan ve en s\u0131k uygulama alan\u0131 bulan hukuk dallar\u0131ndan bir tanesidir. \u015eirketler Hukuku&#8217;na ili\u015fkin h\u00fck\u00fcmler 6102 say\u0131l\u0131 T\u00fcrk Ticaret Kanunu&#8217;nun 124 ile 644. maddeleri aras\u0131nda yer almaktad\u0131r. \u00d6te yandan 6098 say\u0131l\u0131 T\u00fcrk Bor\u00e7lar Kanunu&#8217;nda da adi \u015firketlere ili\u015fkin maddeler bulunmakta olup, s\u00f6z konusu bu maddeler kanunun 620 ve 644. maddeleri aras\u0131nda yer almaktad\u0131r.<\/p>\n\n\n\n<p>T\u00fcrk Ticaret Kanunu&#8217;nda yer alan ticari \u015firketler, temelde 2 ana gruba ayr\u0131lmaktad\u0131r. Bunlar; \u015fah\u0131s \u015firketleri ve sermaye \u015firketleridir. S\u00f6z konusu bu ayr\u0131m\u0131n temel noktas\u0131, \u015firketin bor\u00e7lar\u0131ndan sorumluluk noktas\u0131nda \u015firket ortaklar\u0131n\u0131n \u015fah\u0131slar\u0131yla sorumlu olup olmad\u0131klar\u0131 noktas\u0131ndad\u0131r. \u015eah\u0131s \u015firketlerinde, \u015firketin ortaklar\u0131 \u015fahsi malvarl\u0131klar\u0131yla \u015firket bor\u00e7lar\u0131ndan sorumludur. Sermaye \u015firketlerinde ise, \u015firket ortaklar\u0131 \u015firkete sermaye koymay\u0131 taahh\u00fct ederler ve genelde \u015firket bor\u00e7lular\u0131na kar\u015f\u0131 sadece koymay\u0131 taahh\u00fct ettikleri sermaye miktar\u0131yla sorumlu olurlar.<\/p>\n\n\n\n<p>\u015eirketlerin mutlaka alan\u0131nda uzman hukuk\u00e7ularla \u00e7al\u0131\u015fmas\u0131 gerekmektedir. Nitekim \u015firketler hukuku, olduk\u00e7a a\u011f\u0131r d\u00fczenlemeleriyle apayr\u0131 bir uzmanl\u0131k alan\u0131d\u0131r. \u015eirketlerin kurulu\u015fundan tasfiyesine kadar t\u00fcm \u00f6m\u00fcrleri boyunca at\u0131lacak olan her ad\u0131mda, uzman bir avukat\u0131n yard\u0131m\u0131 olduk\u00e7a \u00f6nem arz etmektedir.<\/p>\n\n\n\n<p>\u015eirketler hukuku k\u00f6kenli olarak avukatl\u0131k hizmeti verilen dava tipleri ve i\u015fler genel olarak \u015fu \u015fekilde say\u0131labilmektedir:<\/p>\n\n\n\n<ul class=\"wp-block-list\">\n<li>\u015eirketlerin ilk kez kurulumu noktas\u0131nda t\u00fcm yasal prosed\u00fcrlerin ger\u00e7ekle\u015ftirilmesi ve takibi<\/li>\n\n\n\n<li>\u015eirket ana s\u00f6zle\u015fmelerinin haz\u0131rlanmas\u0131 ve d\u00fczenlenmesi<\/li>\n\n\n\n<li>\u015eube ve irtibat ofislerinin kurulmas\u0131<\/li>\n\n\n\n<li>Yeni kurulan \u015firket i\u00e7in t\u00fcm yasal prosed\u00fcrlerin tamamlanmas\u0131n\u0131n ard\u0131ndan \u015firketin veya \u015fubenin sicile tescil edilmesi<\/li>\n\n\n\n<li>Y\u00f6netim kurulu ve genel kurul toplant\u0131lar\u0131n\u0131n d\u00fczenlenmesi<\/li>\n\n\n\n<li>\u015eirket genel kurul kararlar\u0131n\u0131n iptali ad\u0131na dava a\u00e7\u0131lmas\u0131<\/li>\n\n\n\n<li>\u015eirkete kar\u015f\u0131 a\u00e7\u0131lan genel kurul karar\u0131n\u0131n iptali davalar\u0131nda \u015firket t\u00fczel ki\u015fili\u011finin savunulmas\u0131<\/li>\n\n\n\n<li>\u015eirket i\u00e7 t\u00fcz\u00fc\u011f\u00fc ve \u015firket i\u00e7i atamalar\u0131n yap\u0131lmas\u0131,<\/li>\n\n\n\n<li>Sermaye art\u0131r\u0131m\u0131 ve azal\u0131m\u0131, kar da\u011f\u0131t\u0131m\u0131, hisse devri, \u015firket adresi de\u011fi\u015fikli\u011fi ve benzeri i\u015flemler i\u00e7in gerekli belgelerin haz\u0131rlanmas\u0131 ve s\u00f6z konusu s\u00fcre\u00e7lerin y\u00f6netimi ve takibi<\/li>\n\n\n\n<li>Y\u00f6netim Kurulu ve Genel Kurul toplant\u0131lar\u0131na kat\u0131l\u0131m, tutanaklar\u0131n haz\u0131rlanmas\u0131 ve her t\u00fcrl\u00fc d\u00f6k\u00fcmantasyon i\u015flerinin ger\u00e7ekle\u015ftirilmesi<\/li>\n\n\n\n<li>M\u00fcvekkillerimizin mevcut politika ve uygulamalar\u0131n analiz edilmesi ve y\u00f6netim yap\u0131s\u0131 ve i\u015flevleri, m\u00fcd\u00fcrlerin yetkinlikleri ve yetkileri ve ba\u011f\u0131ms\u0131zl\u0131klar\u0131 ve tazminatlara ili\u015fkin belirlemelerin hukuki a\u00e7\u0131dan desteklenmesi,<\/li>\n\n\n\n<li>M\u00fcvekkillerimizin mevcut belgelerine g\u00f6re kurumsal&nbsp;<em>health-check<\/em>&nbsp;raporlar\u0131n\u0131n haz\u0131rlanmas\u0131,<\/li>\n\n\n\n<li>M\u00fcvekkillerimizin g\u00fcnl\u00fck \u015eirketler Hukuku ve \u0130\u015f Hukuku ihtiya\u00e7lar\u0131 i\u00e7in hukuki dan\u0131\u015fmanl\u0131k ve avukatl\u0131k hizmetlerinin sa\u011flanmas\u0131<\/li>\n\n\n\n<li>Birle\u015fme, devralma ve ortak giri\u015fimlerin yap\u0131land\u0131r\u0131lmas\u0131, stratejik sat\u0131n almalar ve yeni pazarlara eri\u015fim konusunda dan\u0131\u015fmanl\u0131k sa\u011flanmas\u0131,<\/li>\n\n\n\n<li>Birle\u015fme ve devralmalar sonras\u0131 pay sahipli\u011fi de\u011fi\u015fikliklerinin ve yeniden yap\u0131lanma s\u00fcre\u00e7lerinin uygulanmas\u0131,&nbsp;<\/li>\n\n\n\n<li>Niyet mektubu, gizlilik s\u00f6zle\u015fmeleri, hisse sat\u0131m s\u00f6zle\u015fmesi ve ortaklar s\u00f6zle\u015fmesinin haz\u0131rlanmas\u0131 ve m\u00fczakere edilmesi,<\/li>\n\n\n\n<li>Hukuki&nbsp;<em>due diligence&nbsp;<\/em>hizmetlerinin sunulmas\u0131<\/li>\n\n\n\n<li>\u015eirket birle\u015fmeleri, devralmalar veya \u015firket b\u00f6l\u00fcnmelerinde ilgili s\u00fcre\u00e7lerin analizi, raporland\u0131r\u0131lmas\u0131 ve ger\u00e7ekle\u015ftirilmesi<\/li>\n\n\n\n<li><em>Hisse devir i\u015flemlerinin takibi,<\/em><\/li>\n\n\n\n<li><em>\u015eirket tasfiyesi i\u015flemlerinin takibi,<\/em><\/li>\n\n\n\n<li><em>Ticaret unvan\u0131na tecav\u00fcz\u00fcn \u00f6nlenmesi davalar\u0131n\u0131n takibi,<\/em><\/li>\n\n\n\n<li><em>Ta\u015f\u0131ma (Lojistik) davalar\u0131n\u0131n takibi,<\/em><\/li>\n\n\n\n<li><em>Uluslararas\u0131 tahkim yollar\u0131na ba\u015fvuru ve sorunlar\u0131n tahkim yolu ile \u00e7\u00f6z\u00fclmesi<\/em><\/li>\n\n\n\n<li>Az\u0131nl\u0131k haklar\u0131n\u0131n kullan\u0131lmas\u0131 hakk\u0131nda dava hizmetlerinin sunulmas\u0131<\/li>\n\n\n\n<li>Ulusal ve uluslararas\u0131 ticari s\u00f6zle\u015fmelerden kaynakl\u0131 uyu\u015fmazl\u0131klarda dava hizmetlerinin verilmesi<\/li>\n\n\n\n<li>\u015eirketlerin faaliyetlerini y\u00fcr\u00fct\u00fcrken ihtiya\u00e7 duyduklar\u0131 distrib\u00fct\u00f6rl\u00fck, acente, lisans, tedarik, hizmet ve \u00fcretim s\u00f6zle\u015fmeleri dahil ancak bunlarla s\u0131n\u0131rl\u0131 olmaks\u0131z\u0131n ilgili s\u00f6zle\u015fmelerin haz\u0131rlanmas\u0131, m\u00fczakerelerin y\u00fcr\u00fct\u00fclmesi, s\u00f6zle\u015fme y\u00f6netimi s\u00fcrecinde destek olunmas\u0131, mevcut s\u00f6zle\u015fmelerin sona erdirilmesinde risk de\u011ferlendirmelerinin yap\u0131lmas\u0131 ve gerekli sona erme dok\u00fcmanlar\u0131n\u0131n haz\u0131rlanmas\u0131<\/li>\n\n\n\n<li>\u015eirketlerin ticaret mevzuatlar\u0131na uygunluk denetiminin yap\u0131lmas\u0131<\/li>\n\n\n\n<li>Hissedarl\u0131k s\u00f6zle\u015fmesinden kaynaklanan davalar\u0131n a\u00e7\u0131lmas\u0131 ve takibi<\/li>\n\n\n\n<li>Haks\u0131z rekabetten kaynaklanan tazminat davalar\u0131n\u0131n a\u00e7\u0131lmas\u0131 ve takibi<\/li>\n\n\n\n<li>\u0130\u015f s\u00f6zle\u015fmelerinden kaynaklanan davalar\u0131n a\u00e7\u0131lmas\u0131 ve takibi<\/li>\n\n\n\n<li>Ticari alacaklar ile ilgili davalar\u0131n a\u00e7\u0131lmas\u0131 ve takibi<\/li>\n\n\n\n<li>Halka Arz ve Sermaye Piyasas\u0131 Kurulu \u0130\u015flemleri<\/li>\n\n\n\n<li>\u015eirket Pay Sahiplerinin Haklar\u0131n\u0131n D\u00fczenlenmesi<\/li>\n\n\n\n<li>Ceza Hukuku A\u00e7\u0131s\u0131ndan Y\u00f6netim Kurulu \u00dcyelerini-Ortaklar\u0131 Koruyacak Nitelikte \u00dcst D\u00fczey Y\u00f6neticilere Verilecek Yetki Devir \u0130\u015flemleri<\/li>\n\n\n\n<li>Y\u00f6netim Kurulu \u00dcyelerinin Yetki Devir \u0130\u015flemleri<\/li>\n\n\n\n<li>Ortak giri\u015fim &#8211; joint venture s\u00fcre\u00e7lerinin haz\u0131rlanmas\u0131 ve y\u00fcr\u00fct\u00fclmesi<\/li>\n\n\n\n<li>Di\u011fer her t\u00fcrl\u00fc i\u015f ve dava<\/li>\n<\/ul>\n\n\n\n<p><em>Say\u0131lan dava tipleri genel anlamda ve \u00f6rnekleyici olup, \u015firketler hukukuna ili\u015fkin her t\u00fcrl\u00fc dava ve i\u015f bak\u0131m\u0131ndan avukatl\u0131k hizmeti verilmektedir.<br>Detayl\u0131 bilgi i\u00e7in randevu talep ediniz.<\/em><\/p>\n","protected":false},"excerpt":{"rendered":"<p>\u015eirketler hukuku, ticaret hukukunun i\u00e7erisinde yer alan ve en s\u0131k uygulama alan\u0131 bulan hukuk dallar\u0131ndan bir tanesidir. \u015eirketler Hukuku&#8217;na ili\u015fkin h\u00fck\u00fcmler 6102 say\u0131l\u0131 T\u00fcrk Ticaret Kanunu&#8217;nun 124 ile 644. maddeleri aras\u0131nda yer almaktad\u0131r. \u00d6te yandan 6098 say\u0131l\u0131 T\u00fcrk Bor\u00e7lar Kanunu&#8217;nda da adi \u015firketlere ili\u015fkin maddeler bulunmakta olup, s\u00f6z konusu bu maddeler kanunun 620 ve 644. [&hellip;]<\/p>\n","protected":false},"author":1,"featured_media":0,"parent":0,"menu_order":0,"comment_status":"closed","ping_status":"closed","template":"","meta":{"footnotes":""},"class_list":["post-153","page","type-page","status-publish","hentry"],"yoast_head":"<!-- This site is optimized with the Yoast SEO plugin v20.12 - https:\/\/yoast.com\/wordpress\/plugins\/seo\/ -->\n<title>\u015eirketler Hukuku - Nam\u0131k Kemal T\u00fcyl\u00fcce<\/title>\n<meta name=\"robots\" content=\"index, follow, max-snippet:-1, max-image-preview:large, max-video-preview:-1\" \/>\n<link rel=\"canonical\" href=\"https:\/\/namikkemaltuyluce.av.tr\/?page_id=153\" \/>\n<meta property=\"og:locale\" content=\"tr_TR\" \/>\n<meta property=\"og:type\" content=\"article\" \/>\n<meta property=\"og:title\" content=\"\u015eirketler Hukuku - Nam\u0131k Kemal T\u00fcyl\u00fcce\" \/>\n<meta property=\"og:description\" content=\"\u015eirketler hukuku, ticaret hukukunun i\u00e7erisinde yer alan ve en s\u0131k uygulama alan\u0131 bulan hukuk dallar\u0131ndan bir tanesidir. \u015eirketler Hukuku&#8217;na ili\u015fkin h\u00fck\u00fcmler 6102 say\u0131l\u0131 T\u00fcrk Ticaret Kanunu&#8217;nun 124 ile 644. maddeleri aras\u0131nda yer almaktad\u0131r. \u00d6te yandan 6098 say\u0131l\u0131 T\u00fcrk Bor\u00e7lar Kanunu&#8217;nda da adi \u015firketlere ili\u015fkin maddeler bulunmakta olup, s\u00f6z konusu bu maddeler kanunun 620 ve 644. [&hellip;]\" \/>\n<meta property=\"og:url\" content=\"https:\/\/namikkemaltuyluce.av.tr\/?page_id=153\" \/>\n<meta property=\"og:site_name\" content=\"Nam\u0131k Kemal T\u00fcyl\u00fcce\" \/>\n<meta name=\"twitter:card\" content=\"summary_large_image\" \/>\n<meta name=\"twitter:label1\" content=\"Tahmini okuma s\u00fcresi\" \/>\n\t<meta name=\"twitter:data1\" content=\"4 dakika\" \/>\n<script type=\"application\/ld+json\" class=\"yoast-schema-graph\">{\"@context\":\"https:\/\/schema.org\",\"@graph\":[{\"@type\":\"WebPage\",\"@id\":\"https:\/\/namikkemaltuyluce.av.tr\/?page_id=153\",\"url\":\"https:\/\/namikkemaltuyluce.av.tr\/?page_id=153\",\"name\":\"\u015eirketler Hukuku - Nam\u0131k Kemal T\u00fcyl\u00fcce\",\"isPartOf\":{\"@id\":\"http:\/\/namikkemaltuyluce.av.tr\/#website\"},\"datePublished\":\"2023-06-08T05:26:31+00:00\",\"dateModified\":\"2023-06-08T05:26:31+00:00\",\"breadcrumb\":{\"@id\":\"https:\/\/namikkemaltuyluce.av.tr\/?page_id=153#breadcrumb\"},\"inLanguage\":\"tr\",\"potentialAction\":[{\"@type\":\"ReadAction\",\"target\":[\"https:\/\/namikkemaltuyluce.av.tr\/?page_id=153\"]}]},{\"@type\":\"BreadcrumbList\",\"@id\":\"https:\/\/namikkemaltuyluce.av.tr\/?page_id=153#breadcrumb\",\"itemListElement\":[{\"@type\":\"ListItem\",\"position\":1,\"name\":\"Anasayfa\",\"item\":\"http:\/\/namikkemaltuyluce.av.tr\/\"},{\"@type\":\"ListItem\",\"position\":2,\"name\":\"\u015eirketler Hukuku\"}]},{\"@type\":\"WebSite\",\"@id\":\"http:\/\/namikkemaltuyluce.av.tr\/#website\",\"url\":\"http:\/\/namikkemaltuyluce.av.tr\/\",\"name\":\"Nam\u0131k Kemal T\u00fcyl\u00fcce\",\"description\":\"\",\"publisher\":{\"@id\":\"http:\/\/namikkemaltuyluce.av.tr\/#organization\"},\"potentialAction\":[{\"@type\":\"SearchAction\",\"target\":{\"@type\":\"EntryPoint\",\"urlTemplate\":\"http:\/\/namikkemaltuyluce.av.tr\/?s={search_term_string}\"},\"query-input\":\"required name=search_term_string\"}],\"inLanguage\":\"tr\"},{\"@type\":\"Organization\",\"@id\":\"http:\/\/namikkemaltuyluce.av.tr\/#organization\",\"name\":\"Arabulucu ve Avukat Nam\u0131k Kemal T\u00fcyl\u00fcce\",\"url\":\"http:\/\/namikkemaltuyluce.av.tr\/\",\"logo\":{\"@type\":\"ImageObject\",\"inLanguage\":\"tr\",\"@id\":\"http:\/\/namikkemaltuyluce.av.tr\/#\/schema\/logo\/image\/\",\"url\":\"https:\/\/namikkemaltuyluce.av.tr\/wp-content\/uploads\/2023\/01\/hukuk.png\",\"contentUrl\":\"https:\/\/namikkemaltuyluce.av.tr\/wp-content\/uploads\/2023\/01\/hukuk.png\",\"width\":400,\"height\":300,\"caption\":\"Arabulucu ve Avukat Nam\u0131k Kemal T\u00fcyl\u00fcce\"},\"image\":{\"@id\":\"http:\/\/namikkemaltuyluce.av.tr\/#\/schema\/logo\/image\/\"}}]}<\/script>\n<!-- \/ Yoast SEO plugin. -->","yoast_head_json":{"title":"\u015eirketler Hukuku - Nam\u0131k Kemal T\u00fcyl\u00fcce","robots":{"index":"index","follow":"follow","max-snippet":"max-snippet:-1","max-image-preview":"max-image-preview:large","max-video-preview":"max-video-preview:-1"},"canonical":"https:\/\/namikkemaltuyluce.av.tr\/?page_id=153","og_locale":"tr_TR","og_type":"article","og_title":"\u015eirketler Hukuku - Nam\u0131k Kemal T\u00fcyl\u00fcce","og_description":"\u015eirketler hukuku, ticaret hukukunun i\u00e7erisinde yer alan ve en s\u0131k uygulama alan\u0131 bulan hukuk dallar\u0131ndan bir tanesidir. \u015eirketler Hukuku&#8217;na ili\u015fkin h\u00fck\u00fcmler 6102 say\u0131l\u0131 T\u00fcrk Ticaret Kanunu&#8217;nun 124 ile 644. maddeleri aras\u0131nda yer almaktad\u0131r. \u00d6te yandan 6098 say\u0131l\u0131 T\u00fcrk Bor\u00e7lar Kanunu&#8217;nda da adi \u015firketlere ili\u015fkin maddeler bulunmakta olup, s\u00f6z konusu bu maddeler kanunun 620 ve 644. [&hellip;]","og_url":"https:\/\/namikkemaltuyluce.av.tr\/?page_id=153","og_site_name":"Nam\u0131k Kemal T\u00fcyl\u00fcce","twitter_card":"summary_large_image","twitter_misc":{"Tahmini okuma s\u00fcresi":"4 dakika"},"schema":{"@context":"https:\/\/schema.org","@graph":[{"@type":"WebPage","@id":"https:\/\/namikkemaltuyluce.av.tr\/?page_id=153","url":"https:\/\/namikkemaltuyluce.av.tr\/?page_id=153","name":"\u015eirketler Hukuku - Nam\u0131k Kemal T\u00fcyl\u00fcce","isPartOf":{"@id":"http:\/\/namikkemaltuyluce.av.tr\/#website"},"datePublished":"2023-06-08T05:26:31+00:00","dateModified":"2023-06-08T05:26:31+00:00","breadcrumb":{"@id":"https:\/\/namikkemaltuyluce.av.tr\/?page_id=153#breadcrumb"},"inLanguage":"tr","potentialAction":[{"@type":"ReadAction","target":["https:\/\/namikkemaltuyluce.av.tr\/?page_id=153"]}]},{"@type":"BreadcrumbList","@id":"https:\/\/namikkemaltuyluce.av.tr\/?page_id=153#breadcrumb","itemListElement":[{"@type":"ListItem","position":1,"name":"Anasayfa","item":"http:\/\/namikkemaltuyluce.av.tr\/"},{"@type":"ListItem","position":2,"name":"\u015eirketler Hukuku"}]},{"@type":"WebSite","@id":"http:\/\/namikkemaltuyluce.av.tr\/#website","url":"http:\/\/namikkemaltuyluce.av.tr\/","name":"Nam\u0131k Kemal T\u00fcyl\u00fcce","description":"","publisher":{"@id":"http:\/\/namikkemaltuyluce.av.tr\/#organization"},"potentialAction":[{"@type":"SearchAction","target":{"@type":"EntryPoint","urlTemplate":"http:\/\/namikkemaltuyluce.av.tr\/?s={search_term_string}"},"query-input":"required name=search_term_string"}],"inLanguage":"tr"},{"@type":"Organization","@id":"http:\/\/namikkemaltuyluce.av.tr\/#organization","name":"Arabulucu ve Avukat Nam\u0131k Kemal T\u00fcyl\u00fcce","url":"http:\/\/namikkemaltuyluce.av.tr\/","logo":{"@type":"ImageObject","inLanguage":"tr","@id":"http:\/\/namikkemaltuyluce.av.tr\/#\/schema\/logo\/image\/","url":"https:\/\/namikkemaltuyluce.av.tr\/wp-content\/uploads\/2023\/01\/hukuk.png","contentUrl":"https:\/\/namikkemaltuyluce.av.tr\/wp-content\/uploads\/2023\/01\/hukuk.png","width":400,"height":300,"caption":"Arabulucu ve Avukat Nam\u0131k Kemal T\u00fcyl\u00fcce"},"image":{"@id":"http:\/\/namikkemaltuyluce.av.tr\/#\/schema\/logo\/image\/"}}]}},"_links":{"self":[{"href":"https:\/\/namikkemaltuyluce.av.tr\/index.php?rest_route=\/wp\/v2\/pages\/153","targetHints":{"allow":["GET"]}}],"collection":[{"href":"https:\/\/namikkemaltuyluce.av.tr\/index.php?rest_route=\/wp\/v2\/pages"}],"about":[{"href":"https:\/\/namikkemaltuyluce.av.tr\/index.php?rest_route=\/wp\/v2\/types\/page"}],"author":[{"embeddable":true,"href":"https:\/\/namikkemaltuyluce.av.tr\/index.php?rest_route=\/wp\/v2\/users\/1"}],"replies":[{"embeddable":true,"href":"https:\/\/namikkemaltuyluce.av.tr\/index.php?rest_route=%2Fwp%2Fv2%2Fcomments&post=153"}],"version-history":[{"count":1,"href":"https:\/\/namikkemaltuyluce.av.tr\/index.php?rest_route=\/wp\/v2\/pages\/153\/revisions"}],"predecessor-version":[{"id":154,"href":"https:\/\/namikkemaltuyluce.av.tr\/index.php?rest_route=\/wp\/v2\/pages\/153\/revisions\/154"}],"wp:attachment":[{"href":"https:\/\/namikkemaltuyluce.av.tr\/index.php?rest_route=%2Fwp%2Fv2%2Fmedia&parent=153"}],"curies":[{"name":"wp","href":"https:\/\/api.w.org\/{rel}","templated":true}]}}