{"id":157,"date":"2023-06-08T08:34:58","date_gmt":"2023-06-08T05:34:58","guid":{"rendered":"https:\/\/namikkemaltuyluce.av.tr\/?page_id=157"},"modified":"2023-06-08T08:34:58","modified_gmt":"2023-06-08T05:34:58","slug":"finansman-hukuku","status":"publish","type":"page","link":"https:\/\/namikkemaltuyluce.av.tr\/?page_id=157","title":{"rendered":"Finansman Hukuku"},"content":{"rendered":"\n<p>Finansman hukuku, finans\u0131 konu alan ekonomi, iktisat, maliye gibi bilimler ile hukuk biliminin bir arada yer ald\u0131\u011f\u0131 multidisipliner bir hukuk dal\u0131d\u0131r. Bu hukuk dal\u0131n\u0131n en b\u00fcy\u00fck \u00f6zelli\u011fi, finans piyasalar\u0131na ili\u015fkin \u00f6zel d\u00fczenlemeler ve \u00f6zel mevzuat h\u00fck\u00fcmlerinin bulunmas\u0131d\u0131r. Finansman hukuku, bu alanda tecr\u00fcbe edinmi\u015f ve uzmanl\u0131k sahibi olmu\u015f avukatlarla \u00e7al\u0131\u015fmay\u0131 gerektiren hukuk dallar\u0131ndan bir tanesidir.<\/p>\n\n\n\n<p>Finansal kurumlar\u0131n kurulu\u015f a\u015famas\u0131n\u0131n en ba\u015f\u0131ndan, faaliyetleri s\u00fcresince reg\u00fclasyonlara tam uyumlulu\u011fu sa\u011flamak da d\u00e2hil olmak \u00fczere t\u00fcm s\u00fcre\u00e7lerde hukuki destek hizmetleri verilmektedir. Finans sekt\u00f6r\u00fcnde faaliyet g\u00f6stermeyen kurumlar\u0131n da finansman hukukunu temel alan hukuki uyu\u015fmazl\u0131klar\u0131n\u0131n bulunmas\u0131 m\u00fcmk\u00fcnd\u00fcr. Bu t\u00fcrdeki firmalar\u0131n da her t\u00fcrl\u00fc finansal i\u015flemlerinde taraf\u0131m\u0131zca avukatl\u0131k ve hukuki dan\u0131\u015fmanl\u0131k hizmeti verilmektedir.<\/p>\n\n\n\n<p>Finansman hukuku dal\u0131nda verilen hizmetler genel olarak \u015fu \u015fekilde say\u0131labilmektedir:<\/p>\n\n\n\n<ul class=\"wp-block-list\">\n<li>\u0130dari ve d\u00fczenleyici sistem a\u00e7\u0131s\u0131ndan kurulu\u015flar, bankac\u0131l\u0131k operasyonlar\u0131 ve mali organizasyonlar,<\/li>\n\n\n\n<li>Finansal Kiralama &#8211; Leasing i\u015flemleri, bu t\u00fcrdeki s\u00f6zle\u015fmelerin d\u00fczenlenmesi, analizi ve bu s\u00f6zle\u015fmelerden do\u011fan her t\u00fcrl\u00fc davan\u0131n takibi<\/li>\n\n\n\n<li>Faktoring s\u00f6zle\u015fmelerinin kurulu\u015fundan tamamlanmas\u0131na kadar her t\u00fcrl\u00fc hukuki destek<\/li>\n\n\n\n<li>Varl\u0131k y\u00f6netim \u015firketlerine alacaklar\u0131n temliki<\/li>\n\n\n\n<li>Kredi S\u00f6zle\u015fmeleri<\/li>\n\n\n\n<li>\u015eirket finansman\u0131<\/li>\n\n\n\n<li>Mal ve Proje finansman\u0131<\/li>\n\n\n\n<li>Yap\u0131sal Finans<\/li>\n\n\n\n<li>Uluslararas\u0131 ticaret finansman\u0131<\/li>\n\n\n\n<li>Menkul K\u0131ymet faydalar\u0131n\u0131n yarat\u0131lmas\u0131 ve uygulanmas\u0131<\/li>\n\n\n\n<li>Gemi ve yat finans\u0131<\/li>\n\n\n\n<li>Sermaye piyasas\u0131 uygulamalar\u0131n\u0131n hukuk baz\u0131nda denetlenmesi<\/li>\n\n\n\n<li>\u015eirket finansman\u0131 denetimi ve d\u00fczenlenmesi<\/li>\n\n\n\n<li>Di\u011fer i\u015f ve davalar<\/li>\n<\/ul>\n\n\n\n<p><em>Say\u0131lan dava tipleri ve i\u015fler genel anlamda ve \u00f6rnekleyici olup, finansman hukukuna ili\u015fkin her t\u00fcrl\u00fc dava bak\u0131m\u0131ndan avukatl\u0131k hizmeti verilmektedir.<br>Detayl\u0131 bilgi i\u00e7in randevu talep ediniz.<\/em><\/p>\n","protected":false},"excerpt":{"rendered":"<p>Finansman hukuku, finans\u0131 konu alan ekonomi, iktisat, maliye gibi bilimler ile hukuk biliminin bir arada yer ald\u0131\u011f\u0131 multidisipliner bir hukuk dal\u0131d\u0131r. Bu hukuk dal\u0131n\u0131n en b\u00fcy\u00fck \u00f6zelli\u011fi, finans piyasalar\u0131na ili\u015fkin \u00f6zel d\u00fczenlemeler ve \u00f6zel mevzuat h\u00fck\u00fcmlerinin bulunmas\u0131d\u0131r. Finansman hukuku, bu alanda tecr\u00fcbe edinmi\u015f ve uzmanl\u0131k sahibi olmu\u015f avukatlarla \u00e7al\u0131\u015fmay\u0131 gerektiren hukuk dallar\u0131ndan bir tanesidir. Finansal [&hellip;]<\/p>\n","protected":false},"author":1,"featured_media":0,"parent":0,"menu_order":0,"comment_status":"closed","ping_status":"closed","template":"","meta":{"footnotes":""},"class_list":["post-157","page","type-page","status-publish","hentry"],"yoast_head":"<!-- This site is optimized with the Yoast SEO plugin v20.12 - https:\/\/yoast.com\/wordpress\/plugins\/seo\/ -->\n<title>Finansman Hukuku - Nam\u0131k Kemal T\u00fcyl\u00fcce<\/title>\n<meta name=\"robots\" content=\"index, follow, max-snippet:-1, max-image-preview:large, max-video-preview:-1\" \/>\n<link rel=\"canonical\" href=\"https:\/\/namikkemaltuyluce.av.tr\/?page_id=157\" \/>\n<meta property=\"og:locale\" content=\"tr_TR\" \/>\n<meta property=\"og:type\" content=\"article\" \/>\n<meta property=\"og:title\" content=\"Finansman Hukuku - Nam\u0131k Kemal T\u00fcyl\u00fcce\" \/>\n<meta property=\"og:description\" content=\"Finansman hukuku, finans\u0131 konu alan ekonomi, iktisat, maliye gibi bilimler ile hukuk biliminin bir arada yer ald\u0131\u011f\u0131 multidisipliner bir hukuk dal\u0131d\u0131r. Bu hukuk dal\u0131n\u0131n en b\u00fcy\u00fck \u00f6zelli\u011fi, finans piyasalar\u0131na ili\u015fkin \u00f6zel d\u00fczenlemeler ve \u00f6zel mevzuat h\u00fck\u00fcmlerinin bulunmas\u0131d\u0131r. Finansman hukuku, bu alanda tecr\u00fcbe edinmi\u015f ve uzmanl\u0131k sahibi olmu\u015f avukatlarla \u00e7al\u0131\u015fmay\u0131 gerektiren hukuk dallar\u0131ndan bir tanesidir. Finansal [&hellip;]\" \/>\n<meta property=\"og:url\" content=\"https:\/\/namikkemaltuyluce.av.tr\/?page_id=157\" \/>\n<meta property=\"og:site_name\" content=\"Nam\u0131k Kemal T\u00fcyl\u00fcce\" \/>\n<meta name=\"twitter:card\" content=\"summary_large_image\" \/>\n<meta name=\"twitter:label1\" content=\"Tahmini okuma s\u00fcresi\" \/>\n\t<meta name=\"twitter:data1\" content=\"2 dakika\" \/>\n<script type=\"application\/ld+json\" class=\"yoast-schema-graph\">{\"@context\":\"https:\/\/schema.org\",\"@graph\":[{\"@type\":\"WebPage\",\"@id\":\"https:\/\/namikkemaltuyluce.av.tr\/?page_id=157\",\"url\":\"https:\/\/namikkemaltuyluce.av.tr\/?page_id=157\",\"name\":\"Finansman Hukuku - Nam\u0131k Kemal T\u00fcyl\u00fcce\",\"isPartOf\":{\"@id\":\"http:\/\/namikkemaltuyluce.av.tr\/#website\"},\"datePublished\":\"2023-06-08T05:34:58+00:00\",\"dateModified\":\"2023-06-08T05:34:58+00:00\",\"breadcrumb\":{\"@id\":\"https:\/\/namikkemaltuyluce.av.tr\/?page_id=157#breadcrumb\"},\"inLanguage\":\"tr\",\"potentialAction\":[{\"@type\":\"ReadAction\",\"target\":[\"https:\/\/namikkemaltuyluce.av.tr\/?page_id=157\"]}]},{\"@type\":\"BreadcrumbList\",\"@id\":\"https:\/\/namikkemaltuyluce.av.tr\/?page_id=157#breadcrumb\",\"itemListElement\":[{\"@type\":\"ListItem\",\"position\":1,\"name\":\"Anasayfa\",\"item\":\"http:\/\/namikkemaltuyluce.av.tr\/\"},{\"@type\":\"ListItem\",\"position\":2,\"name\":\"Finansman Hukuku\"}]},{\"@type\":\"WebSite\",\"@id\":\"http:\/\/namikkemaltuyluce.av.tr\/#website\",\"url\":\"http:\/\/namikkemaltuyluce.av.tr\/\",\"name\":\"Nam\u0131k Kemal T\u00fcyl\u00fcce\",\"description\":\"\",\"publisher\":{\"@id\":\"http:\/\/namikkemaltuyluce.av.tr\/#organization\"},\"potentialAction\":[{\"@type\":\"SearchAction\",\"target\":{\"@type\":\"EntryPoint\",\"urlTemplate\":\"http:\/\/namikkemaltuyluce.av.tr\/?s={search_term_string}\"},\"query-input\":\"required name=search_term_string\"}],\"inLanguage\":\"tr\"},{\"@type\":\"Organization\",\"@id\":\"http:\/\/namikkemaltuyluce.av.tr\/#organization\",\"name\":\"Arabulucu ve Avukat Nam\u0131k Kemal T\u00fcyl\u00fcce\",\"url\":\"http:\/\/namikkemaltuyluce.av.tr\/\",\"logo\":{\"@type\":\"ImageObject\",\"inLanguage\":\"tr\",\"@id\":\"http:\/\/namikkemaltuyluce.av.tr\/#\/schema\/logo\/image\/\",\"url\":\"https:\/\/namikkemaltuyluce.av.tr\/wp-content\/uploads\/2023\/01\/hukuk.png\",\"contentUrl\":\"https:\/\/namikkemaltuyluce.av.tr\/wp-content\/uploads\/2023\/01\/hukuk.png\",\"width\":400,\"height\":300,\"caption\":\"Arabulucu ve Avukat Nam\u0131k Kemal T\u00fcyl\u00fcce\"},\"image\":{\"@id\":\"http:\/\/namikkemaltuyluce.av.tr\/#\/schema\/logo\/image\/\"}}]}<\/script>\n<!-- \/ Yoast SEO plugin. -->","yoast_head_json":{"title":"Finansman Hukuku - Nam\u0131k Kemal T\u00fcyl\u00fcce","robots":{"index":"index","follow":"follow","max-snippet":"max-snippet:-1","max-image-preview":"max-image-preview:large","max-video-preview":"max-video-preview:-1"},"canonical":"https:\/\/namikkemaltuyluce.av.tr\/?page_id=157","og_locale":"tr_TR","og_type":"article","og_title":"Finansman Hukuku - Nam\u0131k Kemal T\u00fcyl\u00fcce","og_description":"Finansman hukuku, finans\u0131 konu alan ekonomi, iktisat, maliye gibi bilimler ile hukuk biliminin bir arada yer ald\u0131\u011f\u0131 multidisipliner bir hukuk dal\u0131d\u0131r. Bu hukuk dal\u0131n\u0131n en b\u00fcy\u00fck \u00f6zelli\u011fi, finans piyasalar\u0131na ili\u015fkin \u00f6zel d\u00fczenlemeler ve \u00f6zel mevzuat h\u00fck\u00fcmlerinin bulunmas\u0131d\u0131r. Finansman hukuku, bu alanda tecr\u00fcbe edinmi\u015f ve uzmanl\u0131k sahibi olmu\u015f avukatlarla \u00e7al\u0131\u015fmay\u0131 gerektiren hukuk dallar\u0131ndan bir tanesidir. Finansal [&hellip;]","og_url":"https:\/\/namikkemaltuyluce.av.tr\/?page_id=157","og_site_name":"Nam\u0131k Kemal T\u00fcyl\u00fcce","twitter_card":"summary_large_image","twitter_misc":{"Tahmini okuma s\u00fcresi":"2 dakika"},"schema":{"@context":"https:\/\/schema.org","@graph":[{"@type":"WebPage","@id":"https:\/\/namikkemaltuyluce.av.tr\/?page_id=157","url":"https:\/\/namikkemaltuyluce.av.tr\/?page_id=157","name":"Finansman Hukuku - Nam\u0131k Kemal T\u00fcyl\u00fcce","isPartOf":{"@id":"http:\/\/namikkemaltuyluce.av.tr\/#website"},"datePublished":"2023-06-08T05:34:58+00:00","dateModified":"2023-06-08T05:34:58+00:00","breadcrumb":{"@id":"https:\/\/namikkemaltuyluce.av.tr\/?page_id=157#breadcrumb"},"inLanguage":"tr","potentialAction":[{"@type":"ReadAction","target":["https:\/\/namikkemaltuyluce.av.tr\/?page_id=157"]}]},{"@type":"BreadcrumbList","@id":"https:\/\/namikkemaltuyluce.av.tr\/?page_id=157#breadcrumb","itemListElement":[{"@type":"ListItem","position":1,"name":"Anasayfa","item":"http:\/\/namikkemaltuyluce.av.tr\/"},{"@type":"ListItem","position":2,"name":"Finansman Hukuku"}]},{"@type":"WebSite","@id":"http:\/\/namikkemaltuyluce.av.tr\/#website","url":"http:\/\/namikkemaltuyluce.av.tr\/","name":"Nam\u0131k Kemal T\u00fcyl\u00fcce","description":"","publisher":{"@id":"http:\/\/namikkemaltuyluce.av.tr\/#organization"},"potentialAction":[{"@type":"SearchAction","target":{"@type":"EntryPoint","urlTemplate":"http:\/\/namikkemaltuyluce.av.tr\/?s={search_term_string}"},"query-input":"required name=search_term_string"}],"inLanguage":"tr"},{"@type":"Organization","@id":"http:\/\/namikkemaltuyluce.av.tr\/#organization","name":"Arabulucu ve Avukat Nam\u0131k Kemal T\u00fcyl\u00fcce","url":"http:\/\/namikkemaltuyluce.av.tr\/","logo":{"@type":"ImageObject","inLanguage":"tr","@id":"http:\/\/namikkemaltuyluce.av.tr\/#\/schema\/logo\/image\/","url":"https:\/\/namikkemaltuyluce.av.tr\/wp-content\/uploads\/2023\/01\/hukuk.png","contentUrl":"https:\/\/namikkemaltuyluce.av.tr\/wp-content\/uploads\/2023\/01\/hukuk.png","width":400,"height":300,"caption":"Arabulucu ve Avukat Nam\u0131k Kemal T\u00fcyl\u00fcce"},"image":{"@id":"http:\/\/namikkemaltuyluce.av.tr\/#\/schema\/logo\/image\/"}}]}},"_links":{"self":[{"href":"https:\/\/namikkemaltuyluce.av.tr\/index.php?rest_route=\/wp\/v2\/pages\/157","targetHints":{"allow":["GET"]}}],"collection":[{"href":"https:\/\/namikkemaltuyluce.av.tr\/index.php?rest_route=\/wp\/v2\/pages"}],"about":[{"href":"https:\/\/namikkemaltuyluce.av.tr\/index.php?rest_route=\/wp\/v2\/types\/page"}],"author":[{"embeddable":true,"href":"https:\/\/namikkemaltuyluce.av.tr\/index.php?rest_route=\/wp\/v2\/users\/1"}],"replies":[{"embeddable":true,"href":"https:\/\/namikkemaltuyluce.av.tr\/index.php?rest_route=%2Fwp%2Fv2%2Fcomments&post=157"}],"version-history":[{"count":1,"href":"https:\/\/namikkemaltuyluce.av.tr\/index.php?rest_route=\/wp\/v2\/pages\/157\/revisions"}],"predecessor-version":[{"id":158,"href":"https:\/\/namikkemaltuyluce.av.tr\/index.php?rest_route=\/wp\/v2\/pages\/157\/revisions\/158"}],"wp:attachment":[{"href":"https:\/\/namikkemaltuyluce.av.tr\/index.php?rest_route=%2Fwp%2Fv2%2Fmedia&parent=157"}],"curies":[{"name":"wp","href":"https:\/\/api.w.org\/{rel}","templated":true}]}}