{"id":159,"date":"2023-06-08T08:36:19","date_gmt":"2023-06-08T05:36:19","guid":{"rendered":"https:\/\/namikkemaltuyluce.av.tr\/?page_id=159"},"modified":"2023-06-08T08:36:19","modified_gmt":"2023-06-08T05:36:19","slug":"bankacilik-hukuku","status":"publish","type":"page","link":"https:\/\/namikkemaltuyluce.av.tr\/?page_id=159","title":{"rendered":"Bankac\u0131l\u0131k Hukuku"},"content":{"rendered":"\n<p>\u00dclkemizde bankac\u0131l\u0131k hukuku alan\u0131ndaki ilk kanun; 30.05.1933 tarihli ve 2243 say\u0131l\u0131 Mevduat\u0131 Koruma Kanunu&#8217;dur. Bu ilk kanun bankac\u0131l\u0131\u011fa ili\u015fkin temel d\u00fczenleme getirme gayesi g\u00fctmemekte, sadece mevduat sahiplerini korumay\u0131 ve onlar\u0131n durumunu d\u00fczenlemeyi ama\u00e7layan bir yasad\u0131r. Ancak mevduat sahiplerinin haklar\u0131n\u0131 d\u00fczenlemesi nedeniyle, bir yandan da do\u011frudan bankalar\u0131 ilgilendiren bir yasa olmas\u0131 nedeniyle bankac\u0131l\u0131kla ilgili ilk kanun olarak kabul edilmektedir.<\/p>\n\n\n\n<p>S\u00f6z konusu bu ilk kanuni d\u00fczenlemenin ard\u0131ndan 1936 y\u0131l\u0131nda 2999 say\u0131l\u0131, 1958 y\u0131l\u0131nda 7129 say\u0131l\u0131 Bankalar Kanunlar\u0131, 1983 y\u0131l\u0131nda Bankalar Hakk\u0131nda 70 say\u0131l\u0131 Kanun H\u00fckm\u00fcnde Kararname (1985 y\u0131l\u0131nda 3182 say\u0131l\u0131 Yasa halini alm\u0131\u015ft\u0131r), 1999 y\u0131l\u0131nda 4389 say\u0131l\u0131 Bankalar Kanunu ve son olarak 2005 y\u0131l\u0131nda ise 5411 say\u0131l\u0131 Bankac\u0131l\u0131k Kanunu y\u00fcr\u00fcrl\u00fc\u011fe girmi\u015ftir. B\u00fct\u00fcn bu tarihsel s\u00fcrecin yan\u0131 s\u0131ra, BDDK olarak bilinen Bankac\u0131l\u0131k D\u00fczenleme ve Denetleme Kurumu&#8217;nu ilgilendiren mevzuat h\u00fck\u00fcmleri ve bu kurumun ald\u0131\u011f\u0131 kararlar\u0131 da bu hukuk dal\u0131nda temel kaynaklardan saymak m\u00fcmk\u00fcnd\u00fcr.<\/p>\n\n\n\n<p>\u00d6te yandan bankalar\u0131 ilgilendiren tek yasal d\u00fczenlemeler, do\u011frudan bankalar\u0131 konu alan temel kanunlardan ibaret de\u011fildir. Bankalar\u0131n ticari faaliyetleri nedeniyle ortaya \u00e7\u0131kan uyu\u015fmazl\u0131klar, T\u00fcrk Ticaret Kanunu ya da Bor\u00e7lar Kanunu gibi \u00f6zel ili\u015fkileri d\u00fczenleyen mevzuatla \u00e7\u00f6z\u00fclmektedir. Di\u011fer bir deyi\u015fle, bankalar\u0131n da bir ticari \u015firket olmas\u0131 ve di\u011fer ki\u015filerle ticari ili\u015fkilere girmesi g\u00f6z \u00f6n\u00fcne al\u0131nd\u0131\u011f\u0131nda, bu ili\u015fkilerden do\u011fan uyu\u015fmazl\u0131klarda yapt\u0131r\u0131mlar, tazminat sorumlulu\u011fu, yap\u0131lan i\u015flemlerin ge\u00e7ersizli\u011fi gibi hususlar T\u00fcrk Bor\u00e7lar Kanunu veya T\u00fcrk Ticaret Kanunu&#8217;yla \u00e7\u00f6z\u00fclmektedir. Banka Hukukunda ve bunun temel yasas\u0131 olan Bankac\u0131l\u0131k Kanunu\u2019nda ise bankalar, banka y\u00f6neticileri ve \u00e7al\u0131\u015fanlar\u0131n\u0131n yetkileri ve sorumluluklar\u0131 ve ayr\u0131ca ekonomik ya\u015famdaki kamusal yan\u0131 a\u011f\u0131r basan bankalar\u0131n i\u015fleyi\u015fine ili\u015fkin kurallar d\u00fczenlenmektedir. Bu yasada banka y\u00f6netici ve \u00e7al\u0131\u015fanlar\u0131 i\u00e7in \u00f6ng\u00f6r\u00fclen yapt\u0131r\u0131mlar ise normal bir ticari \u015firketin y\u00f6netici ve sorumlular\u0131n\u0131n muhatab\u0131 olmayaca\u011f\u0131 derecede a\u011f\u0131r maddi ve cezai yapt\u0131r\u0131mlar\u0131 ihtiva etmektedir.<\/p>\n\n\n\n<p>Finansman hukuku k\u00f6kenli olarak avukatl\u0131k hizmeti verilen i\u015fler ve dava tipleri genel olarak \u015fu \u015fekilde say\u0131labilmektedir:<\/p>\n\n\n\n<ul class=\"wp-block-list\">\n<li>T\u00fcrkiye\u2019de bir bankan\u0131n kurulmas\u0131 i\u015flemlerinde hukuki destek ve s\u00fcre\u00e7lerin y\u00f6netimi<\/li>\n\n\n\n<li>Yurt d\u0131\u015f\u0131nda kurulmu\u015f bulunan ve faaliyet g\u00f6steren bir bankan\u0131n T\u00fcrkiye\u2019deki ilk \u015fubesinin a\u00e7\u0131lmas\u0131 i\u015flemlerinde hukuki destek ve s\u00fcre\u00e7lerin y\u00f6netimi<\/li>\n\n\n\n<li>T\u00fcrkiye\u2019de m\u00fcnhas\u0131ran k\u0131y\u0131 bankac\u0131l\u0131\u011f\u0131 faaliyetinde bulunmak \u00fczere banka kurulmas\u0131 i\u015flemleri<\/li>\n\n\n\n<li>Yurt d\u0131\u015f\u0131nda kurulu bankalarca k\u0131y\u0131 bankac\u0131l\u0131\u011f\u0131 amac\u0131yla T\u00fcrkiye&#8217;de \u015fube a\u00e7\u0131lmas\u0131 i\u015flemleri<\/li>\n\n\n\n<li>Bankac\u0131l\u0131k D\u00fczenleme ve Denetleme Kuruluna kurulu\u015f izni ba\u015fvurular\u0131n\u0131n yap\u0131lmas\u0131<\/li>\n\n\n\n<li>Kalk\u0131nma ve yat\u0131r\u0131m bankalar\u0131n\u0131n kurulu\u015f i\u015flemlerinin ger\u00e7ekle\u015ftirilmesi<\/li>\n\n\n\n<li>Bankalar\u0131n faaliyet alanlar\u0131 ile finansal raporlama ve denetim usulleri ve faaliyetlerinin ge\u00e7ici veya s\u00fcrekli olarak durdurulmas\u0131 kararlar\u0131na ili\u015fkin gerekli itiraz ve yasal ba\u015fvurular\u0131n yap\u0131lmas\u0131<\/li>\n\n\n\n<li>&nbsp;T\u00fcrkiye\u2019de kurulmu\u015f olan bankalar\u0131n birle\u015fme, b\u00f6l\u00fcnme ve hisse de\u011fi\u015fimi i\u015flemlerini yap\u0131lmas\u0131<\/li>\n\n\n\n<li>\u0130potek ve teminatl\u0131 i\u015flerden do\u011fan davalar\u0131n takibi<\/li>\n\n\n\n<li>Kredi s\u00f6zle\u015fmelerinin haz\u0131rlanmas\u0131 ve s\u00f6zle\u015fme g\u00f6r\u00fc\u015fmelerinin ger\u00e7ekle\u015ftirilmesi<\/li>\n\n\n\n<li>Leasing, faktoring, sair bankac\u0131l\u0131k operasyonlar\u0131 ve mali organizasyon yap\u0131s\u0131 konular\u0131nda hukuki destek sa\u011flanmas\u0131<\/li>\n\n\n\n<li>Bankalar Birli\u011fi, BDDK ve TMSF ile ilgili hukuksal i\u015flemlerin y\u00fcr\u00fct\u00fclmesi<\/li>\n\n\n\n<li>Sermaye Piyasas\u0131 Kurulu\u2019nun g\u00f6rev ve yetki alan\u0131na ili\u015fin hukuksal i\u015f ve i\u015flemlerin ger\u00e7ekle\u015ftirilmesi<\/li>\n\n\n\n<li>Kredi veya kredi kart\u0131 bor\u00e7lulara kar\u015f\u0131 icra takiplerinin yap\u0131lmas\u0131 ve sonu\u00e7land\u0131r\u0131lmas\u0131<\/li>\n\n\n\n<li>Banka \u00e7al\u0131\u015fan ve y\u00f6neticilerinin banka mevzuat\u0131ndan do\u011fan davalar\u0131n\u0131n a\u00e7\u0131lmas\u0131 ve takibi<\/li>\n\n\n\n<li>Di\u011fer i\u015f ve davalar<\/li>\n<\/ul>\n\n\n\n<p><em>Say\u0131lan dava tipleri ve i\u015fler genel anlamda ve \u00f6rnekleyici olup, bankac\u0131l\u0131k hukukuna ili\u015fkin her t\u00fcrl\u00fc dava, ba\u015fvuru ve i\u015f bak\u0131m\u0131ndan avukatl\u0131k hizmeti verilmektedir.<br>Detayl\u0131 bilgi i\u00e7in randevu talep ediniz.<\/em><\/p>\n","protected":false},"excerpt":{"rendered":"<p>\u00dclkemizde bankac\u0131l\u0131k hukuku alan\u0131ndaki ilk kanun; 30.05.1933 tarihli ve 2243 say\u0131l\u0131 Mevduat\u0131 Koruma Kanunu&#8217;dur. Bu ilk kanun bankac\u0131l\u0131\u011fa ili\u015fkin temel d\u00fczenleme getirme gayesi g\u00fctmemekte, sadece mevduat sahiplerini korumay\u0131 ve onlar\u0131n durumunu d\u00fczenlemeyi ama\u00e7layan bir yasad\u0131r. Ancak mevduat sahiplerinin haklar\u0131n\u0131 d\u00fczenlemesi nedeniyle, bir yandan da do\u011frudan bankalar\u0131 ilgilendiren bir yasa olmas\u0131 nedeniyle bankac\u0131l\u0131kla ilgili ilk kanun [&hellip;]<\/p>\n","protected":false},"author":1,"featured_media":0,"parent":0,"menu_order":0,"comment_status":"closed","ping_status":"closed","template":"","meta":{"footnotes":""},"class_list":["post-159","page","type-page","status-publish","hentry"],"yoast_head":"<!-- This site is optimized with the Yoast SEO plugin v20.12 - https:\/\/yoast.com\/wordpress\/plugins\/seo\/ -->\n<title>Bankac\u0131l\u0131k Hukuku - Nam\u0131k Kemal T\u00fcyl\u00fcce<\/title>\n<meta name=\"robots\" content=\"index, follow, max-snippet:-1, max-image-preview:large, max-video-preview:-1\" \/>\n<link rel=\"canonical\" href=\"https:\/\/namikkemaltuyluce.av.tr\/?page_id=159\" \/>\n<meta property=\"og:locale\" content=\"tr_TR\" \/>\n<meta property=\"og:type\" content=\"article\" \/>\n<meta property=\"og:title\" content=\"Bankac\u0131l\u0131k Hukuku - Nam\u0131k Kemal T\u00fcyl\u00fcce\" \/>\n<meta property=\"og:description\" content=\"\u00dclkemizde bankac\u0131l\u0131k hukuku alan\u0131ndaki ilk kanun; 30.05.1933 tarihli ve 2243 say\u0131l\u0131 Mevduat\u0131 Koruma Kanunu&#8217;dur. Bu ilk kanun bankac\u0131l\u0131\u011fa ili\u015fkin temel d\u00fczenleme getirme gayesi g\u00fctmemekte, sadece mevduat sahiplerini korumay\u0131 ve onlar\u0131n durumunu d\u00fczenlemeyi ama\u00e7layan bir yasad\u0131r. Ancak mevduat sahiplerinin haklar\u0131n\u0131 d\u00fczenlemesi nedeniyle, bir yandan da do\u011frudan bankalar\u0131 ilgilendiren bir yasa olmas\u0131 nedeniyle bankac\u0131l\u0131kla ilgili ilk kanun [&hellip;]\" \/>\n<meta property=\"og:url\" content=\"https:\/\/namikkemaltuyluce.av.tr\/?page_id=159\" \/>\n<meta property=\"og:site_name\" content=\"Nam\u0131k Kemal T\u00fcyl\u00fcce\" \/>\n<meta name=\"twitter:card\" content=\"summary_large_image\" \/>\n<meta name=\"twitter:label1\" content=\"Tahmini okuma s\u00fcresi\" \/>\n\t<meta name=\"twitter:data1\" content=\"4 dakika\" \/>\n<script type=\"application\/ld+json\" class=\"yoast-schema-graph\">{\"@context\":\"https:\/\/schema.org\",\"@graph\":[{\"@type\":\"WebPage\",\"@id\":\"https:\/\/namikkemaltuyluce.av.tr\/?page_id=159\",\"url\":\"https:\/\/namikkemaltuyluce.av.tr\/?page_id=159\",\"name\":\"Bankac\u0131l\u0131k Hukuku - Nam\u0131k Kemal T\u00fcyl\u00fcce\",\"isPartOf\":{\"@id\":\"http:\/\/namikkemaltuyluce.av.tr\/#website\"},\"datePublished\":\"2023-06-08T05:36:19+00:00\",\"dateModified\":\"2023-06-08T05:36:19+00:00\",\"breadcrumb\":{\"@id\":\"https:\/\/namikkemaltuyluce.av.tr\/?page_id=159#breadcrumb\"},\"inLanguage\":\"tr\",\"potentialAction\":[{\"@type\":\"ReadAction\",\"target\":[\"https:\/\/namikkemaltuyluce.av.tr\/?page_id=159\"]}]},{\"@type\":\"BreadcrumbList\",\"@id\":\"https:\/\/namikkemaltuyluce.av.tr\/?page_id=159#breadcrumb\",\"itemListElement\":[{\"@type\":\"ListItem\",\"position\":1,\"name\":\"Anasayfa\",\"item\":\"http:\/\/namikkemaltuyluce.av.tr\/\"},{\"@type\":\"ListItem\",\"position\":2,\"name\":\"Bankac\u0131l\u0131k Hukuku\"}]},{\"@type\":\"WebSite\",\"@id\":\"http:\/\/namikkemaltuyluce.av.tr\/#website\",\"url\":\"http:\/\/namikkemaltuyluce.av.tr\/\",\"name\":\"Nam\u0131k Kemal T\u00fcyl\u00fcce\",\"description\":\"\",\"publisher\":{\"@id\":\"http:\/\/namikkemaltuyluce.av.tr\/#organization\"},\"potentialAction\":[{\"@type\":\"SearchAction\",\"target\":{\"@type\":\"EntryPoint\",\"urlTemplate\":\"http:\/\/namikkemaltuyluce.av.tr\/?s={search_term_string}\"},\"query-input\":\"required name=search_term_string\"}],\"inLanguage\":\"tr\"},{\"@type\":\"Organization\",\"@id\":\"http:\/\/namikkemaltuyluce.av.tr\/#organization\",\"name\":\"Arabulucu ve Avukat Nam\u0131k Kemal T\u00fcyl\u00fcce\",\"url\":\"http:\/\/namikkemaltuyluce.av.tr\/\",\"logo\":{\"@type\":\"ImageObject\",\"inLanguage\":\"tr\",\"@id\":\"http:\/\/namikkemaltuyluce.av.tr\/#\/schema\/logo\/image\/\",\"url\":\"https:\/\/namikkemaltuyluce.av.tr\/wp-content\/uploads\/2023\/01\/hukuk.png\",\"contentUrl\":\"https:\/\/namikkemaltuyluce.av.tr\/wp-content\/uploads\/2023\/01\/hukuk.png\",\"width\":400,\"height\":300,\"caption\":\"Arabulucu ve Avukat Nam\u0131k Kemal T\u00fcyl\u00fcce\"},\"image\":{\"@id\":\"http:\/\/namikkemaltuyluce.av.tr\/#\/schema\/logo\/image\/\"}}]}<\/script>\n<!-- \/ Yoast SEO plugin. -->","yoast_head_json":{"title":"Bankac\u0131l\u0131k Hukuku - Nam\u0131k Kemal T\u00fcyl\u00fcce","robots":{"index":"index","follow":"follow","max-snippet":"max-snippet:-1","max-image-preview":"max-image-preview:large","max-video-preview":"max-video-preview:-1"},"canonical":"https:\/\/namikkemaltuyluce.av.tr\/?page_id=159","og_locale":"tr_TR","og_type":"article","og_title":"Bankac\u0131l\u0131k Hukuku - Nam\u0131k Kemal T\u00fcyl\u00fcce","og_description":"\u00dclkemizde bankac\u0131l\u0131k hukuku alan\u0131ndaki ilk kanun; 30.05.1933 tarihli ve 2243 say\u0131l\u0131 Mevduat\u0131 Koruma Kanunu&#8217;dur. Bu ilk kanun bankac\u0131l\u0131\u011fa ili\u015fkin temel d\u00fczenleme getirme gayesi g\u00fctmemekte, sadece mevduat sahiplerini korumay\u0131 ve onlar\u0131n durumunu d\u00fczenlemeyi ama\u00e7layan bir yasad\u0131r. Ancak mevduat sahiplerinin haklar\u0131n\u0131 d\u00fczenlemesi nedeniyle, bir yandan da do\u011frudan bankalar\u0131 ilgilendiren bir yasa olmas\u0131 nedeniyle bankac\u0131l\u0131kla ilgili ilk kanun [&hellip;]","og_url":"https:\/\/namikkemaltuyluce.av.tr\/?page_id=159","og_site_name":"Nam\u0131k Kemal T\u00fcyl\u00fcce","twitter_card":"summary_large_image","twitter_misc":{"Tahmini okuma s\u00fcresi":"4 dakika"},"schema":{"@context":"https:\/\/schema.org","@graph":[{"@type":"WebPage","@id":"https:\/\/namikkemaltuyluce.av.tr\/?page_id=159","url":"https:\/\/namikkemaltuyluce.av.tr\/?page_id=159","name":"Bankac\u0131l\u0131k Hukuku - Nam\u0131k Kemal T\u00fcyl\u00fcce","isPartOf":{"@id":"http:\/\/namikkemaltuyluce.av.tr\/#website"},"datePublished":"2023-06-08T05:36:19+00:00","dateModified":"2023-06-08T05:36:19+00:00","breadcrumb":{"@id":"https:\/\/namikkemaltuyluce.av.tr\/?page_id=159#breadcrumb"},"inLanguage":"tr","potentialAction":[{"@type":"ReadAction","target":["https:\/\/namikkemaltuyluce.av.tr\/?page_id=159"]}]},{"@type":"BreadcrumbList","@id":"https:\/\/namikkemaltuyluce.av.tr\/?page_id=159#breadcrumb","itemListElement":[{"@type":"ListItem","position":1,"name":"Anasayfa","item":"http:\/\/namikkemaltuyluce.av.tr\/"},{"@type":"ListItem","position":2,"name":"Bankac\u0131l\u0131k Hukuku"}]},{"@type":"WebSite","@id":"http:\/\/namikkemaltuyluce.av.tr\/#website","url":"http:\/\/namikkemaltuyluce.av.tr\/","name":"Nam\u0131k Kemal T\u00fcyl\u00fcce","description":"","publisher":{"@id":"http:\/\/namikkemaltuyluce.av.tr\/#organization"},"potentialAction":[{"@type":"SearchAction","target":{"@type":"EntryPoint","urlTemplate":"http:\/\/namikkemaltuyluce.av.tr\/?s={search_term_string}"},"query-input":"required name=search_term_string"}],"inLanguage":"tr"},{"@type":"Organization","@id":"http:\/\/namikkemaltuyluce.av.tr\/#organization","name":"Arabulucu ve Avukat Nam\u0131k Kemal T\u00fcyl\u00fcce","url":"http:\/\/namikkemaltuyluce.av.tr\/","logo":{"@type":"ImageObject","inLanguage":"tr","@id":"http:\/\/namikkemaltuyluce.av.tr\/#\/schema\/logo\/image\/","url":"https:\/\/namikkemaltuyluce.av.tr\/wp-content\/uploads\/2023\/01\/hukuk.png","contentUrl":"https:\/\/namikkemaltuyluce.av.tr\/wp-content\/uploads\/2023\/01\/hukuk.png","width":400,"height":300,"caption":"Arabulucu ve Avukat Nam\u0131k Kemal T\u00fcyl\u00fcce"},"image":{"@id":"http:\/\/namikkemaltuyluce.av.tr\/#\/schema\/logo\/image\/"}}]}},"_links":{"self":[{"href":"https:\/\/namikkemaltuyluce.av.tr\/index.php?rest_route=\/wp\/v2\/pages\/159","targetHints":{"allow":["GET"]}}],"collection":[{"href":"https:\/\/namikkemaltuyluce.av.tr\/index.php?rest_route=\/wp\/v2\/pages"}],"about":[{"href":"https:\/\/namikkemaltuyluce.av.tr\/index.php?rest_route=\/wp\/v2\/types\/page"}],"author":[{"embeddable":true,"href":"https:\/\/namikkemaltuyluce.av.tr\/index.php?rest_route=\/wp\/v2\/users\/1"}],"replies":[{"embeddable":true,"href":"https:\/\/namikkemaltuyluce.av.tr\/index.php?rest_route=%2Fwp%2Fv2%2Fcomments&post=159"}],"version-history":[{"count":1,"href":"https:\/\/namikkemaltuyluce.av.tr\/index.php?rest_route=\/wp\/v2\/pages\/159\/revisions"}],"predecessor-version":[{"id":160,"href":"https:\/\/namikkemaltuyluce.av.tr\/index.php?rest_route=\/wp\/v2\/pages\/159\/revisions\/160"}],"wp:attachment":[{"href":"https:\/\/namikkemaltuyluce.av.tr\/index.php?rest_route=%2Fwp%2Fv2%2Fmedia&parent=159"}],"curies":[{"name":"wp","href":"https:\/\/api.w.org\/{rel}","templated":true}]}}