{"id":161,"date":"2023-06-08T08:37:56","date_gmt":"2023-06-08T05:37:56","guid":{"rendered":"https:\/\/namikkemaltuyluce.av.tr\/?page_id=161"},"modified":"2023-06-08T08:37:56","modified_gmt":"2023-06-08T05:37:56","slug":"kiymetli-evrak-hukuku","status":"publish","type":"page","link":"https:\/\/namikkemaltuyluce.av.tr\/?page_id=161","title":{"rendered":"K\u0131ymetli Evrak Hukuku"},"content":{"rendered":"\n<p>K\u0131ymetli evraklar, hak ile senedin birbirine s\u0131k\u0131 s\u0131k\u0131ya ba\u011fl\u0131 oldu\u011fu evraklard\u0131r. Buradaki ba\u011fl\u0131l\u0131k unsurunun anla\u015f\u0131labilmesi ad\u0131na, \u00f6rnek olarak alacak hakk\u0131n\u0131n verilebilmesi m\u00fcmk\u00fcnd\u00fcr. Bir ki\u015finin bir ba\u015fka ki\u015fiden alaca\u011f\u0131 mevcutken, bu alaca\u011fa kar\u015f\u0131l\u0131k bor\u00e7lu ki\u015finin bir k\u0131ymetli evrak d\u00fczenlemesi ve bunu alacakl\u0131ya vermesi m\u00fcmk\u00fcnd\u00fcr. \u0130\u015fte bu durumda, alacak hakk\u0131yla k\u0131ymetli evrak birbirine s\u0131k\u0131 s\u0131k\u0131ya ba\u011flanm\u0131\u015f durumdad\u0131r. K\u0131ymetli evrak, do\u011frudan alacak hakk\u0131n\u0131n mevcudiyetini ispatlamaktad\u0131r.<\/p>\n\n\n\n<p>K\u0131ymetli evraklar\u0131n bir di\u011fer \u00f6zelli\u011fi, soyutluk ilkesidir. Bunun anlam\u0131, &#8220;sebepten soyut olmas\u0131&#8221; anlam\u0131ndad\u0131r. K\u0131ymetli evra\u011f\u0131n varl\u0131\u011f\u0131, ba\u015fl\u0131 ba\u015f\u0131na borcu kan\u0131tlamakta, borcun do\u011fu\u015f sebebinin bir \u00f6nemi kalmamaktad\u0131r. Yani k\u0131ymetli evrak mevcutken, borcun do\u011fmad\u0131\u011f\u0131 veya mevcut olmad\u0131\u011f\u0131n\u0131n savunulmas\u0131 \u00e7o\u011fu zaman m\u00fcmk\u00fcn olmamaktad\u0131r.<\/p>\n\n\n\n<p>Para alaca\u011f\u0131n\u0131 i\u00e7eren k\u0131ymetli evraklara, kambiyo senetleri denir. K\u0131saca bunlar; halk aras\u0131nda senet olarak bilinen bono, poli\u00e7e ve \u00e7ektir.<\/p>\n\n\n\n<p>K\u0131ymetli evrak hukuku k\u00f6kenli olarak verilen hizmetler \u015fu \u015fekilde say\u0131labilmektedir:<\/p>\n\n\n\n<ul class=\"wp-block-list\">\n<li>Kambiyo senetlerinden, yani bono, \u00e7ek veya poli\u00e7eden kaynaklanan alacaklar\u0131n icra takibi yoluyla tahsili<\/li>\n\n\n\n<li>Kambiyo senetlerine kar\u015f\u0131 bor\u00e7lu s\u0131fat\u0131yla imzaya itiraz edilmesi veya borcun \u00f6denmi\u015f oldu\u011fu konusunda itiraz edilmesi<\/li>\n\n\n\n<li>Kambiyo senetlerine kar\u015f\u0131 bor\u00e7lu s\u0131fat\u0131yla borcun hi\u00e7 do\u011fmad\u0131\u011f\u0131 veya mevcut olmad\u0131\u011f\u0131 noktas\u0131nda menfi tespit davalar\u0131 a\u00e7\u0131lmas\u0131<\/li>\n\n\n\n<li>\u00c7ek mevzuat\u0131ndan kaynaklanan t\u00fcm uyu\u015fmazl\u0131klarda avukatl\u0131k hizmeti verilmesi<\/li>\n\n\n\n<li>Kar\u015f\u0131l\u0131ks\u0131z \u00e7ek d\u00fczenleme su\u00e7una ve \u00e7eki kar\u015f\u0131l\u0131ks\u0131z b\u0131rakmak su\u00e7una ili\u015fkin hem \u015fikayet\u00e7i taraf ad\u0131na hem de san\u0131k ad\u0131na avukatl\u0131k hizmeti verilmesi<\/li>\n\n\n\n<li>\u00c7ekin ve di\u011fer t\u00fcm k\u0131ymetli evraklar\u0131n ziiyai ve iptali davalar\u0131n\u0131n a\u00e7\u0131lmas\u0131 ve takibi, \u00f6demeden men karar\u0131 al\u0131nmas\u0131<\/li>\n\n\n\n<li>\u0130htiyati haciz karar\u0131 al\u0131nmas\u0131<\/li>\n\n\n\n<li>K\u0131ymetli evrak bor\u00e7lusunun ticari ve ekonomik durumu hakk\u0131nda ara\u015ft\u0131rma yap\u0131lmas\u0131<\/li>\n\n\n\n<li>K\u0131ymetli evraklar\u0131n do\u011fru ve hukuka uygun \u015fekilde d\u00fczenlenmesi ve doldurulmas\u0131n\u0131n sa\u011flanmas\u0131<\/li>\n\n\n\n<li>Di\u011fer t\u00fcm i\u015f ve davalar<\/li>\n<\/ul>\n\n\n\n<p><em>Say\u0131lan dava tipleri ve i\u015fler genel anlamda ve \u00f6rnekleyici olup, k\u0131ymetli evrak hukukuna ili\u015fkin her t\u00fcrl\u00fc dava, ba\u015fvuru ve i\u015f bak\u0131m\u0131ndan avukatl\u0131k hizmeti verilmektedir.<br>Detayl\u0131 bilgi i\u00e7in randevu talep ediniz.<\/em><\/p>\n","protected":false},"excerpt":{"rendered":"<p>K\u0131ymetli evraklar, hak ile senedin birbirine s\u0131k\u0131 s\u0131k\u0131ya ba\u011fl\u0131 oldu\u011fu evraklard\u0131r. Buradaki ba\u011fl\u0131l\u0131k unsurunun anla\u015f\u0131labilmesi ad\u0131na, \u00f6rnek olarak alacak hakk\u0131n\u0131n verilebilmesi m\u00fcmk\u00fcnd\u00fcr. Bir ki\u015finin bir ba\u015fka ki\u015fiden alaca\u011f\u0131 mevcutken, bu alaca\u011fa kar\u015f\u0131l\u0131k bor\u00e7lu ki\u015finin bir k\u0131ymetli evrak d\u00fczenlemesi ve bunu alacakl\u0131ya vermesi m\u00fcmk\u00fcnd\u00fcr. \u0130\u015fte bu durumda, alacak hakk\u0131yla k\u0131ymetli evrak birbirine s\u0131k\u0131 s\u0131k\u0131ya ba\u011flanm\u0131\u015f durumdad\u0131r. [&hellip;]<\/p>\n","protected":false},"author":1,"featured_media":0,"parent":0,"menu_order":0,"comment_status":"closed","ping_status":"closed","template":"","meta":{"footnotes":""},"class_list":["post-161","page","type-page","status-publish","hentry"],"yoast_head":"<!-- This site is optimized with the Yoast SEO plugin v20.12 - https:\/\/yoast.com\/wordpress\/plugins\/seo\/ -->\n<title>K\u0131ymetli Evrak Hukuku - Nam\u0131k Kemal T\u00fcyl\u00fcce<\/title>\n<meta name=\"robots\" content=\"index, follow, max-snippet:-1, max-image-preview:large, max-video-preview:-1\" \/>\n<link rel=\"canonical\" href=\"http:\/\/namikkemaltuyluce.av.tr\/?page_id=161\" \/>\n<meta property=\"og:locale\" content=\"tr_TR\" \/>\n<meta property=\"og:type\" content=\"article\" \/>\n<meta property=\"og:title\" content=\"K\u0131ymetli Evrak Hukuku - Nam\u0131k Kemal T\u00fcyl\u00fcce\" \/>\n<meta property=\"og:description\" content=\"K\u0131ymetli evraklar, hak ile senedin birbirine s\u0131k\u0131 s\u0131k\u0131ya ba\u011fl\u0131 oldu\u011fu evraklard\u0131r. Buradaki ba\u011fl\u0131l\u0131k unsurunun anla\u015f\u0131labilmesi ad\u0131na, \u00f6rnek olarak alacak hakk\u0131n\u0131n verilebilmesi m\u00fcmk\u00fcnd\u00fcr. Bir ki\u015finin bir ba\u015fka ki\u015fiden alaca\u011f\u0131 mevcutken, bu alaca\u011fa kar\u015f\u0131l\u0131k bor\u00e7lu ki\u015finin bir k\u0131ymetli evrak d\u00fczenlemesi ve bunu alacakl\u0131ya vermesi m\u00fcmk\u00fcnd\u00fcr. \u0130\u015fte bu durumda, alacak hakk\u0131yla k\u0131ymetli evrak birbirine s\u0131k\u0131 s\u0131k\u0131ya ba\u011flanm\u0131\u015f durumdad\u0131r. [&hellip;]\" \/>\n<meta property=\"og:url\" content=\"http:\/\/namikkemaltuyluce.av.tr\/?page_id=161\" \/>\n<meta property=\"og:site_name\" content=\"Nam\u0131k Kemal T\u00fcyl\u00fcce\" \/>\n<meta name=\"twitter:card\" content=\"summary_large_image\" \/>\n<meta name=\"twitter:label1\" content=\"Tahmini okuma s\u00fcresi\" \/>\n\t<meta name=\"twitter:data1\" content=\"2 dakika\" \/>\n<script type=\"application\/ld+json\" class=\"yoast-schema-graph\">{\"@context\":\"https:\/\/schema.org\",\"@graph\":[{\"@type\":\"WebPage\",\"@id\":\"http:\/\/namikkemaltuyluce.av.tr\/?page_id=161\",\"url\":\"http:\/\/namikkemaltuyluce.av.tr\/?page_id=161\",\"name\":\"K\u0131ymetli Evrak Hukuku - Nam\u0131k Kemal T\u00fcyl\u00fcce\",\"isPartOf\":{\"@id\":\"http:\/\/namikkemaltuyluce.av.tr\/#website\"},\"datePublished\":\"2023-06-08T05:37:56+00:00\",\"dateModified\":\"2023-06-08T05:37:56+00:00\",\"breadcrumb\":{\"@id\":\"http:\/\/namikkemaltuyluce.av.tr\/?page_id=161#breadcrumb\"},\"inLanguage\":\"tr\",\"potentialAction\":[{\"@type\":\"ReadAction\",\"target\":[\"http:\/\/namikkemaltuyluce.av.tr\/?page_id=161\"]}]},{\"@type\":\"BreadcrumbList\",\"@id\":\"http:\/\/namikkemaltuyluce.av.tr\/?page_id=161#breadcrumb\",\"itemListElement\":[{\"@type\":\"ListItem\",\"position\":1,\"name\":\"Anasayfa\",\"item\":\"http:\/\/namikkemaltuyluce.av.tr\/\"},{\"@type\":\"ListItem\",\"position\":2,\"name\":\"K\u0131ymetli Evrak Hukuku\"}]},{\"@type\":\"WebSite\",\"@id\":\"http:\/\/namikkemaltuyluce.av.tr\/#website\",\"url\":\"http:\/\/namikkemaltuyluce.av.tr\/\",\"name\":\"Nam\u0131k Kemal T\u00fcyl\u00fcce\",\"description\":\"\",\"publisher\":{\"@id\":\"http:\/\/namikkemaltuyluce.av.tr\/#organization\"},\"potentialAction\":[{\"@type\":\"SearchAction\",\"target\":{\"@type\":\"EntryPoint\",\"urlTemplate\":\"http:\/\/namikkemaltuyluce.av.tr\/?s={search_term_string}\"},\"query-input\":\"required name=search_term_string\"}],\"inLanguage\":\"tr\"},{\"@type\":\"Organization\",\"@id\":\"http:\/\/namikkemaltuyluce.av.tr\/#organization\",\"name\":\"Arabulucu ve Avukat Nam\u0131k Kemal T\u00fcyl\u00fcce\",\"url\":\"http:\/\/namikkemaltuyluce.av.tr\/\",\"logo\":{\"@type\":\"ImageObject\",\"inLanguage\":\"tr\",\"@id\":\"http:\/\/namikkemaltuyluce.av.tr\/#\/schema\/logo\/image\/\",\"url\":\"https:\/\/namikkemaltuyluce.av.tr\/wp-content\/uploads\/2023\/01\/hukuk.png\",\"contentUrl\":\"https:\/\/namikkemaltuyluce.av.tr\/wp-content\/uploads\/2023\/01\/hukuk.png\",\"width\":400,\"height\":300,\"caption\":\"Arabulucu ve Avukat Nam\u0131k Kemal T\u00fcyl\u00fcce\"},\"image\":{\"@id\":\"http:\/\/namikkemaltuyluce.av.tr\/#\/schema\/logo\/image\/\"}}]}<\/script>\n<!-- \/ Yoast SEO plugin. -->","yoast_head_json":{"title":"K\u0131ymetli Evrak Hukuku - Nam\u0131k Kemal T\u00fcyl\u00fcce","robots":{"index":"index","follow":"follow","max-snippet":"max-snippet:-1","max-image-preview":"max-image-preview:large","max-video-preview":"max-video-preview:-1"},"canonical":"http:\/\/namikkemaltuyluce.av.tr\/?page_id=161","og_locale":"tr_TR","og_type":"article","og_title":"K\u0131ymetli Evrak Hukuku - Nam\u0131k Kemal T\u00fcyl\u00fcce","og_description":"K\u0131ymetli evraklar, hak ile senedin birbirine s\u0131k\u0131 s\u0131k\u0131ya ba\u011fl\u0131 oldu\u011fu evraklard\u0131r. Buradaki ba\u011fl\u0131l\u0131k unsurunun anla\u015f\u0131labilmesi ad\u0131na, \u00f6rnek olarak alacak hakk\u0131n\u0131n verilebilmesi m\u00fcmk\u00fcnd\u00fcr. Bir ki\u015finin bir ba\u015fka ki\u015fiden alaca\u011f\u0131 mevcutken, bu alaca\u011fa kar\u015f\u0131l\u0131k bor\u00e7lu ki\u015finin bir k\u0131ymetli evrak d\u00fczenlemesi ve bunu alacakl\u0131ya vermesi m\u00fcmk\u00fcnd\u00fcr. \u0130\u015fte bu durumda, alacak hakk\u0131yla k\u0131ymetli evrak birbirine s\u0131k\u0131 s\u0131k\u0131ya ba\u011flanm\u0131\u015f durumdad\u0131r. [&hellip;]","og_url":"http:\/\/namikkemaltuyluce.av.tr\/?page_id=161","og_site_name":"Nam\u0131k Kemal T\u00fcyl\u00fcce","twitter_card":"summary_large_image","twitter_misc":{"Tahmini okuma s\u00fcresi":"2 dakika"},"schema":{"@context":"https:\/\/schema.org","@graph":[{"@type":"WebPage","@id":"http:\/\/namikkemaltuyluce.av.tr\/?page_id=161","url":"http:\/\/namikkemaltuyluce.av.tr\/?page_id=161","name":"K\u0131ymetli Evrak Hukuku - Nam\u0131k Kemal T\u00fcyl\u00fcce","isPartOf":{"@id":"http:\/\/namikkemaltuyluce.av.tr\/#website"},"datePublished":"2023-06-08T05:37:56+00:00","dateModified":"2023-06-08T05:37:56+00:00","breadcrumb":{"@id":"http:\/\/namikkemaltuyluce.av.tr\/?page_id=161#breadcrumb"},"inLanguage":"tr","potentialAction":[{"@type":"ReadAction","target":["http:\/\/namikkemaltuyluce.av.tr\/?page_id=161"]}]},{"@type":"BreadcrumbList","@id":"http:\/\/namikkemaltuyluce.av.tr\/?page_id=161#breadcrumb","itemListElement":[{"@type":"ListItem","position":1,"name":"Anasayfa","item":"http:\/\/namikkemaltuyluce.av.tr\/"},{"@type":"ListItem","position":2,"name":"K\u0131ymetli Evrak Hukuku"}]},{"@type":"WebSite","@id":"http:\/\/namikkemaltuyluce.av.tr\/#website","url":"http:\/\/namikkemaltuyluce.av.tr\/","name":"Nam\u0131k Kemal T\u00fcyl\u00fcce","description":"","publisher":{"@id":"http:\/\/namikkemaltuyluce.av.tr\/#organization"},"potentialAction":[{"@type":"SearchAction","target":{"@type":"EntryPoint","urlTemplate":"http:\/\/namikkemaltuyluce.av.tr\/?s={search_term_string}"},"query-input":"required name=search_term_string"}],"inLanguage":"tr"},{"@type":"Organization","@id":"http:\/\/namikkemaltuyluce.av.tr\/#organization","name":"Arabulucu ve Avukat Nam\u0131k Kemal T\u00fcyl\u00fcce","url":"http:\/\/namikkemaltuyluce.av.tr\/","logo":{"@type":"ImageObject","inLanguage":"tr","@id":"http:\/\/namikkemaltuyluce.av.tr\/#\/schema\/logo\/image\/","url":"https:\/\/namikkemaltuyluce.av.tr\/wp-content\/uploads\/2023\/01\/hukuk.png","contentUrl":"https:\/\/namikkemaltuyluce.av.tr\/wp-content\/uploads\/2023\/01\/hukuk.png","width":400,"height":300,"caption":"Arabulucu ve Avukat Nam\u0131k Kemal T\u00fcyl\u00fcce"},"image":{"@id":"http:\/\/namikkemaltuyluce.av.tr\/#\/schema\/logo\/image\/"}}]}},"_links":{"self":[{"href":"https:\/\/namikkemaltuyluce.av.tr\/index.php?rest_route=\/wp\/v2\/pages\/161","targetHints":{"allow":["GET"]}}],"collection":[{"href":"https:\/\/namikkemaltuyluce.av.tr\/index.php?rest_route=\/wp\/v2\/pages"}],"about":[{"href":"https:\/\/namikkemaltuyluce.av.tr\/index.php?rest_route=\/wp\/v2\/types\/page"}],"author":[{"embeddable":true,"href":"https:\/\/namikkemaltuyluce.av.tr\/index.php?rest_route=\/wp\/v2\/users\/1"}],"replies":[{"embeddable":true,"href":"https:\/\/namikkemaltuyluce.av.tr\/index.php?rest_route=%2Fwp%2Fv2%2Fcomments&post=161"}],"version-history":[{"count":1,"href":"https:\/\/namikkemaltuyluce.av.tr\/index.php?rest_route=\/wp\/v2\/pages\/161\/revisions"}],"predecessor-version":[{"id":162,"href":"https:\/\/namikkemaltuyluce.av.tr\/index.php?rest_route=\/wp\/v2\/pages\/161\/revisions\/162"}],"wp:attachment":[{"href":"https:\/\/namikkemaltuyluce.av.tr\/index.php?rest_route=%2Fwp%2Fv2%2Fmedia&parent=161"}],"curies":[{"name":"wp","href":"https:\/\/api.w.org\/{rel}","templated":true}]}}