{"id":163,"date":"2023-06-08T08:39:07","date_gmt":"2023-06-08T05:39:07","guid":{"rendered":"https:\/\/namikkemaltuyluce.av.tr\/?page_id=163"},"modified":"2023-06-08T08:39:07","modified_gmt":"2023-06-08T05:39:07","slug":"rekabet-hukuku","status":"publish","type":"page","link":"https:\/\/namikkemaltuyluce.av.tr\/?page_id=163","title":{"rendered":"Rekabet Hukuku"},"content":{"rendered":"\n<p>Rekabet hukuku, serbest piyasa ekonomisinde piyasa ortam\u0131n\u0131n ve genel olarak rekabet sisteminin dengeli ve kurallara uygun bir bi\u00e7imde y\u00fcr\u00fct\u00fclmesini sa\u011flayan bir hukuk dal\u0131d\u0131r. Bu hukuk dal\u0131n\u0131n amac\u0131, mal ve hizmet piyasalar\u0131nda, rekabeti engelleyici, rekabet ortam\u0131n\u0131 bozucu, k\u0131s\u0131tlay\u0131c\u0131 anla\u015fmalar\u0131n engellenmesidir. Piyasaya hakim olan b\u00fcy\u00fck kurum ve kurulu\u015flar\u0131n, rekabet ortam\u0131n\u0131 bozarak fiyat politikas\u0131n\u0131 ortakla\u015fa belirlemesi \u00f6rne\u011finde oldu\u011fu gibi rekabetin bozulmas\u0131 her daim m\u00fcmk\u00fcnd\u00fcr. \u0130\u015fte bu denli b\u00fcy\u00fck kurulu\u015flar\u0131n hakimiyetinde olan piyasada rekabet ortam\u0131n\u0131n korunmas\u0131, \u00fclke i\u00e7erisinde ya\u015fayan vatanda\u015flar\u0131n\u0131n haklar\u0131n\u0131n korunmas\u0131 ad\u0131na elzemdir.<\/p>\n\n\n\n<p>T\u00fcrkiye Cumhuriyeti Devleti&#8217;nde piyasalardaki rekabet ortam\u0131n\u0131n korunmas\u0131 bizzat Anayasa ile g\u00fcvence alt\u0131na al\u0131nm\u0131\u015ft\u0131r. T\u00fcrkiye Cumhuriyeti Anayasas\u0131&#8217;n\u0131n 167. maddesi&nbsp;<em>\u201cDevlet, para, kredi, sermaye, mal ve hizmet piyasalar\u0131n\u0131n sa\u011fl\u0131kl\u0131 ve d\u00fczenli i\u015flemelerini sa\u011flay\u0131c\u0131 ve geli\u015ftirici tedbirleri al\u0131r; piyasalarda fiil\u00ee veya anla\u015fma sonucu do\u011facak tekelle\u015fme ve kartelle\u015fmeyi \u00f6nler\u201d<\/em>&nbsp;d\u00fczenlemesini i\u00e7ermektedir.<\/p>\n\n\n\n<p>S\u00f6z konusu bu d\u00fczenlemeye uygun \u015fekilde; Rekabetin Korunmas\u0131 Hakk\u0131nda Kanun y\u00fcr\u00fcrl\u00fc\u011fe girmi\u015f ve bir kamu kurumu niteli\u011finde olan Rekabet Kurumu kurulmu\u015ftur.<\/p>\n\n\n\n<p>S\u00f6z konusu i\u015f ve davalar\u0131 \u015fu \u015fekilde s\u0131ralamak m\u00fcmk\u00fcnd\u00fcr:<\/p>\n\n\n\n<ul class=\"wp-block-list\">\n<li>T\u00fcrk Rekabet Kurumu\u2019na birle\u015fmeler ile ilgili bildirimlerde bulunmak<\/li>\n\n\n\n<li>Hakim durumun k\u00f6t\u00fcye kullan\u0131lmas\u0131 hakk\u0131nda Rekabet Kurumuna \u015fikayette bulunmak<\/li>\n\n\n\n<li>T\u00fcrk Mahkemeleri huzurunda rekabet davalar\u0131nda m\u00fcvekkil \u015firketleri temsil etmek<\/li>\n\n\n\n<li>Rekabet ihlallerini takip etmek<\/li>\n\n\n\n<li>Anla\u015fmalar\u0131n, stratejik i\u015fbirliklerinin ve di\u011fer i\u015fbirli\u011fi anla\u015fmalar\u0131n\u0131n tasfiyesi ile ilgili destek sa\u011flamak<\/li>\n\n\n\n<li>Temsilcilik ve da\u011f\u0131t\u0131m anla\u015fmalar\u0131na ili\u015fkin rekabet konular\u0131 \u00fczerinde g\u00f6r\u00fc\u015f bildirmek<\/li>\n\n\n\n<li>Rekabet\/hakim durum d\u00fczenlemeleri, kurallar\u0131 ve politikalar\u0131na ili\u015fkin m\u00fcvekkilleri y\u00f6nlendirmek<\/li>\n\n\n\n<li>S\u00f6zle\u015fmelerin rekabet hukuku ba\u011flam\u0131nda incelenmesi<\/li>\n\n\n\n<li>Rekabet savunuculu\u011fu, e\u011fitimleri ve dan\u0131\u015fmanl\u0131\u011f\u0131<\/li>\n\n\n\n<li>Birle\u015fme ve devralmalarda Rekabet Kurumu&#8217;ndan izin al\u0131nmas\u0131 ve ilgili d\u00f6k\u00fcmantasyonun haz\u0131rlanmas\u0131<\/li>\n\n\n\n<li>Rekabet uyu\u015fmazl\u0131klar\u0131n\u0131n Rekabet Kurumu, idare mahkemeleri ve Dan\u0131\u015ftay nezdinde takibi<\/li>\n\n\n\n<li>Menfi tespit ve muafiyet i\u015flemlerinin y\u00fcr\u00fct\u00fclmesi<\/li>\n\n\n\n<li>S\u0131n\u0131rlay\u0131c\u0131 eylemler, uyumlu eylem ve kararlar, hakim durumun k\u00f6t\u00fcye kullan\u0131lmas\u0131 hallerinin tespiti ve fiili olarak engellenmesi<\/li>\n\n\n\n<li>Sekt\u00f6rel bazda rekabetin tesisine y\u00f6nelik \u00f6zel uygulamalar<\/li>\n\n\n\n<li>Distrib\u00fct\u00f6rl\u00fck ve bayilik s\u00f6zle\u015fmelerinin rekabet hukuku y\u00f6nlerinin de\u011ferlendirilmesi<\/li>\n\n\n\n<li>Yerinde incelemeler ve soru\u015fturmalar konusunda hukuki dan\u0131\u015fmanl\u0131k<\/li>\n\n\n\n<li>Bireysel muafiyet ve menfi tespit ba\u015fvurular\u0131<\/li>\n\n\n\n<li>Global \u00e7apta pi\u015fmanl\u0131k ba\u015fvurular\u0131 deste\u011fi<\/li>\n\n\n\n<li>Birle\u015fme, devralma ve ortak giri\u015fimler<\/li>\n\n\n\n<li>Rekabet hukuku dan\u0131\u015fmanl\u0131\u011f\u0131<\/li>\n\n\n\n<li>Di\u011fer her t\u00fcrl\u00fc dava ve i\u015f<\/li>\n<\/ul>\n\n\n\n<p><em>Say\u0131lan dava tipleri ve i\u015fler genel anlamda ve \u00f6rnekleyici olup, rekabet hukukuna ili\u015fkin her t\u00fcrl\u00fc dava, ba\u015fvuru ve i\u015f bak\u0131m\u0131ndan avukatl\u0131k hizmeti verilmektedir.<br>Detayl\u0131 bilgi i\u00e7in randevu talep ediniz.<\/em><\/p>\n","protected":false},"excerpt":{"rendered":"<p>Rekabet hukuku, serbest piyasa ekonomisinde piyasa ortam\u0131n\u0131n ve genel olarak rekabet sisteminin dengeli ve kurallara uygun bir bi\u00e7imde y\u00fcr\u00fct\u00fclmesini sa\u011flayan bir hukuk dal\u0131d\u0131r. Bu hukuk dal\u0131n\u0131n amac\u0131, mal ve hizmet piyasalar\u0131nda, rekabeti engelleyici, rekabet ortam\u0131n\u0131 bozucu, k\u0131s\u0131tlay\u0131c\u0131 anla\u015fmalar\u0131n engellenmesidir. Piyasaya hakim olan b\u00fcy\u00fck kurum ve kurulu\u015flar\u0131n, rekabet ortam\u0131n\u0131 bozarak fiyat politikas\u0131n\u0131 ortakla\u015fa belirlemesi \u00f6rne\u011finde oldu\u011fu [&hellip;]<\/p>\n","protected":false},"author":1,"featured_media":0,"parent":0,"menu_order":0,"comment_status":"closed","ping_status":"closed","template":"","meta":{"footnotes":""},"class_list":["post-163","page","type-page","status-publish","hentry"],"yoast_head":"<!-- This site is optimized with the Yoast SEO plugin v20.12 - https:\/\/yoast.com\/wordpress\/plugins\/seo\/ -->\n<title>Rekabet Hukuku - Nam\u0131k Kemal T\u00fcyl\u00fcce<\/title>\n<meta name=\"robots\" content=\"index, follow, max-snippet:-1, max-image-preview:large, max-video-preview:-1\" \/>\n<link rel=\"canonical\" href=\"https:\/\/namikkemaltuyluce.av.tr\/?page_id=163\" \/>\n<meta property=\"og:locale\" content=\"tr_TR\" \/>\n<meta property=\"og:type\" content=\"article\" \/>\n<meta property=\"og:title\" content=\"Rekabet Hukuku - Nam\u0131k Kemal T\u00fcyl\u00fcce\" \/>\n<meta property=\"og:description\" content=\"Rekabet hukuku, serbest piyasa ekonomisinde piyasa ortam\u0131n\u0131n ve genel olarak rekabet sisteminin dengeli ve kurallara uygun bir bi\u00e7imde y\u00fcr\u00fct\u00fclmesini sa\u011flayan bir hukuk dal\u0131d\u0131r. Bu hukuk dal\u0131n\u0131n amac\u0131, mal ve hizmet piyasalar\u0131nda, rekabeti engelleyici, rekabet ortam\u0131n\u0131 bozucu, k\u0131s\u0131tlay\u0131c\u0131 anla\u015fmalar\u0131n engellenmesidir. Piyasaya hakim olan b\u00fcy\u00fck kurum ve kurulu\u015flar\u0131n, rekabet ortam\u0131n\u0131 bozarak fiyat politikas\u0131n\u0131 ortakla\u015fa belirlemesi \u00f6rne\u011finde oldu\u011fu [&hellip;]\" \/>\n<meta property=\"og:url\" content=\"https:\/\/namikkemaltuyluce.av.tr\/?page_id=163\" \/>\n<meta property=\"og:site_name\" content=\"Nam\u0131k Kemal T\u00fcyl\u00fcce\" \/>\n<meta name=\"twitter:card\" content=\"summary_large_image\" \/>\n<meta name=\"twitter:label1\" content=\"Tahmini okuma s\u00fcresi\" \/>\n\t<meta name=\"twitter:data1\" content=\"3 dakika\" \/>\n<script type=\"application\/ld+json\" class=\"yoast-schema-graph\">{\"@context\":\"https:\/\/schema.org\",\"@graph\":[{\"@type\":\"WebPage\",\"@id\":\"https:\/\/namikkemaltuyluce.av.tr\/?page_id=163\",\"url\":\"https:\/\/namikkemaltuyluce.av.tr\/?page_id=163\",\"name\":\"Rekabet Hukuku - Nam\u0131k Kemal T\u00fcyl\u00fcce\",\"isPartOf\":{\"@id\":\"http:\/\/namikkemaltuyluce.av.tr\/#website\"},\"datePublished\":\"2023-06-08T05:39:07+00:00\",\"dateModified\":\"2023-06-08T05:39:07+00:00\",\"breadcrumb\":{\"@id\":\"https:\/\/namikkemaltuyluce.av.tr\/?page_id=163#breadcrumb\"},\"inLanguage\":\"tr\",\"potentialAction\":[{\"@type\":\"ReadAction\",\"target\":[\"https:\/\/namikkemaltuyluce.av.tr\/?page_id=163\"]}]},{\"@type\":\"BreadcrumbList\",\"@id\":\"https:\/\/namikkemaltuyluce.av.tr\/?page_id=163#breadcrumb\",\"itemListElement\":[{\"@type\":\"ListItem\",\"position\":1,\"name\":\"Anasayfa\",\"item\":\"http:\/\/namikkemaltuyluce.av.tr\/\"},{\"@type\":\"ListItem\",\"position\":2,\"name\":\"Rekabet Hukuku\"}]},{\"@type\":\"WebSite\",\"@id\":\"http:\/\/namikkemaltuyluce.av.tr\/#website\",\"url\":\"http:\/\/namikkemaltuyluce.av.tr\/\",\"name\":\"Nam\u0131k Kemal T\u00fcyl\u00fcce\",\"description\":\"\",\"publisher\":{\"@id\":\"http:\/\/namikkemaltuyluce.av.tr\/#organization\"},\"potentialAction\":[{\"@type\":\"SearchAction\",\"target\":{\"@type\":\"EntryPoint\",\"urlTemplate\":\"http:\/\/namikkemaltuyluce.av.tr\/?s={search_term_string}\"},\"query-input\":\"required name=search_term_string\"}],\"inLanguage\":\"tr\"},{\"@type\":\"Organization\",\"@id\":\"http:\/\/namikkemaltuyluce.av.tr\/#organization\",\"name\":\"Arabulucu ve Avukat Nam\u0131k Kemal T\u00fcyl\u00fcce\",\"url\":\"http:\/\/namikkemaltuyluce.av.tr\/\",\"logo\":{\"@type\":\"ImageObject\",\"inLanguage\":\"tr\",\"@id\":\"http:\/\/namikkemaltuyluce.av.tr\/#\/schema\/logo\/image\/\",\"url\":\"https:\/\/namikkemaltuyluce.av.tr\/wp-content\/uploads\/2023\/01\/hukuk.png\",\"contentUrl\":\"https:\/\/namikkemaltuyluce.av.tr\/wp-content\/uploads\/2023\/01\/hukuk.png\",\"width\":400,\"height\":300,\"caption\":\"Arabulucu ve Avukat Nam\u0131k Kemal T\u00fcyl\u00fcce\"},\"image\":{\"@id\":\"http:\/\/namikkemaltuyluce.av.tr\/#\/schema\/logo\/image\/\"}}]}<\/script>\n<!-- \/ Yoast SEO plugin. -->","yoast_head_json":{"title":"Rekabet Hukuku - Nam\u0131k Kemal T\u00fcyl\u00fcce","robots":{"index":"index","follow":"follow","max-snippet":"max-snippet:-1","max-image-preview":"max-image-preview:large","max-video-preview":"max-video-preview:-1"},"canonical":"https:\/\/namikkemaltuyluce.av.tr\/?page_id=163","og_locale":"tr_TR","og_type":"article","og_title":"Rekabet Hukuku - Nam\u0131k Kemal T\u00fcyl\u00fcce","og_description":"Rekabet hukuku, serbest piyasa ekonomisinde piyasa ortam\u0131n\u0131n ve genel olarak rekabet sisteminin dengeli ve kurallara uygun bir bi\u00e7imde y\u00fcr\u00fct\u00fclmesini sa\u011flayan bir hukuk dal\u0131d\u0131r. Bu hukuk dal\u0131n\u0131n amac\u0131, mal ve hizmet piyasalar\u0131nda, rekabeti engelleyici, rekabet ortam\u0131n\u0131 bozucu, k\u0131s\u0131tlay\u0131c\u0131 anla\u015fmalar\u0131n engellenmesidir. Piyasaya hakim olan b\u00fcy\u00fck kurum ve kurulu\u015flar\u0131n, rekabet ortam\u0131n\u0131 bozarak fiyat politikas\u0131n\u0131 ortakla\u015fa belirlemesi \u00f6rne\u011finde oldu\u011fu [&hellip;]","og_url":"https:\/\/namikkemaltuyluce.av.tr\/?page_id=163","og_site_name":"Nam\u0131k Kemal T\u00fcyl\u00fcce","twitter_card":"summary_large_image","twitter_misc":{"Tahmini okuma s\u00fcresi":"3 dakika"},"schema":{"@context":"https:\/\/schema.org","@graph":[{"@type":"WebPage","@id":"https:\/\/namikkemaltuyluce.av.tr\/?page_id=163","url":"https:\/\/namikkemaltuyluce.av.tr\/?page_id=163","name":"Rekabet Hukuku - Nam\u0131k Kemal T\u00fcyl\u00fcce","isPartOf":{"@id":"http:\/\/namikkemaltuyluce.av.tr\/#website"},"datePublished":"2023-06-08T05:39:07+00:00","dateModified":"2023-06-08T05:39:07+00:00","breadcrumb":{"@id":"https:\/\/namikkemaltuyluce.av.tr\/?page_id=163#breadcrumb"},"inLanguage":"tr","potentialAction":[{"@type":"ReadAction","target":["https:\/\/namikkemaltuyluce.av.tr\/?page_id=163"]}]},{"@type":"BreadcrumbList","@id":"https:\/\/namikkemaltuyluce.av.tr\/?page_id=163#breadcrumb","itemListElement":[{"@type":"ListItem","position":1,"name":"Anasayfa","item":"http:\/\/namikkemaltuyluce.av.tr\/"},{"@type":"ListItem","position":2,"name":"Rekabet Hukuku"}]},{"@type":"WebSite","@id":"http:\/\/namikkemaltuyluce.av.tr\/#website","url":"http:\/\/namikkemaltuyluce.av.tr\/","name":"Nam\u0131k Kemal T\u00fcyl\u00fcce","description":"","publisher":{"@id":"http:\/\/namikkemaltuyluce.av.tr\/#organization"},"potentialAction":[{"@type":"SearchAction","target":{"@type":"EntryPoint","urlTemplate":"http:\/\/namikkemaltuyluce.av.tr\/?s={search_term_string}"},"query-input":"required name=search_term_string"}],"inLanguage":"tr"},{"@type":"Organization","@id":"http:\/\/namikkemaltuyluce.av.tr\/#organization","name":"Arabulucu ve Avukat Nam\u0131k Kemal T\u00fcyl\u00fcce","url":"http:\/\/namikkemaltuyluce.av.tr\/","logo":{"@type":"ImageObject","inLanguage":"tr","@id":"http:\/\/namikkemaltuyluce.av.tr\/#\/schema\/logo\/image\/","url":"https:\/\/namikkemaltuyluce.av.tr\/wp-content\/uploads\/2023\/01\/hukuk.png","contentUrl":"https:\/\/namikkemaltuyluce.av.tr\/wp-content\/uploads\/2023\/01\/hukuk.png","width":400,"height":300,"caption":"Arabulucu ve Avukat Nam\u0131k Kemal T\u00fcyl\u00fcce"},"image":{"@id":"http:\/\/namikkemaltuyluce.av.tr\/#\/schema\/logo\/image\/"}}]}},"_links":{"self":[{"href":"https:\/\/namikkemaltuyluce.av.tr\/index.php?rest_route=\/wp\/v2\/pages\/163","targetHints":{"allow":["GET"]}}],"collection":[{"href":"https:\/\/namikkemaltuyluce.av.tr\/index.php?rest_route=\/wp\/v2\/pages"}],"about":[{"href":"https:\/\/namikkemaltuyluce.av.tr\/index.php?rest_route=\/wp\/v2\/types\/page"}],"author":[{"embeddable":true,"href":"https:\/\/namikkemaltuyluce.av.tr\/index.php?rest_route=\/wp\/v2\/users\/1"}],"replies":[{"embeddable":true,"href":"https:\/\/namikkemaltuyluce.av.tr\/index.php?rest_route=%2Fwp%2Fv2%2Fcomments&post=163"}],"version-history":[{"count":1,"href":"https:\/\/namikkemaltuyluce.av.tr\/index.php?rest_route=\/wp\/v2\/pages\/163\/revisions"}],"predecessor-version":[{"id":164,"href":"https:\/\/namikkemaltuyluce.av.tr\/index.php?rest_route=\/wp\/v2\/pages\/163\/revisions\/164"}],"wp:attachment":[{"href":"https:\/\/namikkemaltuyluce.av.tr\/index.php?rest_route=%2Fwp%2Fv2%2Fmedia&parent=163"}],"curies":[{"name":"wp","href":"https:\/\/api.w.org\/{rel}","templated":true}]}}