{"id":165,"date":"2023-06-08T08:40:10","date_gmt":"2023-06-08T05:40:10","guid":{"rendered":"https:\/\/namikkemaltuyluce.av.tr\/?page_id=165"},"modified":"2023-06-08T08:40:10","modified_gmt":"2023-06-08T05:40:10","slug":"tasima-hukuku","status":"publish","type":"page","link":"https:\/\/namikkemaltuyluce.av.tr\/?page_id=165","title":{"rendered":"Ta\u015f\u0131ma Hukuku"},"content":{"rendered":"\n<p>Ta\u015f\u0131ma hukuku veya ta\u015f\u0131mac\u0131l\u0131k hukuku, ulusal veya uluslararas\u0131 \u00e7apta ta\u015f\u0131mac\u0131l\u0131k i\u015flemlerini d\u00fczenleyen, ta\u015f\u0131yan veya ta\u015f\u0131tan\u0131n sorumluluklar\u0131n\u0131 ve y\u00fck\u00fcml\u00fcl\u00fcklerini belirleyen olduk\u00e7a geni\u015f ve kapsaml\u0131 bir hukuk dal\u0131d\u0131r. Ta\u015f\u0131ma hukukuna ili\u015fkin kanuni d\u00fczenlemeler, tek bir kanunda toplanmam\u0131\u015f olup, olduk\u00e7a da\u011f\u0131n\u0131k bir durumdad\u0131r. Hukuk d\u00fczenimizde ta\u015f\u0131ma hukuku kurallar\u0131n\u0131 i\u00e7eren tek bir kanun bulunmamaktad\u0131r. \u00d6te yandan, uluslararas\u0131 ta\u015f\u0131mac\u0131l\u0131k i\u015flemlerinde hangi \u00fclkenin hukuk kurallar\u0131n\u0131n uygulanaca\u011f\u0131 da \u00e7\u00f6z\u00fcmlenmesi gereken ayr\u0131 bir problemdir.<\/p>\n\n\n\n<p>Dolay\u0131s\u0131yla ta\u015f\u0131ma hukukuna ili\u015fkin bir uyu\u015fmazl\u0131kla kar\u015f\u0131la\u015f\u0131ld\u0131\u011f\u0131nda, \u00f6ncelikle somut olaya hangi hukuk kurallar\u0131n\u0131n uygulanaca\u011f\u0131n\u0131n tespit edilmesi gerekmektedir.<\/p>\n\n\n\n<p>Ta\u015f\u0131ma hukuku, kendi i\u00e7erisinde kara yoluyla ta\u015f\u0131mac\u0131l\u0131k, deniz yoluyla ta\u015f\u0131mac\u0131l\u0131k ve hava yoluyla ta\u015f\u0131mac\u0131l\u0131k olmak \u00fczere \u00fc\u00e7 ana ba\u015fl\u0131\u011fa ayr\u0131lmaktad\u0131r. S\u00f6z konusu bu dal\u0131n her biri, asl\u0131nda birer alt hukuk dal\u0131d\u0131r. 3 alt dala uygulanan hukuk kurallar\u0131 birbirinden tamamen farkl\u0131 ve ba\u011f\u0131ms\u0131zd\u0131r.<\/p>\n\n\n\n<p>Nakliyat \u015firketlerine, lojistik hizmet \u015firketlerine, ta\u015f\u0131nma, depolama, paketleme firmalar\u0131na hizmet verdi\u011fimiz gibi, \u00fcr\u00fcnlerini veya mallar\u0131n\u0131 ta\u015f\u0131tmak isteyen her t\u00fcrl\u00fc ger\u00e7ek ve t\u00fczel ki\u015fiye de hizmet vermekteyiz. Ta\u015f\u0131ma hukuku anlam\u0131nda yap\u0131lan i\u015fler ve g\u00f6r\u00fclen davalar \u015fu \u015fekilde say\u0131labilmektedir:<\/p>\n\n\n\n<ul class=\"wp-block-list\">\n<li>Kara ta\u015f\u0131mac\u0131l\u0131\u011f\u0131ndan kaynaklanan ihtilaflar<\/li>\n\n\n\n<li>Ta\u015f\u0131ma t\u00fcr\u00fcne g\u00f6re, ta\u015f\u0131nan insan veya mal\u0131n u\u011frad\u0131\u011f\u0131 zararlar\u0131n tazmini konusunda davac\u0131 veya daval\u0131 vekilli\u011fi<\/li>\n\n\n\n<li>Gecikmeli teslimatlar sonucu olu\u015fan zararlardan kaynaklanan hukuki uyu\u015fmazl\u0131klarda avukatl\u0131k hizmeti<\/li>\n\n\n\n<li>Ta\u015f\u0131yan\u0131n sorumlulu\u011fundan, ta\u015f\u0131tan\u0131n sorumlulu\u011fundan veya ta\u015f\u0131ma i\u015fleri komisyoncusundan kaynaklanan her t\u00fcrl\u00fc hukuki uyu\u015fmazl\u0131klarda dava avukatl\u0131\u011f\u0131 veya dan\u0131\u015fmanl\u0131k hizmetleri<\/li>\n\n\n\n<li>Ta\u015f\u0131ma s\u00f6zle\u015fmelerinin d\u00fczenlenmesi, analiz edilmesi ve pazarl\u0131k s\u00fcre\u00e7lerinin y\u00f6netilmesi<\/li>\n\n\n\n<li>Sigorta firmalar\u0131na ba\u015fvuru ve sigorta teminat\u0131 kapsam\u0131nda kalan bedellerin tahsili<\/li>\n\n\n\n<li>Ta\u015f\u0131ma esnas\u0131nda meydana gelen kazalardan do\u011fan her t\u00fcrl\u00fc tazminat ve sorumluluk davalar\u0131<\/li>\n\n\n\n<li>Ta\u015f\u0131yana veya ta\u015f\u0131tana \u00e7ekilecek olan ihtarnamelerin haz\u0131rlanmas\u0131<\/li>\n\n\n\n<li>Incoterms kurallar\u0131na g\u00f6re s\u00f6zle\u015fmeler d\u00fczenlenmesi<\/li>\n\n\n\n<li>G\u00fcmr\u00fck mevzuat\u0131ndan do\u011fan her t\u00fcrl\u00fc hukuki davalar\u0131n takibi ve ceza davalar\u0131nda san\u0131k m\u00fcdafili\u011fi<\/li>\n\n\n\n<li>Kargo uyu\u015fmazl\u0131klar\u0131n\u0131n \u00e7\u00f6z\u00fcm\u00fc<\/li>\n\n\n\n<li>Di\u011fer her t\u00fcrl\u00fc dava ve i\u015fler<\/li>\n<\/ul>\n\n\n\n<p><em>Say\u0131lan dava tipleri ve i\u015fler genel anlamda ve \u00f6rnekleyici olup, ta\u015f\u0131ma hukukuna ili\u015fkin her t\u00fcrl\u00fc dava, ba\u015fvuru ve i\u015f bak\u0131m\u0131ndan avukatl\u0131k hizmeti verilmektedir.<br>Detayl\u0131 bilgi i\u00e7in randevu talep ediniz.<\/em><\/p>\n","protected":false},"excerpt":{"rendered":"<p>Ta\u015f\u0131ma hukuku veya ta\u015f\u0131mac\u0131l\u0131k hukuku, ulusal veya uluslararas\u0131 \u00e7apta ta\u015f\u0131mac\u0131l\u0131k i\u015flemlerini d\u00fczenleyen, ta\u015f\u0131yan veya ta\u015f\u0131tan\u0131n sorumluluklar\u0131n\u0131 ve y\u00fck\u00fcml\u00fcl\u00fcklerini belirleyen olduk\u00e7a geni\u015f ve kapsaml\u0131 bir hukuk dal\u0131d\u0131r. Ta\u015f\u0131ma hukukuna ili\u015fkin kanuni d\u00fczenlemeler, tek bir kanunda toplanmam\u0131\u015f olup, olduk\u00e7a da\u011f\u0131n\u0131k bir durumdad\u0131r. Hukuk d\u00fczenimizde ta\u015f\u0131ma hukuku kurallar\u0131n\u0131 i\u00e7eren tek bir kanun bulunmamaktad\u0131r. \u00d6te yandan, uluslararas\u0131 ta\u015f\u0131mac\u0131l\u0131k i\u015flemlerinde [&hellip;]<\/p>\n","protected":false},"author":1,"featured_media":0,"parent":0,"menu_order":0,"comment_status":"closed","ping_status":"closed","template":"","meta":{"footnotes":""},"class_list":["post-165","page","type-page","status-publish","hentry"],"yoast_head":"<!-- This site is optimized with the Yoast SEO plugin v20.12 - https:\/\/yoast.com\/wordpress\/plugins\/seo\/ -->\n<title>Ta\u015f\u0131ma Hukuku - Nam\u0131k Kemal T\u00fcyl\u00fcce<\/title>\n<meta name=\"robots\" content=\"index, follow, max-snippet:-1, max-image-preview:large, max-video-preview:-1\" \/>\n<link rel=\"canonical\" href=\"https:\/\/namikkemaltuyluce.av.tr\/?page_id=165\" \/>\n<meta property=\"og:locale\" content=\"tr_TR\" \/>\n<meta property=\"og:type\" content=\"article\" \/>\n<meta property=\"og:title\" content=\"Ta\u015f\u0131ma Hukuku - Nam\u0131k Kemal T\u00fcyl\u00fcce\" \/>\n<meta property=\"og:description\" content=\"Ta\u015f\u0131ma hukuku veya ta\u015f\u0131mac\u0131l\u0131k hukuku, ulusal veya uluslararas\u0131 \u00e7apta ta\u015f\u0131mac\u0131l\u0131k i\u015flemlerini d\u00fczenleyen, ta\u015f\u0131yan veya ta\u015f\u0131tan\u0131n sorumluluklar\u0131n\u0131 ve y\u00fck\u00fcml\u00fcl\u00fcklerini belirleyen olduk\u00e7a geni\u015f ve kapsaml\u0131 bir hukuk dal\u0131d\u0131r. Ta\u015f\u0131ma hukukuna ili\u015fkin kanuni d\u00fczenlemeler, tek bir kanunda toplanmam\u0131\u015f olup, olduk\u00e7a da\u011f\u0131n\u0131k bir durumdad\u0131r. Hukuk d\u00fczenimizde ta\u015f\u0131ma hukuku kurallar\u0131n\u0131 i\u00e7eren tek bir kanun bulunmamaktad\u0131r. \u00d6te yandan, uluslararas\u0131 ta\u015f\u0131mac\u0131l\u0131k i\u015flemlerinde [&hellip;]\" \/>\n<meta property=\"og:url\" content=\"https:\/\/namikkemaltuyluce.av.tr\/?page_id=165\" \/>\n<meta property=\"og:site_name\" content=\"Nam\u0131k Kemal T\u00fcyl\u00fcce\" \/>\n<meta name=\"twitter:card\" content=\"summary_large_image\" \/>\n<meta name=\"twitter:label1\" content=\"Tahmini okuma s\u00fcresi\" \/>\n\t<meta name=\"twitter:data1\" content=\"2 dakika\" \/>\n<script type=\"application\/ld+json\" class=\"yoast-schema-graph\">{\"@context\":\"https:\/\/schema.org\",\"@graph\":[{\"@type\":\"WebPage\",\"@id\":\"https:\/\/namikkemaltuyluce.av.tr\/?page_id=165\",\"url\":\"https:\/\/namikkemaltuyluce.av.tr\/?page_id=165\",\"name\":\"Ta\u015f\u0131ma Hukuku - Nam\u0131k Kemal T\u00fcyl\u00fcce\",\"isPartOf\":{\"@id\":\"http:\/\/namikkemaltuyluce.av.tr\/#website\"},\"datePublished\":\"2023-06-08T05:40:10+00:00\",\"dateModified\":\"2023-06-08T05:40:10+00:00\",\"breadcrumb\":{\"@id\":\"https:\/\/namikkemaltuyluce.av.tr\/?page_id=165#breadcrumb\"},\"inLanguage\":\"tr\",\"potentialAction\":[{\"@type\":\"ReadAction\",\"target\":[\"https:\/\/namikkemaltuyluce.av.tr\/?page_id=165\"]}]},{\"@type\":\"BreadcrumbList\",\"@id\":\"https:\/\/namikkemaltuyluce.av.tr\/?page_id=165#breadcrumb\",\"itemListElement\":[{\"@type\":\"ListItem\",\"position\":1,\"name\":\"Anasayfa\",\"item\":\"http:\/\/namikkemaltuyluce.av.tr\/\"},{\"@type\":\"ListItem\",\"position\":2,\"name\":\"Ta\u015f\u0131ma Hukuku\"}]},{\"@type\":\"WebSite\",\"@id\":\"http:\/\/namikkemaltuyluce.av.tr\/#website\",\"url\":\"http:\/\/namikkemaltuyluce.av.tr\/\",\"name\":\"Nam\u0131k Kemal T\u00fcyl\u00fcce\",\"description\":\"\",\"publisher\":{\"@id\":\"http:\/\/namikkemaltuyluce.av.tr\/#organization\"},\"potentialAction\":[{\"@type\":\"SearchAction\",\"target\":{\"@type\":\"EntryPoint\",\"urlTemplate\":\"http:\/\/namikkemaltuyluce.av.tr\/?s={search_term_string}\"},\"query-input\":\"required name=search_term_string\"}],\"inLanguage\":\"tr\"},{\"@type\":\"Organization\",\"@id\":\"http:\/\/namikkemaltuyluce.av.tr\/#organization\",\"name\":\"Arabulucu ve Avukat Nam\u0131k Kemal T\u00fcyl\u00fcce\",\"url\":\"http:\/\/namikkemaltuyluce.av.tr\/\",\"logo\":{\"@type\":\"ImageObject\",\"inLanguage\":\"tr\",\"@id\":\"http:\/\/namikkemaltuyluce.av.tr\/#\/schema\/logo\/image\/\",\"url\":\"https:\/\/namikkemaltuyluce.av.tr\/wp-content\/uploads\/2023\/01\/hukuk.png\",\"contentUrl\":\"https:\/\/namikkemaltuyluce.av.tr\/wp-content\/uploads\/2023\/01\/hukuk.png\",\"width\":400,\"height\":300,\"caption\":\"Arabulucu ve Avukat Nam\u0131k Kemal T\u00fcyl\u00fcce\"},\"image\":{\"@id\":\"http:\/\/namikkemaltuyluce.av.tr\/#\/schema\/logo\/image\/\"}}]}<\/script>\n<!-- \/ Yoast SEO plugin. -->","yoast_head_json":{"title":"Ta\u015f\u0131ma Hukuku - Nam\u0131k Kemal T\u00fcyl\u00fcce","robots":{"index":"index","follow":"follow","max-snippet":"max-snippet:-1","max-image-preview":"max-image-preview:large","max-video-preview":"max-video-preview:-1"},"canonical":"https:\/\/namikkemaltuyluce.av.tr\/?page_id=165","og_locale":"tr_TR","og_type":"article","og_title":"Ta\u015f\u0131ma Hukuku - Nam\u0131k Kemal T\u00fcyl\u00fcce","og_description":"Ta\u015f\u0131ma hukuku veya ta\u015f\u0131mac\u0131l\u0131k hukuku, ulusal veya uluslararas\u0131 \u00e7apta ta\u015f\u0131mac\u0131l\u0131k i\u015flemlerini d\u00fczenleyen, ta\u015f\u0131yan veya ta\u015f\u0131tan\u0131n sorumluluklar\u0131n\u0131 ve y\u00fck\u00fcml\u00fcl\u00fcklerini belirleyen olduk\u00e7a geni\u015f ve kapsaml\u0131 bir hukuk dal\u0131d\u0131r. Ta\u015f\u0131ma hukukuna ili\u015fkin kanuni d\u00fczenlemeler, tek bir kanunda toplanmam\u0131\u015f olup, olduk\u00e7a da\u011f\u0131n\u0131k bir durumdad\u0131r. Hukuk d\u00fczenimizde ta\u015f\u0131ma hukuku kurallar\u0131n\u0131 i\u00e7eren tek bir kanun bulunmamaktad\u0131r. \u00d6te yandan, uluslararas\u0131 ta\u015f\u0131mac\u0131l\u0131k i\u015flemlerinde [&hellip;]","og_url":"https:\/\/namikkemaltuyluce.av.tr\/?page_id=165","og_site_name":"Nam\u0131k Kemal T\u00fcyl\u00fcce","twitter_card":"summary_large_image","twitter_misc":{"Tahmini okuma s\u00fcresi":"2 dakika"},"schema":{"@context":"https:\/\/schema.org","@graph":[{"@type":"WebPage","@id":"https:\/\/namikkemaltuyluce.av.tr\/?page_id=165","url":"https:\/\/namikkemaltuyluce.av.tr\/?page_id=165","name":"Ta\u015f\u0131ma Hukuku - Nam\u0131k Kemal T\u00fcyl\u00fcce","isPartOf":{"@id":"http:\/\/namikkemaltuyluce.av.tr\/#website"},"datePublished":"2023-06-08T05:40:10+00:00","dateModified":"2023-06-08T05:40:10+00:00","breadcrumb":{"@id":"https:\/\/namikkemaltuyluce.av.tr\/?page_id=165#breadcrumb"},"inLanguage":"tr","potentialAction":[{"@type":"ReadAction","target":["https:\/\/namikkemaltuyluce.av.tr\/?page_id=165"]}]},{"@type":"BreadcrumbList","@id":"https:\/\/namikkemaltuyluce.av.tr\/?page_id=165#breadcrumb","itemListElement":[{"@type":"ListItem","position":1,"name":"Anasayfa","item":"http:\/\/namikkemaltuyluce.av.tr\/"},{"@type":"ListItem","position":2,"name":"Ta\u015f\u0131ma Hukuku"}]},{"@type":"WebSite","@id":"http:\/\/namikkemaltuyluce.av.tr\/#website","url":"http:\/\/namikkemaltuyluce.av.tr\/","name":"Nam\u0131k Kemal T\u00fcyl\u00fcce","description":"","publisher":{"@id":"http:\/\/namikkemaltuyluce.av.tr\/#organization"},"potentialAction":[{"@type":"SearchAction","target":{"@type":"EntryPoint","urlTemplate":"http:\/\/namikkemaltuyluce.av.tr\/?s={search_term_string}"},"query-input":"required name=search_term_string"}],"inLanguage":"tr"},{"@type":"Organization","@id":"http:\/\/namikkemaltuyluce.av.tr\/#organization","name":"Arabulucu ve Avukat Nam\u0131k Kemal T\u00fcyl\u00fcce","url":"http:\/\/namikkemaltuyluce.av.tr\/","logo":{"@type":"ImageObject","inLanguage":"tr","@id":"http:\/\/namikkemaltuyluce.av.tr\/#\/schema\/logo\/image\/","url":"https:\/\/namikkemaltuyluce.av.tr\/wp-content\/uploads\/2023\/01\/hukuk.png","contentUrl":"https:\/\/namikkemaltuyluce.av.tr\/wp-content\/uploads\/2023\/01\/hukuk.png","width":400,"height":300,"caption":"Arabulucu ve Avukat Nam\u0131k Kemal T\u00fcyl\u00fcce"},"image":{"@id":"http:\/\/namikkemaltuyluce.av.tr\/#\/schema\/logo\/image\/"}}]}},"_links":{"self":[{"href":"https:\/\/namikkemaltuyluce.av.tr\/index.php?rest_route=\/wp\/v2\/pages\/165","targetHints":{"allow":["GET"]}}],"collection":[{"href":"https:\/\/namikkemaltuyluce.av.tr\/index.php?rest_route=\/wp\/v2\/pages"}],"about":[{"href":"https:\/\/namikkemaltuyluce.av.tr\/index.php?rest_route=\/wp\/v2\/types\/page"}],"author":[{"embeddable":true,"href":"https:\/\/namikkemaltuyluce.av.tr\/index.php?rest_route=\/wp\/v2\/users\/1"}],"replies":[{"embeddable":true,"href":"https:\/\/namikkemaltuyluce.av.tr\/index.php?rest_route=%2Fwp%2Fv2%2Fcomments&post=165"}],"version-history":[{"count":1,"href":"https:\/\/namikkemaltuyluce.av.tr\/index.php?rest_route=\/wp\/v2\/pages\/165\/revisions"}],"predecessor-version":[{"id":166,"href":"https:\/\/namikkemaltuyluce.av.tr\/index.php?rest_route=\/wp\/v2\/pages\/165\/revisions\/166"}],"wp:attachment":[{"href":"https:\/\/namikkemaltuyluce.av.tr\/index.php?rest_route=%2Fwp%2Fv2%2Fmedia&parent=165"}],"curies":[{"name":"wp","href":"https:\/\/api.w.org\/{rel}","templated":true}]}}