{"id":167,"date":"2023-06-08T08:42:16","date_gmt":"2023-06-08T05:42:16","guid":{"rendered":"https:\/\/namikkemaltuyluce.av.tr\/?page_id=167"},"modified":"2023-06-08T08:42:16","modified_gmt":"2023-06-08T05:42:16","slug":"sigorta-hukuku","status":"publish","type":"page","link":"https:\/\/namikkemaltuyluce.av.tr\/?page_id=167","title":{"rendered":"Sigorta Hukuku"},"content":{"rendered":"\n<p>Sigorta firmalar\u0131n\u0131n taraf\u0131 oldu\u011fu hemen her t\u00fcrl\u00fc uyu\u015fmazl\u0131kta avukatl\u0131k ve dan\u0131\u015fmanl\u0131k hizmetleri vermekteyim. Verilen hizmetin kapsam\u0131 olduk\u00e7a geni\u015ftir. Nitekim sigorta \u015firketlerine yap\u0131lacak ilk ba\u015fvurular, sigorta tahkim komisyonunda uyu\u015fmazl\u0131klar\u0131n takibi, ticaret mahkemelerinde uyu\u015fmazl\u0131klarla ilgili davalar\u0131n a\u00e7\u0131lmas\u0131 ve takibi ve ayr\u0131ca r\u00fccu davalar\u0131 da \u00e7al\u0131\u015fma alan\u0131n\u0131n kapsam\u0131 i\u00e7erisindedir.<\/p>\n\n\n\n<p>Sigorta Hukuku konusunda verilen avukatl\u0131k hizmeti; vatanda\u015flarla sigorta \u015firketleri aras\u0131nda risk tespitlerinin belirlenmesi, poli\u00e7elerin olu\u015fturulmas\u0131 a\u015famas\u0131nda verilen dan\u0131\u015fmanl\u0131k hizmetleriyle ba\u015flamakta, ayr\u0131ca olu\u015fmu\u015f durumda olan uyu\u015fmazl\u0131klarla ilgili avukatl\u0131k hizmetlerinin verilmesini de kapsamaktad\u0131r.<\/p>\n\n\n\n<p>Sigorta sistemi, geli\u015fen d\u00fcnyam\u0131zda her g\u00fcn olu\u015fan yeni risklere kar\u015f\u0131 risk sahiplerine \u00e7e\u015fitli teminatlar verilmesi ve bunun kar\u015f\u0131l\u0131\u011f\u0131nda prim \u00f6demelerinin yap\u0131lmas\u0131 esas\u0131na dayanmaktad\u0131r. Bu anlamda ta\u015f\u0131mac\u0131l\u0131k faaliyetlerinden trafik kazalar\u0131na, yang\u0131nlardan t\u0131bbi uygulama hatalar\u0131na kadar risk i\u00e7eren hemen her konuda geli\u015ftirilmi\u015f sigorta poli\u00e7eleri mevcuttur. Verilen hizmet ise, meydana gelen istenmeyen halin k\u00f6kenine ba\u011fl\u0131 kal\u0131nmaks\u0131z\u0131n sigorta firmas\u0131n\u0131n taraf\u0131 oldu\u011fu her t\u00fcrl\u00fc hukuki uyu\u015fmazl\u0131\u011f\u0131 kapsamaktad\u0131r.<\/p>\n\n\n\n<p>B\u00fcromuz b\u00fcnyesinde sigorta hukuku k\u00f6kenli olarak avukatl\u0131k hizmeti verilen dava tipleri ve i\u015fler genel olarak \u015fu \u015fekilde say\u0131labilmektedir:<\/p>\n\n\n\n<ul class=\"wp-block-list\">\n<li>Sigorta s\u00f6zle\u015fmelerinden kaynaklanan hukuki uyu\u015fmazl\u0131klar\u0131n \u00e7\u00f6z\u00fcmlenmesi,<\/li>\n\n\n\n<li>Sigorta \u015firketleri ve acenteleri i\u00e7in yasal \u015fartlara uygun hukuki yap\u0131n\u0131n sa\u011flanmas\u0131,<\/li>\n\n\n\n<li>Sigorta \u015firketleri ve acentelerin kurulu\u015fu ve devaml\u0131l\u0131\u011f\u0131 i\u00e7in hukuki ba\u015fvurular\u0131n yap\u0131lmas\u0131 ve hukuki uyu\u015fmazl\u0131klar\u0131n \u00e7\u00f6z\u00fcmlenmesi,<\/li>\n\n\n\n<li>Sigortac\u0131l\u0131k alan\u0131na ili\u015fkin idari denetimlerde gerekli hukuki dan\u0131\u015fmanl\u0131k hizmeti verilmesi,<\/li>\n\n\n\n<li>\u0130dari kurumlar\u0131n uygulad\u0131klar\u0131 i\u015flemlere kar\u015f\u0131 avukatl\u0131k hizmeti verilmesi,<\/li>\n\n\n\n<li>Ara\u00e7 de\u011fer kayb\u0131 ve kazan\u00e7 kayb\u0131ndan kaynakl\u0131 zararlar\u0131n giderilmesi i\u00e7in ilk ba\u015fvuru, tahkim ba\u015fvurusu, dava takibi, icra takibi gibi gerekli her t\u00fcrl\u00fc s\u00fcrecin takibi,<\/li>\n\n\n\n<li>Hayat ve maluliyet sigortas\u0131ndan kaynakl\u0131 zararlar\u0131n giderilmesi i\u00e7in ilk ba\u015fvuru, tahkim ba\u015fvurusu, dava takibi, icra takibi gibi gerekli her t\u00fcrl\u00fc s\u00fcrecin takibi,<\/li>\n\n\n\n<li>Trafik kazalar\u0131ndan kaynakl\u0131 zararlar\u0131n giderilmesi i\u00e7in ilk ba\u015fvuru, tahkim ba\u015fvurusu, dava takibi, icra takibi gibi gerekli her t\u00fcrl\u00fc s\u00fcrecin takibi,<\/li>\n\n\n\n<li>Kasko ve deniz sigortas\u0131ndan kaynakl\u0131 zararlar\u0131n giderilmesi i\u00e7in ilk ba\u015fvuru, tahkim ba\u015fvurusu, dava takibi, icra takibi gibi gerekli her t\u00fcrl\u00fc s\u00fcrecin takibi,<\/li>\n\n\n\n<li>Ferdi kazalardan kaynakl\u0131&nbsp; zararlar\u0131n giderilmesi i\u00e7in ilk ba\u015fvuru, tahkim ba\u015fvurusu, dava takibi, icra takibi gibi gerekli her t\u00fcrl\u00fc s\u00fcrecin takibi,<\/li>\n\n\n\n<li>Mal ve di\u011fer tazminatlara ili\u015fkin davalar\u0131n takip edilmesi,<\/li>\n\n\n\n<li>A\u015fa\u011f\u0131da yaz\u0131l\u0131 her t\u00fcrl\u00fc sigorta poli\u00e7elerinin teminat\u0131 kapsam\u0131na giren\u00a0zararlar\u0131n giderilmesi i\u00e7in ilk ba\u015fvuru, tahkim ba\u015fvurusu, dava takibi, icra takibi gibi gerekli her t\u00fcrl\u00fc s\u00fcrecin takibi,\n<ul class=\"wp-block-list\">\n<li>Gayrimenkul m\u00fclkiyet garanti sigortas\u0131<\/li>\n\n\n\n<li>Hayat sigortas\u0131<\/li>\n\n\n\n<li>Kaza ve sa\u011fl\u0131k sigortas\u0131<\/li>\n\n\n\n<li>Mesleki sorumluluk sigortas\u0131<\/li>\n\n\n\n<li>Yang\u0131n ve mali sorumluluk sigortas\u0131<\/li>\n\n\n\n<li>T\u0131bbi malpraktisten kaynakl\u0131 sigortalar<\/li>\n<\/ul>\n<\/li>\n\n\n\n<li>Reas\u00fcrans dan\u0131\u015fmanl\u0131\u011f\u0131,<\/li>\n\n\n\n<li>Risk y\u00f6netimi dan\u0131\u015fmanl\u0131\u011f\u0131,<\/li>\n\n\n\n<li>Sigorta davalar\u0131 ve tahkim ba\u015fvurular\u0131n\u0131n yap\u0131lmas\u0131 ve takibi,<\/li>\n\n\n\n<li>Sigorta mevzuat\u0131 d\u00fczenlemeleri ile ilgili hukuki dan\u0131\u015fmanl\u0131k verilmesi<\/li>\n\n\n\n<li>Sigortac\u0131lar ve garant\u00f6rler<\/li>\n\n\n\n<li>Sigortac\u0131l\u0131k sekt\u00f6r\u00fcndeki birle\u015fme ve devralma s\u00fcre\u00e7lerinin yap\u0131land\u0131r\u0131lmas\u0131 ve takibi<\/li>\n<\/ul>\n\n\n\n<p><em>Say\u0131lan dava tipleri ve i\u015fler genel anlamda ve \u00f6rnekleyici olup, sigorta hukukuna ili\u015fkin her t\u00fcrl\u00fc i\u015f ve dava bak\u0131m\u0131ndan dan\u0131\u015fmanl\u0131k ve avukatl\u0131k hizmetleri verilmektedir.<br>Detayl\u0131 bilgi i\u00e7in randevu talep ediniz.<\/em><\/p>\n","protected":false},"excerpt":{"rendered":"<p>Sigorta firmalar\u0131n\u0131n taraf\u0131 oldu\u011fu hemen her t\u00fcrl\u00fc uyu\u015fmazl\u0131kta avukatl\u0131k ve dan\u0131\u015fmanl\u0131k hizmetleri vermekteyim. Verilen hizmetin kapsam\u0131 olduk\u00e7a geni\u015ftir. Nitekim sigorta \u015firketlerine yap\u0131lacak ilk ba\u015fvurular, sigorta tahkim komisyonunda uyu\u015fmazl\u0131klar\u0131n takibi, ticaret mahkemelerinde uyu\u015fmazl\u0131klarla ilgili davalar\u0131n a\u00e7\u0131lmas\u0131 ve takibi ve ayr\u0131ca r\u00fccu davalar\u0131 da \u00e7al\u0131\u015fma alan\u0131n\u0131n kapsam\u0131 i\u00e7erisindedir. Sigorta Hukuku konusunda verilen avukatl\u0131k hizmeti; vatanda\u015flarla sigorta \u015firketleri [&hellip;]<\/p>\n","protected":false},"author":1,"featured_media":0,"parent":0,"menu_order":0,"comment_status":"closed","ping_status":"closed","template":"","meta":{"footnotes":""},"class_list":["post-167","page","type-page","status-publish","hentry"],"yoast_head":"<!-- This site is optimized with the Yoast SEO plugin v20.12 - https:\/\/yoast.com\/wordpress\/plugins\/seo\/ -->\n<title>Sigorta Hukuku - Nam\u0131k Kemal T\u00fcyl\u00fcce<\/title>\n<meta name=\"robots\" content=\"index, follow, max-snippet:-1, max-image-preview:large, max-video-preview:-1\" \/>\n<link rel=\"canonical\" href=\"http:\/\/namikkemaltuyluce.av.tr\/?page_id=167\" \/>\n<meta property=\"og:locale\" content=\"tr_TR\" \/>\n<meta property=\"og:type\" content=\"article\" \/>\n<meta property=\"og:title\" content=\"Sigorta Hukuku - Nam\u0131k Kemal T\u00fcyl\u00fcce\" \/>\n<meta property=\"og:description\" content=\"Sigorta firmalar\u0131n\u0131n taraf\u0131 oldu\u011fu hemen her t\u00fcrl\u00fc uyu\u015fmazl\u0131kta avukatl\u0131k ve dan\u0131\u015fmanl\u0131k hizmetleri vermekteyim. Verilen hizmetin kapsam\u0131 olduk\u00e7a geni\u015ftir. Nitekim sigorta \u015firketlerine yap\u0131lacak ilk ba\u015fvurular, sigorta tahkim komisyonunda uyu\u015fmazl\u0131klar\u0131n takibi, ticaret mahkemelerinde uyu\u015fmazl\u0131klarla ilgili davalar\u0131n a\u00e7\u0131lmas\u0131 ve takibi ve ayr\u0131ca r\u00fccu davalar\u0131 da \u00e7al\u0131\u015fma alan\u0131n\u0131n kapsam\u0131 i\u00e7erisindedir. Sigorta Hukuku konusunda verilen avukatl\u0131k hizmeti; vatanda\u015flarla sigorta \u015firketleri [&hellip;]\" \/>\n<meta property=\"og:url\" content=\"http:\/\/namikkemaltuyluce.av.tr\/?page_id=167\" \/>\n<meta property=\"og:site_name\" content=\"Nam\u0131k Kemal T\u00fcyl\u00fcce\" \/>\n<meta name=\"twitter:card\" content=\"summary_large_image\" \/>\n<meta name=\"twitter:label1\" content=\"Tahmini okuma s\u00fcresi\" \/>\n\t<meta name=\"twitter:data1\" content=\"3 dakika\" \/>\n<script type=\"application\/ld+json\" class=\"yoast-schema-graph\">{\"@context\":\"https:\/\/schema.org\",\"@graph\":[{\"@type\":\"WebPage\",\"@id\":\"http:\/\/namikkemaltuyluce.av.tr\/?page_id=167\",\"url\":\"http:\/\/namikkemaltuyluce.av.tr\/?page_id=167\",\"name\":\"Sigorta Hukuku - Nam\u0131k Kemal T\u00fcyl\u00fcce\",\"isPartOf\":{\"@id\":\"http:\/\/namikkemaltuyluce.av.tr\/#website\"},\"datePublished\":\"2023-06-08T05:42:16+00:00\",\"dateModified\":\"2023-06-08T05:42:16+00:00\",\"breadcrumb\":{\"@id\":\"http:\/\/namikkemaltuyluce.av.tr\/?page_id=167#breadcrumb\"},\"inLanguage\":\"tr\",\"potentialAction\":[{\"@type\":\"ReadAction\",\"target\":[\"http:\/\/namikkemaltuyluce.av.tr\/?page_id=167\"]}]},{\"@type\":\"BreadcrumbList\",\"@id\":\"http:\/\/namikkemaltuyluce.av.tr\/?page_id=167#breadcrumb\",\"itemListElement\":[{\"@type\":\"ListItem\",\"position\":1,\"name\":\"Anasayfa\",\"item\":\"http:\/\/namikkemaltuyluce.av.tr\/\"},{\"@type\":\"ListItem\",\"position\":2,\"name\":\"Sigorta Hukuku\"}]},{\"@type\":\"WebSite\",\"@id\":\"http:\/\/namikkemaltuyluce.av.tr\/#website\",\"url\":\"http:\/\/namikkemaltuyluce.av.tr\/\",\"name\":\"Nam\u0131k Kemal T\u00fcyl\u00fcce\",\"description\":\"\",\"publisher\":{\"@id\":\"http:\/\/namikkemaltuyluce.av.tr\/#organization\"},\"potentialAction\":[{\"@type\":\"SearchAction\",\"target\":{\"@type\":\"EntryPoint\",\"urlTemplate\":\"http:\/\/namikkemaltuyluce.av.tr\/?s={search_term_string}\"},\"query-input\":\"required name=search_term_string\"}],\"inLanguage\":\"tr\"},{\"@type\":\"Organization\",\"@id\":\"http:\/\/namikkemaltuyluce.av.tr\/#organization\",\"name\":\"Arabulucu ve Avukat Nam\u0131k Kemal T\u00fcyl\u00fcce\",\"url\":\"http:\/\/namikkemaltuyluce.av.tr\/\",\"logo\":{\"@type\":\"ImageObject\",\"inLanguage\":\"tr\",\"@id\":\"http:\/\/namikkemaltuyluce.av.tr\/#\/schema\/logo\/image\/\",\"url\":\"https:\/\/namikkemaltuyluce.av.tr\/wp-content\/uploads\/2023\/01\/hukuk.png\",\"contentUrl\":\"https:\/\/namikkemaltuyluce.av.tr\/wp-content\/uploads\/2023\/01\/hukuk.png\",\"width\":400,\"height\":300,\"caption\":\"Arabulucu ve Avukat Nam\u0131k Kemal T\u00fcyl\u00fcce\"},\"image\":{\"@id\":\"http:\/\/namikkemaltuyluce.av.tr\/#\/schema\/logo\/image\/\"}}]}<\/script>\n<!-- \/ Yoast SEO plugin. -->","yoast_head_json":{"title":"Sigorta Hukuku - Nam\u0131k Kemal T\u00fcyl\u00fcce","robots":{"index":"index","follow":"follow","max-snippet":"max-snippet:-1","max-image-preview":"max-image-preview:large","max-video-preview":"max-video-preview:-1"},"canonical":"http:\/\/namikkemaltuyluce.av.tr\/?page_id=167","og_locale":"tr_TR","og_type":"article","og_title":"Sigorta Hukuku - Nam\u0131k Kemal T\u00fcyl\u00fcce","og_description":"Sigorta firmalar\u0131n\u0131n taraf\u0131 oldu\u011fu hemen her t\u00fcrl\u00fc uyu\u015fmazl\u0131kta avukatl\u0131k ve dan\u0131\u015fmanl\u0131k hizmetleri vermekteyim. Verilen hizmetin kapsam\u0131 olduk\u00e7a geni\u015ftir. Nitekim sigorta \u015firketlerine yap\u0131lacak ilk ba\u015fvurular, sigorta tahkim komisyonunda uyu\u015fmazl\u0131klar\u0131n takibi, ticaret mahkemelerinde uyu\u015fmazl\u0131klarla ilgili davalar\u0131n a\u00e7\u0131lmas\u0131 ve takibi ve ayr\u0131ca r\u00fccu davalar\u0131 da \u00e7al\u0131\u015fma alan\u0131n\u0131n kapsam\u0131 i\u00e7erisindedir. Sigorta Hukuku konusunda verilen avukatl\u0131k hizmeti; vatanda\u015flarla sigorta \u015firketleri [&hellip;]","og_url":"http:\/\/namikkemaltuyluce.av.tr\/?page_id=167","og_site_name":"Nam\u0131k Kemal T\u00fcyl\u00fcce","twitter_card":"summary_large_image","twitter_misc":{"Tahmini okuma s\u00fcresi":"3 dakika"},"schema":{"@context":"https:\/\/schema.org","@graph":[{"@type":"WebPage","@id":"http:\/\/namikkemaltuyluce.av.tr\/?page_id=167","url":"http:\/\/namikkemaltuyluce.av.tr\/?page_id=167","name":"Sigorta Hukuku - Nam\u0131k Kemal T\u00fcyl\u00fcce","isPartOf":{"@id":"http:\/\/namikkemaltuyluce.av.tr\/#website"},"datePublished":"2023-06-08T05:42:16+00:00","dateModified":"2023-06-08T05:42:16+00:00","breadcrumb":{"@id":"http:\/\/namikkemaltuyluce.av.tr\/?page_id=167#breadcrumb"},"inLanguage":"tr","potentialAction":[{"@type":"ReadAction","target":["http:\/\/namikkemaltuyluce.av.tr\/?page_id=167"]}]},{"@type":"BreadcrumbList","@id":"http:\/\/namikkemaltuyluce.av.tr\/?page_id=167#breadcrumb","itemListElement":[{"@type":"ListItem","position":1,"name":"Anasayfa","item":"http:\/\/namikkemaltuyluce.av.tr\/"},{"@type":"ListItem","position":2,"name":"Sigorta Hukuku"}]},{"@type":"WebSite","@id":"http:\/\/namikkemaltuyluce.av.tr\/#website","url":"http:\/\/namikkemaltuyluce.av.tr\/","name":"Nam\u0131k Kemal T\u00fcyl\u00fcce","description":"","publisher":{"@id":"http:\/\/namikkemaltuyluce.av.tr\/#organization"},"potentialAction":[{"@type":"SearchAction","target":{"@type":"EntryPoint","urlTemplate":"http:\/\/namikkemaltuyluce.av.tr\/?s={search_term_string}"},"query-input":"required name=search_term_string"}],"inLanguage":"tr"},{"@type":"Organization","@id":"http:\/\/namikkemaltuyluce.av.tr\/#organization","name":"Arabulucu ve Avukat Nam\u0131k Kemal T\u00fcyl\u00fcce","url":"http:\/\/namikkemaltuyluce.av.tr\/","logo":{"@type":"ImageObject","inLanguage":"tr","@id":"http:\/\/namikkemaltuyluce.av.tr\/#\/schema\/logo\/image\/","url":"https:\/\/namikkemaltuyluce.av.tr\/wp-content\/uploads\/2023\/01\/hukuk.png","contentUrl":"https:\/\/namikkemaltuyluce.av.tr\/wp-content\/uploads\/2023\/01\/hukuk.png","width":400,"height":300,"caption":"Arabulucu ve Avukat Nam\u0131k Kemal T\u00fcyl\u00fcce"},"image":{"@id":"http:\/\/namikkemaltuyluce.av.tr\/#\/schema\/logo\/image\/"}}]}},"_links":{"self":[{"href":"https:\/\/namikkemaltuyluce.av.tr\/index.php?rest_route=\/wp\/v2\/pages\/167","targetHints":{"allow":["GET"]}}],"collection":[{"href":"https:\/\/namikkemaltuyluce.av.tr\/index.php?rest_route=\/wp\/v2\/pages"}],"about":[{"href":"https:\/\/namikkemaltuyluce.av.tr\/index.php?rest_route=\/wp\/v2\/types\/page"}],"author":[{"embeddable":true,"href":"https:\/\/namikkemaltuyluce.av.tr\/index.php?rest_route=\/wp\/v2\/users\/1"}],"replies":[{"embeddable":true,"href":"https:\/\/namikkemaltuyluce.av.tr\/index.php?rest_route=%2Fwp%2Fv2%2Fcomments&post=167"}],"version-history":[{"count":1,"href":"https:\/\/namikkemaltuyluce.av.tr\/index.php?rest_route=\/wp\/v2\/pages\/167\/revisions"}],"predecessor-version":[{"id":168,"href":"https:\/\/namikkemaltuyluce.av.tr\/index.php?rest_route=\/wp\/v2\/pages\/167\/revisions\/168"}],"wp:attachment":[{"href":"https:\/\/namikkemaltuyluce.av.tr\/index.php?rest_route=%2Fwp%2Fv2%2Fmedia&parent=167"}],"curies":[{"name":"wp","href":"https:\/\/api.w.org\/{rel}","templated":true}]}}