{"id":169,"date":"2023-06-08T08:43:32","date_gmt":"2023-06-08T05:43:32","guid":{"rendered":"https:\/\/namikkemaltuyluce.av.tr\/?page_id=169"},"modified":"2023-06-08T08:43:32","modified_gmt":"2023-06-08T05:43:32","slug":"uluslararasi-ticaret-hukuku","status":"publish","type":"page","link":"https:\/\/namikkemaltuyluce.av.tr\/?page_id=169","title":{"rendered":"Uluslararas\u0131 Ticaret Hukuku"},"content":{"rendered":"\n<p>D\u00fcnyan\u0131n globalle\u015fmesi ve d\u00fcnya \u00e7ap\u0131nda ticaretin olduk\u00e7a yo\u011funla\u015ft\u0131\u011f\u0131 g\u00fcn\u00fcm\u00fczde, uluslararas\u0131 ticaretin bir tak\u0131m kurallara ba\u011flanmas\u0131 olduk\u00e7a do\u011fald\u0131r. Farkl\u0131 \u00fclkelerde faaliyet g\u00f6steren \u015firketler veya tacirlerin birbirleriyle olan ticari ili\u015fkilerinde ba\u015fta uygulanacak olan hukukun belirlenmesi olmak \u00fczere bir \u00e7ok farkl\u0131 noktada uyu\u015fmazl\u0131k \u00e7\u0131kmas\u0131 ve bu uyu\u015fmazl\u0131klar\u0131n hakkaniyetli bir bi\u00e7imde \u00e7\u00f6z\u00fclmesi gerekti\u011fi a\u00e7\u0131kt\u0131r.<\/p>\n\n\n\n<p>Uluslararas\u0131 ticaret hukukunun kapsam\u0131na giren hukuki d\u00fczenlemelerin bir b\u00f6l\u00fcm\u00fc kamu hukukuna di\u011fer bir b\u00f6l\u00fcm\u00fc ise \u00f6zel hukuka tabiidir. Dolay\u0131s\u0131yla bu hukuk dal\u0131n\u0131n, karma hukuk dallar\u0131ndan birisi oldu\u011fu s\u00f6ylenebilmektedir. Kamu hukuku kapsam\u0131na giren uluslararas\u0131 ticaret hukuku uyu\u015fmazl\u0131klar; korunma \u00f6nlemlerinin belirlenmesi, g\u00fcmr\u00fck mevzuat\u0131na ili\u015fkin d\u00fczenlemeler ve vergisel d\u00fczenlemeler olarak belirlenebilmektedir. Uluslararas\u0131 mal sat\u0131\u015flar\u0131, uluslararas\u0131 ticaret hukuku s\u00f6zle\u015fmelerinin d\u00fczenlenmesi, tercih edilen teslim \u015fekilleri, uyu\u015fmazl\u0131klar\u0131n \u00e7\u00f6z\u00fcm\u00fc ve \u00f6deme \u015fekilleri uluslararas\u0131 ticaret hukukunun \u00f6zel hukuk kapsam\u0131na giren b\u00f6l\u00fcm\u00fcn\u00fc olu\u015fturmaktad\u0131r.<\/p>\n\n\n\n<p>Uluslararas\u0131 ticaret hukuku, uluslararas\u0131 niteli\u011fi sebebiyle bir \u00e7ok uluslararas\u0131 s\u00f6zle\u015fmelerle d\u00fczenlenmi\u015f bir hukuk dal\u0131d\u0131r. S\u00f6z konusu bu hukuk dal\u0131n\u0131n geli\u015fimi a\u00e7\u0131s\u0131ndan 17.12.1966 tarihinde BM Genel Kurulu\u2019na ba\u011fl\u0131 bir alt organ olarak Birle\u015fmi\u015f Milletler Uluslararas\u0131 Ticaret Hukuku Komisyonu Kurulmu\u015ftur. Komisyonun amac\u0131 uluslararas\u0131 ticaret hukukunun bir\u00e7ok alanda uyumla\u015ft\u0131r\u0131lmas\u0131 ve buna ba\u011fl\u0131 olarak tek bi\u00e7imlili\u011fin sa\u011flanmas\u0131d\u0131r. Uluslararas\u0131 ticaret hukukunun \u00f6ne \u00e7\u0131kan uygulamalar\u0131ndan biri uluslararas\u0131 mal sat\u0131m\u0131na ili\u015fkin s\u00f6zle\u015fmelerdir. Bu hususta Milletleraras\u0131 Mal Sat\u0131m\u0131na \u0130li\u015fkin S\u00f6zle\u015fmeler Hakk\u0131nda Birle\u015fmi\u015f Milletler Antla\u015fmas\u0131(CISG) konuya ili\u015fkin ba\u015fvurulabilecek temel mevzuatt\u0131r.<\/p>\n\n\n\n<p>\u00d6te yandan D\u00fcnya Ticaret \u00d6rg\u00fct\u00fc ve Milletleraras\u0131 Ticaret Odas\u0131 (ICC)&#8217;nin de uluslararas\u0131 ticaret hukukunun geli\u015fimi a\u00e7\u0131s\u0131ndan bir \u00e7ok \u00e7al\u0131\u015fmalar\u0131 oldu\u011fu g\u00f6r\u00fclmektedir. Bunlardan ba\u015fl\u0131calar\u0131, INCOTERMS olarak bilinen kural paketleridir. \u00c7\u011funlukla \u00fc\u00e7 harf ile ifade edilen terimler; al\u0131c\u0131 ile sat\u0131c\u0131 aras\u0131ndaki s\u00f6zle\u015fmenin ifas\u0131 i\u00e7in \u00fcstlendikleri y\u00fck\u00fcml\u00fcl\u00fckleri ifade etmektedir. En s\u0131k kullan\u0131lan mal sat\u0131m\u0131na ili\u015fkin terimler&nbsp;<strong>FOB<\/strong>,<strong>CIF<\/strong>,<strong>FAS<\/strong>,<strong>EXW<\/strong>&nbsp;sat\u0131\u015f t\u00fcrleridir. Bu terimlerin s\u00f6zle\u015fme i\u00e7erisinde kullan\u0131lmas\u0131yla, ICC taraf\u0131ndan belirlenmi\u015f olan bir k\u0131s\u0131m kurallar\u0131n taraflar taraf\u0131ndan kabul edildi\u011fi anla\u015f\u0131lmaktad\u0131r.<\/p>\n\n\n\n<p>Uluslararas\u0131 ticaretin taraflar\u0131, kendi aralar\u0131nda ileride do\u011fabilecek uyu\u015fmazl\u0131klar\u0131n hangi \u00fclkenin mahkemelerinde g\u00f6r\u00fclece\u011fini belirleyebilirler. \u00d6te yandan taraflar\u0131n s\u00f6zle\u015fmeye ve uyu\u015fmazl\u0131klara hangi \u00fclkenin hukuk kurallar\u0131n\u0131n uygulanaca\u011f\u0131n\u0131 belirlemesi de m\u00fcmk\u00fcnd\u00fcr. B\u00fct\u00fcn bunlar\u0131n yan\u0131 s\u0131ra, &nbsp;taraflar\u0131n iyaz\u0131l\u0131 bir anla\u015fmayla uyu\u015fmazl\u0131\u011f\u0131n ulusal mahkemeler d\u0131\u015f\u0131nda bir veya birden fazla hakem heyeti taraf\u0131ndan \u00e7\u00f6z\u00fclmesine veya Milletleraras\u0131 Tahkim Kurulu taraf\u0131ndan \u00e7\u00f6z\u00fclmesine karar vermesi de m\u00fcmk\u00fcnd\u00fcr.<\/p>\n\n\n\n<p>Uluslararas\u0131 ticaret hukuku dal\u0131nda verilen hizmetler genel olarak \u015fu \u015fekilde say\u0131labilmektedir:<\/p>\n\n\n\n<ul class=\"wp-block-list\">\n<li>Uluslararas\u0131 ticari s\u00f6zle\u015fmelerin analiz edilmesi, haz\u0131rlanmas\u0131, d\u00fczenlenmesi, bu s\u00f6zle\u015fmelerden do\u011fan davalar\u0131n takibi<\/li>\n\n\n\n<li>Uluslararas\u0131 sat\u0131mlar i\u00e7in hukuki dan\u0131\u015fmanl\u0131k ve dava avukatl\u0131\u011f\u0131 hizmeti verilmesi<\/li>\n\n\n\n<li>\u00d6deme ve teslim \u015fekilleri bak\u0131m\u0131ndan hukuki dan\u0131\u015fmanl\u0131k verilmesi ve risk analizlerinin yap\u0131lmas\u0131<\/li>\n\n\n\n<li>Leasing ve factoring s\u00f6zle\u015fmelerinin analiz edilmesi, haz\u0131rlanmas\u0131, d\u00fczenlenmesi, bu s\u00f6zle\u015fmelerden do\u011fan davalar\u0131n takibi<\/li>\n\n\n\n<li>Uluslararas\u0131 finansman teknikleri konusunda dan\u0131\u015fmanl\u0131k hizmeti verilmesi<\/li>\n\n\n\n<li>Banka teminat mektuplar\u0131 konusunda dan\u0131\u015fmanl\u0131k hizmeti verilmesi<\/li>\n\n\n\n<li>T\u00fcrk \u015firketlerinin uluslararas\u0131 \u015firketlerle yapaca\u011f\u0131 ticari s\u00f6zle\u015fmelerin haz\u0131rlanmas\u0131, d\u00fczenlenmesi, yorumlanmas\u0131, analiz edilmesi, bu s\u00f6zle\u015fmelerden do\u011fan davalar\u0131n takibi<\/li>\n\n\n\n<li>Yabanc\u0131 \u015firketlerin T\u00fcrkiye\u2019de yapaca\u011f\u0131 ticari i\u015flerde hukuki destek verme<\/li>\n\n\n\n<li>T\u00fcrk \u015firketlerinin yabanc\u0131 \u00fclkelerdeki \u015firket kurma, ticari i\u015f yapma gibi hukuksal i\u015flemlerde hukuki g\u00f6r\u00fc\u015f vermek, dan\u0131\u015fmanl\u0131k yapmak ve yabanc\u0131 mevzuatlar\u0131n analizini \u00e7\u0131kartmak<\/li>\n\n\n\n<li>Yurt i\u00e7i ve yurt d\u0131\u015f\u0131nda a\u00e7\u0131lan anti-damping ve s\u00fcbvansiyon soru\u015fturmalar\u0131nda avukatl\u0131k hizmeti verilmesi<\/li>\n\n\n\n<li>Korunma \u00f6nlemi soru\u015fturmalar\u0131nda avukatl\u0131k hizmeti verilmesi<\/li>\n\n\n\n<li>G\u00f6zetim uygulamas\u0131 ba\u015fvurular\u0131n\u0131n yap\u0131lmas\u0131 ve takibi<\/li>\n\n\n\n<li>Ask\u0131ya alma, kota ve tarife kontenjan\u0131 ba\u015fvurular\u0131n\u0131n yap\u0131lmas\u0131 ve takibi<\/li>\n\n\n\n<li>De\u011fi\u015fen mevzuata ve uygulamalara ili\u015fkin raporlar\u0131n d\u00fczenlenmesi<\/li>\n\n\n\n<li>Ticaret politikas\u0131 dan\u0131\u015fmanl\u0131\u011f\u0131 verilmesi<\/li>\n\n\n\n<li>Franchising, distrib\u00fct\u00f6rl\u00fck s\u00f6zle\u015fmelerinin haz\u0131rlanmas\u0131, analiz edilmesi, d\u00fczenlenmesi ve bu s\u00f6zle\u015fmelerden do\u011fan davalar\u0131n takibi<\/li>\n\n\n\n<li>Yabanc\u0131 unsurlu anla\u015fmalarda uyu\u015fmazl\u0131k \u00e7\u0131kt\u0131\u011f\u0131 zaman bu ihtilaf\u0131n \u00e7\u00f6z\u00fcme kavu\u015fturulmas\u0131<strong><\/strong><\/li>\n\n\n\n<li>Uluslararas\u0131 yat\u0131r\u0131mlarda vergilendirme konusunda hukuki g\u00f6r\u00fc\u015f bildirme ve yat\u0131r\u0131mlarda hukuki destek<\/li>\n\n\n\n<li>CISG (Uluslararas\u0131 Sat\u0131\u015f S\u00f6zle\u015fmesi) ile ilgili do\u011fan s\u0131k\u0131nt\u0131lar ve bu s\u00f6zle\u015fmelerin olu\u015fturulmas\u0131<\/li>\n\n\n\n<li>Uluslararas\u0131 alacaklar\u0131n tahsili ve icra kanallar\u0131ndan alaca\u011f\u0131n temin edilmesi<\/li>\n\n\n\n<li>INCOTERMS kurallar\u0131 hakk\u0131nda hukuki dan\u0131\u015fmanl\u0131k verilmesi ve s\u00f6zle\u015fmelerin haz\u0131rlanmas\u0131<\/li>\n\n\n\n<li>Uluslararas\u0131 Tahkim yollar\u0131n\u0131 kullanarak uyu\u015fmazl\u0131klar\u0131n \u00e7\u00f6z\u00fcm\u00fcn\u00fc sa\u011flama<\/li>\n\n\n\n<li>Uluslararas\u0131 \u015firketler aras\u0131ndaki rekabet yasa\u011f\u0131 ve marka-patent uyu\u015fmazl\u0131klar\u0131n\u0131 ilgilendiren konularda hukuki destek verme<\/li>\n\n\n\n<li>Di\u011fer her t\u00fcrl\u00fc i\u015f ve davalar<\/li>\n<\/ul>\n\n\n\n<p><em>Say\u0131lan dava tipleri ve i\u015fler genel anlamda ve \u00f6rnekleyici olup, uluslararas\u0131 ticaret hukukuna ili\u015fkin her t\u00fcrl\u00fc dava bak\u0131m\u0131ndan avukatl\u0131k hizmeti verilmektedir.<br>Detayl\u0131 bilgi i\u00e7in randevu talep ediniz.<\/em><\/p>\n","protected":false},"excerpt":{"rendered":"<p>D\u00fcnyan\u0131n globalle\u015fmesi ve d\u00fcnya \u00e7ap\u0131nda ticaretin olduk\u00e7a yo\u011funla\u015ft\u0131\u011f\u0131 g\u00fcn\u00fcm\u00fczde, uluslararas\u0131 ticaretin bir tak\u0131m kurallara ba\u011flanmas\u0131 olduk\u00e7a do\u011fald\u0131r. Farkl\u0131 \u00fclkelerde faaliyet g\u00f6steren \u015firketler veya tacirlerin birbirleriyle olan ticari ili\u015fkilerinde ba\u015fta uygulanacak olan hukukun belirlenmesi olmak \u00fczere bir \u00e7ok farkl\u0131 noktada uyu\u015fmazl\u0131k \u00e7\u0131kmas\u0131 ve bu uyu\u015fmazl\u0131klar\u0131n hakkaniyetli bir bi\u00e7imde \u00e7\u00f6z\u00fclmesi gerekti\u011fi a\u00e7\u0131kt\u0131r. Uluslararas\u0131 ticaret hukukunun kapsam\u0131na giren [&hellip;]<\/p>\n","protected":false},"author":1,"featured_media":0,"parent":0,"menu_order":0,"comment_status":"closed","ping_status":"closed","template":"","meta":{"footnotes":""},"class_list":["post-169","page","type-page","status-publish","hentry"],"yoast_head":"<!-- This site is optimized with the Yoast SEO plugin v20.12 - https:\/\/yoast.com\/wordpress\/plugins\/seo\/ -->\n<title>Uluslararas\u0131 Ticaret Hukuku - Nam\u0131k Kemal T\u00fcyl\u00fcce<\/title>\n<meta name=\"robots\" content=\"index, follow, max-snippet:-1, max-image-preview:large, max-video-preview:-1\" \/>\n<link rel=\"canonical\" href=\"https:\/\/namikkemaltuyluce.av.tr\/?page_id=169\" \/>\n<meta property=\"og:locale\" content=\"tr_TR\" \/>\n<meta property=\"og:type\" content=\"article\" \/>\n<meta property=\"og:title\" content=\"Uluslararas\u0131 Ticaret Hukuku - Nam\u0131k Kemal T\u00fcyl\u00fcce\" \/>\n<meta property=\"og:description\" content=\"D\u00fcnyan\u0131n globalle\u015fmesi ve d\u00fcnya \u00e7ap\u0131nda ticaretin olduk\u00e7a yo\u011funla\u015ft\u0131\u011f\u0131 g\u00fcn\u00fcm\u00fczde, uluslararas\u0131 ticaretin bir tak\u0131m kurallara ba\u011flanmas\u0131 olduk\u00e7a do\u011fald\u0131r. Farkl\u0131 \u00fclkelerde faaliyet g\u00f6steren \u015firketler veya tacirlerin birbirleriyle olan ticari ili\u015fkilerinde ba\u015fta uygulanacak olan hukukun belirlenmesi olmak \u00fczere bir \u00e7ok farkl\u0131 noktada uyu\u015fmazl\u0131k \u00e7\u0131kmas\u0131 ve bu uyu\u015fmazl\u0131klar\u0131n hakkaniyetli bir bi\u00e7imde \u00e7\u00f6z\u00fclmesi gerekti\u011fi a\u00e7\u0131kt\u0131r. Uluslararas\u0131 ticaret hukukunun kapsam\u0131na giren [&hellip;]\" \/>\n<meta property=\"og:url\" content=\"https:\/\/namikkemaltuyluce.av.tr\/?page_id=169\" \/>\n<meta property=\"og:site_name\" content=\"Nam\u0131k Kemal T\u00fcyl\u00fcce\" \/>\n<meta name=\"twitter:card\" content=\"summary_large_image\" \/>\n<meta name=\"twitter:label1\" content=\"Tahmini okuma s\u00fcresi\" \/>\n\t<meta name=\"twitter:data1\" content=\"5 dakika\" \/>\n<script type=\"application\/ld+json\" class=\"yoast-schema-graph\">{\"@context\":\"https:\/\/schema.org\",\"@graph\":[{\"@type\":\"WebPage\",\"@id\":\"https:\/\/namikkemaltuyluce.av.tr\/?page_id=169\",\"url\":\"https:\/\/namikkemaltuyluce.av.tr\/?page_id=169\",\"name\":\"Uluslararas\u0131 Ticaret Hukuku - Nam\u0131k Kemal T\u00fcyl\u00fcce\",\"isPartOf\":{\"@id\":\"http:\/\/namikkemaltuyluce.av.tr\/#website\"},\"datePublished\":\"2023-06-08T05:43:32+00:00\",\"dateModified\":\"2023-06-08T05:43:32+00:00\",\"breadcrumb\":{\"@id\":\"https:\/\/namikkemaltuyluce.av.tr\/?page_id=169#breadcrumb\"},\"inLanguage\":\"tr\",\"potentialAction\":[{\"@type\":\"ReadAction\",\"target\":[\"https:\/\/namikkemaltuyluce.av.tr\/?page_id=169\"]}]},{\"@type\":\"BreadcrumbList\",\"@id\":\"https:\/\/namikkemaltuyluce.av.tr\/?page_id=169#breadcrumb\",\"itemListElement\":[{\"@type\":\"ListItem\",\"position\":1,\"name\":\"Anasayfa\",\"item\":\"http:\/\/namikkemaltuyluce.av.tr\/\"},{\"@type\":\"ListItem\",\"position\":2,\"name\":\"Uluslararas\u0131 Ticaret Hukuku\"}]},{\"@type\":\"WebSite\",\"@id\":\"http:\/\/namikkemaltuyluce.av.tr\/#website\",\"url\":\"http:\/\/namikkemaltuyluce.av.tr\/\",\"name\":\"Nam\u0131k Kemal T\u00fcyl\u00fcce\",\"description\":\"\",\"publisher\":{\"@id\":\"http:\/\/namikkemaltuyluce.av.tr\/#organization\"},\"potentialAction\":[{\"@type\":\"SearchAction\",\"target\":{\"@type\":\"EntryPoint\",\"urlTemplate\":\"http:\/\/namikkemaltuyluce.av.tr\/?s={search_term_string}\"},\"query-input\":\"required name=search_term_string\"}],\"inLanguage\":\"tr\"},{\"@type\":\"Organization\",\"@id\":\"http:\/\/namikkemaltuyluce.av.tr\/#organization\",\"name\":\"Arabulucu ve Avukat Nam\u0131k Kemal T\u00fcyl\u00fcce\",\"url\":\"http:\/\/namikkemaltuyluce.av.tr\/\",\"logo\":{\"@type\":\"ImageObject\",\"inLanguage\":\"tr\",\"@id\":\"http:\/\/namikkemaltuyluce.av.tr\/#\/schema\/logo\/image\/\",\"url\":\"https:\/\/namikkemaltuyluce.av.tr\/wp-content\/uploads\/2023\/01\/hukuk.png\",\"contentUrl\":\"https:\/\/namikkemaltuyluce.av.tr\/wp-content\/uploads\/2023\/01\/hukuk.png\",\"width\":400,\"height\":300,\"caption\":\"Arabulucu ve Avukat Nam\u0131k Kemal T\u00fcyl\u00fcce\"},\"image\":{\"@id\":\"http:\/\/namikkemaltuyluce.av.tr\/#\/schema\/logo\/image\/\"}}]}<\/script>\n<!-- \/ Yoast SEO plugin. -->","yoast_head_json":{"title":"Uluslararas\u0131 Ticaret Hukuku - Nam\u0131k Kemal T\u00fcyl\u00fcce","robots":{"index":"index","follow":"follow","max-snippet":"max-snippet:-1","max-image-preview":"max-image-preview:large","max-video-preview":"max-video-preview:-1"},"canonical":"https:\/\/namikkemaltuyluce.av.tr\/?page_id=169","og_locale":"tr_TR","og_type":"article","og_title":"Uluslararas\u0131 Ticaret Hukuku - Nam\u0131k Kemal T\u00fcyl\u00fcce","og_description":"D\u00fcnyan\u0131n globalle\u015fmesi ve d\u00fcnya \u00e7ap\u0131nda ticaretin olduk\u00e7a yo\u011funla\u015ft\u0131\u011f\u0131 g\u00fcn\u00fcm\u00fczde, uluslararas\u0131 ticaretin bir tak\u0131m kurallara ba\u011flanmas\u0131 olduk\u00e7a do\u011fald\u0131r. Farkl\u0131 \u00fclkelerde faaliyet g\u00f6steren \u015firketler veya tacirlerin birbirleriyle olan ticari ili\u015fkilerinde ba\u015fta uygulanacak olan hukukun belirlenmesi olmak \u00fczere bir \u00e7ok farkl\u0131 noktada uyu\u015fmazl\u0131k \u00e7\u0131kmas\u0131 ve bu uyu\u015fmazl\u0131klar\u0131n hakkaniyetli bir bi\u00e7imde \u00e7\u00f6z\u00fclmesi gerekti\u011fi a\u00e7\u0131kt\u0131r. Uluslararas\u0131 ticaret hukukunun kapsam\u0131na giren [&hellip;]","og_url":"https:\/\/namikkemaltuyluce.av.tr\/?page_id=169","og_site_name":"Nam\u0131k Kemal T\u00fcyl\u00fcce","twitter_card":"summary_large_image","twitter_misc":{"Tahmini okuma s\u00fcresi":"5 dakika"},"schema":{"@context":"https:\/\/schema.org","@graph":[{"@type":"WebPage","@id":"https:\/\/namikkemaltuyluce.av.tr\/?page_id=169","url":"https:\/\/namikkemaltuyluce.av.tr\/?page_id=169","name":"Uluslararas\u0131 Ticaret Hukuku - Nam\u0131k Kemal T\u00fcyl\u00fcce","isPartOf":{"@id":"http:\/\/namikkemaltuyluce.av.tr\/#website"},"datePublished":"2023-06-08T05:43:32+00:00","dateModified":"2023-06-08T05:43:32+00:00","breadcrumb":{"@id":"https:\/\/namikkemaltuyluce.av.tr\/?page_id=169#breadcrumb"},"inLanguage":"tr","potentialAction":[{"@type":"ReadAction","target":["https:\/\/namikkemaltuyluce.av.tr\/?page_id=169"]}]},{"@type":"BreadcrumbList","@id":"https:\/\/namikkemaltuyluce.av.tr\/?page_id=169#breadcrumb","itemListElement":[{"@type":"ListItem","position":1,"name":"Anasayfa","item":"http:\/\/namikkemaltuyluce.av.tr\/"},{"@type":"ListItem","position":2,"name":"Uluslararas\u0131 Ticaret Hukuku"}]},{"@type":"WebSite","@id":"http:\/\/namikkemaltuyluce.av.tr\/#website","url":"http:\/\/namikkemaltuyluce.av.tr\/","name":"Nam\u0131k Kemal T\u00fcyl\u00fcce","description":"","publisher":{"@id":"http:\/\/namikkemaltuyluce.av.tr\/#organization"},"potentialAction":[{"@type":"SearchAction","target":{"@type":"EntryPoint","urlTemplate":"http:\/\/namikkemaltuyluce.av.tr\/?s={search_term_string}"},"query-input":"required name=search_term_string"}],"inLanguage":"tr"},{"@type":"Organization","@id":"http:\/\/namikkemaltuyluce.av.tr\/#organization","name":"Arabulucu ve Avukat Nam\u0131k Kemal T\u00fcyl\u00fcce","url":"http:\/\/namikkemaltuyluce.av.tr\/","logo":{"@type":"ImageObject","inLanguage":"tr","@id":"http:\/\/namikkemaltuyluce.av.tr\/#\/schema\/logo\/image\/","url":"https:\/\/namikkemaltuyluce.av.tr\/wp-content\/uploads\/2023\/01\/hukuk.png","contentUrl":"https:\/\/namikkemaltuyluce.av.tr\/wp-content\/uploads\/2023\/01\/hukuk.png","width":400,"height":300,"caption":"Arabulucu ve Avukat Nam\u0131k Kemal T\u00fcyl\u00fcce"},"image":{"@id":"http:\/\/namikkemaltuyluce.av.tr\/#\/schema\/logo\/image\/"}}]}},"_links":{"self":[{"href":"https:\/\/namikkemaltuyluce.av.tr\/index.php?rest_route=\/wp\/v2\/pages\/169","targetHints":{"allow":["GET"]}}],"collection":[{"href":"https:\/\/namikkemaltuyluce.av.tr\/index.php?rest_route=\/wp\/v2\/pages"}],"about":[{"href":"https:\/\/namikkemaltuyluce.av.tr\/index.php?rest_route=\/wp\/v2\/types\/page"}],"author":[{"embeddable":true,"href":"https:\/\/namikkemaltuyluce.av.tr\/index.php?rest_route=\/wp\/v2\/users\/1"}],"replies":[{"embeddable":true,"href":"https:\/\/namikkemaltuyluce.av.tr\/index.php?rest_route=%2Fwp%2Fv2%2Fcomments&post=169"}],"version-history":[{"count":1,"href":"https:\/\/namikkemaltuyluce.av.tr\/index.php?rest_route=\/wp\/v2\/pages\/169\/revisions"}],"predecessor-version":[{"id":170,"href":"https:\/\/namikkemaltuyluce.av.tr\/index.php?rest_route=\/wp\/v2\/pages\/169\/revisions\/170"}],"wp:attachment":[{"href":"https:\/\/namikkemaltuyluce.av.tr\/index.php?rest_route=%2Fwp%2Fv2%2Fmedia&parent=169"}],"curies":[{"name":"wp","href":"https:\/\/api.w.org\/{rel}","templated":true}]}}