{"id":171,"date":"2023-06-08T08:45:32","date_gmt":"2023-06-08T05:45:32","guid":{"rendered":"https:\/\/namikkemaltuyluce.av.tr\/?page_id=171"},"modified":"2023-06-08T08:45:32","modified_gmt":"2023-06-08T05:45:32","slug":"deniz-ticareti-hukuku","status":"publish","type":"page","link":"https:\/\/namikkemaltuyluce.av.tr\/?page_id=171","title":{"rendered":"Deniz Ticareti Hukuku"},"content":{"rendered":"\n<p>Deniz ta\u015f\u0131mac\u0131l\u0131\u011f\u0131, olduk\u00e7a b\u00fcy\u00fck ebatta mal\u0131n bir \u00fclkeden ba\u015fka bir \u00fclkeye ve hatta bir k\u0131tadan ba\u015fka bir k\u0131taya ta\u015f\u0131nmas\u0131n\u0131 konu alan bir ta\u015f\u0131mac\u0131l\u0131k t\u00fcr\u00fcd\u00fcr. \u00c7o\u011fu zaman bir y\u00fck gemisinin tamam\u0131, tek bir firman\u0131n mal\u0131yla dolmamakta, bir s\u00fcr\u00fc firman\u0131n mal\u0131 tek bir gemiyle ba\u015fka bir deniz a\u015f\u0131r\u0131 \u00fclkeye g\u00f6nderilmektedir. B\u00f6ylesine \u00e7ok uluslu ve \u00e7ok tarafl\u0131 bir ticaret yap\u0131s\u0131n\u0131 i\u00e7inde bar\u0131nd\u0131ran deniz ticareti hukukunun kendisine \u00f6zg\u00fcr kurallar\u0131 mevcuttur.<\/p>\n\n\n\n<p>G\u00fcn\u00fcm\u00fczde ise deniz ticaretinin bu \u00e7ok uluslu yap\u0131s\u0131na kar\u015f\u0131n, tek bir ortak hukuk geli\u015ftirebilmek ad\u0131na devletler ve uluslararas\u0131 kurulu\u015flar ortak hareket etmeye ba\u015flam\u0131\u015ft\u0131r. Konunun uluslararas\u0131 hukuk bak\u0131m\u0131ndan \u00f6nemi bu konuda uluslararas\u0131 anla\u015fmalar yap\u0131lmas\u0131na yol a\u00e7m\u0131\u015ft\u0131r. Bu konuda yap\u0131lm\u0131\u015f ba\u015fl\u0131ca uluslararas\u0131 s\u00f6zle\u015fmeler \u015funlard\u0131r;<\/p>\n\n\n\n<ul class=\"wp-block-list\">\n<li>Montreux S\u00f6zle\u015fmesi,<\/li>\n\n\n\n<li>Deniz Alacaklar\u0131na Kar\u015f\u0131 Mesuliyetin S\u0131n\u0131rlanmas\u0131 Hakk\u0131nda S\u00f6zle\u015fme,<\/li>\n\n\n\n<li>Denizde \u00c7at\u0131\u015fmay\u0131 \u00d6nleme T\u00fcz\u00fc\u011f\u00fc,<\/li>\n\n\n\n<li>Deniz M\u00fcsademelerine M\u00fctedair Baz\u0131 Kaidelerin Tevhidi Hakk\u0131nda Mukavele,<\/li>\n\n\n\n<li>Deniz Ticaret Vas\u0131talar\u0131n\u0131n Rehni Ve \u0130mtiyaz\u0131 \u0130le \u0130lgili Baz\u0131 Kaidelerin Tevhidi Hakk\u0131nda Milletleraras\u0131 S\u00f6zle\u015fme,<\/li>\n\n\n\n<li>Deniz Yard\u0131m Ve Kurtarma \u0130\u015flerine M\u00fctedair Baz\u0131 Kaidelerin Tevhidi Hakk\u0131nda Mukavele,<\/li>\n\n\n\n<li>Devlet Gemilerinin Muafiyetleri \u0130le \u0130lgili Baz\u0131 Kaidelerin Tevhidi Hakk\u0131nda Milletleraras\u0131 S\u00f6zle\u015fme,<\/li>\n\n\n\n<li>Gemi Sahiplerinin Sorumluluklar\u0131n\u0131n Tahdidi \u0130le \u0130lgili Baz\u0131 Kaidelerin Tevhidi Hakk\u0131nda Milletleraras\u0131 S\u00f6zle\u015fme,<\/li>\n\n\n\n<li>Kon\u015fimentoya M\u00fcteallik Baz\u0131 Kaidelerin Tevhidi Hakk\u0131nda Milletleraras\u0131 S\u00f6zle\u015fme,<\/li>\n\n\n\n<li>Petrol Kirlili\u011finden Do\u011fan Zarar\u0131n Hukuki Sorumlulu\u011fu \u0130le \u0130lgili Uluslararas\u0131 S\u00f6zle\u015fme,<\/li>\n\n\n\n<li>Uluslararas\u0131 Denizcilik \u00d6rg\u00fct\u00fcn\u00fcn Kurulmas\u0131na M\u00fctedair S\u00f6zle\u015fme,<\/li>\n<\/ul>\n\n\n\n<p>Say\u0131lan ba\u015fl\u0131ca uluslararas\u0131 s\u00f6zle\u015fmeler g\u00f6z \u00f6n\u00fcne al\u0131narak, deniz ticareti hukukunun \u00e7ok y\u00f6nl\u00fc ve da\u011f\u0131n\u0131k mevzuata sahip olan bir hukuk dal\u0131 oldu\u011funu s\u00f6ylemek m\u00fcmk\u00fcnd\u00fcr. Deniz ticareti hukuku kapsam\u0131nda verilmekte olan hizmetler \u015fu \u015fekilde say\u0131labilmektedir:<\/p>\n\n\n\n<ul class=\"wp-block-list\">\n<li>\u00c7atma<\/li>\n\n\n\n<li>Kurtarma ve yard\u0131m<\/li>\n\n\n\n<li>\u00c7arter Parti (C\/P) haz\u0131rlama,<\/li>\n\n\n\n<li>Tip C\/P ve kon\u015fimento (B\/L)\u2019lar hakk\u0131nda hukuki g\u00f6r\u00fc\u015f verme, gerekli g\u00f6rd\u00fc\u011f\u00fc de\u011fi\u015fiklikleri yapma, navlun s\u00f6zle\u015fmelerinden kaynaklanan ihtilaflar\u0131n \u00e7\u00f6z\u00fcm\u00fc<\/li>\n\n\n\n<li>\u0130htilaf \u00e7\u0131kmas\u0131 halinde tatbik edilecek hukuku belirleme,<\/li>\n\n\n\n<li>Kaptan ve Gemi adamlar\u0131n\u0131n i\u015f (hizmet) s\u00f6zle\u015fmelerinden do\u011fan tazminat ve i\u015f\u00e7ilik alacaklar\u0131n\u0131n takibi ve tahsili<\/li>\n\n\n\n<li>Gemi tutuklama,<\/li>\n\n\n\n<li>Tutuklu gemiyi kurtarma,<\/li>\n\n\n\n<li>Deniz hukuku ile ilgili muhtelif alacaklardan do\u011fan davalar,<\/li>\n\n\n\n<li>Y\u00fck\u00fcn hasar\u0131,<\/li>\n\n\n\n<li>Ziyan ve kayb\u0131,<\/li>\n\n\n\n<li>C\/P ihtilaflar\u0131,<\/li>\n\n\n\n<li>\u00c7atma,<\/li>\n\n\n\n<li>Yard\u0131m ve kurtarma,<\/li>\n\n\n\n<li>M\u00fc\u015fterek avarya,<\/li>\n\n\n\n<li>Gemi \u00fczerindeki ve y\u00fck \u00fczerindeki rehin hakk\u0131n\u0131n tatbiki,<\/li>\n\n\n\n<li>Gemi siciline tescil ve sicilden terkin,<\/li>\n\n\n\n<li>Gemi \u00fczerine ipotek tesisi ve deniz hukukunun cari oldu\u011fu di\u011fer t\u00fcm konularda hukuki yard\u0131m ve avukatl\u0131k hizmeti sa\u011flamak.<\/li>\n\n\n\n<li>Seferden men karar\u0131 al\u0131nmas\u0131<\/li>\n\n\n\n<li>Yak\u0131t alacaklar\u0131n\u0131n tahsili<\/li>\n\n\n\n<li>Gemi adam\u0131 alacaklar\u0131n\u0131n tahsili<\/li>\n\n\n\n<li>M\u00fc\u015fterek avarya, stevedore sorumlulu\u011fu<\/li>\n\n\n\n<li>Kanuni rehin hakk\u0131 kararlar\u0131n\u0131n icras\u0131<\/li>\n\n\n\n<li>Hapis hakk\u0131 tesisi<\/li>\n\n\n\n<li>Charterparty metinlerinin haz\u0131rlanmas\u0131 ve bu metinlerin yorumlanmas\u0131ndan kaynakl\u0131 uyu\u015fmazl\u0131klar<\/li>\n\n\n\n<li>&nbsp;Laytime ve demuraj s\u00fcrelerinin hesab\u0131<\/li>\n\n\n\n<li>Time-charter kira bedelinin tahsilinde gecikme<\/li>\n\n\n\n<li>Gemi tescil ve terkin i\u015flemleri<\/li>\n\n\n\n<li>Deniz hukukuna \u00f6zg\u00fc mortgage i\u015flemleri<\/li>\n\n\n\n<li>Gemi sicil i\u015flemlerinin closing a\u015famas\u0131nda taraflar\u0131n temsili<\/li>\n\n\n\n<li>Gemi ve yat in\u015fas\u0131 s\u00f6zle\u015fmelerinin tanzimi<\/li>\n\n\n\n<li>Deniz hukuku alan\u0131ndaki di\u011fer s\u00f6zle\u015fmelerin haz\u0131rlanmas\u0131 (navlun, k\u0131rkambar v.s.)<\/li>\n\n\n\n<li>Deniz sigortas\u0131 anla\u015fmalar\u0131<\/li>\n\n\n\n<li>Uluslar aras\u0131 ticari g\u00f6r\u00fc\u015fmelere taraf ad\u0131na kat\u0131lma,<\/li>\n\n\n\n<li>Global ticari s\u00f6zle\u015fmeleri finansal ve hukuksal a\u00e7\u0131dan de\u011ferleme ve performans raporlar\u0131n\u0131 olu\u015fturma,<\/li>\n\n\n\n<li>Hasar de\u011ferleme ve tespit raporlar\u0131n\u0131 inceleme ve de\u011fer tespit \u00e7al\u0131\u015fmalar\u0131<\/li>\n\n\n\n<li>G\u00fcmr\u00fck kanunlar\u0131 ile ilgili olarak m\u00fcfetti\u015flik (inspection) hizmetlerini sayabiliriz.<\/li>\n\n\n\n<li>Donatan\u0131n Y\u00fcke, Y\u00fck sahibine ya da Ta\u015f\u0131tana olan sorumluluklar\u0131<\/li>\n\n\n\n<li>Donatan\u0131n Personele Olan Sorumluluklar\u0131<\/li>\n\n\n\n<li>Donatan\u0131n Kaptana Olan Sorumluluklar\u0131<\/li>\n\n\n\n<li>Kaptan\u0131n Donatana Olan sorumluluklar\u0131<\/li>\n\n\n\n<li>Kaptan\u0131n Personele Olan Sorumluluklar\u0131<\/li>\n\n\n\n<li>Kaptan\u0131n Y\u00fcke, Y\u00fck Sahibine ya da Ta\u015f\u0131tana olan sorumluluklar\u0131<\/li>\n\n\n\n<li>Personelin Sorumluluklar\u0131<\/li>\n\n\n\n<li>\u00c7atma, Ba\u011flanma Nedeni ile olu\u015fan Personel Ma\u011fduriyetlerinde Genel Ve k\u0131smi Sorumluluklar<\/li>\n\n\n\n<li>Sigorta zorunluluklar\u0131 ve Sigorta ihlalleri nedeni ile olu\u015fan Uyu\u015fmazl\u0131klar<\/li>\n\n\n\n<li>Kusur, G\u00f6revi K\u00f6t\u00fcye Kullanma, ihmal ve g\u00f6rev ihlalleri nedeni ile olu\u015fan zarar ve kaza durumlar\u0131ndaki sorumluluklar<\/li>\n\n\n\n<li>Di\u011fer i\u015f ve davalar<\/li>\n<\/ul>\n\n\n\n<p><em>Say\u0131lan dava tipleri ve i\u015fler genel anlamda ve \u00f6rnekleyici olup, deniz ticareti hukukuna ili\u015fkin her t\u00fcrl\u00fc dava, ba\u015fvuru ve i\u015f bak\u0131m\u0131ndan avukatl\u0131k hizmeti verilmektedir.<br>Detayl\u0131 bilgi i\u00e7in randevu talep ediniz.<\/em><\/p>\n","protected":false},"excerpt":{"rendered":"<p>Deniz ta\u015f\u0131mac\u0131l\u0131\u011f\u0131, olduk\u00e7a b\u00fcy\u00fck ebatta mal\u0131n bir \u00fclkeden ba\u015fka bir \u00fclkeye ve hatta bir k\u0131tadan ba\u015fka bir k\u0131taya ta\u015f\u0131nmas\u0131n\u0131 konu alan bir ta\u015f\u0131mac\u0131l\u0131k t\u00fcr\u00fcd\u00fcr. \u00c7o\u011fu zaman bir y\u00fck gemisinin tamam\u0131, tek bir firman\u0131n mal\u0131yla dolmamakta, bir s\u00fcr\u00fc firman\u0131n mal\u0131 tek bir gemiyle ba\u015fka bir deniz a\u015f\u0131r\u0131 \u00fclkeye g\u00f6nderilmektedir. B\u00f6ylesine \u00e7ok uluslu ve \u00e7ok tarafl\u0131 bir [&hellip;]<\/p>\n","protected":false},"author":1,"featured_media":0,"parent":0,"menu_order":0,"comment_status":"closed","ping_status":"closed","template":"","meta":{"footnotes":""},"class_list":["post-171","page","type-page","status-publish","hentry"],"yoast_head":"<!-- This site is optimized with the Yoast SEO plugin v20.12 - https:\/\/yoast.com\/wordpress\/plugins\/seo\/ -->\n<title>Deniz Ticareti Hukuku - Nam\u0131k Kemal T\u00fcyl\u00fcce<\/title>\n<meta name=\"robots\" content=\"index, follow, max-snippet:-1, max-image-preview:large, max-video-preview:-1\" \/>\n<link rel=\"canonical\" href=\"http:\/\/namikkemaltuyluce.av.tr\/?page_id=171\" \/>\n<meta property=\"og:locale\" content=\"tr_TR\" \/>\n<meta property=\"og:type\" content=\"article\" \/>\n<meta property=\"og:title\" content=\"Deniz Ticareti Hukuku - Nam\u0131k Kemal T\u00fcyl\u00fcce\" \/>\n<meta property=\"og:description\" content=\"Deniz ta\u015f\u0131mac\u0131l\u0131\u011f\u0131, olduk\u00e7a b\u00fcy\u00fck ebatta mal\u0131n bir \u00fclkeden ba\u015fka bir \u00fclkeye ve hatta bir k\u0131tadan ba\u015fka bir k\u0131taya ta\u015f\u0131nmas\u0131n\u0131 konu alan bir ta\u015f\u0131mac\u0131l\u0131k t\u00fcr\u00fcd\u00fcr. \u00c7o\u011fu zaman bir y\u00fck gemisinin tamam\u0131, tek bir firman\u0131n mal\u0131yla dolmamakta, bir s\u00fcr\u00fc firman\u0131n mal\u0131 tek bir gemiyle ba\u015fka bir deniz a\u015f\u0131r\u0131 \u00fclkeye g\u00f6nderilmektedir. B\u00f6ylesine \u00e7ok uluslu ve \u00e7ok tarafl\u0131 bir [&hellip;]\" \/>\n<meta property=\"og:url\" content=\"http:\/\/namikkemaltuyluce.av.tr\/?page_id=171\" \/>\n<meta property=\"og:site_name\" content=\"Nam\u0131k Kemal T\u00fcyl\u00fcce\" \/>\n<meta name=\"twitter:card\" content=\"summary_large_image\" \/>\n<meta name=\"twitter:label1\" content=\"Tahmini okuma s\u00fcresi\" \/>\n\t<meta name=\"twitter:data1\" content=\"4 dakika\" \/>\n<script type=\"application\/ld+json\" class=\"yoast-schema-graph\">{\"@context\":\"https:\/\/schema.org\",\"@graph\":[{\"@type\":\"WebPage\",\"@id\":\"http:\/\/namikkemaltuyluce.av.tr\/?page_id=171\",\"url\":\"http:\/\/namikkemaltuyluce.av.tr\/?page_id=171\",\"name\":\"Deniz Ticareti Hukuku - Nam\u0131k Kemal T\u00fcyl\u00fcce\",\"isPartOf\":{\"@id\":\"http:\/\/namikkemaltuyluce.av.tr\/#website\"},\"datePublished\":\"2023-06-08T05:45:32+00:00\",\"dateModified\":\"2023-06-08T05:45:32+00:00\",\"breadcrumb\":{\"@id\":\"http:\/\/namikkemaltuyluce.av.tr\/?page_id=171#breadcrumb\"},\"inLanguage\":\"tr\",\"potentialAction\":[{\"@type\":\"ReadAction\",\"target\":[\"http:\/\/namikkemaltuyluce.av.tr\/?page_id=171\"]}]},{\"@type\":\"BreadcrumbList\",\"@id\":\"http:\/\/namikkemaltuyluce.av.tr\/?page_id=171#breadcrumb\",\"itemListElement\":[{\"@type\":\"ListItem\",\"position\":1,\"name\":\"Anasayfa\",\"item\":\"http:\/\/namikkemaltuyluce.av.tr\/\"},{\"@type\":\"ListItem\",\"position\":2,\"name\":\"Deniz Ticareti Hukuku\"}]},{\"@type\":\"WebSite\",\"@id\":\"http:\/\/namikkemaltuyluce.av.tr\/#website\",\"url\":\"http:\/\/namikkemaltuyluce.av.tr\/\",\"name\":\"Nam\u0131k Kemal T\u00fcyl\u00fcce\",\"description\":\"\",\"publisher\":{\"@id\":\"http:\/\/namikkemaltuyluce.av.tr\/#organization\"},\"potentialAction\":[{\"@type\":\"SearchAction\",\"target\":{\"@type\":\"EntryPoint\",\"urlTemplate\":\"http:\/\/namikkemaltuyluce.av.tr\/?s={search_term_string}\"},\"query-input\":\"required name=search_term_string\"}],\"inLanguage\":\"tr\"},{\"@type\":\"Organization\",\"@id\":\"http:\/\/namikkemaltuyluce.av.tr\/#organization\",\"name\":\"Arabulucu ve Avukat Nam\u0131k Kemal T\u00fcyl\u00fcce\",\"url\":\"http:\/\/namikkemaltuyluce.av.tr\/\",\"logo\":{\"@type\":\"ImageObject\",\"inLanguage\":\"tr\",\"@id\":\"http:\/\/namikkemaltuyluce.av.tr\/#\/schema\/logo\/image\/\",\"url\":\"https:\/\/namikkemaltuyluce.av.tr\/wp-content\/uploads\/2023\/01\/hukuk.png\",\"contentUrl\":\"https:\/\/namikkemaltuyluce.av.tr\/wp-content\/uploads\/2023\/01\/hukuk.png\",\"width\":400,\"height\":300,\"caption\":\"Arabulucu ve Avukat Nam\u0131k Kemal T\u00fcyl\u00fcce\"},\"image\":{\"@id\":\"http:\/\/namikkemaltuyluce.av.tr\/#\/schema\/logo\/image\/\"}}]}<\/script>\n<!-- \/ Yoast SEO plugin. -->","yoast_head_json":{"title":"Deniz Ticareti Hukuku - Nam\u0131k Kemal T\u00fcyl\u00fcce","robots":{"index":"index","follow":"follow","max-snippet":"max-snippet:-1","max-image-preview":"max-image-preview:large","max-video-preview":"max-video-preview:-1"},"canonical":"http:\/\/namikkemaltuyluce.av.tr\/?page_id=171","og_locale":"tr_TR","og_type":"article","og_title":"Deniz Ticareti Hukuku - Nam\u0131k Kemal T\u00fcyl\u00fcce","og_description":"Deniz ta\u015f\u0131mac\u0131l\u0131\u011f\u0131, olduk\u00e7a b\u00fcy\u00fck ebatta mal\u0131n bir \u00fclkeden ba\u015fka bir \u00fclkeye ve hatta bir k\u0131tadan ba\u015fka bir k\u0131taya ta\u015f\u0131nmas\u0131n\u0131 konu alan bir ta\u015f\u0131mac\u0131l\u0131k t\u00fcr\u00fcd\u00fcr. \u00c7o\u011fu zaman bir y\u00fck gemisinin tamam\u0131, tek bir firman\u0131n mal\u0131yla dolmamakta, bir s\u00fcr\u00fc firman\u0131n mal\u0131 tek bir gemiyle ba\u015fka bir deniz a\u015f\u0131r\u0131 \u00fclkeye g\u00f6nderilmektedir. B\u00f6ylesine \u00e7ok uluslu ve \u00e7ok tarafl\u0131 bir [&hellip;]","og_url":"http:\/\/namikkemaltuyluce.av.tr\/?page_id=171","og_site_name":"Nam\u0131k Kemal T\u00fcyl\u00fcce","twitter_card":"summary_large_image","twitter_misc":{"Tahmini okuma s\u00fcresi":"4 dakika"},"schema":{"@context":"https:\/\/schema.org","@graph":[{"@type":"WebPage","@id":"http:\/\/namikkemaltuyluce.av.tr\/?page_id=171","url":"http:\/\/namikkemaltuyluce.av.tr\/?page_id=171","name":"Deniz Ticareti Hukuku - Nam\u0131k Kemal T\u00fcyl\u00fcce","isPartOf":{"@id":"http:\/\/namikkemaltuyluce.av.tr\/#website"},"datePublished":"2023-06-08T05:45:32+00:00","dateModified":"2023-06-08T05:45:32+00:00","breadcrumb":{"@id":"http:\/\/namikkemaltuyluce.av.tr\/?page_id=171#breadcrumb"},"inLanguage":"tr","potentialAction":[{"@type":"ReadAction","target":["http:\/\/namikkemaltuyluce.av.tr\/?page_id=171"]}]},{"@type":"BreadcrumbList","@id":"http:\/\/namikkemaltuyluce.av.tr\/?page_id=171#breadcrumb","itemListElement":[{"@type":"ListItem","position":1,"name":"Anasayfa","item":"http:\/\/namikkemaltuyluce.av.tr\/"},{"@type":"ListItem","position":2,"name":"Deniz Ticareti Hukuku"}]},{"@type":"WebSite","@id":"http:\/\/namikkemaltuyluce.av.tr\/#website","url":"http:\/\/namikkemaltuyluce.av.tr\/","name":"Nam\u0131k Kemal T\u00fcyl\u00fcce","description":"","publisher":{"@id":"http:\/\/namikkemaltuyluce.av.tr\/#organization"},"potentialAction":[{"@type":"SearchAction","target":{"@type":"EntryPoint","urlTemplate":"http:\/\/namikkemaltuyluce.av.tr\/?s={search_term_string}"},"query-input":"required name=search_term_string"}],"inLanguage":"tr"},{"@type":"Organization","@id":"http:\/\/namikkemaltuyluce.av.tr\/#organization","name":"Arabulucu ve Avukat Nam\u0131k Kemal T\u00fcyl\u00fcce","url":"http:\/\/namikkemaltuyluce.av.tr\/","logo":{"@type":"ImageObject","inLanguage":"tr","@id":"http:\/\/namikkemaltuyluce.av.tr\/#\/schema\/logo\/image\/","url":"https:\/\/namikkemaltuyluce.av.tr\/wp-content\/uploads\/2023\/01\/hukuk.png","contentUrl":"https:\/\/namikkemaltuyluce.av.tr\/wp-content\/uploads\/2023\/01\/hukuk.png","width":400,"height":300,"caption":"Arabulucu ve Avukat Nam\u0131k Kemal T\u00fcyl\u00fcce"},"image":{"@id":"http:\/\/namikkemaltuyluce.av.tr\/#\/schema\/logo\/image\/"}}]}},"_links":{"self":[{"href":"https:\/\/namikkemaltuyluce.av.tr\/index.php?rest_route=\/wp\/v2\/pages\/171","targetHints":{"allow":["GET"]}}],"collection":[{"href":"https:\/\/namikkemaltuyluce.av.tr\/index.php?rest_route=\/wp\/v2\/pages"}],"about":[{"href":"https:\/\/namikkemaltuyluce.av.tr\/index.php?rest_route=\/wp\/v2\/types\/page"}],"author":[{"embeddable":true,"href":"https:\/\/namikkemaltuyluce.av.tr\/index.php?rest_route=\/wp\/v2\/users\/1"}],"replies":[{"embeddable":true,"href":"https:\/\/namikkemaltuyluce.av.tr\/index.php?rest_route=%2Fwp%2Fv2%2Fcomments&post=171"}],"version-history":[{"count":1,"href":"https:\/\/namikkemaltuyluce.av.tr\/index.php?rest_route=\/wp\/v2\/pages\/171\/revisions"}],"predecessor-version":[{"id":172,"href":"https:\/\/namikkemaltuyluce.av.tr\/index.php?rest_route=\/wp\/v2\/pages\/171\/revisions\/172"}],"wp:attachment":[{"href":"https:\/\/namikkemaltuyluce.av.tr\/index.php?rest_route=%2Fwp%2Fv2%2Fmedia&parent=171"}],"curies":[{"name":"wp","href":"https:\/\/api.w.org\/{rel}","templated":true}]}}