{"id":194,"date":"2023-10-12T21:18:08","date_gmt":"2023-10-12T18:18:08","guid":{"rendered":"https:\/\/namikkemaltuyluce.av.tr\/?page_id=194"},"modified":"2023-10-12T21:18:09","modified_gmt":"2023-10-12T18:18:09","slug":"anonim-sirketlerde-avukat-bulundurma-zorunlulugu","status":"publish","type":"page","link":"https:\/\/namikkemaltuyluce.av.tr\/?page_id=194","title":{"rendered":"Anonim \u015eirketlerde Avukat Bulundurma Zorunlulu\u011fu"},"content":{"rendered":"\n<p>Anonim \u015firketlerde avukat bulundurma zorunlulu\u011funun getirili\u015f amac\u0131, esas sermayesi b\u00fcy\u00fck \u015firketlerin olas\u0131 yanl\u0131\u015f i\u015flemlerinden kaynakl\u0131 olarak \u00fclke ekonomisine zarar vermesinin \u00f6nlenmesidir. Nitekim, ekonomik ve ticari hayatta gittik\u00e7e daha karma\u015f\u0131k h\u00fck\u00fcmler d\u00fczenlenmektedir. \u015eirket y\u00f6neticilerin hukuk d\u00fczenindeki geli\u015fmeleri takip etmesi, i\u015flerinin niteli\u011fi gere\u011fi \u00e7ok zordur. \u00d6rne\u011fin; halka a\u00e7\u0131k bir anonim \u015firketin uymas\u0131 gereken SPK nezdinde birden \u00e7ok \u00e7\u0131kar\u0131lm\u0131\u015f tebli\u011f mevcuttur. Keza, \u015firketlerin yeni getirilen kanunla KVKK kapsam\u0131nda \u015firketlerini uyumlu hale getirmesi gerekmektedir. Bunun gibi hususlarda uzman hukuk\u00e7ulardan destek al\u0131nmas\u0131 zaruridir.<\/p>\n\n\n\n<p>\u015eirketlerin her bir hukuki i\u015flemleri i\u00e7in hukuki hizmet \u00fccreti, s\u00f6zle\u015fmeli olarak sabit bir \u00fccretle hizmet almalar\u0131 kendileri i\u00e7in daha az maliyetli olacakt\u0131r.<\/p>\n\n\n\n<p>Bir \u015firketin s\u00f6zle\u015fmeli avukatla \u00e7al\u0131\u015fmas\u0131n\u0131n en \u00f6nemli faydas\u0131, \u00f6nleyici hukuk hizmetinin, telafi edici hukuk hizmetinden daha ucuz olmas\u0131d\u0131r. \u00d6rne\u011fin; bir s\u00f6zle\u015fme akdedilirken uzman hukuk\u00e7ulardan destek al\u0131nmamas\u0131 sonucunda ortaya \u00e7\u0131kan olas\u0131 zarar miktar\u0131, destek al\u0131n\u0131rken \u00f6denecek \u00fccretten daha fazlad\u0131r.<\/p>\n","protected":false},"excerpt":{"rendered":"<p>Anonim \u015firketlerde avukat bulundurma zorunlulu\u011funun getirili\u015f amac\u0131, esas sermayesi b\u00fcy\u00fck \u015firketlerin olas\u0131 yanl\u0131\u015f i\u015flemlerinden kaynakl\u0131 olarak \u00fclke ekonomisine zarar vermesinin \u00f6nlenmesidir. Nitekim, ekonomik ve ticari hayatta gittik\u00e7e daha karma\u015f\u0131k h\u00fck\u00fcmler d\u00fczenlenmektedir. \u015eirket y\u00f6neticilerin hukuk d\u00fczenindeki geli\u015fmeleri takip etmesi, i\u015flerinin niteli\u011fi gere\u011fi \u00e7ok zordur. \u00d6rne\u011fin; halka a\u00e7\u0131k bir anonim \u015firketin uymas\u0131 gereken SPK nezdinde birden \u00e7ok [&hellip;]<\/p>\n","protected":false},"author":1,"featured_media":0,"parent":0,"menu_order":0,"comment_status":"closed","ping_status":"closed","template":"","meta":{"footnotes":""},"class_list":["post-194","page","type-page","status-publish","hentry"],"yoast_head":"<!-- This site is optimized with the Yoast SEO plugin v20.12 - https:\/\/yoast.com\/wordpress\/plugins\/seo\/ -->\n<title>Anonim \u015eirketlerde Avukat Bulundurma Zorunlulu\u011fu - Nam\u0131k Kemal T\u00fcyl\u00fcce<\/title>\n<meta name=\"robots\" content=\"index, follow, max-snippet:-1, max-image-preview:large, max-video-preview:-1\" \/>\n<link rel=\"canonical\" href=\"https:\/\/namikkemaltuyluce.av.tr\/?page_id=194\" \/>\n<meta property=\"og:locale\" content=\"tr_TR\" \/>\n<meta property=\"og:type\" content=\"article\" \/>\n<meta property=\"og:title\" content=\"Anonim \u015eirketlerde Avukat Bulundurma Zorunlulu\u011fu - Nam\u0131k Kemal T\u00fcyl\u00fcce\" \/>\n<meta property=\"og:description\" content=\"Anonim \u015firketlerde avukat bulundurma zorunlulu\u011funun getirili\u015f amac\u0131, esas sermayesi b\u00fcy\u00fck \u015firketlerin olas\u0131 yanl\u0131\u015f i\u015flemlerinden kaynakl\u0131 olarak \u00fclke ekonomisine zarar vermesinin \u00f6nlenmesidir. Nitekim, ekonomik ve ticari hayatta gittik\u00e7e daha karma\u015f\u0131k h\u00fck\u00fcmler d\u00fczenlenmektedir. \u015eirket y\u00f6neticilerin hukuk d\u00fczenindeki geli\u015fmeleri takip etmesi, i\u015flerinin niteli\u011fi gere\u011fi \u00e7ok zordur. \u00d6rne\u011fin; halka a\u00e7\u0131k bir anonim \u015firketin uymas\u0131 gereken SPK nezdinde birden \u00e7ok [&hellip;]\" \/>\n<meta property=\"og:url\" content=\"https:\/\/namikkemaltuyluce.av.tr\/?page_id=194\" \/>\n<meta property=\"og:site_name\" content=\"Nam\u0131k Kemal T\u00fcyl\u00fcce\" \/>\n<meta property=\"article:modified_time\" content=\"2023-10-12T18:18:09+00:00\" \/>\n<meta name=\"twitter:card\" content=\"summary_large_image\" \/>\n<meta name=\"twitter:label1\" content=\"Tahmini okuma s\u00fcresi\" \/>\n\t<meta name=\"twitter:data1\" content=\"1 dakika\" \/>\n<script type=\"application\/ld+json\" class=\"yoast-schema-graph\">{\"@context\":\"https:\/\/schema.org\",\"@graph\":[{\"@type\":\"WebPage\",\"@id\":\"https:\/\/namikkemaltuyluce.av.tr\/?page_id=194\",\"url\":\"https:\/\/namikkemaltuyluce.av.tr\/?page_id=194\",\"name\":\"Anonim \u015eirketlerde Avukat Bulundurma Zorunlulu\u011fu - Nam\u0131k Kemal T\u00fcyl\u00fcce\",\"isPartOf\":{\"@id\":\"http:\/\/namikkemaltuyluce.av.tr\/#website\"},\"datePublished\":\"2023-10-12T18:18:08+00:00\",\"dateModified\":\"2023-10-12T18:18:09+00:00\",\"breadcrumb\":{\"@id\":\"https:\/\/namikkemaltuyluce.av.tr\/?page_id=194#breadcrumb\"},\"inLanguage\":\"tr\",\"potentialAction\":[{\"@type\":\"ReadAction\",\"target\":[\"https:\/\/namikkemaltuyluce.av.tr\/?page_id=194\"]}]},{\"@type\":\"BreadcrumbList\",\"@id\":\"https:\/\/namikkemaltuyluce.av.tr\/?page_id=194#breadcrumb\",\"itemListElement\":[{\"@type\":\"ListItem\",\"position\":1,\"name\":\"Anasayfa\",\"item\":\"http:\/\/namikkemaltuyluce.av.tr\/\"},{\"@type\":\"ListItem\",\"position\":2,\"name\":\"Anonim \u015eirketlerde Avukat Bulundurma Zorunlulu\u011fu\"}]},{\"@type\":\"WebSite\",\"@id\":\"http:\/\/namikkemaltuyluce.av.tr\/#website\",\"url\":\"http:\/\/namikkemaltuyluce.av.tr\/\",\"name\":\"Nam\u0131k Kemal T\u00fcyl\u00fcce\",\"description\":\"\",\"publisher\":{\"@id\":\"http:\/\/namikkemaltuyluce.av.tr\/#organization\"},\"potentialAction\":[{\"@type\":\"SearchAction\",\"target\":{\"@type\":\"EntryPoint\",\"urlTemplate\":\"http:\/\/namikkemaltuyluce.av.tr\/?s={search_term_string}\"},\"query-input\":\"required name=search_term_string\"}],\"inLanguage\":\"tr\"},{\"@type\":\"Organization\",\"@id\":\"http:\/\/namikkemaltuyluce.av.tr\/#organization\",\"name\":\"Arabulucu ve Avukat Nam\u0131k Kemal T\u00fcyl\u00fcce\",\"url\":\"http:\/\/namikkemaltuyluce.av.tr\/\",\"logo\":{\"@type\":\"ImageObject\",\"inLanguage\":\"tr\",\"@id\":\"http:\/\/namikkemaltuyluce.av.tr\/#\/schema\/logo\/image\/\",\"url\":\"https:\/\/namikkemaltuyluce.av.tr\/wp-content\/uploads\/2023\/01\/hukuk.png\",\"contentUrl\":\"https:\/\/namikkemaltuyluce.av.tr\/wp-content\/uploads\/2023\/01\/hukuk.png\",\"width\":400,\"height\":300,\"caption\":\"Arabulucu ve Avukat Nam\u0131k Kemal T\u00fcyl\u00fcce\"},\"image\":{\"@id\":\"http:\/\/namikkemaltuyluce.av.tr\/#\/schema\/logo\/image\/\"}}]}<\/script>\n<!-- \/ Yoast SEO plugin. -->","yoast_head_json":{"title":"Anonim \u015eirketlerde Avukat Bulundurma Zorunlulu\u011fu - Nam\u0131k Kemal T\u00fcyl\u00fcce","robots":{"index":"index","follow":"follow","max-snippet":"max-snippet:-1","max-image-preview":"max-image-preview:large","max-video-preview":"max-video-preview:-1"},"canonical":"https:\/\/namikkemaltuyluce.av.tr\/?page_id=194","og_locale":"tr_TR","og_type":"article","og_title":"Anonim \u015eirketlerde Avukat Bulundurma Zorunlulu\u011fu - Nam\u0131k Kemal T\u00fcyl\u00fcce","og_description":"Anonim \u015firketlerde avukat bulundurma zorunlulu\u011funun getirili\u015f amac\u0131, esas sermayesi b\u00fcy\u00fck \u015firketlerin olas\u0131 yanl\u0131\u015f i\u015flemlerinden kaynakl\u0131 olarak \u00fclke ekonomisine zarar vermesinin \u00f6nlenmesidir. Nitekim, ekonomik ve ticari hayatta gittik\u00e7e daha karma\u015f\u0131k h\u00fck\u00fcmler d\u00fczenlenmektedir. \u015eirket y\u00f6neticilerin hukuk d\u00fczenindeki geli\u015fmeleri takip etmesi, i\u015flerinin niteli\u011fi gere\u011fi \u00e7ok zordur. \u00d6rne\u011fin; halka a\u00e7\u0131k bir anonim \u015firketin uymas\u0131 gereken SPK nezdinde birden \u00e7ok [&hellip;]","og_url":"https:\/\/namikkemaltuyluce.av.tr\/?page_id=194","og_site_name":"Nam\u0131k Kemal T\u00fcyl\u00fcce","article_modified_time":"2023-10-12T18:18:09+00:00","twitter_card":"summary_large_image","twitter_misc":{"Tahmini okuma s\u00fcresi":"1 dakika"},"schema":{"@context":"https:\/\/schema.org","@graph":[{"@type":"WebPage","@id":"https:\/\/namikkemaltuyluce.av.tr\/?page_id=194","url":"https:\/\/namikkemaltuyluce.av.tr\/?page_id=194","name":"Anonim \u015eirketlerde Avukat Bulundurma Zorunlulu\u011fu - Nam\u0131k Kemal T\u00fcyl\u00fcce","isPartOf":{"@id":"http:\/\/namikkemaltuyluce.av.tr\/#website"},"datePublished":"2023-10-12T18:18:08+00:00","dateModified":"2023-10-12T18:18:09+00:00","breadcrumb":{"@id":"https:\/\/namikkemaltuyluce.av.tr\/?page_id=194#breadcrumb"},"inLanguage":"tr","potentialAction":[{"@type":"ReadAction","target":["https:\/\/namikkemaltuyluce.av.tr\/?page_id=194"]}]},{"@type":"BreadcrumbList","@id":"https:\/\/namikkemaltuyluce.av.tr\/?page_id=194#breadcrumb","itemListElement":[{"@type":"ListItem","position":1,"name":"Anasayfa","item":"http:\/\/namikkemaltuyluce.av.tr\/"},{"@type":"ListItem","position":2,"name":"Anonim \u015eirketlerde Avukat Bulundurma Zorunlulu\u011fu"}]},{"@type":"WebSite","@id":"http:\/\/namikkemaltuyluce.av.tr\/#website","url":"http:\/\/namikkemaltuyluce.av.tr\/","name":"Nam\u0131k Kemal T\u00fcyl\u00fcce","description":"","publisher":{"@id":"http:\/\/namikkemaltuyluce.av.tr\/#organization"},"potentialAction":[{"@type":"SearchAction","target":{"@type":"EntryPoint","urlTemplate":"http:\/\/namikkemaltuyluce.av.tr\/?s={search_term_string}"},"query-input":"required name=search_term_string"}],"inLanguage":"tr"},{"@type":"Organization","@id":"http:\/\/namikkemaltuyluce.av.tr\/#organization","name":"Arabulucu ve Avukat Nam\u0131k Kemal T\u00fcyl\u00fcce","url":"http:\/\/namikkemaltuyluce.av.tr\/","logo":{"@type":"ImageObject","inLanguage":"tr","@id":"http:\/\/namikkemaltuyluce.av.tr\/#\/schema\/logo\/image\/","url":"https:\/\/namikkemaltuyluce.av.tr\/wp-content\/uploads\/2023\/01\/hukuk.png","contentUrl":"https:\/\/namikkemaltuyluce.av.tr\/wp-content\/uploads\/2023\/01\/hukuk.png","width":400,"height":300,"caption":"Arabulucu ve Avukat Nam\u0131k Kemal T\u00fcyl\u00fcce"},"image":{"@id":"http:\/\/namikkemaltuyluce.av.tr\/#\/schema\/logo\/image\/"}}]}},"_links":{"self":[{"href":"https:\/\/namikkemaltuyluce.av.tr\/index.php?rest_route=\/wp\/v2\/pages\/194","targetHints":{"allow":["GET"]}}],"collection":[{"href":"https:\/\/namikkemaltuyluce.av.tr\/index.php?rest_route=\/wp\/v2\/pages"}],"about":[{"href":"https:\/\/namikkemaltuyluce.av.tr\/index.php?rest_route=\/wp\/v2\/types\/page"}],"author":[{"embeddable":true,"href":"https:\/\/namikkemaltuyluce.av.tr\/index.php?rest_route=\/wp\/v2\/users\/1"}],"replies":[{"embeddable":true,"href":"https:\/\/namikkemaltuyluce.av.tr\/index.php?rest_route=%2Fwp%2Fv2%2Fcomments&post=194"}],"version-history":[{"count":1,"href":"https:\/\/namikkemaltuyluce.av.tr\/index.php?rest_route=\/wp\/v2\/pages\/194\/revisions"}],"predecessor-version":[{"id":195,"href":"https:\/\/namikkemaltuyluce.av.tr\/index.php?rest_route=\/wp\/v2\/pages\/194\/revisions\/195"}],"wp:attachment":[{"href":"https:\/\/namikkemaltuyluce.av.tr\/index.php?rest_route=%2Fwp%2Fv2%2Fmedia&parent=194"}],"curies":[{"name":"wp","href":"https:\/\/api.w.org\/{rel}","templated":true}]}}