{"id":2,"date":"2023-01-24T16:22:49","date_gmt":"2023-01-24T13:22:49","guid":{"rendered":"https:\/\/namikkemaltuyluce.av.tr\/?page_id=2"},"modified":"2023-06-08T10:48:31","modified_gmt":"2023-06-08T07:48:31","slug":"ornek-sayfa","status":"publish","type":"page","link":"https:\/\/namikkemaltuyluce.av.tr\/?page_id=2","title":{"rendered":"Avukatl\u0131k"},"content":{"rendered":"\n<div class=\"wp-block-columns is-layout-flex wp-container-core-columns-is-layout-2709eace wp-block-columns-is-layout-flex\">\n<div class=\"wp-block-column has-background is-layout-flow wp-block-column-is-layout-flow\" style=\"background-color:#FFFFFF;padding-top:40px;padding-right:40px;padding-bottom:40px;padding-left:40px;flex-basis:390px\">\n<h2 class=\"wp-block-heading has-text-align-center\">Medeni Hukuk<\/h2>\n\n\n\n<p class=\"has-text-align-left\">&#8211; <a href=\"https:\/\/namikkemaltuyluce.av.tr\/?page_id=88\" data-type=\"page\" data-id=\"88\">Ki\u015filer Hukuku<\/a><br>&#8211; <a href=\"https:\/\/namikkemaltuyluce.av.tr\/?page_id=95\" data-type=\"page\" data-id=\"95\">Aile Hukuku <\/a><br>&#8211; <a href=\"https:\/\/namikkemaltuyluce.av.tr\/?page_id=99\" data-type=\"page\" data-id=\"99\">Miras Hukuku<\/a><br>&#8211; <a href=\"https:\/\/namikkemaltuyluce.av.tr\/?page_id=106\" data-type=\"page\" data-id=\"106\">E\u015fya Hukuku<\/a><\/p>\n<\/div>\n\n\n\n<div class=\"wp-block-column has-background is-layout-flow wp-block-column-is-layout-flow\" style=\"background-color:#FFFFFF;padding-top:40px;padding-right:40px;padding-bottom:40px;padding-left:40px;flex-basis:390px\">\n<h2 class=\"wp-block-heading has-text-align-center\">Bor\u00e7lar Hukuku<\/h2>\n\n\n\n<p>&#8211; <a href=\"https:\/\/namikkemaltuyluce.av.tr\/?page_id=110\" data-type=\"page\" data-id=\"110\">Tazminat Hukuku<\/a><br>&#8211; <a href=\"https:\/\/namikkemaltuyluce.av.tr\/?page_id=112\" data-type=\"page\" data-id=\"112\">Sat\u0131m Hukuku<\/a><br>&#8211; <a href=\"https:\/\/namikkemaltuyluce.av.tr\/?page_id=115\" data-type=\"page\" data-id=\"115\">Kira Hukuku<\/a><br>&#8211; <a href=\"https:\/\/namikkemaltuyluce.av.tr\/?page_id=117\" data-type=\"page\" data-id=\"117\">\u0130n\u015faat ve Gayrimenkul Hukuku<\/a><br>&#8211; <a href=\"https:\/\/namikkemaltuyluce.av.tr\/?page_id=119\" data-type=\"page\" data-id=\"119\">S\u00f6zle\u015fmeler Hukuku<\/a><br>&#8211; <a href=\"https:\/\/namikkemaltuyluce.av.tr\/?page_id=121\" data-type=\"page\" data-id=\"121\">T\u00fcketici Hukuku<\/a><\/p>\n<\/div>\n\n\n\n<div class=\"wp-block-column has-background is-layout-flow wp-block-column-is-layout-flow\" style=\"background-color:#FFFFFF;padding-top:40px;padding-right:40px;padding-bottom:40px;padding-left:40px;flex-basis:390px\">\n<h2 class=\"wp-block-heading has-text-align-center\">\u0130\u015f Hukuku<\/h2>\n\n\n\n<p>&#8211; <a href=\"https:\/\/namikkemaltuyluce.av.tr\/?page_id=125\" data-type=\"page\" data-id=\"125\">Bireysel \u0130\u015f Hukuku<\/a><br>&#8211; <a href=\"https:\/\/namikkemaltuyluce.av.tr\/?page_id=129\" data-type=\"page\" data-id=\"129\">Toplu \u0130\u015f Hukuku<\/a><br>&#8211; <a href=\"https:\/\/namikkemaltuyluce.av.tr\/?page_id=131\" data-type=\"page\" data-id=\"131\">Sendika Hukuku<\/a><br>&#8211; <a href=\"https:\/\/namikkemaltuyluce.av.tr\/?page_id=133\" data-type=\"page\" data-id=\"133\">Sosyal G\u00fcvenlik Hukuku<\/a><\/p>\n<\/div>\n<\/div>\n\n\n\n<div class=\"wp-block-columns is-layout-flex wp-container-core-columns-is-layout-2709eace wp-block-columns-is-layout-flex\">\n<div class=\"wp-block-column has-background is-layout-flow wp-block-column-is-layout-flow\" style=\"background-color:#FFFFFF;padding-top:40px;padding-right:40px;padding-bottom:40px;padding-left:40px;flex-basis:390px\">\n<h2 class=\"wp-block-heading has-text-align-center\">Ceza Hukuku<\/h2>\n\n\n\n<p>&#8211; <a href=\"https:\/\/namikkemaltuyluce.av.tr\/?page_id=136\" data-type=\"page\" data-id=\"136\">Ki\u015filere Kar\u015f\u0131 Su\u00e7lar<\/a><br>&#8211; <a href=\"https:\/\/namikkemaltuyluce.av.tr\/?page_id=138\" data-type=\"page\" data-id=\"138\">Topluma ve Devlete Kar\u015f\u0131 Su\u00e7lar<\/a><br>&#8211; <a href=\"https:\/\/namikkemaltuyluce.av.tr\/?page_id=140\" data-type=\"page\" data-id=\"140\">Uluslararas\u0131 Su\u00e7lar<\/a><br>&#8211; <a href=\"https:\/\/namikkemaltuyluce.av.tr\/?page_id=142\" data-type=\"page\" data-id=\"142\">Ticari Ceza Hukuku<\/a><\/p>\n<\/div>\n\n\n\n<div class=\"wp-block-column has-background is-layout-flow wp-block-column-is-layout-flow\" style=\"background-color:#FFFFFF;padding-top:40px;padding-right:40px;padding-bottom:40px;padding-left:40px;flex-basis:390px\">\n<h2 class=\"wp-block-heading has-text-align-center\">\u0130cra ve \u0130flas Hukuku<\/h2>\n\n\n\n<p>&#8211; <a href=\"https:\/\/namikkemaltuyluce.av.tr\/?page_id=145\" data-type=\"page\" data-id=\"145\">\u0130cra Takipleri<\/a><br>&#8211; <a href=\"https:\/\/namikkemaltuyluce.av.tr\/?page_id=147\" data-type=\"page\" data-id=\"147\">\u0130flas ve Konkordato<\/a><\/p>\n<\/div>\n\n\n\n<div class=\"wp-block-column has-background is-layout-flow wp-block-column-is-layout-flow\" style=\"background-color:#FFFFFF;padding-top:40px;padding-right:40px;padding-bottom:40px;padding-left:40px;flex-basis:390px\">\n<h2 class=\"wp-block-heading\">Ticaret Hukuku<\/h2>\n\n\n\n<p>&#8211; <a href=\"https:\/\/namikkemaltuyluce.av.tr\/?page_id=151\" data-type=\"page\" data-id=\"151\">Ticari \u0130\u015fletme Hukuku<\/a><br>&#8211; <a href=\"https:\/\/namikkemaltuyluce.av.tr\/?page_id=153\" data-type=\"page\" data-id=\"153\">\u015eirketler Hukuku<\/a><br>&#8211; <a href=\"https:\/\/namikkemaltuyluce.av.tr\/?page_id=155\" data-type=\"page\" data-id=\"155\">Kooperatif Hukuku<\/a><br>&#8211; <a href=\"https:\/\/namikkemaltuyluce.av.tr\/?page_id=157\" data-type=\"page\" data-id=\"157\">Finansman Hukuku<\/a><br>&#8211; <a href=\"https:\/\/namikkemaltuyluce.av.tr\/?page_id=159\" data-type=\"page\" data-id=\"159\">Bankac\u0131l\u0131k Hukuku<\/a><br>&#8211; <a href=\"https:\/\/namikkemaltuyluce.av.tr\/?page_id=161\" data-type=\"page\" data-id=\"161\">K\u0131ymetli Evrak Hukuku<\/a><br>&#8211; <a href=\"https:\/\/namikkemaltuyluce.av.tr\/?page_id=163\" data-type=\"page\" data-id=\"163\">Rekabet Hukuku<\/a><br>&#8211; <a href=\"https:\/\/namikkemaltuyluce.av.tr\/?page_id=165\" data-type=\"page\" data-id=\"165\">Ta\u015f\u0131ma Hukuku<\/a><br>&#8211; <a href=\"https:\/\/namikkemaltuyluce.av.tr\/?page_id=167\" data-type=\"page\" data-id=\"167\">Sigorta Hukuku<\/a><br>&#8211; <a href=\"https:\/\/namikkemaltuyluce.av.tr\/?page_id=169\" data-type=\"page\" data-id=\"169\">Uluslararas\u0131 Ticaret Hukuku<\/a><br>&#8211; <a href=\"https:\/\/namikkemaltuyluce.av.tr\/?page_id=171\" data-type=\"page\" data-id=\"171\">Deniz Ticareti Hukuku<\/a><\/p>\n<\/div>\n<\/div>\n","protected":false},"excerpt":{"rendered":"","protected":false},"author":1,"featured_media":0,"parent":0,"menu_order":0,"comment_status":"closed","ping_status":"open","template":"","meta":{"footnotes":""},"class_list":["post-2","page","type-page","status-publish","hentry"],"yoast_head":"<!-- This site is optimized with the Yoast SEO plugin v20.12 - https:\/\/yoast.com\/wordpress\/plugins\/seo\/ -->\n<title>Avukatl\u0131k - Nam\u0131k Kemal T\u00fcyl\u00fcce<\/title>\n<meta name=\"robots\" content=\"index, follow, max-snippet:-1, max-image-preview:large, max-video-preview:-1\" \/>\n<link rel=\"canonical\" href=\"https:\/\/namikkemaltuyluce.av.tr\/?page_id=2\" \/>\n<meta property=\"og:locale\" content=\"tr_TR\" \/>\n<meta property=\"og:type\" content=\"article\" \/>\n<meta property=\"og:title\" content=\"Avukatl\u0131k - Nam\u0131k Kemal T\u00fcyl\u00fcce\" \/>\n<meta property=\"og:url\" content=\"https:\/\/namikkemaltuyluce.av.tr\/?page_id=2\" \/>\n<meta property=\"og:site_name\" content=\"Nam\u0131k Kemal T\u00fcyl\u00fcce\" \/>\n<meta property=\"article:modified_time\" content=\"2023-06-08T07:48:31+00:00\" \/>\n<meta name=\"twitter:card\" content=\"summary_large_image\" \/>\n<script type=\"application\/ld+json\" class=\"yoast-schema-graph\">{\"@context\":\"https:\/\/schema.org\",\"@graph\":[{\"@type\":\"WebPage\",\"@id\":\"https:\/\/namikkemaltuyluce.av.tr\/?page_id=2\",\"url\":\"https:\/\/namikkemaltuyluce.av.tr\/?page_id=2\",\"name\":\"Avukatl\u0131k - Nam\u0131k Kemal T\u00fcyl\u00fcce\",\"isPartOf\":{\"@id\":\"http:\/\/namikkemaltuyluce.av.tr\/#website\"},\"datePublished\":\"2023-01-24T13:22:49+00:00\",\"dateModified\":\"2023-06-08T07:48:31+00:00\",\"breadcrumb\":{\"@id\":\"https:\/\/namikkemaltuyluce.av.tr\/?page_id=2#breadcrumb\"},\"inLanguage\":\"tr\",\"potentialAction\":[{\"@type\":\"ReadAction\",\"target\":[\"https:\/\/namikkemaltuyluce.av.tr\/?page_id=2\"]}]},{\"@type\":\"BreadcrumbList\",\"@id\":\"https:\/\/namikkemaltuyluce.av.tr\/?page_id=2#breadcrumb\",\"itemListElement\":[{\"@type\":\"ListItem\",\"position\":1,\"name\":\"Anasayfa\",\"item\":\"http:\/\/namikkemaltuyluce.av.tr\/\"},{\"@type\":\"ListItem\",\"position\":2,\"name\":\"Avukatl\u0131k\"}]},{\"@type\":\"WebSite\",\"@id\":\"http:\/\/namikkemaltuyluce.av.tr\/#website\",\"url\":\"http:\/\/namikkemaltuyluce.av.tr\/\",\"name\":\"Nam\u0131k Kemal T\u00fcyl\u00fcce\",\"description\":\"\",\"publisher\":{\"@id\":\"http:\/\/namikkemaltuyluce.av.tr\/#organization\"},\"potentialAction\":[{\"@type\":\"SearchAction\",\"target\":{\"@type\":\"EntryPoint\",\"urlTemplate\":\"http:\/\/namikkemaltuyluce.av.tr\/?s={search_term_string}\"},\"query-input\":\"required name=search_term_string\"}],\"inLanguage\":\"tr\"},{\"@type\":\"Organization\",\"@id\":\"http:\/\/namikkemaltuyluce.av.tr\/#organization\",\"name\":\"Arabulucu ve Avukat Nam\u0131k Kemal T\u00fcyl\u00fcce\",\"url\":\"http:\/\/namikkemaltuyluce.av.tr\/\",\"logo\":{\"@type\":\"ImageObject\",\"inLanguage\":\"tr\",\"@id\":\"http:\/\/namikkemaltuyluce.av.tr\/#\/schema\/logo\/image\/\",\"url\":\"https:\/\/namikkemaltuyluce.av.tr\/wp-content\/uploads\/2023\/01\/hukuk.png\",\"contentUrl\":\"https:\/\/namikkemaltuyluce.av.tr\/wp-content\/uploads\/2023\/01\/hukuk.png\",\"width\":400,\"height\":300,\"caption\":\"Arabulucu ve Avukat Nam\u0131k Kemal T\u00fcyl\u00fcce\"},\"image\":{\"@id\":\"http:\/\/namikkemaltuyluce.av.tr\/#\/schema\/logo\/image\/\"}}]}<\/script>\n<!-- \/ Yoast SEO plugin. -->","yoast_head_json":{"title":"Avukatl\u0131k - Nam\u0131k Kemal T\u00fcyl\u00fcce","robots":{"index":"index","follow":"follow","max-snippet":"max-snippet:-1","max-image-preview":"max-image-preview:large","max-video-preview":"max-video-preview:-1"},"canonical":"https:\/\/namikkemaltuyluce.av.tr\/?page_id=2","og_locale":"tr_TR","og_type":"article","og_title":"Avukatl\u0131k - Nam\u0131k Kemal T\u00fcyl\u00fcce","og_url":"https:\/\/namikkemaltuyluce.av.tr\/?page_id=2","og_site_name":"Nam\u0131k Kemal T\u00fcyl\u00fcce","article_modified_time":"2023-06-08T07:48:31+00:00","twitter_card":"summary_large_image","schema":{"@context":"https:\/\/schema.org","@graph":[{"@type":"WebPage","@id":"https:\/\/namikkemaltuyluce.av.tr\/?page_id=2","url":"https:\/\/namikkemaltuyluce.av.tr\/?page_id=2","name":"Avukatl\u0131k - Nam\u0131k Kemal T\u00fcyl\u00fcce","isPartOf":{"@id":"http:\/\/namikkemaltuyluce.av.tr\/#website"},"datePublished":"2023-01-24T13:22:49+00:00","dateModified":"2023-06-08T07:48:31+00:00","breadcrumb":{"@id":"https:\/\/namikkemaltuyluce.av.tr\/?page_id=2#breadcrumb"},"inLanguage":"tr","potentialAction":[{"@type":"ReadAction","target":["https:\/\/namikkemaltuyluce.av.tr\/?page_id=2"]}]},{"@type":"BreadcrumbList","@id":"https:\/\/namikkemaltuyluce.av.tr\/?page_id=2#breadcrumb","itemListElement":[{"@type":"ListItem","position":1,"name":"Anasayfa","item":"http:\/\/namikkemaltuyluce.av.tr\/"},{"@type":"ListItem","position":2,"name":"Avukatl\u0131k"}]},{"@type":"WebSite","@id":"http:\/\/namikkemaltuyluce.av.tr\/#website","url":"http:\/\/namikkemaltuyluce.av.tr\/","name":"Nam\u0131k Kemal T\u00fcyl\u00fcce","description":"","publisher":{"@id":"http:\/\/namikkemaltuyluce.av.tr\/#organization"},"potentialAction":[{"@type":"SearchAction","target":{"@type":"EntryPoint","urlTemplate":"http:\/\/namikkemaltuyluce.av.tr\/?s={search_term_string}"},"query-input":"required name=search_term_string"}],"inLanguage":"tr"},{"@type":"Organization","@id":"http:\/\/namikkemaltuyluce.av.tr\/#organization","name":"Arabulucu ve Avukat Nam\u0131k Kemal T\u00fcyl\u00fcce","url":"http:\/\/namikkemaltuyluce.av.tr\/","logo":{"@type":"ImageObject","inLanguage":"tr","@id":"http:\/\/namikkemaltuyluce.av.tr\/#\/schema\/logo\/image\/","url":"https:\/\/namikkemaltuyluce.av.tr\/wp-content\/uploads\/2023\/01\/hukuk.png","contentUrl":"https:\/\/namikkemaltuyluce.av.tr\/wp-content\/uploads\/2023\/01\/hukuk.png","width":400,"height":300,"caption":"Arabulucu ve Avukat Nam\u0131k Kemal T\u00fcyl\u00fcce"},"image":{"@id":"http:\/\/namikkemaltuyluce.av.tr\/#\/schema\/logo\/image\/"}}]}},"_links":{"self":[{"href":"https:\/\/namikkemaltuyluce.av.tr\/index.php?rest_route=\/wp\/v2\/pages\/2","targetHints":{"allow":["GET"]}}],"collection":[{"href":"https:\/\/namikkemaltuyluce.av.tr\/index.php?rest_route=\/wp\/v2\/pages"}],"about":[{"href":"https:\/\/namikkemaltuyluce.av.tr\/index.php?rest_route=\/wp\/v2\/types\/page"}],"author":[{"embeddable":true,"href":"https:\/\/namikkemaltuyluce.av.tr\/index.php?rest_route=\/wp\/v2\/users\/1"}],"replies":[{"embeddable":true,"href":"https:\/\/namikkemaltuyluce.av.tr\/index.php?rest_route=%2Fwp%2Fv2%2Fcomments&post=2"}],"version-history":[{"count":3,"href":"https:\/\/namikkemaltuyluce.av.tr\/index.php?rest_route=\/wp\/v2\/pages\/2\/revisions"}],"predecessor-version":[{"id":179,"href":"https:\/\/namikkemaltuyluce.av.tr\/index.php?rest_route=\/wp\/v2\/pages\/2\/revisions\/179"}],"wp:attachment":[{"href":"https:\/\/namikkemaltuyluce.av.tr\/index.php?rest_route=%2Fwp%2Fv2%2Fmedia&parent=2"}],"curies":[{"name":"wp","href":"https:\/\/api.w.org\/{rel}","templated":true}]}}