{"id":88,"date":"2023-05-30T13:47:14","date_gmt":"2023-05-30T10:47:14","guid":{"rendered":"https:\/\/namikkemaltuyluce.av.tr\/?page_id=88"},"modified":"2023-05-30T13:47:14","modified_gmt":"2023-05-30T10:47:14","slug":"kisiler-hukuku","status":"publish","type":"page","link":"https:\/\/namikkemaltuyluce.av.tr\/?page_id=88","title":{"rendered":"Ki\u015filer Hukuku"},"content":{"rendered":"\n<p>Ki\u015filerin bir birey olarak haklar\u0131n\u0131 ve y\u00fck\u00fcml\u00fcl\u00fcklerini d\u00fczenleyen temel hukuk dal\u0131 Medeni Hukukun alt dal\u0131 olan ki\u015filer hukukudur.<\/p>\n\n\n\n<p>Ki\u015filer Hukuku&nbsp;4721 say\u0131l\u0131 &#8220;T\u00fcrk Medeni Kanunu&#8217;nun birinci kitab\u0131nda d\u00fczenlenmektedir. Temel olarak ki\u015fi kavram\u0131, T\u00fcrk Hukuku&#8217;nda ger\u00e7ek ki\u015filer ve t\u00fczel ki\u015filer olarak ikiye ayr\u0131lmaktad\u0131r.<\/p>\n\n\n\n<p>Ger\u00e7ek ki\u015filere ili\u015fkin d\u00fczenlemeler ise; ki\u015fili\u011fin&nbsp;ba\u015flang\u0131c\u0131 ve sona ermesi, hak&nbsp;ehliyeti, fiil&nbsp;ehliyeti, h\u0131s\u0131ml\u0131k, ikametgah, ki\u015filik haklar\u0131n\u0131n&nbsp;korunmas\u0131 gibi ba\u015fl\u0131klarla d\u00fczenlenmi\u015ftir.<\/p>\n\n\n\n<p>T\u00fcrk Medeni Kanunu&#8217;nun 47. maddesiyle de; ortak ve s\u00fcrekli bir amac\u0131 ger\u00e7ekle\u015ftirmek i\u00e7in, kendisini olu\u015fturanlar\u0131n ki\u015fili\u011finden ba\u011f\u0131ms\u0131z ve ayr\u0131 bir ki\u015filikle \u00f6rg\u00fctlenen ki\u015fi ya da mal topluluklar\u0131&nbsp;<strong>t\u00fczel ki\u015fi<\/strong>&nbsp;olarak adland\u0131r\u0131lm\u0131\u015f olup, hukukumuzda kamu hukuku t\u00fczel ki\u015fileri ve \u00f6zel hukuk t\u00fczel ki\u015fileri olmak \u00fczere ikili bir ayr\u0131m vard\u0131r.<\/p>\n\n\n\n<p>Ger\u00e7ek ki\u015filerin do\u011fumundan da \u00f6nce, ana rahmine d\u00fc\u015fmeleriyle beraber hukuk d\u00fczeni i\u00e7erisinde edindi\u011fi haklar mevcuttur. Bu andan ba\u015flayarak ger\u00e7ek ki\u015finin \u00f6l\u00fcm\u00fcne kadar ge\u00e7en s\u00fcrede \u00e7e\u015fitli ihtimallere ba\u011fl\u0131 olarak edindi\u011fi ve hukuk d\u00fczeninin kendisine sa\u011flad\u0131\u011f\u0131 haklara ili\u015fkin d\u00fczenlemeler kar\u015f\u0131s\u0131nda, ki\u015finin korunmaya ve adli merciler \u00f6n\u00fcnde hak aramaya ihtiyac\u0131 vard\u0131r. \u00d6rne\u011fin;&nbsp;vasi ve kayy\u0131m atanmas\u0131na ili\u015fkin i\u015flemler, ya\u015f ve n\u00fcfus tashihiyle ad veya soyad de\u011fi\u015ftirme gibi i\u015flemler, ki\u015filik haklar\u0131n\u0131n maddi ve manevi olarak korunmas\u0131yla buna ili\u015fkin tazminat talepleri, vatanda\u015fl\u0131ktan \u00e7\u0131kma, vatanda\u015fl\u0131ktan \u00e7\u0131kar\u0131lmaya kar\u015f\u0131 hukuki koruma, vatanda\u015fl\u0131\u011fa al\u0131nma, g\u00f6\u00e7menlik ve benzeri konularda ki\u015filerin ki\u015filer hukukundan kaynakl\u0131 talep ve davalarda avukata ihtiya\u00e7 elzemdir.<\/p>\n\n\n\n<p>Benzer \u015fekilde t\u00fczel ki\u015filer, dernekler ve hatta vak\u0131flara ili\u015fkin d\u00fczenlemeler kar\u015f\u0131s\u0131nda da t\u00fczel kiilerin haklar\u0131n\u0131n korunmas\u0131na ihtiya\u00e7 vard\u0131r.<\/p>\n\n\n\n<p>Bu bak\u0131mdan 4721 say\u0131l\u0131 T\u00fcrk Medeni Kanunu genelinde\u00a0d\u00fczenlenen ki\u015filik\u00a0ili\u015fkileri ve buna ba\u011fl\u0131 hak ve sorumluluklar ile ilgili hukuki s\u00fcre\u00e7lere hakim bir avukat olarak, Adana merkezli olmak \u00fczere t\u00fcm T\u00fcrkiye\u2019de ger\u00e7ek ve t\u00fczel ki\u015filerin ki\u015filer hukuku\u00a0k\u00f6kenli davalar\u0131 bak\u0131m\u0131ndan en iyi avukatl\u0131k hizmetini vermek i\u00e7in \u00e7al\u0131\u015fmaktay\u0131m.<\/p>\n\n\n\n<p>B\u00fcromuz b\u00fcnyesinde ki\u015filer&nbsp;hukuku k\u00f6kenli olarak avukatl\u0131k hizmeti verilen dava tipleri ve i\u015fler genel olarak \u015fu \u015fekilde say\u0131labilmektedir:<\/p>\n\n\n\n<ul class=\"wp-block-list\">\n<li>Ergin K\u0131l\u0131nma Davas\u0131 (Kazai R\u00fc\u015ft Davas\u0131) (Re\u015fitlik Davas\u0131)<\/li>\n\n\n\n<li>Ad ve Soyad De\u011fi\u015ftirilmesi Davas\u0131<\/li>\n\n\n\n<li>Ya\u015f D\u00fczeltilmesi Davas\u0131<\/li>\n\n\n\n<li>Cinsiyet De\u011fi\u015ftirme Davas\u0131<\/li>\n\n\n\n<li>Vesayet Davas\u0131 (Vasi Atanmas\u0131 Davas\u0131)<\/li>\n\n\n\n<li>Ki\u015filik Haklar\u0131na Sald\u0131r\u0131 Kar\u015f\u0131s\u0131nda Maddi ve Manevi Tazminat Davas\u0131<\/li>\n\n\n\n<li>Ki\u015filik Haklar\u0131na Sald\u0131r\u0131n\u0131n \u00d6nlenmesi<\/li>\n\n\n\n<li>Ki\u015filik Haklar\u0131na Sald\u0131r\u0131n\u0131n Yay\u0131nlanmas\u0131<\/li>\n\n\n\n<li>Gaiplik Karar\u0131 \u0130stenmesi<\/li>\n\n\n\n<li>Ki\u015fisel Durum Sicilinin D\u00fczeltilmesi Davas\u0131<\/li>\n\n\n\n<li>Babal\u0131k Davas\u0131<\/li>\n\n\n\n<li>Evlilik D\u0131\u015f\u0131 \u00c7ocu\u011fun Tan\u0131nmas\u0131 Davas\u0131<\/li>\n\n\n\n<li>Soyba\u011f\u0131n\u0131n D\u00fczeltilmesi Davas\u0131<\/li>\n\n\n\n<li>Dernek Haklar\u0131n\u0131n Korunmas\u0131 Ad\u0131na A\u00e7\u0131labilecek Davalar<\/li>\n\n\n\n<li>Derne\u011fe Kar\u015f\u0131 A\u00e7\u0131labilecek Davalar (Dernek \u00dcyeli\u011finden \u00c7\u0131kar\u0131lmaya Kar\u015f\u0131 vs.)<\/li>\n\n\n\n<li>Vak\u0131f Haklar\u0131n\u0131n Korunmas\u0131 Ad\u0131na A\u00e7\u0131labilecek Davalar<\/li>\n\n\n\n<li>Vak\u0131flara Kar\u015f\u0131 A\u00e7\u0131labilecek Davalar (Vak\u0131f evlatl\u0131\u011f\u0131n\u0131n tespiti davas\u0131 vs.)<\/li>\n\n\n\n<li>Di\u011fer Davalar (Ki\u015filer Hukukuna ili\u015fkin, ger\u00e7ek ki\u015fileri ilgilendiren, t\u00fczel ki\u015fileri, dernekleri ve vak\u0131flar\u0131 ilgilendiren her t\u00fcrl\u00fc davalar)<\/li>\n<\/ul>\n\n\n\n<p><em>Say\u0131lan dava tipleri genel anlamda ve \u00f6rnekleyici olup, ki\u015filer hukukuna ili\u015fkin her t\u00fcrl\u00fc dava bak\u0131m\u0131ndan avukatl\u0131k hizmeti verilmektedir.<br>Detayl\u0131 bilgi i\u00e7in randevu talep ediniz.<\/em><\/p>\n","protected":false},"excerpt":{"rendered":"<p>Ki\u015filerin bir birey olarak haklar\u0131n\u0131 ve y\u00fck\u00fcml\u00fcl\u00fcklerini d\u00fczenleyen temel hukuk dal\u0131 Medeni Hukukun alt dal\u0131 olan ki\u015filer hukukudur. Ki\u015filer Hukuku&nbsp;4721 say\u0131l\u0131 &#8220;T\u00fcrk Medeni Kanunu&#8217;nun birinci kitab\u0131nda d\u00fczenlenmektedir. Temel olarak ki\u015fi kavram\u0131, T\u00fcrk Hukuku&#8217;nda ger\u00e7ek ki\u015filer ve t\u00fczel ki\u015filer olarak ikiye ayr\u0131lmaktad\u0131r. Ger\u00e7ek ki\u015filere ili\u015fkin d\u00fczenlemeler ise; ki\u015fili\u011fin&nbsp;ba\u015flang\u0131c\u0131 ve sona ermesi, hak&nbsp;ehliyeti, fiil&nbsp;ehliyeti, h\u0131s\u0131ml\u0131k, ikametgah, ki\u015filik [&hellip;]<\/p>\n","protected":false},"author":1,"featured_media":0,"parent":0,"menu_order":0,"comment_status":"closed","ping_status":"closed","template":"","meta":{"footnotes":""},"class_list":["post-88","page","type-page","status-publish","hentry"],"yoast_head":"<!-- This site is optimized with the Yoast SEO plugin v20.12 - https:\/\/yoast.com\/wordpress\/plugins\/seo\/ -->\n<title>Ki\u015filer Hukuku - Nam\u0131k Kemal T\u00fcyl\u00fcce<\/title>\n<meta name=\"robots\" content=\"index, follow, max-snippet:-1, max-image-preview:large, max-video-preview:-1\" \/>\n<link rel=\"canonical\" href=\"https:\/\/namikkemaltuyluce.av.tr\/?page_id=88\" \/>\n<meta property=\"og:locale\" content=\"tr_TR\" \/>\n<meta property=\"og:type\" content=\"article\" \/>\n<meta property=\"og:title\" content=\"Ki\u015filer Hukuku - Nam\u0131k Kemal T\u00fcyl\u00fcce\" \/>\n<meta property=\"og:description\" content=\"Ki\u015filerin bir birey olarak haklar\u0131n\u0131 ve y\u00fck\u00fcml\u00fcl\u00fcklerini d\u00fczenleyen temel hukuk dal\u0131 Medeni Hukukun alt dal\u0131 olan ki\u015filer hukukudur. Ki\u015filer Hukuku&nbsp;4721 say\u0131l\u0131 &#8220;T\u00fcrk Medeni Kanunu&#8217;nun birinci kitab\u0131nda d\u00fczenlenmektedir. Temel olarak ki\u015fi kavram\u0131, T\u00fcrk Hukuku&#8217;nda ger\u00e7ek ki\u015filer ve t\u00fczel ki\u015filer olarak ikiye ayr\u0131lmaktad\u0131r. Ger\u00e7ek ki\u015filere ili\u015fkin d\u00fczenlemeler ise; ki\u015fili\u011fin&nbsp;ba\u015flang\u0131c\u0131 ve sona ermesi, hak&nbsp;ehliyeti, fiil&nbsp;ehliyeti, h\u0131s\u0131ml\u0131k, ikametgah, ki\u015filik [&hellip;]\" \/>\n<meta property=\"og:url\" content=\"https:\/\/namikkemaltuyluce.av.tr\/?page_id=88\" \/>\n<meta property=\"og:site_name\" content=\"Nam\u0131k Kemal T\u00fcyl\u00fcce\" \/>\n<meta name=\"twitter:card\" content=\"summary_large_image\" \/>\n<meta name=\"twitter:label1\" content=\"Tahmini okuma s\u00fcresi\" \/>\n\t<meta name=\"twitter:data1\" content=\"3 dakika\" \/>\n<script type=\"application\/ld+json\" class=\"yoast-schema-graph\">{\"@context\":\"https:\/\/schema.org\",\"@graph\":[{\"@type\":\"WebPage\",\"@id\":\"https:\/\/namikkemaltuyluce.av.tr\/?page_id=88\",\"url\":\"https:\/\/namikkemaltuyluce.av.tr\/?page_id=88\",\"name\":\"Ki\u015filer Hukuku - Nam\u0131k Kemal T\u00fcyl\u00fcce\",\"isPartOf\":{\"@id\":\"http:\/\/namikkemaltuyluce.av.tr\/#website\"},\"datePublished\":\"2023-05-30T10:47:14+00:00\",\"dateModified\":\"2023-05-30T10:47:14+00:00\",\"breadcrumb\":{\"@id\":\"https:\/\/namikkemaltuyluce.av.tr\/?page_id=88#breadcrumb\"},\"inLanguage\":\"tr\",\"potentialAction\":[{\"@type\":\"ReadAction\",\"target\":[\"https:\/\/namikkemaltuyluce.av.tr\/?page_id=88\"]}]},{\"@type\":\"BreadcrumbList\",\"@id\":\"https:\/\/namikkemaltuyluce.av.tr\/?page_id=88#breadcrumb\",\"itemListElement\":[{\"@type\":\"ListItem\",\"position\":1,\"name\":\"Anasayfa\",\"item\":\"http:\/\/namikkemaltuyluce.av.tr\/\"},{\"@type\":\"ListItem\",\"position\":2,\"name\":\"Ki\u015filer Hukuku\"}]},{\"@type\":\"WebSite\",\"@id\":\"http:\/\/namikkemaltuyluce.av.tr\/#website\",\"url\":\"http:\/\/namikkemaltuyluce.av.tr\/\",\"name\":\"Nam\u0131k Kemal T\u00fcyl\u00fcce\",\"description\":\"\",\"publisher\":{\"@id\":\"http:\/\/namikkemaltuyluce.av.tr\/#organization\"},\"potentialAction\":[{\"@type\":\"SearchAction\",\"target\":{\"@type\":\"EntryPoint\",\"urlTemplate\":\"http:\/\/namikkemaltuyluce.av.tr\/?s={search_term_string}\"},\"query-input\":\"required name=search_term_string\"}],\"inLanguage\":\"tr\"},{\"@type\":\"Organization\",\"@id\":\"http:\/\/namikkemaltuyluce.av.tr\/#organization\",\"name\":\"Arabulucu ve Avukat Nam\u0131k Kemal T\u00fcyl\u00fcce\",\"url\":\"http:\/\/namikkemaltuyluce.av.tr\/\",\"logo\":{\"@type\":\"ImageObject\",\"inLanguage\":\"tr\",\"@id\":\"http:\/\/namikkemaltuyluce.av.tr\/#\/schema\/logo\/image\/\",\"url\":\"https:\/\/namikkemaltuyluce.av.tr\/wp-content\/uploads\/2023\/01\/hukuk.png\",\"contentUrl\":\"https:\/\/namikkemaltuyluce.av.tr\/wp-content\/uploads\/2023\/01\/hukuk.png\",\"width\":400,\"height\":300,\"caption\":\"Arabulucu ve Avukat Nam\u0131k Kemal T\u00fcyl\u00fcce\"},\"image\":{\"@id\":\"http:\/\/namikkemaltuyluce.av.tr\/#\/schema\/logo\/image\/\"}}]}<\/script>\n<!-- \/ Yoast SEO plugin. -->","yoast_head_json":{"title":"Ki\u015filer Hukuku - Nam\u0131k Kemal T\u00fcyl\u00fcce","robots":{"index":"index","follow":"follow","max-snippet":"max-snippet:-1","max-image-preview":"max-image-preview:large","max-video-preview":"max-video-preview:-1"},"canonical":"https:\/\/namikkemaltuyluce.av.tr\/?page_id=88","og_locale":"tr_TR","og_type":"article","og_title":"Ki\u015filer Hukuku - Nam\u0131k Kemal T\u00fcyl\u00fcce","og_description":"Ki\u015filerin bir birey olarak haklar\u0131n\u0131 ve y\u00fck\u00fcml\u00fcl\u00fcklerini d\u00fczenleyen temel hukuk dal\u0131 Medeni Hukukun alt dal\u0131 olan ki\u015filer hukukudur. Ki\u015filer Hukuku&nbsp;4721 say\u0131l\u0131 &#8220;T\u00fcrk Medeni Kanunu&#8217;nun birinci kitab\u0131nda d\u00fczenlenmektedir. Temel olarak ki\u015fi kavram\u0131, T\u00fcrk Hukuku&#8217;nda ger\u00e7ek ki\u015filer ve t\u00fczel ki\u015filer olarak ikiye ayr\u0131lmaktad\u0131r. Ger\u00e7ek ki\u015filere ili\u015fkin d\u00fczenlemeler ise; ki\u015fili\u011fin&nbsp;ba\u015flang\u0131c\u0131 ve sona ermesi, hak&nbsp;ehliyeti, fiil&nbsp;ehliyeti, h\u0131s\u0131ml\u0131k, ikametgah, ki\u015filik [&hellip;]","og_url":"https:\/\/namikkemaltuyluce.av.tr\/?page_id=88","og_site_name":"Nam\u0131k Kemal T\u00fcyl\u00fcce","twitter_card":"summary_large_image","twitter_misc":{"Tahmini okuma s\u00fcresi":"3 dakika"},"schema":{"@context":"https:\/\/schema.org","@graph":[{"@type":"WebPage","@id":"https:\/\/namikkemaltuyluce.av.tr\/?page_id=88","url":"https:\/\/namikkemaltuyluce.av.tr\/?page_id=88","name":"Ki\u015filer Hukuku - Nam\u0131k Kemal T\u00fcyl\u00fcce","isPartOf":{"@id":"http:\/\/namikkemaltuyluce.av.tr\/#website"},"datePublished":"2023-05-30T10:47:14+00:00","dateModified":"2023-05-30T10:47:14+00:00","breadcrumb":{"@id":"https:\/\/namikkemaltuyluce.av.tr\/?page_id=88#breadcrumb"},"inLanguage":"tr","potentialAction":[{"@type":"ReadAction","target":["https:\/\/namikkemaltuyluce.av.tr\/?page_id=88"]}]},{"@type":"BreadcrumbList","@id":"https:\/\/namikkemaltuyluce.av.tr\/?page_id=88#breadcrumb","itemListElement":[{"@type":"ListItem","position":1,"name":"Anasayfa","item":"http:\/\/namikkemaltuyluce.av.tr\/"},{"@type":"ListItem","position":2,"name":"Ki\u015filer Hukuku"}]},{"@type":"WebSite","@id":"http:\/\/namikkemaltuyluce.av.tr\/#website","url":"http:\/\/namikkemaltuyluce.av.tr\/","name":"Nam\u0131k Kemal T\u00fcyl\u00fcce","description":"","publisher":{"@id":"http:\/\/namikkemaltuyluce.av.tr\/#organization"},"potentialAction":[{"@type":"SearchAction","target":{"@type":"EntryPoint","urlTemplate":"http:\/\/namikkemaltuyluce.av.tr\/?s={search_term_string}"},"query-input":"required name=search_term_string"}],"inLanguage":"tr"},{"@type":"Organization","@id":"http:\/\/namikkemaltuyluce.av.tr\/#organization","name":"Arabulucu ve Avukat Nam\u0131k Kemal T\u00fcyl\u00fcce","url":"http:\/\/namikkemaltuyluce.av.tr\/","logo":{"@type":"ImageObject","inLanguage":"tr","@id":"http:\/\/namikkemaltuyluce.av.tr\/#\/schema\/logo\/image\/","url":"https:\/\/namikkemaltuyluce.av.tr\/wp-content\/uploads\/2023\/01\/hukuk.png","contentUrl":"https:\/\/namikkemaltuyluce.av.tr\/wp-content\/uploads\/2023\/01\/hukuk.png","width":400,"height":300,"caption":"Arabulucu ve Avukat Nam\u0131k Kemal T\u00fcyl\u00fcce"},"image":{"@id":"http:\/\/namikkemaltuyluce.av.tr\/#\/schema\/logo\/image\/"}}]}},"_links":{"self":[{"href":"https:\/\/namikkemaltuyluce.av.tr\/index.php?rest_route=\/wp\/v2\/pages\/88","targetHints":{"allow":["GET"]}}],"collection":[{"href":"https:\/\/namikkemaltuyluce.av.tr\/index.php?rest_route=\/wp\/v2\/pages"}],"about":[{"href":"https:\/\/namikkemaltuyluce.av.tr\/index.php?rest_route=\/wp\/v2\/types\/page"}],"author":[{"embeddable":true,"href":"https:\/\/namikkemaltuyluce.av.tr\/index.php?rest_route=\/wp\/v2\/users\/1"}],"replies":[{"embeddable":true,"href":"https:\/\/namikkemaltuyluce.av.tr\/index.php?rest_route=%2Fwp%2Fv2%2Fcomments&post=88"}],"version-history":[{"count":1,"href":"https:\/\/namikkemaltuyluce.av.tr\/index.php?rest_route=\/wp\/v2\/pages\/88\/revisions"}],"predecessor-version":[{"id":89,"href":"https:\/\/namikkemaltuyluce.av.tr\/index.php?rest_route=\/wp\/v2\/pages\/88\/revisions\/89"}],"wp:attachment":[{"href":"https:\/\/namikkemaltuyluce.av.tr\/index.php?rest_route=%2Fwp%2Fv2%2Fmedia&parent=88"}],"curies":[{"name":"wp","href":"https:\/\/api.w.org\/{rel}","templated":true}]}}