{"id":95,"date":"2023-05-31T10:21:23","date_gmt":"2023-05-31T07:21:23","guid":{"rendered":"https:\/\/namikkemaltuyluce.av.tr\/?page_id=95"},"modified":"2023-05-31T10:21:46","modified_gmt":"2023-05-31T07:21:46","slug":"aile-hukuku","status":"publish","type":"page","link":"https:\/\/namikkemaltuyluce.av.tr\/?page_id=95","title":{"rendered":"Aile Hukuku"},"content":{"rendered":"\n<p>Aile, toplumun temel yap\u0131s\u0131n\u0131 olu\u015fturan ve g\u00fcven ili\u015fkisine dayanarak in\u015fa edilen bir birimdir.<\/p>\n\n\n\n<p>Ailenin s\u00f6z konusu bu niteli\u011fi sebebiyle, \u00f6zellikle bizim toplumumuz bak\u0131m\u0131ndan ayr\u0131 bir de\u011fer ve \u00f6nem ta\u015f\u0131yan aile kurumunu ilgilendiren davalar, m\u00fcvekkiller i\u00e7in hem maddi olarak hem de manevi olarak olduk\u00e7a s\u0131k\u0131nt\u0131l\u0131 ge\u00e7mektedir.<\/p>\n\n\n\n<p>Bu bak\u0131mdan bo\u015fanma davalar\u0131, nafaka davalar\u0131, velayet davalar\u0131 gibi aile hukukundan do\u011fan davalarda iyi avukat, her zaman taraflar bak\u0131m\u0131ndan \u00f6nem arz etmektedir.<\/p>\n\n\n\n<p>Aile hukukundan do\u011fan davalar\u0131n m\u00fcvekkiller bak\u0131m\u0131ndan hassasiyetinin bilinciyle; m\u00fcvekkilimin hak ve sorumluluklar\u0131n\u0131, hukuksal alternatifleri ve i\u015fletilecek prosed\u00fcr\u00fc m\u00fcvekkilime aktar\u0131p, m\u00fcvekkil taleplerine \u00f6nem vererek hukuksal s\u00fcreci ba\u015flat\u0131r ve takip ederim.<\/p>\n\n\n\n<p>Bu bak\u0131mdan 4721 say\u0131l\u0131 T\u00fcrk Medeni Kanunu ve 6284 say\u0131l\u0131 Ailenin Korunmas\u0131 ve Kad\u0131na Kar\u015f\u0131 \u015eiddetin \u00d6nlenmesine Dair Kanun ile d\u00fczenlenen aile ili\u015fkileri ve buna ba\u011fl\u0131 hak ve sorumluluklar ile hukuki s\u00fcre\u00e7lere hakim olarak, Adana merkezli olmak \u00fczere t\u00fcm T\u00fcrkiye&#8217;de ba\u015fta bo\u015fanma davalar\u0131 olmak \u00fczere, nafaka davalar\u0131, velayet davalar\u0131 ve di\u011fer her t\u00fcrl\u00fc aile hukuku k\u00f6kenli davalar bak\u0131m\u0131ndan en iyi avukatl\u0131k hizmetini vermek i\u00e7in \u00e7al\u0131\u015fmaktay\u0131m.<\/p>\n\n\n\n<p>B\u00fcromuz b\u00fcnyesinde aile hukuku k\u00f6kenli olarak avukatl\u0131k hizmeti verilen dava tipleri genel olarak \u015fu \u015fekilde say\u0131labilmektedir:<\/p>\n\n\n\n<ul class=\"wp-block-list\">\n<li><strong>Anla\u015fmal\u0131 Bo\u015fanma Davalar\u0131<\/strong><\/li>\n<\/ul>\n\n\n\n<ul class=\"wp-block-list\">\n<li><strong>\u00c7eki\u015fmeli Bo\u015fanma Davalar\u0131<\/strong><\/li>\n<\/ul>\n\n\n\n<ul class=\"wp-block-list\">\n<li><strong>Mal Rejimi ve Mal Payla\u015f\u0131m\u0131 Davalar\u0131<\/strong><br>(Ola\u011fan\u00fcst\u00fc mal rejimine ge\u00e7i\u015f davas\u0131, katk\u0131 pay\u0131 alaca\u011f\u0131 davas\u0131, de\u011fer art\u0131\u015f pay\u0131 davas\u0131, art\u0131k de\u011fere kat\u0131lma alaca\u011f\u0131 davas\u0131 ve mal rejiminden kaynaklanan di\u011fer her t\u00fcrl\u00fc dava)<\/li>\n<\/ul>\n\n\n\n<ul class=\"wp-block-list\">\n<li><strong>Velayet Davalar\u0131<\/strong><br>(Velayetin kald\u0131r\u0131lmas\u0131 davas\u0131, velayetin de\u011fi\u015ftirilmesi davas\u0131, velayetten do\u011fan her t\u00fcrl\u00fc di\u011fer davalar, \u015fahsi m\u00fcnasebet tesisi davas\u0131, \u015fahsi m\u00fcnasebet tesisin de\u011fi\u015ftirilmesi ve \u015fahsi m\u00fcnasebet tesisinin engellenmesi talepli davalar)<\/li>\n<\/ul>\n\n\n\n<ul class=\"wp-block-list\">\n<li><strong>Nafaka Davalar\u0131<\/strong><br>(varsa \u00e7ocuk i\u00e7in i\u015ftirak nafakas\u0131 davas\u0131, e\u015f bak\u0131m\u0131ndan tedbir nafakas\u0131 ve yoksulluk nafakas\u0131 davalar\u0131, nafakan\u0131n artt\u0131r\u0131m\u0131 davas\u0131 ve nafakan\u0131n indirilmesi davalar\u0131, yard\u0131m nafakas\u0131 davalar\u0131 ve benzeri davalar)<\/li>\n<\/ul>\n\n\n\n<ul class=\"wp-block-list\">\n<li><strong>Ni\u015fan\u0131n Bozulmas\u0131 Sebebiyle Maddi &#8211; Manevi Tazminat Davalar\u0131<\/strong><br>(Ni\u015fanda tak\u0131lanlar\u0131n geri verilmesi talepli maddi tazminat davalar\u0131, ni\u015fan\u0131n bozulmas\u0131ndan kaynakl\u0131 manevi tazminat davalar\u0131 ve benzeri davalar)<\/li>\n<\/ul>\n\n\n\n<ul class=\"wp-block-list\">\n<li><strong>Evlenme \u0130\u015flemine \u0130li\u015fkin Davalar<\/strong><br>(\u0130ddet m\u00fcddetinin kald\u0131r\u0131lmas\u0131 gibi evlenme i\u015flemine ili\u015fkin ko\u015fullara y\u00f6nelik davalar, evlenme i\u015fleminin iptali davalar\u0131, evlenme i\u015fleminin yoklu\u011funu \u00f6ne s\u00fcren davalar ve benzeri davalar)<\/li>\n<\/ul>\n\n\n\n<ul class=\"wp-block-list\">\n<li><strong>Soyba\u011f\u0131 Davalar\u0131<\/strong><br>(Soyba\u011f\u0131n\u0131n kurulmas\u0131 davas\u0131, soyba\u011f\u0131n\u0131n reddi davas\u0131, \u00e7ocu\u011fun tan\u0131nmas\u0131 davas\u0131, babal\u0131k davas\u0131 ve di\u011fer her t\u00fcrl\u00fc davalar)<\/li>\n\n\n\n<li><strong>Di\u011fer Davalar<\/strong><br>(Evlat edinmeden kaynaklanan davalar, aile konutunun e\u015flerden birine tahsisi davas\u0131 ve aile hukukundan do\u011fan di\u011fer her t\u00fcrl\u00fc davalar)<\/li>\n<\/ul>\n\n\n\n<p><em>Say\u0131lan dava tipleri genel anlamda ve \u00f6rnekleyici olup, aile hukukuna ili\u015fkin her t\u00fcrl\u00fc dava bak\u0131m\u0131ndan avukatl\u0131k hizmeti verilmektedir.<br>Detayl\u0131 bilgi i\u00e7in randevu talep ediniz.<\/em><\/p>\n","protected":false},"excerpt":{"rendered":"<p>Aile, toplumun temel yap\u0131s\u0131n\u0131 olu\u015fturan ve g\u00fcven ili\u015fkisine dayanarak in\u015fa edilen bir birimdir. Ailenin s\u00f6z konusu bu niteli\u011fi sebebiyle, \u00f6zellikle bizim toplumumuz bak\u0131m\u0131ndan ayr\u0131 bir de\u011fer ve \u00f6nem ta\u015f\u0131yan aile kurumunu ilgilendiren davalar, m\u00fcvekkiller i\u00e7in hem maddi olarak hem de manevi olarak olduk\u00e7a s\u0131k\u0131nt\u0131l\u0131 ge\u00e7mektedir. Bu bak\u0131mdan bo\u015fanma davalar\u0131, nafaka davalar\u0131, velayet davalar\u0131 gibi aile [&hellip;]<\/p>\n","protected":false},"author":1,"featured_media":0,"parent":0,"menu_order":0,"comment_status":"closed","ping_status":"closed","template":"","meta":{"footnotes":""},"class_list":["post-95","page","type-page","status-publish","hentry"],"yoast_head":"<!-- This site is optimized with the Yoast SEO plugin v20.12 - https:\/\/yoast.com\/wordpress\/plugins\/seo\/ -->\n<title>Aile Hukuku - Nam\u0131k Kemal T\u00fcyl\u00fcce<\/title>\n<meta name=\"robots\" content=\"index, follow, max-snippet:-1, max-image-preview:large, max-video-preview:-1\" \/>\n<link rel=\"canonical\" href=\"https:\/\/namikkemaltuyluce.av.tr\/?page_id=95\" \/>\n<meta property=\"og:locale\" content=\"tr_TR\" \/>\n<meta property=\"og:type\" content=\"article\" \/>\n<meta property=\"og:title\" content=\"Aile Hukuku - Nam\u0131k Kemal T\u00fcyl\u00fcce\" \/>\n<meta property=\"og:description\" content=\"Aile, toplumun temel yap\u0131s\u0131n\u0131 olu\u015fturan ve g\u00fcven ili\u015fkisine dayanarak in\u015fa edilen bir birimdir. Ailenin s\u00f6z konusu bu niteli\u011fi sebebiyle, \u00f6zellikle bizim toplumumuz bak\u0131m\u0131ndan ayr\u0131 bir de\u011fer ve \u00f6nem ta\u015f\u0131yan aile kurumunu ilgilendiren davalar, m\u00fcvekkiller i\u00e7in hem maddi olarak hem de manevi olarak olduk\u00e7a s\u0131k\u0131nt\u0131l\u0131 ge\u00e7mektedir. Bu bak\u0131mdan bo\u015fanma davalar\u0131, nafaka davalar\u0131, velayet davalar\u0131 gibi aile [&hellip;]\" \/>\n<meta property=\"og:url\" content=\"https:\/\/namikkemaltuyluce.av.tr\/?page_id=95\" \/>\n<meta property=\"og:site_name\" content=\"Nam\u0131k Kemal T\u00fcyl\u00fcce\" \/>\n<meta property=\"article:modified_time\" content=\"2023-05-31T07:21:46+00:00\" \/>\n<meta name=\"twitter:card\" content=\"summary_large_image\" \/>\n<meta name=\"twitter:label1\" content=\"Tahmini okuma s\u00fcresi\" \/>\n\t<meta name=\"twitter:data1\" content=\"3 dakika\" \/>\n<script type=\"application\/ld+json\" class=\"yoast-schema-graph\">{\"@context\":\"https:\/\/schema.org\",\"@graph\":[{\"@type\":\"WebPage\",\"@id\":\"https:\/\/namikkemaltuyluce.av.tr\/?page_id=95\",\"url\":\"https:\/\/namikkemaltuyluce.av.tr\/?page_id=95\",\"name\":\"Aile Hukuku - Nam\u0131k Kemal T\u00fcyl\u00fcce\",\"isPartOf\":{\"@id\":\"http:\/\/namikkemaltuyluce.av.tr\/#website\"},\"datePublished\":\"2023-05-31T07:21:23+00:00\",\"dateModified\":\"2023-05-31T07:21:46+00:00\",\"breadcrumb\":{\"@id\":\"https:\/\/namikkemaltuyluce.av.tr\/?page_id=95#breadcrumb\"},\"inLanguage\":\"tr\",\"potentialAction\":[{\"@type\":\"ReadAction\",\"target\":[\"https:\/\/namikkemaltuyluce.av.tr\/?page_id=95\"]}]},{\"@type\":\"BreadcrumbList\",\"@id\":\"https:\/\/namikkemaltuyluce.av.tr\/?page_id=95#breadcrumb\",\"itemListElement\":[{\"@type\":\"ListItem\",\"position\":1,\"name\":\"Anasayfa\",\"item\":\"http:\/\/namikkemaltuyluce.av.tr\/\"},{\"@type\":\"ListItem\",\"position\":2,\"name\":\"Aile Hukuku\"}]},{\"@type\":\"WebSite\",\"@id\":\"http:\/\/namikkemaltuyluce.av.tr\/#website\",\"url\":\"http:\/\/namikkemaltuyluce.av.tr\/\",\"name\":\"Nam\u0131k Kemal T\u00fcyl\u00fcce\",\"description\":\"\",\"publisher\":{\"@id\":\"http:\/\/namikkemaltuyluce.av.tr\/#organization\"},\"potentialAction\":[{\"@type\":\"SearchAction\",\"target\":{\"@type\":\"EntryPoint\",\"urlTemplate\":\"http:\/\/namikkemaltuyluce.av.tr\/?s={search_term_string}\"},\"query-input\":\"required name=search_term_string\"}],\"inLanguage\":\"tr\"},{\"@type\":\"Organization\",\"@id\":\"http:\/\/namikkemaltuyluce.av.tr\/#organization\",\"name\":\"Arabulucu ve Avukat Nam\u0131k Kemal T\u00fcyl\u00fcce\",\"url\":\"http:\/\/namikkemaltuyluce.av.tr\/\",\"logo\":{\"@type\":\"ImageObject\",\"inLanguage\":\"tr\",\"@id\":\"http:\/\/namikkemaltuyluce.av.tr\/#\/schema\/logo\/image\/\",\"url\":\"https:\/\/namikkemaltuyluce.av.tr\/wp-content\/uploads\/2023\/01\/hukuk.png\",\"contentUrl\":\"https:\/\/namikkemaltuyluce.av.tr\/wp-content\/uploads\/2023\/01\/hukuk.png\",\"width\":400,\"height\":300,\"caption\":\"Arabulucu ve Avukat Nam\u0131k Kemal T\u00fcyl\u00fcce\"},\"image\":{\"@id\":\"http:\/\/namikkemaltuyluce.av.tr\/#\/schema\/logo\/image\/\"}}]}<\/script>\n<!-- \/ Yoast SEO plugin. -->","yoast_head_json":{"title":"Aile Hukuku - Nam\u0131k Kemal T\u00fcyl\u00fcce","robots":{"index":"index","follow":"follow","max-snippet":"max-snippet:-1","max-image-preview":"max-image-preview:large","max-video-preview":"max-video-preview:-1"},"canonical":"https:\/\/namikkemaltuyluce.av.tr\/?page_id=95","og_locale":"tr_TR","og_type":"article","og_title":"Aile Hukuku - Nam\u0131k Kemal T\u00fcyl\u00fcce","og_description":"Aile, toplumun temel yap\u0131s\u0131n\u0131 olu\u015fturan ve g\u00fcven ili\u015fkisine dayanarak in\u015fa edilen bir birimdir. Ailenin s\u00f6z konusu bu niteli\u011fi sebebiyle, \u00f6zellikle bizim toplumumuz bak\u0131m\u0131ndan ayr\u0131 bir de\u011fer ve \u00f6nem ta\u015f\u0131yan aile kurumunu ilgilendiren davalar, m\u00fcvekkiller i\u00e7in hem maddi olarak hem de manevi olarak olduk\u00e7a s\u0131k\u0131nt\u0131l\u0131 ge\u00e7mektedir. Bu bak\u0131mdan bo\u015fanma davalar\u0131, nafaka davalar\u0131, velayet davalar\u0131 gibi aile [&hellip;]","og_url":"https:\/\/namikkemaltuyluce.av.tr\/?page_id=95","og_site_name":"Nam\u0131k Kemal T\u00fcyl\u00fcce","article_modified_time":"2023-05-31T07:21:46+00:00","twitter_card":"summary_large_image","twitter_misc":{"Tahmini okuma s\u00fcresi":"3 dakika"},"schema":{"@context":"https:\/\/schema.org","@graph":[{"@type":"WebPage","@id":"https:\/\/namikkemaltuyluce.av.tr\/?page_id=95","url":"https:\/\/namikkemaltuyluce.av.tr\/?page_id=95","name":"Aile Hukuku - Nam\u0131k Kemal T\u00fcyl\u00fcce","isPartOf":{"@id":"http:\/\/namikkemaltuyluce.av.tr\/#website"},"datePublished":"2023-05-31T07:21:23+00:00","dateModified":"2023-05-31T07:21:46+00:00","breadcrumb":{"@id":"https:\/\/namikkemaltuyluce.av.tr\/?page_id=95#breadcrumb"},"inLanguage":"tr","potentialAction":[{"@type":"ReadAction","target":["https:\/\/namikkemaltuyluce.av.tr\/?page_id=95"]}]},{"@type":"BreadcrumbList","@id":"https:\/\/namikkemaltuyluce.av.tr\/?page_id=95#breadcrumb","itemListElement":[{"@type":"ListItem","position":1,"name":"Anasayfa","item":"http:\/\/namikkemaltuyluce.av.tr\/"},{"@type":"ListItem","position":2,"name":"Aile Hukuku"}]},{"@type":"WebSite","@id":"http:\/\/namikkemaltuyluce.av.tr\/#website","url":"http:\/\/namikkemaltuyluce.av.tr\/","name":"Nam\u0131k Kemal T\u00fcyl\u00fcce","description":"","publisher":{"@id":"http:\/\/namikkemaltuyluce.av.tr\/#organization"},"potentialAction":[{"@type":"SearchAction","target":{"@type":"EntryPoint","urlTemplate":"http:\/\/namikkemaltuyluce.av.tr\/?s={search_term_string}"},"query-input":"required name=search_term_string"}],"inLanguage":"tr"},{"@type":"Organization","@id":"http:\/\/namikkemaltuyluce.av.tr\/#organization","name":"Arabulucu ve Avukat Nam\u0131k Kemal T\u00fcyl\u00fcce","url":"http:\/\/namikkemaltuyluce.av.tr\/","logo":{"@type":"ImageObject","inLanguage":"tr","@id":"http:\/\/namikkemaltuyluce.av.tr\/#\/schema\/logo\/image\/","url":"https:\/\/namikkemaltuyluce.av.tr\/wp-content\/uploads\/2023\/01\/hukuk.png","contentUrl":"https:\/\/namikkemaltuyluce.av.tr\/wp-content\/uploads\/2023\/01\/hukuk.png","width":400,"height":300,"caption":"Arabulucu ve Avukat Nam\u0131k Kemal T\u00fcyl\u00fcce"},"image":{"@id":"http:\/\/namikkemaltuyluce.av.tr\/#\/schema\/logo\/image\/"}}]}},"_links":{"self":[{"href":"https:\/\/namikkemaltuyluce.av.tr\/index.php?rest_route=\/wp\/v2\/pages\/95","targetHints":{"allow":["GET"]}}],"collection":[{"href":"https:\/\/namikkemaltuyluce.av.tr\/index.php?rest_route=\/wp\/v2\/pages"}],"about":[{"href":"https:\/\/namikkemaltuyluce.av.tr\/index.php?rest_route=\/wp\/v2\/types\/page"}],"author":[{"embeddable":true,"href":"https:\/\/namikkemaltuyluce.av.tr\/index.php?rest_route=\/wp\/v2\/users\/1"}],"replies":[{"embeddable":true,"href":"https:\/\/namikkemaltuyluce.av.tr\/index.php?rest_route=%2Fwp%2Fv2%2Fcomments&post=95"}],"version-history":[{"count":1,"href":"https:\/\/namikkemaltuyluce.av.tr\/index.php?rest_route=\/wp\/v2\/pages\/95\/revisions"}],"predecessor-version":[{"id":96,"href":"https:\/\/namikkemaltuyluce.av.tr\/index.php?rest_route=\/wp\/v2\/pages\/95\/revisions\/96"}],"wp:attachment":[{"href":"https:\/\/namikkemaltuyluce.av.tr\/index.php?rest_route=%2Fwp%2Fv2%2Fmedia&parent=95"}],"curies":[{"name":"wp","href":"https:\/\/api.w.org\/{rel}","templated":true}]}}