{"id":99,"date":"2023-05-31T16:45:16","date_gmt":"2023-05-31T13:45:16","guid":{"rendered":"https:\/\/namikkemaltuyluce.av.tr\/?page_id=99"},"modified":"2023-05-31T16:45:16","modified_gmt":"2023-05-31T13:45:16","slug":"miras-hukuku","status":"publish","type":"page","link":"https:\/\/namikkemaltuyluce.av.tr\/?page_id=99","title":{"rendered":"Miras Hukuku"},"content":{"rendered":"\n<p>Miras hukuku ve miras hukukundan do\u011fan davalar, niteli\u011fi itibariyle teknik ve hukuki bilgi gerektirmektedir.<\/p>\n\n\n\n<p>Nitekim 4721 say\u0131l\u0131 T\u00fcrk Medeni Kanunu temelinde d\u00fczenlenen miras ili\u015fkileri, bir \u00e7ok hukuki kavram ve bunlara ba\u011flanan sonu\u00e7lar etraf\u0131nda \u015fekillenmi\u015ftir.<\/p>\n\n\n\n<p>Bu ba\u011flamda \u00f6l\u00fcme ba\u011fl\u0131 i\u015flemlerin \u015fekil ve ko\u015fullar\u0131,<br>miras\u0131n ge\u00e7i\u015fi ve ge\u00e7i\u015f \u015fekli, bunun yasal sonu\u00e7lar\u0131,<br>miras paylar\u0131n\u0131n ne \u015fekilde da\u011f\u0131laca\u011f\u0131,<br>sakl\u0131 paya ili\u015fkin haklar,<br>tenkis ve denkle\u015ftirme kavramlar\u0131 ve bu hukuki kavramlara ba\u011flanan sonu\u00e7lar,<br>miras ortakl\u0131\u011f\u0131 ve miras ortakl\u0131\u011f\u0131n\u0131n giderilmesi gibi durumlar<br>geni\u015f ve derin hukuk bilgisi ve uzmanl\u0131k gerektiren konulard\u0131r.<\/p>\n\n\n\n<p>B\u00fcromuz b\u00fcnyesinde miras hukuku k\u00f6kenli olarak avukatl\u0131k hizmeti verilen i\u015fler ve dava tipleri genel olarak \u015fu \u015fekilde say\u0131labilmektedir:<\/p>\n\n\n\n<ul class=\"wp-block-list\">\n<li class=\".entry-content a { color: #000000; }\"><strong>Veraset Davalar\u0131<\/strong><\/li>\n\n\n\n<li><strong>Vasiyetnamenin Tenfizi Davas\u0131<\/strong><\/li>\n\n\n\n<li><strong>Vasiyetnamenin \u0130ptali Davas\u0131<\/strong><\/li>\n\n\n\n<li><strong>Vasiyet Alacakl\u0131s\u0131 S\u0131fat\u0131yla Miras Davas\u0131<\/strong><\/li>\n\n\n\n<li><strong>Terekenin Tespiti Davas\u0131<\/strong><\/li>\n\n\n\n<li><strong>Terekenin Taksimi Davas\u0131<\/strong><\/li>\n\n\n\n<li><strong>Miras S\u00f6zle\u015fmeleri Kaynakl\u0131 Davalar<\/strong><\/li>\n\n\n\n<li><strong>Tenkis Davas\u0131<\/strong><\/li>\n\n\n\n<li><strong>Muris Muvaazas\u0131na Dayal\u0131 Tapu \u0130ptali ve Tescili Davalar\u0131<\/strong><\/li>\n\n\n\n<li><strong>Miras Sebebiyle \u0130stihkak Davalar\u0131<\/strong><\/li>\n\n\n\n<li><strong>Miras\u0131n Reddi Davas\u0131<\/strong><\/li>\n\n\n\n<li><strong>Mirasta \u0130ade Davalar\u0131<\/strong><\/li>\n\n\n\n<li><strong>Terekede \u0130htiyati Tedbir Talebi<\/strong><\/li>\n\n\n\n<li><strong>Miras \u015eirketine M\u00fcmessil Atanmas\u0131na \u0130li\u015fkin Davalar<\/strong><\/li>\n\n\n\n<li><strong>Miras Ortakl\u0131\u011f\u0131n\u0131n Giderilmesi Davas\u0131 (\u0130zaleyi \u015e\u00fcyu Davas\u0131)<\/strong><\/li>\n\n\n\n<li><strong>Di\u011fer Dava ve \u0130\u015fler<\/strong><\/li>\n\n\n\n<li><strong>(Vasiyetname tanzimi, miras\u00e7\u0131 atama s\u00f6zle\u015fmesi d\u00fczenlemek, taksim s\u00f6zle\u015fmeleri, feragat s\u00f6zle\u015fmeleri, \u00f6l\u00fcnceye kadar bakma s\u00f6zle\u015fmesi d\u00fczenlemek, miras \u00f6zg\u00fclemek suretiyle vak\u0131f kurma i\u015flem ve davas\u0131 ve di\u011fer dava ve i\u015fler)<\/strong><\/li>\n<\/ul>\n\n\n\n<p><em>Say\u0131lan dava tipleri genel anlamda ve \u00f6rnekleyici olup, miras hukukuna ili\u015fkin her t\u00fcrl\u00fc dava bak\u0131m\u0131ndan avukatl\u0131k hizmeti verilmektedir.<br>Detayl\u0131 bilgi i\u00e7in randevu talep ediniz.<\/em><\/p>\n","protected":false},"excerpt":{"rendered":"<p>Miras hukuku ve miras hukukundan do\u011fan davalar, niteli\u011fi itibariyle teknik ve hukuki bilgi gerektirmektedir. Nitekim 4721 say\u0131l\u0131 T\u00fcrk Medeni Kanunu temelinde d\u00fczenlenen miras ili\u015fkileri, bir \u00e7ok hukuki kavram ve bunlara ba\u011flanan sonu\u00e7lar etraf\u0131nda \u015fekillenmi\u015ftir. Bu ba\u011flamda \u00f6l\u00fcme ba\u011fl\u0131 i\u015flemlerin \u015fekil ve ko\u015fullar\u0131,miras\u0131n ge\u00e7i\u015fi ve ge\u00e7i\u015f \u015fekli, bunun yasal sonu\u00e7lar\u0131,miras paylar\u0131n\u0131n ne \u015fekilde da\u011f\u0131laca\u011f\u0131,sakl\u0131 paya ili\u015fkin [&hellip;]<\/p>\n","protected":false},"author":1,"featured_media":0,"parent":0,"menu_order":0,"comment_status":"closed","ping_status":"closed","template":"","meta":{"footnotes":""},"class_list":["post-99","page","type-page","status-publish","hentry"],"yoast_head":"<!-- This site is optimized with the Yoast SEO plugin v20.12 - https:\/\/yoast.com\/wordpress\/plugins\/seo\/ -->\n<title>Miras Hukuku - Nam\u0131k Kemal T\u00fcyl\u00fcce<\/title>\n<meta name=\"robots\" content=\"index, follow, max-snippet:-1, max-image-preview:large, max-video-preview:-1\" \/>\n<link rel=\"canonical\" href=\"https:\/\/namikkemaltuyluce.av.tr\/?page_id=99\" \/>\n<meta property=\"og:locale\" content=\"tr_TR\" \/>\n<meta property=\"og:type\" content=\"article\" \/>\n<meta property=\"og:title\" content=\"Miras Hukuku - Nam\u0131k Kemal T\u00fcyl\u00fcce\" \/>\n<meta property=\"og:description\" content=\"Miras hukuku ve miras hukukundan do\u011fan davalar, niteli\u011fi itibariyle teknik ve hukuki bilgi gerektirmektedir. Nitekim 4721 say\u0131l\u0131 T\u00fcrk Medeni Kanunu temelinde d\u00fczenlenen miras ili\u015fkileri, bir \u00e7ok hukuki kavram ve bunlara ba\u011flanan sonu\u00e7lar etraf\u0131nda \u015fekillenmi\u015ftir. Bu ba\u011flamda \u00f6l\u00fcme ba\u011fl\u0131 i\u015flemlerin \u015fekil ve ko\u015fullar\u0131,miras\u0131n ge\u00e7i\u015fi ve ge\u00e7i\u015f \u015fekli, bunun yasal sonu\u00e7lar\u0131,miras paylar\u0131n\u0131n ne \u015fekilde da\u011f\u0131laca\u011f\u0131,sakl\u0131 paya ili\u015fkin [&hellip;]\" \/>\n<meta property=\"og:url\" content=\"https:\/\/namikkemaltuyluce.av.tr\/?page_id=99\" \/>\n<meta property=\"og:site_name\" content=\"Nam\u0131k Kemal T\u00fcyl\u00fcce\" \/>\n<meta name=\"twitter:card\" content=\"summary_large_image\" \/>\n<meta name=\"twitter:label1\" content=\"Tahmini okuma s\u00fcresi\" \/>\n\t<meta name=\"twitter:data1\" content=\"1 dakika\" \/>\n<script type=\"application\/ld+json\" class=\"yoast-schema-graph\">{\"@context\":\"https:\/\/schema.org\",\"@graph\":[{\"@type\":\"WebPage\",\"@id\":\"https:\/\/namikkemaltuyluce.av.tr\/?page_id=99\",\"url\":\"https:\/\/namikkemaltuyluce.av.tr\/?page_id=99\",\"name\":\"Miras Hukuku - Nam\u0131k Kemal T\u00fcyl\u00fcce\",\"isPartOf\":{\"@id\":\"http:\/\/namikkemaltuyluce.av.tr\/#website\"},\"datePublished\":\"2023-05-31T13:45:16+00:00\",\"dateModified\":\"2023-05-31T13:45:16+00:00\",\"breadcrumb\":{\"@id\":\"https:\/\/namikkemaltuyluce.av.tr\/?page_id=99#breadcrumb\"},\"inLanguage\":\"tr\",\"potentialAction\":[{\"@type\":\"ReadAction\",\"target\":[\"https:\/\/namikkemaltuyluce.av.tr\/?page_id=99\"]}]},{\"@type\":\"BreadcrumbList\",\"@id\":\"https:\/\/namikkemaltuyluce.av.tr\/?page_id=99#breadcrumb\",\"itemListElement\":[{\"@type\":\"ListItem\",\"position\":1,\"name\":\"Anasayfa\",\"item\":\"http:\/\/namikkemaltuyluce.av.tr\/\"},{\"@type\":\"ListItem\",\"position\":2,\"name\":\"Miras Hukuku\"}]},{\"@type\":\"WebSite\",\"@id\":\"http:\/\/namikkemaltuyluce.av.tr\/#website\",\"url\":\"http:\/\/namikkemaltuyluce.av.tr\/\",\"name\":\"Nam\u0131k Kemal T\u00fcyl\u00fcce\",\"description\":\"\",\"publisher\":{\"@id\":\"http:\/\/namikkemaltuyluce.av.tr\/#organization\"},\"potentialAction\":[{\"@type\":\"SearchAction\",\"target\":{\"@type\":\"EntryPoint\",\"urlTemplate\":\"http:\/\/namikkemaltuyluce.av.tr\/?s={search_term_string}\"},\"query-input\":\"required name=search_term_string\"}],\"inLanguage\":\"tr\"},{\"@type\":\"Organization\",\"@id\":\"http:\/\/namikkemaltuyluce.av.tr\/#organization\",\"name\":\"Arabulucu ve Avukat Nam\u0131k Kemal T\u00fcyl\u00fcce\",\"url\":\"http:\/\/namikkemaltuyluce.av.tr\/\",\"logo\":{\"@type\":\"ImageObject\",\"inLanguage\":\"tr\",\"@id\":\"http:\/\/namikkemaltuyluce.av.tr\/#\/schema\/logo\/image\/\",\"url\":\"https:\/\/namikkemaltuyluce.av.tr\/wp-content\/uploads\/2023\/01\/hukuk.png\",\"contentUrl\":\"https:\/\/namikkemaltuyluce.av.tr\/wp-content\/uploads\/2023\/01\/hukuk.png\",\"width\":400,\"height\":300,\"caption\":\"Arabulucu ve Avukat Nam\u0131k Kemal T\u00fcyl\u00fcce\"},\"image\":{\"@id\":\"http:\/\/namikkemaltuyluce.av.tr\/#\/schema\/logo\/image\/\"}}]}<\/script>\n<!-- \/ Yoast SEO plugin. -->","yoast_head_json":{"title":"Miras Hukuku - Nam\u0131k Kemal T\u00fcyl\u00fcce","robots":{"index":"index","follow":"follow","max-snippet":"max-snippet:-1","max-image-preview":"max-image-preview:large","max-video-preview":"max-video-preview:-1"},"canonical":"https:\/\/namikkemaltuyluce.av.tr\/?page_id=99","og_locale":"tr_TR","og_type":"article","og_title":"Miras Hukuku - Nam\u0131k Kemal T\u00fcyl\u00fcce","og_description":"Miras hukuku ve miras hukukundan do\u011fan davalar, niteli\u011fi itibariyle teknik ve hukuki bilgi gerektirmektedir. Nitekim 4721 say\u0131l\u0131 T\u00fcrk Medeni Kanunu temelinde d\u00fczenlenen miras ili\u015fkileri, bir \u00e7ok hukuki kavram ve bunlara ba\u011flanan sonu\u00e7lar etraf\u0131nda \u015fekillenmi\u015ftir. Bu ba\u011flamda \u00f6l\u00fcme ba\u011fl\u0131 i\u015flemlerin \u015fekil ve ko\u015fullar\u0131,miras\u0131n ge\u00e7i\u015fi ve ge\u00e7i\u015f \u015fekli, bunun yasal sonu\u00e7lar\u0131,miras paylar\u0131n\u0131n ne \u015fekilde da\u011f\u0131laca\u011f\u0131,sakl\u0131 paya ili\u015fkin [&hellip;]","og_url":"https:\/\/namikkemaltuyluce.av.tr\/?page_id=99","og_site_name":"Nam\u0131k Kemal T\u00fcyl\u00fcce","twitter_card":"summary_large_image","twitter_misc":{"Tahmini okuma s\u00fcresi":"1 dakika"},"schema":{"@context":"https:\/\/schema.org","@graph":[{"@type":"WebPage","@id":"https:\/\/namikkemaltuyluce.av.tr\/?page_id=99","url":"https:\/\/namikkemaltuyluce.av.tr\/?page_id=99","name":"Miras Hukuku - Nam\u0131k Kemal T\u00fcyl\u00fcce","isPartOf":{"@id":"http:\/\/namikkemaltuyluce.av.tr\/#website"},"datePublished":"2023-05-31T13:45:16+00:00","dateModified":"2023-05-31T13:45:16+00:00","breadcrumb":{"@id":"https:\/\/namikkemaltuyluce.av.tr\/?page_id=99#breadcrumb"},"inLanguage":"tr","potentialAction":[{"@type":"ReadAction","target":["https:\/\/namikkemaltuyluce.av.tr\/?page_id=99"]}]},{"@type":"BreadcrumbList","@id":"https:\/\/namikkemaltuyluce.av.tr\/?page_id=99#breadcrumb","itemListElement":[{"@type":"ListItem","position":1,"name":"Anasayfa","item":"http:\/\/namikkemaltuyluce.av.tr\/"},{"@type":"ListItem","position":2,"name":"Miras Hukuku"}]},{"@type":"WebSite","@id":"http:\/\/namikkemaltuyluce.av.tr\/#website","url":"http:\/\/namikkemaltuyluce.av.tr\/","name":"Nam\u0131k Kemal T\u00fcyl\u00fcce","description":"","publisher":{"@id":"http:\/\/namikkemaltuyluce.av.tr\/#organization"},"potentialAction":[{"@type":"SearchAction","target":{"@type":"EntryPoint","urlTemplate":"http:\/\/namikkemaltuyluce.av.tr\/?s={search_term_string}"},"query-input":"required name=search_term_string"}],"inLanguage":"tr"},{"@type":"Organization","@id":"http:\/\/namikkemaltuyluce.av.tr\/#organization","name":"Arabulucu ve Avukat Nam\u0131k Kemal T\u00fcyl\u00fcce","url":"http:\/\/namikkemaltuyluce.av.tr\/","logo":{"@type":"ImageObject","inLanguage":"tr","@id":"http:\/\/namikkemaltuyluce.av.tr\/#\/schema\/logo\/image\/","url":"https:\/\/namikkemaltuyluce.av.tr\/wp-content\/uploads\/2023\/01\/hukuk.png","contentUrl":"https:\/\/namikkemaltuyluce.av.tr\/wp-content\/uploads\/2023\/01\/hukuk.png","width":400,"height":300,"caption":"Arabulucu ve Avukat Nam\u0131k Kemal T\u00fcyl\u00fcce"},"image":{"@id":"http:\/\/namikkemaltuyluce.av.tr\/#\/schema\/logo\/image\/"}}]}},"_links":{"self":[{"href":"https:\/\/namikkemaltuyluce.av.tr\/index.php?rest_route=\/wp\/v2\/pages\/99","targetHints":{"allow":["GET"]}}],"collection":[{"href":"https:\/\/namikkemaltuyluce.av.tr\/index.php?rest_route=\/wp\/v2\/pages"}],"about":[{"href":"https:\/\/namikkemaltuyluce.av.tr\/index.php?rest_route=\/wp\/v2\/types\/page"}],"author":[{"embeddable":true,"href":"https:\/\/namikkemaltuyluce.av.tr\/index.php?rest_route=\/wp\/v2\/users\/1"}],"replies":[{"embeddable":true,"href":"https:\/\/namikkemaltuyluce.av.tr\/index.php?rest_route=%2Fwp%2Fv2%2Fcomments&post=99"}],"version-history":[{"count":4,"href":"https:\/\/namikkemaltuyluce.av.tr\/index.php?rest_route=\/wp\/v2\/pages\/99\/revisions"}],"predecessor-version":[{"id":104,"href":"https:\/\/namikkemaltuyluce.av.tr\/index.php?rest_route=\/wp\/v2\/pages\/99\/revisions\/104"}],"wp:attachment":[{"href":"https:\/\/namikkemaltuyluce.av.tr\/index.php?rest_route=%2Fwp%2Fv2%2Fmedia&parent=99"}],"curies":[{"name":"wp","href":"https:\/\/api.w.org\/{rel}","templated":true}]}}